{"id":1079,"date":"2018-12-22T13:29:44","date_gmt":"2018-12-22T12:29:44","guid":{"rendered":"https:\/\/soap2o.sk\/?page_id=1079"},"modified":"2022-03-31T23:13:40","modified_gmt":"2022-03-31T21:13:40","slug":"ochrana-osobnych-udajov","status":"publish","type":"page","link":"https:\/\/soap2o.sk\/cs\/ochrana-osobnich-udaju\/","title":{"rendered":"Z\u00e1sady ochrany osobn\u00edch \u00fadaj\u016f"},"content":{"rendered":"<div style=\"color:#ddd\" class=\"wp-block-genesis-blocks-gb-spacer gb-block-spacer gb-divider-solid gb-divider-size-1\"><hr style=\"height:50px\"\/><\/div>\n\n\n\n<div class=\"wp-block-genesis-blocks-gb-container hp-container gb-block-container\"><div class=\"gb-container-inside\"><div class=\"gb-container-content\">\n<h2>Z\u00e1sady ochrany osobn\u00edch \u00fadaj\u016f<\/h2>\n\n\n\n<p><strong>Obecn\u00e9 informace o zpracov\u00e1n\u00ed osobn\u00edch \u00fadaj\u016f<\/strong><\/p>\n\n\n\n<p>Provozovatel webov\u00fdch str\u00e1nek odpov\u00edd\u00e1 za zpracov\u00e1n\u00ed osobn\u00edch \u00fadaj\u016f v souladu s na\u0159\u00edzen\u00edm Evropsk\u00e9ho parlamentu a Rady (EU) 2016\/679 ze dne 27. dubna 2016 o ochran\u011b fyzick\u00fdch osob v souvislosti se zpracov\u00e1n\u00edm osobn\u00edch \u00fadaj\u016f a o voln\u00e9m pohybu t\u011bchto \u00fadaj\u016f (d\u00e1le jen GDPR).<\/p>\n\n\n\n<p>1. Dot\u010den\u00e1 osoba - kupuj\u00edc\u00ed\/n\u00e1v\u0161t\u011bvn\u00edk internetov\u00fdch str\u00e1nek, provozovatel - provozovatel internetov\u00e9ho obchodu.<\/p>\n\n\n\n<p>2. P\u0159\u00edjemci osobn\u00edch \u00fadaj\u016f:<\/p>\n\n\n\n<p>Spr\u00e1vce neposkytuje osobn\u00ed \u00fadaje kupuj\u00edc\u00edho t\u0159et\u00ed stran\u011b, s v\u00fdjimkou p\u0159epravn\u00ed spole\u010dnosti, kter\u00e1 zaji\u0161\u0165uje dod\u00e1n\u00ed zbo\u017e\u00ed nebo slu\u017eeb, \u00fa\u010detn\u00ed spole\u010dnosti nebo st\u00e1tn\u00edm org\u00e1n\u016fm v p\u0159\u00edpad\u011b kontroly, kdy jsou tyto subjekty t\u0159et\u00edmi stranami.<\/p>\n\n\n\n<p>3. Subjekt \u00fadaj\u016f je povinen poskytnout pravdiv\u00e9 a aktu\u00e1ln\u00ed osobn\u00ed \u00fadaje. Pr\u00e1va subjektu \u00fadaj\u016f se \u0159\u00edd\u00ed kapitolou 3 GDPR. Pat\u0159\u00ed mezi n\u011b nap\u0159\u00edklad pr\u00e1vo podat st\u00ed\u017enost u dozorov\u00e9ho \u00fa\u0159adu, pr\u00e1vo vzn\u00e9st n\u00e1mitku proti zpracov\u00e1n\u00ed, pr\u00e1vo po\u017eadovat od spr\u00e1vce p\u0159\u00edstup k osobn\u00edm \u00fadaj\u016fm t\u00fdkaj\u00edc\u00edm se subjektu \u00fadaj\u016f, pr\u00e1vo na opravu nebo v\u00fdmaz \u010di omezen\u00ed zpracov\u00e1n\u00ed osobn\u00edch \u00fadaj\u016f,<\/p>\n\n\n\n<p>jako\u017e i pr\u00e1vo na p\u0159enositelnost \u00fadaj\u016f.<\/p>\n\n\n\n<p><strong>Zpracov\u00e1n\u00ed osobn\u00edch \u00fadaj\u016f za \u00fa\u010delem zpracov\u00e1n\u00ed soubor\u016f cookie<\/strong><\/p>\n\n\n\n<p>Pro zpracov\u00e1n\u00ed osobn\u00edch \u00fadaj\u016f za \u00fa\u010delem zpracov\u00e1n\u00ed soubor\u016f cookie plat\u00ed v\u00fd\u0161e uveden\u00e9 obecn\u00e9 informace o zpracov\u00e1n\u00ed osobn\u00edch \u00fadaj\u016f, jako\u017e i:<\/p>\n\n\n\n<p>1. \u00da\u010dely zpracov\u00e1n\u00ed osobn\u00edch \u00fadaj\u016f: anal\u00fdza n\u00e1v\u0161t\u011bvnosti, obsah ko\u0161\u00edku, personalizace reklam, va\u0161e p\u0159ihla\u0161ovac\u00ed \u00fadaje, zda jste souhlasili s pou\u017e\u00edv\u00e1n\u00edm soubor\u016f cookie atd. Soubory cookie jsou mal\u00e1 mno\u017estv\u00ed dat, kter\u00e1 servery odes\u00edlaj\u00ed do va\u0161eho prohl\u00ed\u017ee\u010de. Ten je ukl\u00e1d\u00e1 v po\u010d\u00edta\u010di u\u017eivatele. Prohl\u00ed\u017ee\u010d pak tyto \u00fadaje odes\u00edl\u00e1 zp\u011bt na server p\u0159i ka\u017ed\u00e9 n\u00e1v\u0161t\u011bv\u011b webu.<\/p>\n\n\n\n<p>2. Pr\u00e1vn\u00ed z\u00e1klad pro zpracov\u00e1n\u00ed osobn\u00edch \u00fadaj\u016f: \u010dl. 6 odst. 1 p\u00edsm. a) GDPR - subjekt \u00fadaj\u016f souhlasil se zpracov\u00e1n\u00edm sv\u00fdch osobn\u00edch \u00fadaj\u016f pro jeden nebo v\u00edce konkr\u00e9tn\u00edch \u00fa\u010del\u016f.<\/p>\n\n\n\n<p>3. Doba uchov\u00e1v\u00e1n\u00ed osobn\u00edch \u00fadaj\u016f - Soubory cookie pou\u017e\u00edvan\u00e9 na na\u0161ich webov\u00fdch str\u00e1nk\u00e1ch lze z hlediska jejich trvanlivosti rozd\u011blit na dva z\u00e1kladn\u00ed typy. Kr\u00e1tkodob\u00e9 \"session cookies\", kter\u00e9 jsou pouze do\u010dasn\u00e9 a z\u016fst\u00e1vaj\u00ed ulo\u017eeny ve va\u0161em prohl\u00ed\u017ee\u010di pouze do doby, ne\u017e prohl\u00ed\u017ee\u010d zav\u0159ete, a dlouhodob\u00e9 \"persistent cookies\", kter\u00e9 z\u016fst\u00e1vaj\u00ed ulo\u017eeny ve va\u0161em za\u0159\u00edzen\u00ed po del\u0161\u00ed dobu nebo do doby, ne\u017e je ru\u010dn\u011b vyma\u017eete, p\u0159i\u010dem\u017e doba, po kterou cookie z\u016fst\u00e1v\u00e1 ve va\u0161em za\u0159\u00edzen\u00ed, z\u00e1vis\u00ed na nastaven\u00ed samotn\u00e9ho cookie a nastaven\u00ed va\u0161eho prohl\u00ed\u017ee\u010de.<\/p>\n\n\n\n<p><strong>Zpracov\u00e1n\u00ed osobn\u00edch \u00fadaj\u016f za \u00fa\u010delem vy\u0159\u00edzen\u00ed objedn\u00e1vky<\/strong><\/p>\n\n\n\n<p>1. Odesl\u00e1n\u00ed objedn\u00e1vky prost\u0159ednictv\u00edm webov\u00fdch str\u00e1nek iDry SK je podm\u00edn\u011bno potvrzen\u00edm souhlasu kupuj\u00edc\u00edho s t\u011bmito VOP a souhlasem se zpracov\u00e1n\u00edm osobn\u00edch \u00fadaj\u016f kupuj\u00edc\u00edho ve smyslu \u00a7 4 odst. 1 p\u00edsm. a) z\u00e1kona \u010d. 428\/2002 Sb. o ochran\u011b osobn\u00edch \u00fadaj\u016f.<\/p>\n\n\n\n<p>2. Spole\u010dnost iDry SK zpracov\u00e1v\u00e1 osobn\u00ed \u00fadaje kupuj\u00edc\u00edho za \u00fa\u010delem uzav\u0159en\u00ed kupn\u00ed smlouvy a pln\u011bn\u00ed sv\u00fdch z\u00e1vazk\u016f z kupn\u00ed smlouvy; vyu\u017e\u00edv\u00e1 je zejm\u00e9na p\u0159i vystaven\u00ed faktury, vy\u0159\u00edzen\u00ed objedn\u00e1vky a dod\u00e1n\u00ed objednan\u00e9 slu\u017eby. Spole\u010dnost iDry SK odpov\u00edd\u00e1 za to, \u017ee osobn\u00ed \u00fadaje poskytnut\u00e9 fyzickou osobou nebudou pou\u017eity k jin\u00fdm \u00fa\u010del\u016fm, zejm\u00e9na nebudou poskytnuty t\u0159et\u00edm osob\u00e1m (s v\u00fdjimkou osob prov\u00e1d\u011bj\u00edc\u00edch doru\u010dov\u00e1n\u00ed z\u00e1silek).<\/p>\n\n\n\n<p>3. Spole\u010dnost iDry SK zpracov\u00e1v\u00e1 osobn\u00ed \u00fadaje fyzick\u00e9 osoby v n\u00e1sleduj\u00edc\u00edm rozsahu: jm\u00e9no, p\u0159\u00edjmen\u00ed, bydli\u0161t\u011b, e-mailov\u00e1 adresa, faktura\u010dn\u00ed adresa, doru\u010dovac\u00ed adresa, kontaktn\u00ed telefonn\u00ed \u010d\u00edslo, a pr\u00e1vnick\u00e9 osoby tak\u00e9 I\u010c, DI\u010c, I\u010c DPH.<\/p>\n\n\n\n<p>4. Pokud Kupuj\u00edc\u00ed p\u0159i registraci nebo objedn\u00e1vce Slu\u017eby uvede, \u017ee souhlas\u00ed se zas\u00edl\u00e1n\u00edm aktu\u00e1ln\u00edch nab\u00eddek a dal\u0161\u00edch obchodn\u00edch informac\u00ed od spole\u010dnosti iDry SK, bude mu je spole\u010dnost iDry SK zas\u00edlat na e-mailovou adresu, kterou uvedl p\u0159i registraci nebo objedn\u00e1vce Slu\u017eby. Zas\u00edl\u00e1n\u00ed aktu\u00e1ln\u00edch nab\u00eddek a obchodn\u00edch informac\u00ed lze kdykoli zru\u0161it na e-mailov\u00e9 adrese info@idry.sk.<\/p>\n\n\n\n<p>5. \u00da\u010delem zpracov\u00e1n\u00ed osobn\u00edch \u00fadaj\u016f je:<\/p>\n\n\n\n<ul><li>vystaven\u00ed da\u0148ov\u00e9ho dokladu - faktury,<\/li><li>dod\u00e1n\u00ed slu\u017eby a identifikace kupuj\u00edc\u00edho p\u0159ed dod\u00e1n\u00edm p\u0159edplacen\u00e9 slu\u017eby,<\/li><li>potvrzen\u00ed objedn\u00e1vky, platba za slu\u017ebu, dod\u00e1n\u00ed objednan\u00e9 slu\u017eby,<\/li><li>z\u00e1znamy o osob\u00e1ch registrovan\u00fdch prost\u0159ednictv\u00edm webov\u00fdch str\u00e1nek,<\/li><li>veden\u00ed evidence objedn\u00e1vek a prodejn\u00edch smluv pro vy\u0159izov\u00e1n\u00ed p\u0159\u00edpadn\u00fdch reklamac\u00ed,<\/li><li>zas\u00edl\u00e1n\u00ed aktu\u00e1ln\u00edch nab\u00eddek a obchodn\u00edch informac\u00ed elektronickou po\u0161tou (e-mailem) se souhlasem adres\u00e1ta.<\/li><\/ul>\n\n\n\n<p><strong>Automatizovan\u00e9 individu\u00e1ln\u00ed rozhodov\u00e1n\u00ed, v\u010detn\u011b profilov\u00e1n\u00ed (\u010dl\u00e1nek 22 GDPR, bod 7.9 organiza\u010dn\u00ed sm\u011brnice na\u0161\u00ed dokumentace).<\/strong><\/p>\n\n\n\n<p>Subjekt \u00fadaj\u016f m\u00e1 pr\u00e1vo neb\u00fdt p\u0159edm\u011btem rozhodnut\u00ed, kter\u00e9 je zalo\u017eeno v\u00fdhradn\u011b na automatizovan\u00e9m zpracov\u00e1n\u00ed, v\u010detn\u011b profilov\u00e1n\u00ed, a kter\u00e9 m\u00e1 pro n\u011bj pr\u00e1vn\u00ed \u00fa\u010dinky nebo se ho podobn\u011b v\u00fdznamn\u011b dot\u00fdk\u00e1.<\/p>\n<\/div><\/div><\/div>\n\n\n\n<p><\/p>","protected":false},"excerpt":{"rendered":"","protected":false},"author":1,"featured_media":0,"parent":0,"menu_order":0,"comment_status":"closed","ping_status":"closed","template":"","meta":{"inline_featured_image":false,"site-sidebar-layout":"default","site-content-layout":"default","ast-global-header-display":"","ast-main-header-display":"","ast-hfb-above-header-display":"","ast-hfb-below-header-display":"","ast-hfb-mobile-header-display":"","site-post-title":"disabled","ast-breadcrumbs-content":"","ast-featured-img":"","footer-sml-layout":"","theme-transparent-header-meta":"default","adv-header-id-meta":"","stick-header-meta":"","header-above-stick-meta":"","header-main-stick-meta":"","header-below-stick-meta":""},"yoast_head":"<!-- This site is optimized with the Yoast SEO plugin v19.7.1 - https:\/\/yoast.com\/wordpress\/plugins\/seo\/ -->\n<title>Ochrana osobn\u00fdch \u00fadajov - soap2o.sk<\/title>\n<meta name=\"robots\" content=\"index, follow, max-snippet:-1, max-image-preview:large, max-video-preview:-1\" \/>\n<link rel=\"canonical\" href=\"https:\/\/soap2o.sk\/cs\/ochrana-osobnich-udaju\/\" \/>\n<meta property=\"og:locale\" content=\"cs_CZ\" \/>\n<meta property=\"og:type\" content=\"article\" \/>\n<meta property=\"og:title\" content=\"Ochrana osobn\u00fdch \u00fadajov - soap2o.sk\" \/>\n<meta property=\"og:url\" content=\"https:\/\/soap2o.sk\/cs\/ochrana-osobnich-udaju\/\" \/>\n<meta property=\"og:site_name\" content=\"soap2o.sk\" \/>\n<meta property=\"article:publisher\" content=\"https:\/\/www.facebook.com\/IDrysk\/\" \/>\n<meta property=\"article:modified_time\" content=\"2022-03-31T21:13:40+00:00\" \/>\n<meta name=\"twitter:card\" content=\"summary_large_image\" \/>\n<meta name=\"twitter:site\" content=\"@iDrySKsro\" \/>\n<meta name=\"twitter:label1\" content=\"Odhadovan\u00e1 doba \u010dten\u00ed\" \/>\n\t<meta name=\"twitter:data1\" content=\"3 minuty\" \/>\n<script type=\"application\/ld+json\" class=\"yoast-schema-graph\">{\"@context\":\"https:\/\/schema.org\",\"@graph\":[{\"@type\":\"WebPage\",\"@id\":\"https:\/\/soap2o.sk\/ochrana-osobnych-udajov\/\",\"url\":\"https:\/\/soap2o.sk\/ochrana-osobnych-udajov\/\",\"name\":\"Ochrana osobn\u00fdch \u00fadajov - soap2o.sk\",\"isPartOf\":{\"@id\":\"https:\/\/soap2o.sk\/#website\"},\"datePublished\":\"2018-12-22T12:29:44+00:00\",\"dateModified\":\"2022-03-31T21:13:40+00:00\",\"breadcrumb\":{\"@id\":\"https:\/\/soap2o.sk\/ochrana-osobnych-udajov\/#breadcrumb\"},\"inLanguage\":\"cs\",\"potentialAction\":[{\"@type\":\"ReadAction\",\"target\":[\"https:\/\/soap2o.sk\/ochrana-osobnych-udajov\/\"]}]},{\"@type\":\"BreadcrumbList\",\"@id\":\"https:\/\/soap2o.sk\/ochrana-osobnych-udajov\/#breadcrumb\",\"itemListElement\":[{\"@type\":\"ListItem\",\"position\":1,\"name\":\"Home\",\"item\":\"https:\/\/soap2o.sk\/\"},{\"@type\":\"ListItem\",\"position\":2,\"name\":\"Ochrana osobn\u00fdch \u00fadajov\"}]},{\"@type\":\"WebSite\",\"@id\":\"https:\/\/soap2o.sk\/#website\",\"url\":\"https:\/\/soap2o.sk\/\",\"name\":\"soap2o.sk\",\"description\":\"soap2o.sk\",\"publisher\":{\"@id\":\"https:\/\/soap2o.sk\/#organization\"},\"potentialAction\":[{\"@type\":\"SearchAction\",\"target\":{\"@type\":\"EntryPoint\",\"urlTemplate\":\"https:\/\/soap2o.sk\/?s={search_term_string}\"},\"query-input\":\"required name=search_term_string\"}],\"inLanguage\":\"cs\"},{\"@type\":\"Organization\",\"@id\":\"https:\/\/soap2o.sk\/#organization\",\"name\":\"soap2o.sk\",\"url\":\"https:\/\/soap2o.sk\/\",\"sameAs\":[\"http:\/\/instagram\/idrysk\",\"https:\/\/www.facebook.com\/IDrysk\/\",\"https:\/\/twitter.com\/iDrySKsro\"],\"logo\":{\"@type\":\"ImageObject\",\"inLanguage\":\"cs\",\"@id\":\"https:\/\/soap2o.sk\/#\/schema\/logo\/image\/\",\"url\":\"https:\/\/soap2o.sk\/wp-content\/uploads\/Soap2o-white.svg\",\"contentUrl\":\"https:\/\/soap2o.sk\/wp-content\/uploads\/Soap2o-white.svg\",\"caption\":\"soap2o.sk\"},\"image\":{\"@id\":\"https:\/\/soap2o.sk\/#\/schema\/logo\/image\/\"}}]}<\/script>\n<!-- \/ Yoast SEO plugin. -->","yoast_head_json":{"title":"Ochrana osobn\u00fdch \u00fadajov - soap2o.sk","robots":{"index":"index","follow":"follow","max-snippet":"max-snippet:-1","max-image-preview":"max-image-preview:large","max-video-preview":"max-video-preview:-1"},"canonical":"https:\/\/soap2o.sk\/cs\/ochrana-osobnich-udaju\/","og_locale":"cs_CZ","og_type":"article","og_title":"Ochrana osobn\u00fdch \u00fadajov - soap2o.sk","og_url":"https:\/\/soap2o.sk\/cs\/ochrana-osobnich-udaju\/","og_site_name":"soap2o.sk","article_publisher":"https:\/\/www.facebook.com\/IDrysk\/","article_modified_time":"2022-03-31T21:13:40+00:00","twitter_card":"summary_large_image","twitter_site":"@iDrySKsro","twitter_misc":{"Odhadovan\u00e1 doba \u010dten\u00ed":"3 minuty"},"schema":{"@context":"https:\/\/schema.org","@graph":[{"@type":"WebPage","@id":"https:\/\/soap2o.sk\/ochrana-osobnych-udajov\/","url":"https:\/\/soap2o.sk\/ochrana-osobnych-udajov\/","name":"Ochrana osobn\u00fdch \u00fadajov - soap2o.sk","isPartOf":{"@id":"https:\/\/soap2o.sk\/#website"},"datePublished":"2018-12-22T12:29:44+00:00","dateModified":"2022-03-31T21:13:40+00:00","breadcrumb":{"@id":"https:\/\/soap2o.sk\/ochrana-osobnych-udajov\/#breadcrumb"},"inLanguage":"cs","potentialAction":[{"@type":"ReadAction","target":["https:\/\/soap2o.sk\/ochrana-osobnych-udajov\/"]}]},{"@type":"BreadcrumbList","@id":"https:\/\/soap2o.sk\/ochrana-osobnych-udajov\/#breadcrumb","itemListElement":[{"@type":"ListItem","position":1,"name":"Home","item":"https:\/\/soap2o.sk\/"},{"@type":"ListItem","position":2,"name":"Ochrana osobn\u00fdch \u00fadajov"}]},{"@type":"WebSite","@id":"https:\/\/soap2o.sk\/#website","url":"https:\/\/soap2o.sk\/","name":"soap2o.sk","description":"soap2o.sk","publisher":{"@id":"https:\/\/soap2o.sk\/#organization"},"potentialAction":[{"@type":"SearchAction","target":{"@type":"EntryPoint","urlTemplate":"https:\/\/soap2o.sk\/?s={search_term_string}"},"query-input":"required name=search_term_string"}],"inLanguage":"cs"},{"@type":"Organization","@id":"https:\/\/soap2o.sk\/#organization","name":"soap2o.sk","url":"https:\/\/soap2o.sk\/","sameAs":["http:\/\/instagram\/idrysk","https:\/\/www.facebook.com\/IDrysk\/","https:\/\/twitter.com\/iDrySKsro"],"logo":{"@type":"ImageObject","inLanguage":"cs","@id":"https:\/\/soap2o.sk\/#\/schema\/logo\/image\/","url":"https:\/\/soap2o.sk\/wp-content\/uploads\/Soap2o-white.svg","contentUrl":"https:\/\/soap2o.sk\/wp-content\/uploads\/Soap2o-white.svg","caption":"soap2o.sk"},"image":{"@id":"https:\/\/soap2o.sk\/#\/schema\/logo\/image\/"}}]}},"featured_image_src":null,"featured_image_src_square":null,"uagb_featured_image_src":{"full":false,"thumbnail":false,"medium":false,"medium_large":false,"large":false,"1536x1536":false,"2048x2048":false,"trp-custom-language-flag":false,"gb-block-post-grid-landscape":false,"gb-block-post-grid-square":false},"uagb_author_info":{"display_name":"administrator","author_link":"https:\/\/soap2o.sk\/cs\/author\/administrator\/"},"uagb_comment_info":0,"uagb_excerpt":null,"_links":{"self":[{"href":"https:\/\/soap2o.sk\/cs\/wp-json\/wp\/v2\/pages\/1079"}],"collection":[{"href":"https:\/\/soap2o.sk\/cs\/wp-json\/wp\/v2\/pages"}],"about":[{"href":"https:\/\/soap2o.sk\/cs\/wp-json\/wp\/v2\/types\/page"}],"author":[{"embeddable":true,"href":"https:\/\/soap2o.sk\/cs\/wp-json\/wp\/v2\/users\/1"}],"replies":[{"embeddable":true,"href":"https:\/\/soap2o.sk\/cs\/wp-json\/wp\/v2\/comments?post=1079"}],"version-history":[{"count":7,"href":"https:\/\/soap2o.sk\/cs\/wp-json\/wp\/v2\/pages\/1079\/revisions"}],"predecessor-version":[{"id":11763,"href":"https:\/\/soap2o.sk\/cs\/wp-json\/wp\/v2\/pages\/1079\/revisions\/11763"}],"wp:attachment":[{"href":"https:\/\/soap2o.sk\/cs\/wp-json\/wp\/v2\/media?parent=1079"}],"curies":[{"name":"wp","href":"https:\/\/api.w.org\/{rel}","templated":true}]}}