{"id":1084,"date":"2018-12-22T13:35:00","date_gmt":"2018-12-22T12:35:00","guid":{"rendered":"https:\/\/soap2o.sk\/?page_id=1084"},"modified":"2022-03-31T23:13:40","modified_gmt":"2022-03-31T21:13:40","slug":"reklamacie-a-odstupenie-od-kupnej-zmluvy","status":"publish","type":"page","link":"https:\/\/soap2o.sk\/cs\/reklamace-a-odstoupeni-od-kupnich-smluv\/","title":{"rendered":"St\u00ed\u017enosti a odstoupen\u00ed od kupn\u00ed smlouvy"},"content":{"rendered":"<p>Pou\u010den\u00ed o uplatn\u011bn\u00ed pr\u00e1va spot\u0159ebitele na odstoupen\u00ed od kupn\u00ed smlouvy&nbsp;<\/p>\n\n\n\n<p>Prodejce:<\/p>\n\n\n\n<p>iDry SK s. r. o. , Tranovsk\u00e9ho 57, Bratislava 841 02, I\u010cO: 46 355 944&nbsp;<\/p>\n\n\n\n<p>Spot\u0159ebitel: fyzick\u00e1 osoba, kter\u00e1 p\u0159i uzav\u00edr\u00e1n\u00ed a pln\u011bn\u00ed spot\u0159ebitelsk\u00e9 smlouvy nejedn\u00e1 v r\u00e1mci sv\u00e9 obchodn\u00ed nebo jin\u00e9 podnikatelsk\u00e9 \u010dinnosti.<\/p>\n\n\n\n<p>1. Pr\u00e1vo na odstoupen\u00ed od kupn\u00ed smlouvy<\/p>\n\n\n\n<p>M\u00e1te pr\u00e1vo odstoupit od t\u00e9to kupn\u00ed smlouvy bez ud\u00e1n\u00ed d\u016fvodu do 14 dn\u016f. Lh\u016fta pro odstoupen\u00ed od smlouvy uplyne 14 dn\u00ed ode dne, kdy vy nebo v\u00e1mi ur\u010den\u00e1 t\u0159et\u00ed osoba, s v\u00fdjimkou dopravce, p\u0159evezmete zbo\u017e\u00ed. P\u0159i uplatn\u011bn\u00ed pr\u00e1va na odstoupen\u00ed od smlouvy n\u00e1s mus\u00edte o sv\u00e9m rozhodnut\u00ed odstoupit od smlouvy informovat jednozna\u010dn\u00fdm prohl\u00e1\u0161en\u00edm. K tomuto \u00fa\u010delu m\u016f\u017eete pou\u017e\u00edt: formul\u00e1\u0159 pro odstoupen\u00ed od smlouvy, kter\u00fd je sou\u010d\u00e1st\u00ed tohoto ozn\u00e1men\u00ed (strana 3) a kter\u00fd po vypln\u011bn\u00ed m\u016f\u017eete zaslat na n\u00e1sleduj\u00edc\u00ed e-mailovou adresu: info@iDry.sk . Pokud zas\u00edl\u00e1te zbo\u017e\u00ed po\u0161tou, p\u0159ilo\u017ete v\u00fd\u0161e uveden\u00fd formul\u00e1\u0159 do bal\u00ed\u010dku. Lh\u016fta pro odstoupen\u00ed od smlouvy je zachov\u00e1na, pokud za\u0161lete ozn\u00e1men\u00ed o uplatn\u011bn\u00ed pr\u00e1va na odstoupen\u00ed od smlouvy p\u0159ed uplynut\u00edm lh\u016fty pro odstoupen\u00ed od smlouvy.<\/p>\n\n\n\n<p>2. D\u016fsledky odstoupen\u00ed od kupn\u00ed smlouvy<\/p>\n\n\n\n<p>Po odstoupen\u00ed od kupn\u00ed smlouvy v\u00e1m vr\u00e1t\u00edme platbu za zbo\u017e\u00ed, kter\u00e9 jste zaplatili.<\/p>\n\n\n\n<p>Platby budou vr\u00e1ceny bez zbyte\u010dn\u00e9ho odkladu, nejpozd\u011bji do 14 dn\u016f od data,<\/p>\n\n\n\n<p>kdy\u017e obdr\u017e\u00edme va\u0161e ozn\u00e1men\u00ed o odstoupen\u00ed od t\u00e9to kupn\u00ed smlouvy. Platba bude provedena bankovn\u00edm p\u0159evodem.<\/p>\n\n\n\n<p>Platba za zakoupen\u00e9 zbo\u017e\u00ed bude vr\u00e1cena a\u017e po doru\u010den\u00ed vr\u00e1cen\u00e9ho zbo\u017e\u00ed zp\u011bt na na\u0161i adresu.<\/p>\n\n\n\n<p>3. Zp\u016fsob vr\u00e1cen\u00ed zbo\u017e\u00ed<\/p>\n\n\n\n<p>Zbo\u017e\u00ed m\u016f\u017eete zaslat na adresu iDry SK s. r. o., Tranovsk\u00e9ho 57, Bratislava 841 02 Bratislava.<\/p>\n\n\n\n<p>P\u0159\u00edm\u00e9 n\u00e1klady na vr\u00e1cen\u00ed zbo\u017e\u00ed nese spot\u0159ebitel.<\/p>\n\n\n\n<p>Zbo\u017e\u00ed by m\u011blo b\u00fdt vr\u00e1ceno kompletn\u00ed, s \u00faplnou dokumentac\u00ed, nepo\u0161kozen\u00e9, \u010dist\u00e9, pokud mo\u017eno v\u010detn\u011b p\u016fvodn\u00edho obalu, ve stavu a hodnot\u011b, v jak\u00e9m bylo zbo\u017e\u00ed p\u0159ijato. Pokud je vr\u00e1cen\u00e9 zbo\u017e\u00ed nekompletn\u00ed nebo po\u0161kozen\u00e9, m\u016f\u017ee prod\u00e1vaj\u00edc\u00ed sn\u00ed\u017eit vr\u00e1cenou kupn\u00ed cenu o odpov\u00eddaj\u00edc\u00ed \u010d\u00e1stku (v souladu s \u00a7 458 odst. 1 ob\u010dansk\u00e9ho z\u00e1kon\u00edku).<\/p>\n\n\n\n<p>4. Po\u0161kozen\u00e9 zbo\u017e\u00ed<\/p>\n\n\n\n<p>Spot\u0159ebitel odpov\u00edd\u00e1 za sn\u00ed\u017een\u00ed hodnoty zbo\u017e\u00ed, kter\u00e9 vzniklo v d\u016fsledku nakl\u00e1d\u00e1n\u00ed se zbo\u017e\u00edm jin\u00fdm zp\u016fsobem, ne\u017e kter\u00fd je nezbytn\u00fd pro zji\u0161t\u011bn\u00ed povahy, vlastnost\u00ed a funk\u010dnosti zbo\u017e\u00ed.<\/p>\n\n\n\n<p>a) p\u0159i doru\u010den\u00ed dopravcem:<\/p>\n\n\n\n<p>Kupuj\u00edc\u00ed je povinen zkontrolovat stav z\u00e1silky u dopravce ihned po doru\u010den\u00ed (po\u010det bal\u00edk\u016f, neporu\u0161enost p\u00e1sky, p\u0159\u00edpadn\u011b po\u0161kozen\u00ed z\u00e1silky). Kupuj\u00edc\u00ed m\u00e1 pr\u00e1vo odm\u00edtnout p\u0159evzet\u00ed ne\u00fapln\u00e9 nebo po\u0161kozen\u00e9 z\u00e1silky.<\/p>\n\n\n\n<p>Slovensk\u00e1 po\u0161ta : Pokud p\u0159evezmete po\u0161kozenou z\u00e1silku a zjist\u00edte po\u0161kozen\u00ed\/ztr\u00e1tu zbo\u017e\u00ed a\u017e po odjezdu dopravce, m\u011bli byste podat reklamaci nejpozd\u011bji n\u00e1sleduj\u00edc\u00ed pracovn\u00ed den po doru\u010den\u00ed na pobo\u010dce Slovensk\u00e9 po\u0161ty. Budete pot\u0159ebovat kompletn\u00ed obal z\u00e1silky, fakturu za zbo\u017e\u00ed a OP. Pracovn\u00edk po\u0161ty s v\u00e1mi sep\u00ed\u0161e z\u00e1znam o po\u0161kozen\u00ed a protokol o uplatn\u011bn\u00ed n\u00e1hrady \u0161kody.<\/p>\n\n\n\n<p>5. Spot\u0159ebitel nem\u016f\u017ee odstoupit od kupn\u00ed smlouvy, jej\u00edm\u017e p\u0159edm\u011btem je:<\/p>\n\n\n\n<p>- poskytov\u00e1n\u00ed slu\u017eby, pokud bylo poskytov\u00e1n\u00ed slu\u017eby zah\u00e1jeno s v\u00fdslovn\u00fdm souhlasem spot\u0159ebitele a spot\u0159ebitel prohl\u00e1sil, \u017ee byl \u0159\u00e1dn\u011b pou\u010den o tom, \u017ee vyj\u00e1d\u0159en\u00edm tohoto souhlasu ztr\u00e1c\u00ed pr\u00e1vo odstoupit od kupn\u00ed smlouvy, jakmile byla slu\u017eba pln\u011b poskytnuta, a pokud byla slu\u017eba pln\u011b poskytnuta.<\/p>\n\n\n\n<p>- prodej zbo\u017e\u00ed vyroben\u00e9ho podle specifick\u00fdch po\u017eadavk\u016f spot\u0159ebitele, zbo\u017e\u00ed vyroben\u00e9ho na zak\u00e1zku nebo zbo\u017e\u00ed ur\u010den\u00e9ho speci\u00e1ln\u011b pro jednoho spot\u0159ebitele.<\/p>\n\n\n\n<p>- prodej zbo\u017e\u00ed uzav\u0159en\u00e9ho v ochrann\u00e9m obalu, kter\u00e9 nen\u00ed vhodn\u00e9 k vr\u00e1cen\u00ed ze zdravotn\u00edch nebo hygienick\u00fdch d\u016fvod\u016f a jeho\u017e ochrann\u00fd obal byl po dod\u00e1n\u00ed po\u0161kozen.<\/p>\n\n\n\n<p>- poskytov\u00e1n\u00ed elektronick\u00e9ho obsahu jinak ne\u017e na hmotn\u00e9m nosi\u010di, pokud bylo poskytov\u00e1n\u00ed elektronick\u00e9ho obsahu zah\u00e1jeno s v\u00fdslovn\u00fdm souhlasem spot\u0159ebitele a spot\u0159ebitel prohl\u00e1sil, \u017ee byl \u0159\u00e1dn\u011b informov\u00e1n o tom, \u017ee vyj\u00e1d\u0159en\u00edm tohoto souhlasu ztr\u00e1c\u00ed pr\u00e1vo odstoupit od kupn\u00ed smlouvy.<\/p>\n\n\n\n<p><\/p>\n\n\n\n<p><strong>V p\u0159\u00edpad\u011b st\u00ed\u017enosti vypl\u0148te st\u00ed\u017enostn\u00ed formul\u00e1\u0159 na t\u00e9to str\u00e1nce: <a href=\"https:\/\/idry-sk.reklamacie.sk\/\" target=\"_blank\" rel=\"noreferrer noopener\">https:\/\/idry-sk.reklamacie.sk\/<\/a><\/strong><\/p>\n\n\n\n<p><\/p>\n\n\n\n<p><strong>Formul\u00e1\u0159 pro odstoupen\u00ed od kupn\u00ed smlouvy<\/strong><\/p>\n\n\n\n<p>Pokud si p\u0159ejete odstoupit od kupn\u00ed smlouvy, vypl\u0148te a ode\u0161lete tento formul\u00e1\u0159.<\/p>\n\n\n\n<p>Prodejce:<\/p>\n\n\n\n<p>iDry SK s. r. o.,&nbsp;<\/p>\n\n\n\n<p>Tranovsk\u00fd 57,&nbsp;<\/p>\n\n\n\n<p>841 02 Bratislava,&nbsp;<\/p>\n\n\n\n<p>Telefon: +421 908 774 114 ,&nbsp;&nbsp;&nbsp;&nbsp;<\/p>\n\n\n\n<p>E-mail: info@idry.sk<\/p>\n\n\n\n<p>Kupuj\u00edc\u00ed (spot\u0159ebitel**):<\/p>\n\n\n\n<p>&#8230;&#8230;&#8230;&#8230;&#8230;&#8230;&#8230;&#8230;&#8230;&#8230;&#8230;&#8230;&#8230;&#8230;&#8230;&#8230;&#8230;.<\/p>\n\n\n\n<p>&#8230;&#8230;&#8230;&#8230;&#8230;&#8230;&#8230;&#8230;&#8230;&#8230;&#8230;&#8230;&#8230;&#8230;&#8230;&#8230;&#8230;.<\/p>\n\n\n\n<p>&#8230;&#8230;&#8230;&#8230;&#8230;&#8230;&#8230;&#8230;&#8230;&#8230;&#8230;&#8230;&#8230;&#8230;&#8230;&#8230;&#8230;.<\/p>\n\n\n\n<p>&#8230;&#8230;&#8230;&#8230;&#8230;&#8230;&#8230;&#8230;&#8230;&#8230;&#8230;&#8230;&#8230;&#8230;&#8230;&#8230;&#8230;<\/p>\n\n\n\n<p>T\u00edmto oznamuji, \u017ee odstupuji od smlouvy na toto zbo\u017e\u00ed:<\/p>\n\n\n\n<p>- \u010c\u00edslo faktury: ________________________________________________________________<\/p>\n\n\n\n<p>- Popis polo\u017eky\/slu\u017eby: _______________________________________________________<\/p>\n\n\n\n<p>- Datum p\u0159ijet\u00ed zbo\u017e\u00ed: ___________________________________________________<\/p>\n\n\n\n<p>- Jm\u00e9no a p\u0159\u00edjmen\u00ed spot\u0159ebitele: ___________________________________________<\/p>\n\n\n\n<p>- Oslovte spot\u0159ebitele: ________________________________________________________&nbsp;<\/p>\n\n\n\n<p>- \u010c\u00edslo\/k\u00f3d bankovn\u00edho \u00fa\u010dtu: ______________________________________________________&nbsp;<\/p>\n\n\n\n<p>- D\u016fvod odstoupen\u00ed (nepovinn\u00fd): ___________________________________________<\/p>\n\n\n\n<p>Datum ___________________ Podpis ____________________<\/p>\n\n\n\n<p>*Ne\u0161krtejte, \u00fadaje o dodavateli najdete v z\u00e1hlav\u00ed da\u0148ov\u00e9ho dokladu - faktury.<\/p>\n\n\n\n<p>** Spot\u0159ebitel: fyzick\u00e1 osoba, kter\u00e1 p\u0159i uzav\u00edr\u00e1n\u00ed a pln\u011bn\u00ed spot\u0159ebitelsk\u00e9 smlouvy nejedn\u00e1 v r\u00e1mci sv\u00e9 podnikatelsk\u00e9 \u010dinnosti.<\/p>\n\n\n\n<p>p\u0159edm\u011bt jej\u00ed obchodn\u00ed nebo jin\u00e9 podnikatelsk\u00e9 \u010dinnosti.<\/p>","protected":false},"excerpt":{"rendered":"<p>Pou\u010den\u00ed o uplatn\u011bn\u00ed pr\u00e1va spot\u0159ebitele na odstoupen\u00ed od kupn\u00ed smlouvy Prod\u00e1vaj\u00edc\u00ed: iDry SK s. r. o. , Tranovsk\u00e9ho 57, Bratislava 841 02, I\u010cO: 46 355 944 Spot\u0159ebitel: fyzick\u00e1 osoba, kter\u00e1 p\u0159i uzav\u00edr\u00e1n\u00ed a pln\u011bn\u00ed spot\u0159ebitelsk\u00e9 smlouvy ...<\/p>\n<p class=\"read-more\"> <a class=\"ast-button\" href=\"https:\/\/soap2o.sk\/cs\/reklamace-a-odstoupeni-od-kupnich-smluv\/\"> <span class=\"screen-reader-text\">St\u00ed\u017enosti a odstoupen\u00ed od kupn\u00ed smlouvy<\/span> Cel\u00fd \u010dl\u00e1nek<\/a><\/p>","protected":false},"author":1,"featured_media":0,"parent":0,"menu_order":0,"comment_status":"closed","ping_status":"closed","template":"","meta":{"inline_featured_image":false,"site-sidebar-layout":"default","site-content-layout":"default","ast-global-header-display":"","ast-main-header-display":"","ast-hfb-above-header-display":"","ast-hfb-below-header-display":"","ast-hfb-mobile-header-display":"","site-post-title":"","ast-breadcrumbs-content":"","ast-featured-img":"","footer-sml-layout":"","theme-transparent-header-meta":"default","adv-header-id-meta":"","stick-header-meta":"","header-above-stick-meta":"","header-main-stick-meta":"","header-below-stick-meta":""},"yoast_head":"<!-- This site is optimized with the Yoast SEO plugin v19.7.1 - https:\/\/yoast.com\/wordpress\/plugins\/seo\/ -->\n<title>Reklam\u00e1cie a odst\u00fapenie od k\u00fapnej zmluvy - soap2o.sk<\/title>\n<meta name=\"robots\" content=\"index, follow, max-snippet:-1, max-image-preview:large, max-video-preview:-1\" \/>\n<link rel=\"canonical\" href=\"https:\/\/soap2o.sk\/cs\/reklamace-a-odstoupeni-od-kupnich-smluv\/\" \/>\n<meta property=\"og:locale\" content=\"cs_CZ\" \/>\n<meta property=\"og:type\" content=\"article\" \/>\n<meta property=\"og:title\" content=\"Reklam\u00e1cie a odst\u00fapenie od k\u00fapnej zmluvy - soap2o.sk\" \/>\n<meta property=\"og:description\" content=\"Pou\u010denie o&nbsp;uplatnen\u00ed pr\u00e1va spotrebite\u013ea na odst\u00fapenie od k\u00fapnej zmluvy&nbsp; Pred\u00e1vaj\u00faci: iDry SK s. r. o. , Tranovsk\u00e9ho 57, Bratislava 841 02, I\u010cO: 46 355 944&nbsp; Spotrebite\u013e: fyzick\u00e1 osoba, ktor\u00e1 pri uzatv\u00e1ran\u00ed a plnen\u00ed spotrebite\u013eskej zmluvy &hellip; Reklam\u00e1cie a odst\u00fapenie od k\u00fapnej zmluvy Cel\u00fd \u010dl\u00e1nok\" \/>\n<meta property=\"og:url\" content=\"https:\/\/soap2o.sk\/cs\/reklamace-a-odstoupeni-od-kupnich-smluv\/\" \/>\n<meta property=\"og:site_name\" content=\"soap2o.sk\" \/>\n<meta property=\"article:publisher\" content=\"https:\/\/www.facebook.com\/IDrysk\/\" \/>\n<meta property=\"article:modified_time\" content=\"2022-03-31T21:13:40+00:00\" \/>\n<meta name=\"twitter:card\" content=\"summary_large_image\" \/>\n<meta name=\"twitter:site\" content=\"@iDrySKsro\" \/>\n<meta name=\"twitter:label1\" content=\"Odhadovan\u00e1 doba \u010dten\u00ed\" \/>\n\t<meta name=\"twitter:data1\" content=\"5 minut\" \/>\n<script type=\"application\/ld+json\" class=\"yoast-schema-graph\">{\"@context\":\"https:\/\/schema.org\",\"@graph\":[{\"@type\":\"WebPage\",\"@id\":\"https:\/\/soap2o.sk\/reklamacie-a-odstupenie-od-kupnej-zmluvy\/\",\"url\":\"https:\/\/soap2o.sk\/reklamacie-a-odstupenie-od-kupnej-zmluvy\/\",\"name\":\"Reklam\u00e1cie a odst\u00fapenie od k\u00fapnej zmluvy - soap2o.sk\",\"isPartOf\":{\"@id\":\"https:\/\/soap2o.sk\/#website\"},\"datePublished\":\"2018-12-22T12:35:00+00:00\",\"dateModified\":\"2022-03-31T21:13:40+00:00\",\"breadcrumb\":{\"@id\":\"https:\/\/soap2o.sk\/reklamacie-a-odstupenie-od-kupnej-zmluvy\/#breadcrumb\"},\"inLanguage\":\"cs\",\"potentialAction\":[{\"@type\":\"ReadAction\",\"target\":[\"https:\/\/soap2o.sk\/reklamacie-a-odstupenie-od-kupnej-zmluvy\/\"]}]},{\"@type\":\"BreadcrumbList\",\"@id\":\"https:\/\/soap2o.sk\/reklamacie-a-odstupenie-od-kupnej-zmluvy\/#breadcrumb\",\"itemListElement\":[{\"@type\":\"ListItem\",\"position\":1,\"name\":\"Home\",\"item\":\"https:\/\/soap2o.sk\/\"},{\"@type\":\"ListItem\",\"position\":2,\"name\":\"Reklam\u00e1cie a odst\u00fapenie od k\u00fapnej zmluvy\"}]},{\"@type\":\"WebSite\",\"@id\":\"https:\/\/soap2o.sk\/#website\",\"url\":\"https:\/\/soap2o.sk\/\",\"name\":\"soap2o.sk\",\"description\":\"soap2o.sk\",\"publisher\":{\"@id\":\"https:\/\/soap2o.sk\/#organization\"},\"potentialAction\":[{\"@type\":\"SearchAction\",\"target\":{\"@type\":\"EntryPoint\",\"urlTemplate\":\"https:\/\/soap2o.sk\/?s={search_term_string}\"},\"query-input\":\"required name=search_term_string\"}],\"inLanguage\":\"cs\"},{\"@type\":\"Organization\",\"@id\":\"https:\/\/soap2o.sk\/#organization\",\"name\":\"soap2o.sk\",\"url\":\"https:\/\/soap2o.sk\/\",\"sameAs\":[\"http:\/\/instagram\/idrysk\",\"https:\/\/www.facebook.com\/IDrysk\/\",\"https:\/\/twitter.com\/iDrySKsro\"],\"logo\":{\"@type\":\"ImageObject\",\"inLanguage\":\"cs\",\"@id\":\"https:\/\/soap2o.sk\/#\/schema\/logo\/image\/\",\"url\":\"https:\/\/soap2o.sk\/wp-content\/uploads\/Soap2o-white.svg\",\"contentUrl\":\"https:\/\/soap2o.sk\/wp-content\/uploads\/Soap2o-white.svg\",\"caption\":\"soap2o.sk\"},\"image\":{\"@id\":\"https:\/\/soap2o.sk\/#\/schema\/logo\/image\/\"}}]}<\/script>\n<!-- \/ Yoast SEO plugin. -->","yoast_head_json":{"title":"Reklam\u00e1cie a odst\u00fapenie od k\u00fapnej zmluvy - soap2o.sk","robots":{"index":"index","follow":"follow","max-snippet":"max-snippet:-1","max-image-preview":"max-image-preview:large","max-video-preview":"max-video-preview:-1"},"canonical":"https:\/\/soap2o.sk\/cs\/reklamace-a-odstoupeni-od-kupnich-smluv\/","og_locale":"cs_CZ","og_type":"article","og_title":"Reklam\u00e1cie a odst\u00fapenie od k\u00fapnej zmluvy - soap2o.sk","og_description":"Pou\u010denie o&nbsp;uplatnen\u00ed pr\u00e1va spotrebite\u013ea na odst\u00fapenie od k\u00fapnej zmluvy&nbsp; Pred\u00e1vaj\u00faci: iDry SK s. r. o. , Tranovsk\u00e9ho 57, Bratislava 841 02, I\u010cO: 46 355 944&nbsp; Spotrebite\u013e: fyzick\u00e1 osoba, ktor\u00e1 pri uzatv\u00e1ran\u00ed a plnen\u00ed spotrebite\u013eskej zmluvy &hellip; Reklam\u00e1cie a odst\u00fapenie od k\u00fapnej zmluvy Cel\u00fd \u010dl\u00e1nok","og_url":"https:\/\/soap2o.sk\/cs\/reklamace-a-odstoupeni-od-kupnich-smluv\/","og_site_name":"soap2o.sk","article_publisher":"https:\/\/www.facebook.com\/IDrysk\/","article_modified_time":"2022-03-31T21:13:40+00:00","twitter_card":"summary_large_image","twitter_site":"@iDrySKsro","twitter_misc":{"Odhadovan\u00e1 doba \u010dten\u00ed":"5 minut"},"schema":{"@context":"https:\/\/schema.org","@graph":[{"@type":"WebPage","@id":"https:\/\/soap2o.sk\/reklamacie-a-odstupenie-od-kupnej-zmluvy\/","url":"https:\/\/soap2o.sk\/reklamacie-a-odstupenie-od-kupnej-zmluvy\/","name":"Reklam\u00e1cie a odst\u00fapenie od k\u00fapnej zmluvy - soap2o.sk","isPartOf":{"@id":"https:\/\/soap2o.sk\/#website"},"datePublished":"2018-12-22T12:35:00+00:00","dateModified":"2022-03-31T21:13:40+00:00","breadcrumb":{"@id":"https:\/\/soap2o.sk\/reklamacie-a-odstupenie-od-kupnej-zmluvy\/#breadcrumb"},"inLanguage":"cs","potentialAction":[{"@type":"ReadAction","target":["https:\/\/soap2o.sk\/reklamacie-a-odstupenie-od-kupnej-zmluvy\/"]}]},{"@type":"BreadcrumbList","@id":"https:\/\/soap2o.sk\/reklamacie-a-odstupenie-od-kupnej-zmluvy\/#breadcrumb","itemListElement":[{"@type":"ListItem","position":1,"name":"Home","item":"https:\/\/soap2o.sk\/"},{"@type":"ListItem","position":2,"name":"Reklam\u00e1cie a odst\u00fapenie od k\u00fapnej zmluvy"}]},{"@type":"WebSite","@id":"https:\/\/soap2o.sk\/#website","url":"https:\/\/soap2o.sk\/","name":"soap2o.sk","description":"soap2o.sk","publisher":{"@id":"https:\/\/soap2o.sk\/#organization"},"potentialAction":[{"@type":"SearchAction","target":{"@type":"EntryPoint","urlTemplate":"https:\/\/soap2o.sk\/?s={search_term_string}"},"query-input":"required name=search_term_string"}],"inLanguage":"cs"},{"@type":"Organization","@id":"https:\/\/soap2o.sk\/#organization","name":"soap2o.sk","url":"https:\/\/soap2o.sk\/","sameAs":["http:\/\/instagram\/idrysk","https:\/\/www.facebook.com\/IDrysk\/","https:\/\/twitter.com\/iDrySKsro"],"logo":{"@type":"ImageObject","inLanguage":"cs","@id":"https:\/\/soap2o.sk\/#\/schema\/logo\/image\/","url":"https:\/\/soap2o.sk\/wp-content\/uploads\/Soap2o-white.svg","contentUrl":"https:\/\/soap2o.sk\/wp-content\/uploads\/Soap2o-white.svg","caption":"soap2o.sk"},"image":{"@id":"https:\/\/soap2o.sk\/#\/schema\/logo\/image\/"}}]}},"featured_image_src":null,"featured_image_src_square":null,"uagb_featured_image_src":{"full":false,"thumbnail":false,"medium":false,"medium_large":false,"large":false,"1536x1536":false,"2048x2048":false,"trp-custom-language-flag":false,"gb-block-post-grid-landscape":false,"gb-block-post-grid-square":false},"uagb_author_info":{"display_name":"administrator","author_link":"https:\/\/soap2o.sk\/cs\/author\/administrator\/"},"uagb_comment_info":0,"uagb_excerpt":"Pou\u010denie o&nbsp;uplatnen\u00ed pr\u00e1va spotrebite\u013ea na odst\u00fapenie od k\u00fapnej zmluvy&nbsp; Pred\u00e1vaj\u00faci: iDry SK s. r. o. , Tranovsk\u00e9ho 57, Bratislava 841 02, I\u010cO: 46 355 944&nbsp; Spotrebite\u013e: fyzick\u00e1 osoba, ktor\u00e1 pri uzatv\u00e1ran\u00ed a plnen\u00ed spotrebite\u013eskej zmluvy &hellip; Reklam\u00e1cie a odst\u00fapenie od k\u00fapnej zmluvy Cel\u00fd \u010dl\u00e1nok","_links":{"self":[{"href":"https:\/\/soap2o.sk\/cs\/wp-json\/wp\/v2\/pages\/1084"}],"collection":[{"href":"https:\/\/soap2o.sk\/cs\/wp-json\/wp\/v2\/pages"}],"about":[{"href":"https:\/\/soap2o.sk\/cs\/wp-json\/wp\/v2\/types\/page"}],"author":[{"embeddable":true,"href":"https:\/\/soap2o.sk\/cs\/wp-json\/wp\/v2\/users\/1"}],"replies":[{"embeddable":true,"href":"https:\/\/soap2o.sk\/cs\/wp-json\/wp\/v2\/comments?post=1084"}],"version-history":[{"count":2,"href":"https:\/\/soap2o.sk\/cs\/wp-json\/wp\/v2\/pages\/1084\/revisions"}],"predecessor-version":[{"id":10358,"href":"https:\/\/soap2o.sk\/cs\/wp-json\/wp\/v2\/pages\/1084\/revisions\/10358"}],"wp:attachment":[{"href":"https:\/\/soap2o.sk\/cs\/wp-json\/wp\/v2\/media?parent=1084"}],"curies":[{"name":"wp","href":"https:\/\/api.w.org\/{rel}","templated":true}]}}