{"id":11314,"date":"2022-02-28T18:58:21","date_gmt":"2022-02-28T17:58:21","guid":{"rendered":"https:\/\/soap2o.sk\/?page_id=11314"},"modified":"2023-10-16T15:03:54","modified_gmt":"2023-10-16T13:03:54","slug":"vyhody","status":"publish","type":"page","link":"https:\/\/soap2o.sk\/cs\/vyhody\/","title":{"rendered":"V\u00fdhody"},"content":{"rendered":"<div class=\"wp-block-cover alignfull is-position-center-center\" style=\"min-height:750px\"><span aria-hidden=\"true\" class=\"wp-block-cover__background has-background-dim-10 has-background-dim\"><\/span><img loading=\"lazy\" width=\"1500\" height=\"1000\" class=\"wp-block-cover__image-background wp-image-11706\" alt=\"\" src=\"https:\/\/soap2o.sk\/wp-content\/uploads\/Beach-original-1.jpg\" data-object-fit=\"cover\" srcset=\"https:\/\/soap2o.sk\/wp-content\/uploads\/Beach-original-1.jpg 1500w, https:\/\/soap2o.sk\/wp-content\/uploads\/Beach-original-1-300x200.jpg 300w, https:\/\/soap2o.sk\/wp-content\/uploads\/Beach-original-1-1024x683.jpg 1024w, https:\/\/soap2o.sk\/wp-content\/uploads\/Beach-original-1-768x512.jpg 768w, https:\/\/soap2o.sk\/wp-content\/uploads\/Beach-original-1-600x400.jpg 600w, https:\/\/soap2o.sk\/wp-content\/uploads\/Beach-original-1-64x43.jpg 64w\" sizes=\"(max-width: 1500px) 100vw, 1500px\" \/><div class=\"wp-block-cover__inner-container\">\n<div class=\"wp-container-3 wp-block-columns alignwide are-vertically-aligned-center hp-container\">\n<div class=\"wp-container-1 wp-block-column is-vertically-aligned-center\" style=\"flex-basis:35%\">\n<h2 class=\"has-white-color has-text-color\">\u017divotn\u00ed prost\u0159ed\u00ed je v pop\u0159ed\u00ed v\u0161ech na\u0161ich proces\u016f.<\/h2>\n<\/div>\n\n\n\n<div class=\"wp-container-2 wp-block-column is-vertically-aligned-center\"><\/div>\n<\/div>\n<\/div><\/div>\n\n\n\n<div style=\"color:#ddd\" class=\"wp-block-genesis-blocks-gb-spacer gb-block-spacer gb-divider-solid gb-divider-size-1\"><hr style=\"height:30px\"\/><\/div>\n\n\n\n<div class=\"inherit-container-width wp-container-5 wp-block-group alignfull hp-container\"><div class=\"wp-block-group__inner-container\">\n<div class=\"inherit-container-width wp-container-4 wp-block-group alignwide has-white-background-color has-background\"><div class=\"wp-block-group__inner-container\">\n<div class=\"wp-block-media-text alignwide is-stacked-on-mobile is-vertically-aligned-center has-background\" style=\"background-color:#9f9c87;grid-template-columns:49% auto\"><figure class=\"wp-block-media-text__media\"><img loading=\"lazy\" width=\"600\" height=\"581\" src=\"https:\/\/soap2o.sk\/wp-content\/uploads\/thick-forest.jpg\" alt=\"\" class=\"wp-image-11709 size-full\" srcset=\"https:\/\/soap2o.sk\/wp-content\/uploads\/thick-forest.jpg 600w, https:\/\/soap2o.sk\/wp-content\/uploads\/thick-forest-300x291.jpg 300w, https:\/\/soap2o.sk\/wp-content\/uploads\/thick-forest-64x62.jpg 64w\" sizes=\"(max-width: 600px) 100vw, 600px\" \/><\/figure><div class=\"wp-block-media-text__content\">\n<h2 class=\"has-white-color has-text-color\">P\u0159\u00ednosy pro \u017eivotn\u00ed prost\u0159ed\u00ed<\/h2>\n\n\n\n<p class=\"has-white-color has-text-color\">Pro n\u00e1s ve spole\u010dnosti SOAP\u2082O je ohleduplnost k \u017eivotn\u00edmu prost\u0159ed\u00ed na prvn\u00edm m\u00edst\u011b v\u0161ech na\u0161ich c\u00edl\u016f. Sna\u017e\u00edme se sn\u00ed\u017eit mno\u017estv\u00ed jednor\u00e1zov\u00fdch plast\u016f v m\u00fddlov\u00e9m pr\u016fmyslu a m\u00edt co nejmen\u0161\u00ed negativn\u00ed dopad na \u017eivotn\u00ed prost\u0159ed\u00ed. Na\u0161\u00edm posl\u00e1n\u00edm je st\u00e1t se p\u0159edn\u00edm v\u00fdrobcem \u00fa\u010dinn\u00e9ho a cenov\u011b v\u00fdhodn\u00e9ho m\u00fddlov\u00e9ho koncentr\u00e1tu, balen\u00e9ho do ve vod\u011b rozpustn\u00fdch (PVA) kapsl\u00ed, vyr\u00e1b\u011bn\u00e9ho podle nejvy\u0161\u0161\u00edch mo\u017en\u00fdch etick\u00fdch standard\u016f.<\/p>\n<\/div><\/div>\n<\/div><\/div>\n\n\n\n<p><\/p>\n<\/div><\/div>\n\n\n\n<div class=\"inherit-container-width wp-container-10 wp-block-group alignwide has-background\" style=\"background-color:#2b2b2a\"><div class=\"wp-block-group__inner-container\">\n<div class=\"wp-container-9 wp-block-columns alignwide are-vertically-aligned-center hp-container\">\n<div class=\"wp-container-6 wp-block-column is-vertically-aligned-center\" style=\"flex-basis:66.66%\">\n<div style=\"color:#ddd\" class=\"wp-block-genesis-blocks-gb-spacer gb-block-spacer gb-divider-solid gb-divider-size-1\"><hr style=\"height:50px\"\/><\/div>\n\n\n\n<h2 class=\"has-text-color\" style=\"color:#ccccca\">VYTV\u00c1\u0158EN\u00cd ZM\u011aN PRO Z\u00c1CHRANU PLANETY<\/h2>\n\n\n\n<div style=\"color:#ddd\" class=\"wp-block-genesis-blocks-gb-spacer gb-block-spacer gb-divider-solid gb-divider-size-1\"><hr style=\"height:40px\"\/><\/div>\n\n\n\n<p><\/p>\n<\/div>\n\n\n\n<div class=\"wp-container-8 wp-block-column is-vertically-aligned-center\" style=\"flex-basis:33.33%\">\n<div class=\"wp-container-7 is-horizontal is-content-justification-center wp-block-buttons\">\n<div class=\"wp-block-button\"><a class=\"wp-block-button__link has-background\" href=\"https:\/\/soap2o.sk\/cs\/nase-poslani\/\" style=\"background-color:#626438\">Na\u0161e posl\u00e1n\u00ed<\/a><\/div>\n<\/div>\n<\/div>\n<\/div>\n<\/div><\/div>\n\n\n\n<div class=\"inherit-container-width wp-container-12 wp-block-group alignfull hp-container\"><div class=\"wp-block-group__inner-container\">\n<div class=\"inherit-container-width wp-container-11 wp-block-group alignwide has-white-background-color has-background\"><div class=\"wp-block-group__inner-container\">\n<div class=\"wp-block-media-text alignwide has-media-on-the-right is-stacked-on-mobile is-vertically-aligned-center ptb50 has-background\" style=\"background-color:#2b2b2a;grid-template-columns:auto 49%\"><figure class=\"wp-block-media-text__media\"><img loading=\"lazy\" width=\"600\" height=\"599\" src=\"https:\/\/soap2o.sk\/wp-content\/uploads\/underwater.jpg\" alt=\"\" class=\"wp-image-11716 size-full\" srcset=\"https:\/\/soap2o.sk\/wp-content\/uploads\/underwater.jpg 600w, https:\/\/soap2o.sk\/wp-content\/uploads\/underwater-300x300.jpg 300w, https:\/\/soap2o.sk\/wp-content\/uploads\/underwater-150x150.jpg 150w, https:\/\/soap2o.sk\/wp-content\/uploads\/underwater-310x310.jpg 310w, https:\/\/soap2o.sk\/wp-content\/uploads\/underwater-100x100.jpg 100w, https:\/\/soap2o.sk\/wp-content\/uploads\/underwater-64x64.jpg 64w\" sizes=\"(max-width: 600px) 100vw, 600px\" \/><\/figure><div class=\"wp-block-media-text__content\">\n<h2 class=\"has-white-color has-text-color\">Vodu nep\u0159epravujeme<\/h2>\n\n\n\n<p class=\"has-white-color has-text-color\">P\u0159\u00edrodn\u00ed zdroje jsou vz\u00e1cn\u00e9 a my se je v\u017edy sna\u017e\u00edme p\u0159i navrhov\u00e1n\u00ed a v\u00fdrob\u011b na\u0161ich v\u00fdrobk\u016f minimalizovat. U syst\u00e9m\u016f SOAP\u2082O se nep\u0159epravuje \u017e\u00e1dn\u00e1 voda, tak\u017ee objem a hmotnost p\u0159epravovan\u00fdch v\u00fdrobk\u016f je n\u00edzk\u00e1. M\u016f\u017ee se to zd\u00e1t jako mal\u00e1 v\u00fdhoda, ale byli byste p\u0159ekvapeni, jak moc to sni\u017euje emise d\u00edky men\u0161\u00edmu po\u010dtu p\u0159epravn\u00edch kilometr\u016f a v\u011bt\u0161\u00ed kapacit\u011b p\u0159i p\u0159eprav\u011b.<\/p>\n\n\n\n<p class=\"has-white-color has-text-color\">Celou paletu 5 litr\u016f tekut\u00e9ho koncentr\u00e1tu lze nahradit 4 balen\u00edmi na\u0161eho v\u00fdrobku. V\u0161echna 5litrov\u00e1 balen\u00ed by p\u0159i\u0161la vnive\u010d.<\/p>\n\n\n\n<ul class=\"has-white-color has-text-color\"><li><mark style=\"background-color:rgba(0, 0, 0, 0)\" class=\"has-inline-color has-white-color\">Sta\u010d\u00ed p\u0159idat vodu... nep\u0159epravovat ji<\/mark><\/li><li><mark style=\"background-color:rgba(0, 0, 0, 0)\" class=\"has-inline-color has-white-color\">Nulov\u00fd odpad<\/mark><\/li><li><mark style=\"background-color:rgba(0, 0, 0, 0)\" class=\"has-inline-color has-white-color\">Etick\u00e1 akreditace<\/mark><\/li><li><mark style=\"background-color:rgba(0, 0, 0, 0)\" class=\"has-inline-color has-white-color\">N\u00edzk\u00e9 emise z dopravy<\/mark><\/li><li><mark style=\"background-color:rgba(0, 0, 0, 0)\" class=\"has-inline-color has-white-color\">N\u00edzk\u00e1 hmotnost<\/mark><\/li><li><mark style=\"background-color:rgba(0, 0, 0, 0)\" class=\"has-inline-color has-white-color\">Glob\u00e1ln\u00ed standardy<\/mark><\/li><li><mark style=\"background-color:rgba(0, 0, 0, 0)\" class=\"has-inline-color has-white-color\">P\u0159id\u00e1n\u00ed vody v m\u00edst\u011b pou\u017eit\u00ed<\/mark><\/li><\/ul>\n<\/div><\/div>\n<\/div><\/div>\n\n\n\n<p><\/p>\n<\/div><\/div>\n\n\n\n<div class=\"inherit-container-width wp-container-14 wp-block-group alignfull hp-container\"><div class=\"wp-block-group__inner-container\">\n<div class=\"inherit-container-width wp-container-13 wp-block-group alignwide has-white-background-color has-background\"><div class=\"wp-block-group__inner-container\">\n<div class=\"wp-block-media-text alignwide is-stacked-on-mobile is-vertically-aligned-center has-background\" style=\"background-color:#a98969;grid-template-columns:49% auto\"><figure class=\"wp-block-media-text__media\"><img loading=\"lazy\" width=\"600\" height=\"600\" src=\"https:\/\/soap2o.sk\/wp-content\/uploads\/FH-19-09-600k-6110.jpg\" alt=\"\" class=\"wp-image-11719 size-full\" srcset=\"https:\/\/soap2o.sk\/wp-content\/uploads\/FH-19-09-600k-6110.jpg 600w, https:\/\/soap2o.sk\/wp-content\/uploads\/FH-19-09-600k-6110-300x300.jpg 300w, https:\/\/soap2o.sk\/wp-content\/uploads\/FH-19-09-600k-6110-150x150.jpg 150w, https:\/\/soap2o.sk\/wp-content\/uploads\/FH-19-09-600k-6110-310x310.jpg 310w, https:\/\/soap2o.sk\/wp-content\/uploads\/FH-19-09-600k-6110-100x100.jpg 100w, https:\/\/soap2o.sk\/wp-content\/uploads\/FH-19-09-600k-6110-64x64.jpg 64w\" sizes=\"(max-width: 600px) 100vw, 600px\" \/><\/figure><div class=\"wp-block-media-text__content\">\n<h2 class=\"has-white-color has-text-color\">Inovativn\u00ed<\/h2>\n\n\n\n<p class=\"has-white-color has-text-color\">Inovace jsou z\u00e1kladem produktov\u00e9 \u0159ady SOAP\u2082O. Na\u0161e v\u00fdrobky nejen\u017ee sni\u017euj\u00ed mno\u017estv\u00ed odpadu, co\u017e je v dne\u0161n\u00ed dob\u011b nal\u00e9hav\u00fd probl\u00e9m, ale tak\u00e9 p\u0159in\u00e1\u0161ej\u00ed pozitivn\u00ed zm\u011bny bez zvy\u0161ov\u00e1n\u00ed n\u00e1klad\u016f.<\/p>\n\n\n\n<p class=\"has-white-color has-text-color\">Na\u0161i partne\u0159i, spole\u010dnost Solupak, vyu\u017e\u00edvaj\u00ed sv\u016fj vlastn\u00ed t\u00fdm design\u00e9r\u016f a balic\u00edch pracovn\u00edk\u016f k v\u00fdvoji sortimentu v\u00fdrobk\u016f podle syst\u00e9mu barevn\u00e9ho zna\u010den\u00ed Britsk\u00e9ho institutu pro \u010distic\u00ed prost\u0159edky (BICSc).<\/p>\n\n\n\n<p class=\"has-white-color has-text-color\">Obr\u00e1zkov\u00e9 pokyny a etikety na lahvi\u010dk\u00e1ch zd\u016fraz\u0148uj\u00ed \u010dty\u0159krokov\u00fd proces a barevn\u00e9 zna\u010den\u00ed, kter\u00e9 zaji\u0161\u0165uje spr\u00e1vn\u00e9 pou\u017eit\u00ed. Ty tak\u00e9 pom\u00e1haj\u00ed v\u0161em u\u017eivatel\u016fm snadno a spr\u00e1vn\u011b p\u0159ipravit m\u00fddlo.<\/p>\n<\/div><\/div>\n<\/div><\/div>\n\n\n\n<p><\/p>\n<\/div><\/div>\n\n\n\n<div class=\"inherit-container-width wp-container-16 wp-block-group alignfull hp-container\"><div class=\"wp-block-group__inner-container\">\n<div class=\"inherit-container-width wp-container-15 wp-block-group alignwide has-white-background-color has-background\"><div class=\"wp-block-group__inner-container\">\n<div class=\"wp-block-media-text alignwide has-media-on-the-right is-stacked-on-mobile is-vertically-aligned-center has-background\" style=\"background-color:#2b2b2a;grid-template-columns:auto 49%\"><figure class=\"wp-block-media-text__media\"><img loading=\"lazy\" width=\"600\" height=\"599\" src=\"https:\/\/soap2o.sk\/wp-content\/uploads\/underwater.jpg\" alt=\"\" class=\"wp-image-11716 size-full\" srcset=\"https:\/\/soap2o.sk\/wp-content\/uploads\/underwater.jpg 600w, https:\/\/soap2o.sk\/wp-content\/uploads\/underwater-300x300.jpg 300w, https:\/\/soap2o.sk\/wp-content\/uploads\/underwater-150x150.jpg 150w, https:\/\/soap2o.sk\/wp-content\/uploads\/underwater-310x310.jpg 310w, https:\/\/soap2o.sk\/wp-content\/uploads\/underwater-100x100.jpg 100w, https:\/\/soap2o.sk\/wp-content\/uploads\/underwater-64x64.jpg 64w\" sizes=\"(max-width: 600px) 100vw, 600px\" \/><\/figure><div class=\"wp-block-media-text__content\">\n<h2 class=\"has-white-color has-text-color\">N\u00e1vod k pou\u017eit\u00ed<\/h2>\n\n\n\n<ul class=\"has-white-color has-text-color\"><li><mark style=\"background-color:rgba(0, 0, 0, 0)\" class=\"has-inline-color has-white-color\">P\u0159idejte vodu<\/mark><\/li><li><mark style=\"background-color:rgba(0, 0, 0, 0)\" class=\"has-inline-color has-white-color\">Vlo\u017ete kapsli do vody<\/mark><\/li><li><mark style=\"background-color:rgba(0, 0, 0, 0)\" class=\"has-inline-color has-white-color\">Potraste <mark style=\"background-color:rgba(0, 0, 0, 0)\" class=\"has-inline-color has-white-color\">30 sekund<\/mark><\/mark> <mark style=\"background-color:rgba(0, 0, 0, 0)\" class=\"has-inline-color has-white-color\">a po\u010dkejte 5 a\u017e 10 minut.<\/mark><\/li><li><mark style=\"background-color:rgba(0, 0, 0, 0)\" class=\"has-inline-color has-white-color\">P\u0159ipraveno k pou\u017eit\u00ed<\/mark><\/li><\/ul>\n\n\n\n<p class=\"has-white-color has-text-color\">Biologicky odbourateln\u00e9 kapsle SOAP\u2082O byly navr\u017eeny tak, aby bylo mo\u017en\u00e9 kapsli snadno vlo\u017eit do lahv\u00ed s d\u00e1vkova\u010dem. T\u00edm je zaji\u0161t\u011bno minim\u00e1ln\u00ed riziko kontaktu koncentr\u00e1tu s poko\u017ekou nebo o\u010dima u\u017eivatele. P\u0159i pou\u017e\u00edv\u00e1n\u00ed nebo p\u0159em\u00eds\u0165ov\u00e1n\u00ed v\u00fdrobk\u016f p\u0159ed p\u0159id\u00e1n\u00edm vody nen\u00ed nutn\u00e1 \u017e\u00e1dn\u00e1 ru\u010dn\u00ed manipulace.<\/p>\n\n\n\n<p class=\"has-white-color has-text-color\">D\u00e1vkov\u00e1n\u00ed je v\u017edy spr\u00e1vn\u00e9, co\u017e znamen\u00e1, \u017ee \u00fa\u010dinn\u00e9 l\u00e1tky v kapsl\u00edch p\u016fsob\u00ed na optim\u00e1ln\u00ed \u00farovni, a n\u00e1klady jsou tak zcela pod kontrolou.<\/p>\n<\/div><\/div>\n\n\n\n<p><\/p>\n<\/div><\/div>\n\n\n\n<p><\/p>\n<\/div><\/div>\n\n\n\n<div class=\"inherit-container-width wp-container-18 wp-block-group alignfull hp-container\"><div class=\"wp-block-group__inner-container\">\n<div class=\"inherit-container-width wp-container-17 wp-block-group alignwide has-white-background-color has-background\"><div class=\"wp-block-group__inner-container\">\n<div class=\"wp-block-media-text alignwide is-stacked-on-mobile is-vertically-aligned-center ptb50 has-background\" style=\"background-color:#ccccca;grid-template-columns:49% auto\"><figure class=\"wp-block-media-text__media\"><img loading=\"lazy\" width=\"530\" height=\"508\" src=\"http:\/\/soap2o.sk\/wp-content\/uploads\/nas-pribeh-3-1.jpg\" alt=\"\" class=\"wp-image-11650 size-full\" srcset=\"https:\/\/soap2o.sk\/wp-content\/uploads\/nas-pribeh-3-1.jpg 530w, https:\/\/soap2o.sk\/wp-content\/uploads\/nas-pribeh-3-1-300x288.jpg 300w, https:\/\/soap2o.sk\/wp-content\/uploads\/nas-pribeh-3-1-64x61.jpg 64w\" sizes=\"(max-width: 530px) 100vw, 530px\" \/><\/figure><div class=\"wp-block-media-text__content\">\n<h2 class=\"has-black-color has-text-color\">\u00daspora n\u00e1klad\u016f<\/h2>\n\n\n\n<p>Krom\u011b toho, \u017ee nep\u0159eprava vody m\u00e1 nesm\u00edrn\u011b pozitivn\u00ed dopad na \u017eivotn\u00ed prost\u0159ed\u00ed, p\u0159in\u00e1\u0161\u00ed tak\u00e9 v\u00fdhody v oblasti n\u00e1klad\u016f a \u00faspor. Hmotnost n\u00e1kladu je n\u00e1sledn\u011b ni\u017e\u0161\u00ed, proto\u017ee k p\u0159eprav\u011b k z\u00e1kazn\u00edk\u016fm nen\u00ed zapot\u0159eb\u00ed \u017e\u00e1dn\u00e1 kapalina, n\u00e1klady na doru\u010den\u00ed na\u0161ich v\u00fdrobk\u016f k v\u00e1m se v\u00fdrazn\u011b sni\u017euj\u00ed.<\/p>\n\n\n\n<p>Na\u0161e produkty jsou cenov\u011b v\u00fdhodn\u00e9 pro mal\u00e9 i velk\u00e9 z\u00e1kazn\u00edky. To proto, \u017ee m\u016f\u017eeme zav\u00e9st syst\u00e9m d\u00e1vkov\u00e1n\u00ed m\u00fddlov\u00e9ho koncentr\u00e1tu pro v\u0161echny u\u017eivatele.<\/p>\n\n\n\n<p>V\u00fdrobky SOAP\u2082O jsou odstup\u0148ovan\u00e9 od prvn\u00ed d\u00e1vky a\u017e po 100+, tak\u017ee se nemus\u00edte ob\u00e1vat, \u017ee byste pou\u017eili p\u0159\u00edli\u0161 mnoho m\u00fddla. D\u00edky p\u0159esn\u00e9mu d\u00e1vkov\u00e1n\u00ed m\u00e1te kontrolu nad sv\u00fdmi n\u00e1klady a spot\u0159ebou.&nbsp;<\/p>\n\n\n\n<p>Trvanlivost v\u00fdrobk\u016f SOAP\u2082O je t\u0159i roky ( pokud jsou skladov\u00e1ny podle doporu\u010den\u00ed ) Proto nen\u00ed t\u0159eba s jejich pou\u017eit\u00edm sp\u011bchat. Vydr\u017e\u00ed v\u00e1m dlouho a p\u0159i skladov\u00e1n\u00ed zaberou minimum m\u00edsta.&nbsp;<\/p>\n<\/div><\/div>\n\n\n\n<p><\/p>\n<\/div><\/div>\n\n\n\n<p><\/p>\n<\/div><\/div>\n\n\n\n<div class=\"wp-block-genesis-blocks-gb-container gb-block-container\"><div class=\"gb-container-inside\"><div class=\"gb-container-content\"><\/div><\/div><\/div>","protected":false},"excerpt":{"rendered":"<p>P\u0159\u00ednos pro \u017eivotn\u00ed prost\u0159ed\u00ed Pro n\u00e1s ve spole\u010dnosti SOAP\u2082O je \u0161etrnost k \u017eivotn\u00edmu prost\u0159ed\u00ed na prvn\u00edm m\u00edst\u011b v\u0161ech na\u0161ich c\u00edl\u016f. Sna\u017e\u00edme se sn\u00ed\u017eit mno\u017estv\u00ed jednor\u00e1zov\u00fdch plast\u016f v m\u00fddlov\u00e9m pr\u016fmyslu a m\u00edt co nejmen\u0161\u00ed negativn\u00ed dopad na \u017eivotn\u00ed prost\u0159ed\u00ed ...<\/p>\n<p class=\"read-more\"> <a class=\"ast-button\" href=\"https:\/\/soap2o.sk\/cs\/vyhody\/\"> <span class=\"screen-reader-text\">V\u00fdhody<\/span> Cel\u00fd \u010dl\u00e1nek<\/a><\/p>","protected":false},"author":1,"featured_media":0,"parent":0,"menu_order":0,"comment_status":"closed","ping_status":"closed","template":"","meta":{"inline_featured_image":false,"site-sidebar-layout":"default","site-content-layout":"default","ast-global-header-display":"","ast-main-header-display":"","ast-hfb-above-header-display":"","ast-hfb-below-header-display":"","ast-hfb-mobile-header-display":"","site-post-title":"disabled","ast-breadcrumbs-content":"","ast-featured-img":"","footer-sml-layout":"","theme-transparent-header-meta":"default","adv-header-id-meta":"","stick-header-meta":"","header-above-stick-meta":"","header-main-stick-meta":"","header-below-stick-meta":""},"yoast_head":"<!-- This site is optimized with the Yoast SEO plugin v19.7.1 - https:\/\/yoast.com\/wordpress\/plugins\/seo\/ -->\n<title>V\u00fdhody - soap2o.sk<\/title>\n<meta name=\"robots\" content=\"index, follow, max-snippet:-1, max-image-preview:large, max-video-preview:-1\" \/>\n<link rel=\"canonical\" href=\"https:\/\/soap2o.sk\/cs\/vyhody\/\" \/>\n<meta property=\"og:locale\" content=\"cs_CZ\" \/>\n<meta property=\"og:type\" content=\"article\" \/>\n<meta property=\"og:title\" content=\"V\u00fdhody - soap2o.sk\" \/>\n<meta property=\"og:description\" content=\"Environment\u00e1lne v\u00fdhody Pre n\u00e1s v SOAP\u2082O je oh\u013eaduplnos\u0165 k \u017eivotn\u00e9mu prostrediu v popred\u00ed v\u0161etk\u00fdch na\u0161ich cie\u013eov. Sna\u017e\u00edme sa zn\u00ed\u017ei\u0165 mno\u017estvo plastov na jedno pou\u017eitie v mydlovom priemysle a ma\u0165 \u010do najmen\u0161\u00ed negat\u00edvny dopad na \u017eivotn\u00e9 &hellip; V\u00fdhody Cel\u00fd \u010dl\u00e1nok\" \/>\n<meta property=\"og:url\" content=\"https:\/\/soap2o.sk\/cs\/vyhody\/\" \/>\n<meta property=\"og:site_name\" content=\"soap2o.sk\" \/>\n<meta property=\"article:publisher\" content=\"https:\/\/www.facebook.com\/IDrysk\/\" \/>\n<meta property=\"article:modified_time\" content=\"2023-10-16T13:03:54+00:00\" \/>\n<meta property=\"og:image\" content=\"https:\/\/soap2o.sk\/wp-content\/uploads\/Beach-original-1.jpg\" \/>\n<meta name=\"twitter:card\" content=\"summary_large_image\" \/>\n<meta name=\"twitter:site\" content=\"@iDrySKsro\" \/>\n<meta name=\"twitter:label1\" content=\"Odhadovan\u00e1 doba \u010dten\u00ed\" \/>\n\t<meta name=\"twitter:data1\" content=\"4 minuty\" \/>\n<script type=\"application\/ld+json\" class=\"yoast-schema-graph\">{\"@context\":\"https:\/\/schema.org\",\"@graph\":[{\"@type\":\"WebPage\",\"@id\":\"https:\/\/soap2o.sk\/vyhody\/\",\"url\":\"https:\/\/soap2o.sk\/vyhody\/\",\"name\":\"V\u00fdhody - soap2o.sk\",\"isPartOf\":{\"@id\":\"https:\/\/soap2o.sk\/#website\"},\"datePublished\":\"2022-02-28T17:58:21+00:00\",\"dateModified\":\"2023-10-16T13:03:54+00:00\",\"breadcrumb\":{\"@id\":\"https:\/\/soap2o.sk\/vyhody\/#breadcrumb\"},\"inLanguage\":\"cs\",\"potentialAction\":[{\"@type\":\"ReadAction\",\"target\":[\"https:\/\/soap2o.sk\/vyhody\/\"]}]},{\"@type\":\"BreadcrumbList\",\"@id\":\"https:\/\/soap2o.sk\/vyhody\/#breadcrumb\",\"itemListElement\":[{\"@type\":\"ListItem\",\"position\":1,\"name\":\"Home\",\"item\":\"https:\/\/soap2o.sk\/\"},{\"@type\":\"ListItem\",\"position\":2,\"name\":\"V\u00fdhody\"}]},{\"@type\":\"WebSite\",\"@id\":\"https:\/\/soap2o.sk\/#website\",\"url\":\"https:\/\/soap2o.sk\/\",\"name\":\"soap2o.sk\",\"description\":\"soap2o.sk\",\"publisher\":{\"@id\":\"https:\/\/soap2o.sk\/#organization\"},\"potentialAction\":[{\"@type\":\"SearchAction\",\"target\":{\"@type\":\"EntryPoint\",\"urlTemplate\":\"https:\/\/soap2o.sk\/?s={search_term_string}\"},\"query-input\":\"required name=search_term_string\"}],\"inLanguage\":\"cs\"},{\"@type\":\"Organization\",\"@id\":\"https:\/\/soap2o.sk\/#organization\",\"name\":\"soap2o.sk\",\"url\":\"https:\/\/soap2o.sk\/\",\"sameAs\":[\"http:\/\/instagram\/idrysk\",\"https:\/\/www.facebook.com\/IDrysk\/\",\"https:\/\/twitter.com\/iDrySKsro\"],\"logo\":{\"@type\":\"ImageObject\",\"inLanguage\":\"cs\",\"@id\":\"https:\/\/soap2o.sk\/#\/schema\/logo\/image\/\",\"url\":\"https:\/\/soap2o.sk\/wp-content\/uploads\/Soap2o-white.svg\",\"contentUrl\":\"https:\/\/soap2o.sk\/wp-content\/uploads\/Soap2o-white.svg\",\"caption\":\"soap2o.sk\"},\"image\":{\"@id\":\"https:\/\/soap2o.sk\/#\/schema\/logo\/image\/\"}}]}<\/script>\n<!-- \/ Yoast SEO plugin. -->","yoast_head_json":{"title":"V\u00fdhody - soap2o.sk","robots":{"index":"index","follow":"follow","max-snippet":"max-snippet:-1","max-image-preview":"max-image-preview:large","max-video-preview":"max-video-preview:-1"},"canonical":"https:\/\/soap2o.sk\/cs\/vyhody\/","og_locale":"cs_CZ","og_type":"article","og_title":"V\u00fdhody - soap2o.sk","og_description":"Environment\u00e1lne v\u00fdhody Pre n\u00e1s v SOAP\u2082O je oh\u013eaduplnos\u0165 k \u017eivotn\u00e9mu prostrediu v popred\u00ed v\u0161etk\u00fdch na\u0161ich cie\u013eov. Sna\u017e\u00edme sa zn\u00ed\u017ei\u0165 mno\u017estvo plastov na jedno pou\u017eitie v mydlovom priemysle a ma\u0165 \u010do najmen\u0161\u00ed negat\u00edvny dopad na \u017eivotn\u00e9 &hellip; V\u00fdhody Cel\u00fd \u010dl\u00e1nok","og_url":"https:\/\/soap2o.sk\/cs\/vyhody\/","og_site_name":"soap2o.sk","article_publisher":"https:\/\/www.facebook.com\/IDrysk\/","article_modified_time":"2023-10-16T13:03:54+00:00","og_image":[{"url":"https:\/\/soap2o.sk\/wp-content\/uploads\/Beach-original-1.jpg"}],"twitter_card":"summary_large_image","twitter_site":"@iDrySKsro","twitter_misc":{"Odhadovan\u00e1 doba \u010dten\u00ed":"4 minuty"},"schema":{"@context":"https:\/\/schema.org","@graph":[{"@type":"WebPage","@id":"https:\/\/soap2o.sk\/vyhody\/","url":"https:\/\/soap2o.sk\/vyhody\/","name":"V\u00fdhody - soap2o.sk","isPartOf":{"@id":"https:\/\/soap2o.sk\/#website"},"datePublished":"2022-02-28T17:58:21+00:00","dateModified":"2023-10-16T13:03:54+00:00","breadcrumb":{"@id":"https:\/\/soap2o.sk\/vyhody\/#breadcrumb"},"inLanguage":"cs","potentialAction":[{"@type":"ReadAction","target":["https:\/\/soap2o.sk\/vyhody\/"]}]},{"@type":"BreadcrumbList","@id":"https:\/\/soap2o.sk\/vyhody\/#breadcrumb","itemListElement":[{"@type":"ListItem","position":1,"name":"Home","item":"https:\/\/soap2o.sk\/"},{"@type":"ListItem","position":2,"name":"V\u00fdhody"}]},{"@type":"WebSite","@id":"https:\/\/soap2o.sk\/#website","url":"https:\/\/soap2o.sk\/","name":"soap2o.sk","description":"soap2o.sk","publisher":{"@id":"https:\/\/soap2o.sk\/#organization"},"potentialAction":[{"@type":"SearchAction","target":{"@type":"EntryPoint","urlTemplate":"https:\/\/soap2o.sk\/?s={search_term_string}"},"query-input":"required name=search_term_string"}],"inLanguage":"cs"},{"@type":"Organization","@id":"https:\/\/soap2o.sk\/#organization","name":"soap2o.sk","url":"https:\/\/soap2o.sk\/","sameAs":["http:\/\/instagram\/idrysk","https:\/\/www.facebook.com\/IDrysk\/","https:\/\/twitter.com\/iDrySKsro"],"logo":{"@type":"ImageObject","inLanguage":"cs","@id":"https:\/\/soap2o.sk\/#\/schema\/logo\/image\/","url":"https:\/\/soap2o.sk\/wp-content\/uploads\/Soap2o-white.svg","contentUrl":"https:\/\/soap2o.sk\/wp-content\/uploads\/Soap2o-white.svg","caption":"soap2o.sk"},"image":{"@id":"https:\/\/soap2o.sk\/#\/schema\/logo\/image\/"}}]}},"featured_image_src":null,"featured_image_src_square":null,"uagb_featured_image_src":{"full":false,"thumbnail":false,"medium":false,"medium_large":false,"large":false,"1536x1536":false,"2048x2048":false,"trp-custom-language-flag":false,"gb-block-post-grid-landscape":false,"gb-block-post-grid-square":false},"uagb_author_info":{"display_name":"administrator","author_link":"https:\/\/soap2o.sk\/cs\/author\/administrator\/"},"uagb_comment_info":0,"uagb_excerpt":"Environment\u00e1lne v\u00fdhody Pre n\u00e1s v SOAP\u2082O je oh\u013eaduplnos\u0165 k \u017eivotn\u00e9mu prostrediu v popred\u00ed v\u0161etk\u00fdch na\u0161ich cie\u013eov. Sna\u017e\u00edme sa zn\u00ed\u017ei\u0165 mno\u017estvo plastov na jedno pou\u017eitie v mydlovom priemysle a ma\u0165 \u010do najmen\u0161\u00ed negat\u00edvny dopad na \u017eivotn\u00e9 &hellip; V\u00fdhody Cel\u00fd \u010dl\u00e1nok","_links":{"self":[{"href":"https:\/\/soap2o.sk\/cs\/wp-json\/wp\/v2\/pages\/11314"}],"collection":[{"href":"https:\/\/soap2o.sk\/cs\/wp-json\/wp\/v2\/pages"}],"about":[{"href":"https:\/\/soap2o.sk\/cs\/wp-json\/wp\/v2\/types\/page"}],"author":[{"embeddable":true,"href":"https:\/\/soap2o.sk\/cs\/wp-json\/wp\/v2\/users\/1"}],"replies":[{"embeddable":true,"href":"https:\/\/soap2o.sk\/cs\/wp-json\/wp\/v2\/comments?post=11314"}],"version-history":[{"count":25,"href":"https:\/\/soap2o.sk\/cs\/wp-json\/wp\/v2\/pages\/11314\/revisions"}],"predecessor-version":[{"id":11984,"href":"https:\/\/soap2o.sk\/cs\/wp-json\/wp\/v2\/pages\/11314\/revisions\/11984"}],"wp:attachment":[{"href":"https:\/\/soap2o.sk\/cs\/wp-json\/wp\/v2\/media?parent=11314"}],"curies":[{"name":"wp","href":"https:\/\/api.w.org\/{rel}","templated":true}]}}