{"id":11510,"date":"2022-03-01T19:25:51","date_gmt":"2022-03-01T18:25:51","guid":{"rendered":"https:\/\/soap2o.sk\/?page_id=11510"},"modified":"2023-10-16T14:59:06","modified_gmt":"2023-10-16T12:59:06","slug":"starostlivost-o-ruky","status":"publish","type":"page","link":"https:\/\/soap2o.sk\/cs\/produkty\/pece-o-ruce\/","title":{"rendered":"P\u00e9\u010de o ruce"},"content":{"rendered":"<div class=\"wp-block-cover alignfull is-light is-position-center-center\" style=\"min-height:750px\"><span aria-hidden=\"true\" class=\"wp-block-cover__background has-black-background-color has-background-dim-40 has-background-dim\"><\/span><img loading=\"lazy\" width=\"1500\" height=\"1000\" class=\"wp-block-cover__image-background wp-image-11512\" alt=\"\" src=\"https:\/\/soap2o.sk\/wp-content\/uploads\/starostlivost-o-ruky.jpg\" data-object-fit=\"cover\" srcset=\"https:\/\/soap2o.sk\/wp-content\/uploads\/starostlivost-o-ruky.jpg 1500w, https:\/\/soap2o.sk\/wp-content\/uploads\/starostlivost-o-ruky-300x200.jpg 300w, https:\/\/soap2o.sk\/wp-content\/uploads\/starostlivost-o-ruky-1024x683.jpg 1024w, https:\/\/soap2o.sk\/wp-content\/uploads\/starostlivost-o-ruky-768x512.jpg 768w, https:\/\/soap2o.sk\/wp-content\/uploads\/starostlivost-o-ruky-600x400.jpg 600w, https:\/\/soap2o.sk\/wp-content\/uploads\/starostlivost-o-ruky-64x43.jpg 64w\" sizes=\"(max-width: 1500px) 100vw, 1500px\" \/><div class=\"wp-block-cover__inner-container\">\n<h1 class=\"has-text-align-center has-white-color has-text-color\">P\u00e9\u010de o ruce<\/h1>\n\n\n\n<p><\/p>\n<\/div><\/div>\n\n\n\n<div class=\"wp-block-genesis-blocks-gb-container gb-block-container\"><div class=\"gb-container-inside\"><div class=\"gb-container-content\"><\/div><\/div><\/div>\n\n\n\n<p><\/p>\n\n\n\n<div class=\"inherit-container-width wp-container-1 wp-block-group alignfull hp-container has-white-background-color has-background\"><div class=\"wp-block-group__inner-container\">\n<div class=\"wp-block-media-text alignwide has-media-on-the-right is-stacked-on-mobile is-vertically-aligned-center has-background\" style=\"background-color:#9f9c87;grid-template-columns:auto 48%\"><figure class=\"wp-block-media-text__media\"><img loading=\"lazy\" width=\"500\" height=\"477\" src=\"http:\/\/soap2o.sk\/wp-content\/uploads\/Soap2o-hand-soap-bottle.png\" alt=\"\" class=\"wp-image-11516 size-full\" srcset=\"https:\/\/soap2o.sk\/wp-content\/uploads\/Soap2o-hand-soap-bottle.png 500w, https:\/\/soap2o.sk\/wp-content\/uploads\/Soap2o-hand-soap-bottle-300x286.png 300w, https:\/\/soap2o.sk\/wp-content\/uploads\/Soap2o-hand-soap-bottle-64x61.png 64w\" sizes=\"(max-width: 500px) 100vw, 500px\" \/><\/figure><div class=\"wp-block-media-text__content\">\n<h2 class=\"has-white-color has-text-color\">Ekologick\u00e9 m\u00fddlo na ruce<\/h2>\n\n\n\n<p class=\"has-white-color has-text-color\">Elegantn\u00ed ekologick\u00e9 lahvi\u010dky na ru\u010dn\u00ed m\u00fddlo jsou k dispozici v p\u016flno\u010dn\u00ed \u010dern\u00e9 a porcel\u00e1nov\u011b b\u00edl\u00e9 barv\u011b. Lahvi\u010dky jsou vyrobeny z matn\u00e9ho skla a lze je znovu naplnit, aby byla zaji\u0161t\u011bna kvalita a dokonal\u00fd pocit z m\u00fddla na ruce Soap2o. Sta\u010d\u00ed p\u0159idat s\u00e1\u010dek m\u00fddla, naplnit l\u00e1hev vodou a sledovat, jak se d\u011bje kouzlo.<\/p>\n\n\n\n<p><\/p>\n<\/div><\/div>\n\n\n\n<div style=\"color:#ddd\" class=\"wp-block-genesis-blocks-gb-spacer gb-block-spacer gb-divider-solid gb-divider-size-1\"><hr style=\"height:30px\"\/><\/div>\n<\/div><\/div>\n\n\n\n<div class=\"inherit-container-width wp-container-2 wp-block-group alignfull hp-container has-white-background-color has-background\"><div class=\"wp-block-group__inner-container\">\n<div class=\"wp-block-media-text alignwide is-stacked-on-mobile is-vertically-aligned-center has-background\" style=\"background-color:#626438;grid-template-columns:48% auto\"><figure class=\"wp-block-media-text__media\"><img loading=\"lazy\" width=\"500\" height=\"333\" src=\"https:\/\/soap2o.sk\/wp-content\/uploads\/Soap2o.SafrinaSmith.jpg\" alt=\"\" class=\"wp-image-11527 size-full\" srcset=\"https:\/\/soap2o.sk\/wp-content\/uploads\/Soap2o.SafrinaSmith.jpg 500w, https:\/\/soap2o.sk\/wp-content\/uploads\/Soap2o.SafrinaSmith-300x200.jpg 300w, https:\/\/soap2o.sk\/wp-content\/uploads\/Soap2o.SafrinaSmith-64x43.jpg 64w\" sizes=\"(max-width: 500px) 100vw, 500px\" \/><\/figure><div class=\"wp-block-media-text__content\">\n<p class=\"has-white-color has-text-color\">Rozpustn\u00e9 m\u00fddlov\u00e9 s\u00e1\u010dky SOAP\u2082O jsou \u00fa\u010dinn\u00fdm rozpustn\u00fdm m\u00fddlov\u00fdm roztokem, kter\u00fd je ur\u010den k \u010di\u0161t\u011bn\u00ed a hydrataci rukou. P\u0159\u00edrodn\u00ed kr\u00e1sn\u00e1 v\u016fn\u011b gran\u00e1tov\u00e9ho jablka a v\u0161e baleno v recyklovateln\u00e9m obalu 100%. Na\u0161e rozpustn\u00e9 s\u00e1\u010dky dod\u00e1v\u00e1me v balen\u00edch po 12 nebo 18 kusech podle toho, zda chcete 1000 ml nebo 350 ml rozpustn\u00e9ho m\u00fddla.<\/p>\n<\/div><\/div>\n\n\n\n<div style=\"color:#ddd\" class=\"wp-block-genesis-blocks-gb-spacer gb-block-spacer gb-divider-solid gb-divider-size-1\"><hr style=\"height:30px\"\/><\/div>\n<\/div><\/div>\n\n\n\n<div class=\"inherit-container-width wp-container-3 wp-block-group alignfull hp-container has-white-background-color has-background\"><div class=\"wp-block-group__inner-container\">\n<div class=\"wp-block-media-text alignwide has-media-on-the-right is-stacked-on-mobile is-vertically-aligned-center has-background\" style=\"background-color:#998969;grid-template-columns:auto 48%\"><figure class=\"wp-block-media-text__media\"><img loading=\"lazy\" width=\"591\" height=\"467\" src=\"https:\/\/soap2o.sk\/wp-content\/uploads\/Soap2o.SafrinaSmith-21.jpg\" alt=\"\" class=\"wp-image-11533 size-full\" srcset=\"https:\/\/soap2o.sk\/wp-content\/uploads\/Soap2o.SafrinaSmith-21.jpg 591w, https:\/\/soap2o.sk\/wp-content\/uploads\/Soap2o.SafrinaSmith-21-300x237.jpg 300w, https:\/\/soap2o.sk\/wp-content\/uploads\/Soap2o.SafrinaSmith-21-64x51.jpg 64w\" sizes=\"(max-width: 591px) 100vw, 591px\" \/><\/figure><div class=\"wp-block-media-text__content\">\n<h2 class=\"has-white-color has-text-color\">V\u00fdhody a funkce<\/h2>\n\n\n\n<p class=\"has-white-color has-text-color\">Bezodpadov\u00e9 myt\u00ed rukou s m\u00fddlem na ruce SOAP\u2082O, kter\u00e9 lze znovu naplnit. Nemus\u00edte se ob\u00e1vat o \u017eivotn\u00ed prost\u0159ed\u00ed, proto\u017ee tyto s\u00e1\u010dky s m\u00fddlem jsou dod\u00e1v\u00e1ny v bezodpadov\u00fdch\/ekologick\u00fdch obalech!<\/p>\n\n\n\n<ul class=\"has-white-color has-text-color\"><li>Gran\u00e1tov\u00e9 jablko a brusinky<\/li><li>Organic<\/li><li>Biologicky rozlo\u017eiteln\u00e9<\/li><li>\u017d\u00e1dn\u00fd plast<\/li><li>Rozpust\u00ed se za 5 a\u017e 10 minut<\/li><\/ul>\n\n\n\n<p><\/p>\n<\/div><\/div>\n\n\n\n<div style=\"color:#ddd\" class=\"wp-block-genesis-blocks-gb-spacer gb-block-spacer gb-divider-solid gb-divider-size-1\"><hr style=\"height:30px\"\/><\/div>\n\n\n\n<p><\/p>\n<\/div><\/div>\n\n\n\n<div class=\"inherit-container-width wp-container-8 wp-block-group alignfull has-background\" style=\"background-color:#a98969\"><div class=\"wp-block-group__inner-container\">\n<div class=\"wp-container-7 wp-block-columns alignwide are-vertically-aligned-center hp-container\">\n<div class=\"wp-container-4 wp-block-column is-vertically-aligned-center\" style=\"flex-basis:66.66%\">\n<div style=\"color:#ddd\" class=\"wp-block-genesis-blocks-gb-spacer gb-block-spacer gb-divider-solid gb-divider-size-1\"><hr style=\"height:30px\"\/><\/div>\n\n\n\n<h2 class=\"has-text-color\" style=\"color:#626438\">M\u00c1TE Z\u00c1JEM DOZV\u011aD\u011aT SE V\u00cdCE?<\/h2>\n\n\n\n<div style=\"color:#ddd\" class=\"wp-block-genesis-blocks-gb-spacer gb-block-spacer gb-divider-solid gb-divider-size-1\"><hr style=\"height:30px\"\/><\/div>\n<\/div>\n\n\n\n<div class=\"wp-container-6 wp-block-column is-vertically-aligned-center\" style=\"flex-basis:33.33%\">\n<div class=\"wp-container-5 is-horizontal is-content-justification-center wp-block-buttons\">\n<div class=\"wp-block-button\"><a class=\"wp-block-button__link has-background\" href=\"https:\/\/soap2o.sk\/cs\/kontakt\/\" style=\"background-color:#626438\">Kontakt<\/a><\/div>\n<\/div>\n<\/div>\n<\/div>\n<\/div><\/div>\n\n\n\n<div style=\"color:#ddd\" class=\"wp-block-genesis-blocks-gb-spacer gb-block-spacer gb-divider-solid gb-divider-size-1\"><hr style=\"height:30px\"\/><\/div>\n\n\n\n<h2 class=\"has-text-align-center\">Na\u0161e produkty<\/h2>\n\n\n\n<div class=\"wp-block-genesis-blocks-gb-columns gb-slate-section-feature-image-and-text-columns gb-slate-section-feature-image-columns gb-layout-columns-1 gb-1-col-equal gb-has-custom-background-color gb-has-custom-text-color gb-columns-center alignfull\" style=\"padding-top:3em;padding-right:1em;padding-bottom:3em;padding-left:1em;background-color:#ededed;color:#1f1f1f\"><div class=\"gb-layout-column-wrap gb-block-layout-column-gap-2 gb-is-responsive-column\" style=\"max-width:1200px\">\n<div class=\"wp-block-genesis-blocks-gb-column gb-block-layout-column\"><div class=\"gb-block-layout-column-inner\">\n<div class=\"wp-block-genesis-blocks-gb-columns gb-layout-columns-3 gb-3-col-equal\"><div class=\"gb-layout-column-wrap gb-block-layout-column-gap-3 gb-is-responsive-column\">\n<div class=\"wp-block-genesis-blocks-gb-column gb-block-layout-column\"><div class=\"gb-block-layout-column-inner\">\n<figure class=\"wp-block-image size-large\"><a href=\"https:\/\/www.hecology.sk?utm_source=soap2o&amp;utm_medium=referral\"><img loading=\"lazy\" width=\"1024\" height=\"712\" src=\"https:\/\/soap2o.sk\/wp-content\/uploads\/ekologicka-sada-soap2o-v-darcekovom-baleni-1-1024x712.png\" alt=\"\" class=\"wp-image-11954\" srcset=\"https:\/\/soap2o.sk\/wp-content\/uploads\/ekologicka-sada-soap2o-v-darcekovom-baleni-1-1024x712.png 1024w, https:\/\/soap2o.sk\/wp-content\/uploads\/ekologicka-sada-soap2o-v-darcekovom-baleni-1-300x209.png 300w, https:\/\/soap2o.sk\/wp-content\/uploads\/ekologicka-sada-soap2o-v-darcekovom-baleni-1-768x534.png 768w, https:\/\/soap2o.sk\/wp-content\/uploads\/ekologicka-sada-soap2o-v-darcekovom-baleni-1-600x417.png 600w, https:\/\/soap2o.sk\/wp-content\/uploads\/ekologicka-sada-soap2o-v-darcekovom-baleni-1.png 1067w\" sizes=\"(max-width: 1024px) 100vw, 1024px\" \/><\/a><\/figure>\n\n\n\n<h3 class=\"has-text-align-center has-text-color\" style=\"color:#1f1f1f;font-size:26px\"><a href=\"https:\/\/www.hecology.sk?utm_source=soap2o&amp;utm_medium=referral\">Startovac\u00ed bal\u00ed\u010dek SOAP\u2082O<\/a><\/h3>\n\n\n\n<p class=\"has-text-align-center has-text-color\" style=\"color:#1f1f1f\"><a href=\"https:\/\/www.hecology.sk?utm_source=soap2o&amp;utm_medium=referral\">Ekologick\u00e1 sada obsahuje 3x organick\u00e9 m\u00fddlo Soap2o 350 ml a sklen\u011bnou d\u00e1vkovac\u00ed l\u00e1hev na m\u00fddlo v \u010dern\u00e9 barv\u011b.<\/a><\/p>\n\n\n\n<div class=\"wp-container-9 is-content-justification-center wp-block-buttons\">\n<div class=\"wp-block-button product-button-hp is-style-fill\"><a class=\"wp-block-button__link\" href=\"https:\/\/www.hecology.sk?utm_source=soap2o&amp;utm_medium=referral\" style=\"border-radius:0px\"><strong>P\u0159ej\u00edt do eshopu<\/strong><\/a><\/div>\n<\/div>\n\n\n\n<div style=\"height:25px\" aria-hidden=\"true\" class=\"wp-block-spacer\"><\/div>\n<\/div><\/div>\n\n\n\n<div class=\"wp-block-genesis-blocks-gb-column gb-block-layout-column gb-is-vertically-aligned-center\"><div class=\"gb-block-layout-column-inner\">\n<p><\/p>\n<\/div><\/div>\n\n\n\n<div class=\"wp-block-genesis-blocks-gb-column gb-block-layout-column\"><div class=\"gb-block-layout-column-inner\">\n<figure class=\"wp-block-image size-large\"><a href=\"https:\/\/www.hecology.sk?utm_source=soap2o&amp;utm_medium=referral\"><img loading=\"lazy\" width=\"1024\" height=\"712\" src=\"https:\/\/soap2o.sk\/wp-content\/uploads\/Soap2o_balenie2-1024x712.png\" alt=\"\" class=\"wp-image-11956\" srcset=\"https:\/\/soap2o.sk\/wp-content\/uploads\/Soap2o_balenie2-1024x712.png 1024w, https:\/\/soap2o.sk\/wp-content\/uploads\/Soap2o_balenie2-300x209.png 300w, https:\/\/soap2o.sk\/wp-content\/uploads\/Soap2o_balenie2-768x534.png 768w, https:\/\/soap2o.sk\/wp-content\/uploads\/Soap2o_balenie2-600x417.png 600w, https:\/\/soap2o.sk\/wp-content\/uploads\/Soap2o_balenie2.png 1067w\" sizes=\"(max-width: 1024px) 100vw, 1024px\" \/><\/a><\/figure>\n\n\n\n<h3 class=\"has-text-align-center has-text-color\" style=\"color:#1f1f1f;font-size:26px\"><a href=\"https:\/\/www.hecology.sk?utm_source=soap2o&amp;utm_medium=referral\">M\u00ddDLO\u2082O m\u00fddlo v kapsl\u00edch <\/a><\/h3>\n\n\n\n<p class=\"has-text-align-center has-text-color\" style=\"color:#1f1f1f\"><a href=\"https:\/\/www.hecology.sk?utm_source=soap2o&amp;utm_medium=referral\">Balen\u00ed obsahuje 12 kapsl\u00ed, ze kter\u00fdch vyrob\u00edte 12 litr\u016f m\u00fddla. 12x1000ml - gran\u00e1tov\u00e9 jablko a brusinky.<\/a><\/p>\n\n\n\n<div class=\"wp-container-10 is-content-justification-center wp-block-buttons\">\n<div class=\"wp-block-button product-button-hp is-style-fill\"><a class=\"wp-block-button__link\" href=\"https:\/\/www.hecology.sk?utm_source=soap2o&amp;utm_medium=referral\" style=\"border-radius:0px\"><strong>P\u0159ej\u00edt do eshopu<\/strong><\/a><\/div>\n<\/div>\n\n\n\n<p><\/p>\n<\/div><\/div>\n<\/div><\/div>\n<\/div><\/div>\n<\/div><\/div>","protected":false},"excerpt":{"rendered":"<p>Ekologick\u00e9 m\u00fddlo na ruce Elegantn\u00ed ekologick\u00e9 lahvi\u010dky na m\u00fddlo na ruce jsou k dispozici v p\u016flno\u010dn\u00ed \u010dern\u00e9 a porcel\u00e1nov\u011b b\u00edl\u00e9 barv\u011b. Lahvi\u010dky jsou vyrobeny z matn\u00e9ho skla a lze je znovu naplnit, aby byla zaji\u0161t\u011bna kvalita a dokonal\u00fd pocit z ...<\/p>\n<p class=\"read-more\"> <a class=\"ast-button\" href=\"https:\/\/soap2o.sk\/cs\/produkty\/pece-o-ruce\/\"> <span class=\"screen-reader-text\">P\u00e9\u010de o ruce<\/span> Cel\u00fd \u010dl\u00e1nek<\/a><\/p>","protected":false},"author":1,"featured_media":0,"parent":11574,"menu_order":1,"comment_status":"closed","ping_status":"closed","template":"","meta":{"inline_featured_image":false,"site-sidebar-layout":"default","site-content-layout":"default","ast-global-header-display":"","ast-main-header-display":"","ast-hfb-above-header-display":"","ast-hfb-below-header-display":"","ast-hfb-mobile-header-display":"","site-post-title":"disabled","ast-breadcrumbs-content":"","ast-featured-img":"","footer-sml-layout":"","theme-transparent-header-meta":"default","adv-header-id-meta":"","stick-header-meta":"","header-above-stick-meta":"","header-main-stick-meta":"","header-below-stick-meta":""},"yoast_head":"<!-- This site is optimized with the Yoast SEO plugin v19.7.1 - https:\/\/yoast.com\/wordpress\/plugins\/seo\/ -->\n<title>Starostlivos\u0165 o ruky - soap2o.sk<\/title>\n<meta name=\"robots\" content=\"index, follow, max-snippet:-1, max-image-preview:large, max-video-preview:-1\" \/>\n<link rel=\"canonical\" href=\"https:\/\/soap2o.sk\/cs\/produkty\/pece-o-ruce\/\" \/>\n<meta property=\"og:locale\" content=\"cs_CZ\" \/>\n<meta property=\"og:type\" content=\"article\" \/>\n<meta property=\"og:title\" content=\"Starostlivos\u0165 o ruky - soap2o.sk\" \/>\n<meta property=\"og:description\" content=\"Eko mydlo na ruky Elegantn\u00e9 ekologick\u00e9 f\u013ea\u0161ky s mydlom na ruky s\u00fa dostupn\u00e9 v polno\u010dnej \u010diernej a porcel\u00e1novo bielej farbe. F\u013ea\u0161ky s\u00fa vyroben\u00e9 z&nbsp;matn\u00e9ho skla a znovu naplnite\u013en\u00e9, aby sa zabezpe\u010dila kvalita a&nbsp;perfektn\u00fd pocit z &hellip; Starostlivos\u0165 o ruky Cel\u00fd \u010dl\u00e1nok\" \/>\n<meta property=\"og:url\" content=\"https:\/\/soap2o.sk\/cs\/produkty\/pece-o-ruce\/\" \/>\n<meta property=\"og:site_name\" content=\"soap2o.sk\" \/>\n<meta property=\"article:publisher\" content=\"https:\/\/www.facebook.com\/IDrysk\/\" \/>\n<meta property=\"article:modified_time\" content=\"2023-10-16T12:59:06+00:00\" \/>\n<meta property=\"og:image\" content=\"https:\/\/soap2o.sk\/wp-content\/uploads\/starostlivost-o-ruky.jpg\" \/>\n<meta name=\"twitter:card\" content=\"summary_large_image\" \/>\n<meta name=\"twitter:site\" content=\"@iDrySKsro\" \/>\n<meta name=\"twitter:label1\" content=\"Odhadovan\u00e1 doba \u010dten\u00ed\" \/>\n\t<meta name=\"twitter:data1\" content=\"3 minuty\" \/>\n<script type=\"application\/ld+json\" class=\"yoast-schema-graph\">{\"@context\":\"https:\/\/schema.org\",\"@graph\":[{\"@type\":\"WebPage\",\"@id\":\"https:\/\/soap2o.sk\/produkty\/starostlivost-o-ruky\/\",\"url\":\"https:\/\/soap2o.sk\/produkty\/starostlivost-o-ruky\/\",\"name\":\"Starostlivos\u0165 o ruky - soap2o.sk\",\"isPartOf\":{\"@id\":\"https:\/\/soap2o.sk\/#website\"},\"datePublished\":\"2022-03-01T18:25:51+00:00\",\"dateModified\":\"2023-10-16T12:59:06+00:00\",\"breadcrumb\":{\"@id\":\"https:\/\/soap2o.sk\/produkty\/starostlivost-o-ruky\/#breadcrumb\"},\"inLanguage\":\"cs\",\"potentialAction\":[{\"@type\":\"ReadAction\",\"target\":[\"https:\/\/soap2o.sk\/produkty\/starostlivost-o-ruky\/\"]}]},{\"@type\":\"BreadcrumbList\",\"@id\":\"https:\/\/soap2o.sk\/produkty\/starostlivost-o-ruky\/#breadcrumb\",\"itemListElement\":[{\"@type\":\"ListItem\",\"position\":1,\"name\":\"Home\",\"item\":\"https:\/\/soap2o.sk\/\"},{\"@type\":\"ListItem\",\"position\":2,\"name\":\"Produkty\",\"item\":\"https:\/\/soap2o.sk\/produkty\/\"},{\"@type\":\"ListItem\",\"position\":3,\"name\":\"Starostlivos\u0165 o ruky\"}]},{\"@type\":\"WebSite\",\"@id\":\"https:\/\/soap2o.sk\/#website\",\"url\":\"https:\/\/soap2o.sk\/\",\"name\":\"soap2o.sk\",\"description\":\"soap2o.sk\",\"publisher\":{\"@id\":\"https:\/\/soap2o.sk\/#organization\"},\"potentialAction\":[{\"@type\":\"SearchAction\",\"target\":{\"@type\":\"EntryPoint\",\"urlTemplate\":\"https:\/\/soap2o.sk\/?s={search_term_string}\"},\"query-input\":\"required name=search_term_string\"}],\"inLanguage\":\"cs\"},{\"@type\":\"Organization\",\"@id\":\"https:\/\/soap2o.sk\/#organization\",\"name\":\"soap2o.sk\",\"url\":\"https:\/\/soap2o.sk\/\",\"sameAs\":[\"http:\/\/instagram\/idrysk\",\"https:\/\/www.facebook.com\/IDrysk\/\",\"https:\/\/twitter.com\/iDrySKsro\"],\"logo\":{\"@type\":\"ImageObject\",\"inLanguage\":\"cs\",\"@id\":\"https:\/\/soap2o.sk\/#\/schema\/logo\/image\/\",\"url\":\"https:\/\/soap2o.sk\/wp-content\/uploads\/Soap2o-white.svg\",\"contentUrl\":\"https:\/\/soap2o.sk\/wp-content\/uploads\/Soap2o-white.svg\",\"caption\":\"soap2o.sk\"},\"image\":{\"@id\":\"https:\/\/soap2o.sk\/#\/schema\/logo\/image\/\"}}]}<\/script>\n<!-- \/ Yoast SEO plugin. -->","yoast_head_json":{"title":"Starostlivos\u0165 o ruky - soap2o.sk","robots":{"index":"index","follow":"follow","max-snippet":"max-snippet:-1","max-image-preview":"max-image-preview:large","max-video-preview":"max-video-preview:-1"},"canonical":"https:\/\/soap2o.sk\/cs\/produkty\/pece-o-ruce\/","og_locale":"cs_CZ","og_type":"article","og_title":"Starostlivos\u0165 o ruky - soap2o.sk","og_description":"Eko mydlo na ruky Elegantn\u00e9 ekologick\u00e9 f\u013ea\u0161ky s mydlom na ruky s\u00fa dostupn\u00e9 v polno\u010dnej \u010diernej a porcel\u00e1novo bielej farbe. F\u013ea\u0161ky s\u00fa vyroben\u00e9 z&nbsp;matn\u00e9ho skla a znovu naplnite\u013en\u00e9, aby sa zabezpe\u010dila kvalita a&nbsp;perfektn\u00fd pocit z &hellip; Starostlivos\u0165 o ruky Cel\u00fd \u010dl\u00e1nok","og_url":"https:\/\/soap2o.sk\/cs\/produkty\/pece-o-ruce\/","og_site_name":"soap2o.sk","article_publisher":"https:\/\/www.facebook.com\/IDrysk\/","article_modified_time":"2023-10-16T12:59:06+00:00","og_image":[{"url":"https:\/\/soap2o.sk\/wp-content\/uploads\/starostlivost-o-ruky.jpg"}],"twitter_card":"summary_large_image","twitter_site":"@iDrySKsro","twitter_misc":{"Odhadovan\u00e1 doba \u010dten\u00ed":"3 minuty"},"schema":{"@context":"https:\/\/schema.org","@graph":[{"@type":"WebPage","@id":"https:\/\/soap2o.sk\/produkty\/starostlivost-o-ruky\/","url":"https:\/\/soap2o.sk\/produkty\/starostlivost-o-ruky\/","name":"Starostlivos\u0165 o ruky - soap2o.sk","isPartOf":{"@id":"https:\/\/soap2o.sk\/#website"},"datePublished":"2022-03-01T18:25:51+00:00","dateModified":"2023-10-16T12:59:06+00:00","breadcrumb":{"@id":"https:\/\/soap2o.sk\/produkty\/starostlivost-o-ruky\/#breadcrumb"},"inLanguage":"cs","potentialAction":[{"@type":"ReadAction","target":["https:\/\/soap2o.sk\/produkty\/starostlivost-o-ruky\/"]}]},{"@type":"BreadcrumbList","@id":"https:\/\/soap2o.sk\/produkty\/starostlivost-o-ruky\/#breadcrumb","itemListElement":[{"@type":"ListItem","position":1,"name":"Home","item":"https:\/\/soap2o.sk\/"},{"@type":"ListItem","position":2,"name":"Produkty","item":"https:\/\/soap2o.sk\/produkty\/"},{"@type":"ListItem","position":3,"name":"Starostlivos\u0165 o ruky"}]},{"@type":"WebSite","@id":"https:\/\/soap2o.sk\/#website","url":"https:\/\/soap2o.sk\/","name":"soap2o.sk","description":"soap2o.sk","publisher":{"@id":"https:\/\/soap2o.sk\/#organization"},"potentialAction":[{"@type":"SearchAction","target":{"@type":"EntryPoint","urlTemplate":"https:\/\/soap2o.sk\/?s={search_term_string}"},"query-input":"required name=search_term_string"}],"inLanguage":"cs"},{"@type":"Organization","@id":"https:\/\/soap2o.sk\/#organization","name":"soap2o.sk","url":"https:\/\/soap2o.sk\/","sameAs":["http:\/\/instagram\/idrysk","https:\/\/www.facebook.com\/IDrysk\/","https:\/\/twitter.com\/iDrySKsro"],"logo":{"@type":"ImageObject","inLanguage":"cs","@id":"https:\/\/soap2o.sk\/#\/schema\/logo\/image\/","url":"https:\/\/soap2o.sk\/wp-content\/uploads\/Soap2o-white.svg","contentUrl":"https:\/\/soap2o.sk\/wp-content\/uploads\/Soap2o-white.svg","caption":"soap2o.sk"},"image":{"@id":"https:\/\/soap2o.sk\/#\/schema\/logo\/image\/"}}]}},"featured_image_src":null,"featured_image_src_square":null,"uagb_featured_image_src":{"full":false,"thumbnail":false,"medium":false,"medium_large":false,"large":false,"1536x1536":false,"2048x2048":false,"trp-custom-language-flag":false,"gb-block-post-grid-landscape":false,"gb-block-post-grid-square":false},"uagb_author_info":{"display_name":"administrator","author_link":"https:\/\/soap2o.sk\/cs\/author\/administrator\/"},"uagb_comment_info":0,"uagb_excerpt":"Eko mydlo na ruky Elegantn\u00e9 ekologick\u00e9 f\u013ea\u0161ky s mydlom na ruky s\u00fa dostupn\u00e9 v polno\u010dnej \u010diernej a porcel\u00e1novo bielej farbe. F\u013ea\u0161ky s\u00fa vyroben\u00e9 z&nbsp;matn\u00e9ho skla a znovu naplnite\u013en\u00e9, aby sa zabezpe\u010dila kvalita a&nbsp;perfektn\u00fd pocit z &hellip; Starostlivos\u0165 o ruky Cel\u00fd \u010dl\u00e1nok","_links":{"self":[{"href":"https:\/\/soap2o.sk\/cs\/wp-json\/wp\/v2\/pages\/11510"}],"collection":[{"href":"https:\/\/soap2o.sk\/cs\/wp-json\/wp\/v2\/pages"}],"about":[{"href":"https:\/\/soap2o.sk\/cs\/wp-json\/wp\/v2\/types\/page"}],"author":[{"embeddable":true,"href":"https:\/\/soap2o.sk\/cs\/wp-json\/wp\/v2\/users\/1"}],"replies":[{"embeddable":true,"href":"https:\/\/soap2o.sk\/cs\/wp-json\/wp\/v2\/comments?post=11510"}],"version-history":[{"count":39,"href":"https:\/\/soap2o.sk\/cs\/wp-json\/wp\/v2\/pages\/11510\/revisions"}],"predecessor-version":[{"id":11980,"href":"https:\/\/soap2o.sk\/cs\/wp-json\/wp\/v2\/pages\/11510\/revisions\/11980"}],"up":[{"embeddable":true,"href":"https:\/\/soap2o.sk\/cs\/wp-json\/wp\/v2\/pages\/11574"}],"wp:attachment":[{"href":"https:\/\/soap2o.sk\/cs\/wp-json\/wp\/v2\/media?parent=11510"}],"curies":[{"name":"wp","href":"https:\/\/api.w.org\/{rel}","templated":true}]}}