{"id":11582,"date":"2022-03-01T21:00:43","date_gmt":"2022-03-01T20:00:43","guid":{"rendered":"https:\/\/soap2o.sk\/?page_id=11582"},"modified":"2022-03-31T23:13:40","modified_gmt":"2022-03-31T21:13:40","slug":"starostlivost-o-telo","status":"publish","type":"page","link":"https:\/\/soap2o.sk\/cs\/produkty\/caring-about-body\/","title":{"rendered":"P\u00e9\u010de o t\u011blo"},"content":{"rendered":"<div class=\"wp-block-cover alignfull has-background-dim-40 has-black-background-color has-background-dim is-position-center-center\" style=\"min-height:750px\"><img loading=\"lazy\" width=\"1654\" height=\"828\" class=\"wp-block-cover__image-background wp-image-11585\" alt=\"\" src=\"https:\/\/soap2o.sk\/wp-content\/uploads\/starostlivost-o-telo.jpg\" data-object-fit=\"cover\" srcset=\"https:\/\/soap2o.sk\/wp-content\/uploads\/starostlivost-o-telo.jpg 1654w, https:\/\/soap2o.sk\/wp-content\/uploads\/starostlivost-o-telo-300x150.jpg 300w, https:\/\/soap2o.sk\/wp-content\/uploads\/starostlivost-o-telo-1024x513.jpg 1024w, https:\/\/soap2o.sk\/wp-content\/uploads\/starostlivost-o-telo-768x384.jpg 768w, https:\/\/soap2o.sk\/wp-content\/uploads\/starostlivost-o-telo-1536x769.jpg 1536w, https:\/\/soap2o.sk\/wp-content\/uploads\/starostlivost-o-telo-600x300.jpg 600w, https:\/\/soap2o.sk\/wp-content\/uploads\/starostlivost-o-telo-64x32.jpg 64w\" sizes=\"(max-width: 1654px) 100vw, 1654px\" \/><div class=\"wp-block-cover__inner-container\">\n<h1 class=\"has-text-align-center has-white-color has-text-color\">P\u00e9\u010de o t\u011blo<\/h1>\n\n\n\n<p><\/p>\n<\/div><\/div>\n\n\n\n<div class=\"wp-block-genesis-blocks-gb-container gb-block-container\"><div class=\"gb-container-inside\"><div class=\"gb-container-content\"><\/div><\/div><\/div>\n\n\n\n<p><\/p>\n\n\n\n<div class=\"wp-container-1 wp-block-group alignfull hp-container has-white-background-color has-background\"><div class=\"wp-block-group__inner-container\">\n<div class=\"wp-block-media-text alignwide has-media-on-the-right is-stacked-on-mobile is-vertically-aligned-center has-background\" style=\"background-color:#0c0c0c;grid-template-columns:auto 48%\"><figure class=\"wp-block-media-text__media\"><img loading=\"lazy\" width=\"530\" height=\"425\" src=\"https:\/\/soap2o.sk\/wp-content\/uploads\/starostlivost-o-telo-1.jpg\" alt=\"\" class=\"wp-image-11586 size-full\" srcset=\"https:\/\/soap2o.sk\/wp-content\/uploads\/starostlivost-o-telo-1.jpg 530w, https:\/\/soap2o.sk\/wp-content\/uploads\/starostlivost-o-telo-1-300x241.jpg 300w, https:\/\/soap2o.sk\/wp-content\/uploads\/starostlivost-o-telo-1-64x51.jpg 64w\" sizes=\"(max-width: 530px) 100vw, 530px\" \/><\/figure><div class=\"wp-block-media-text__content\">\n<p class=\"has-text-align-right has-white-color has-text-color\">ji\u017e brzy<\/p>\n\n\n\n<p class=\"has-white-color has-text-color\"><\/p>\n\n\n\n<p><\/p>\n<\/div><\/div>\n\n\n\n<div style=\"color:#ddd\" class=\"wp-block-genesis-blocks-gb-spacer gb-block-spacer gb-divider-solid gb-divider-size-1\"><hr style=\"height:30px\"\/><\/div>\n<\/div><\/div>\n\n\n\n<div class=\"wp-container-6 wp-block-group alignfull has-background\" style=\"background-color:#a98969\"><div class=\"wp-block-group__inner-container\">\n<div class=\"wp-container-5 wp-block-columns alignwide are-vertically-aligned-center hp-container\">\n<div class=\"wp-container-2 wp-block-column is-vertically-aligned-center\" style=\"flex-basis:66.66%\">\n<div style=\"color:#ddd\" class=\"wp-block-genesis-blocks-gb-spacer gb-block-spacer gb-divider-solid gb-divider-size-1\"><hr style=\"height:30px\"\/><\/div>\n\n\n\n<h2 class=\"has-text-color\" style=\"color:#626438\">M\u00c1TE Z\u00c1JEM DOZV\u011aD\u011aT SE V\u00cdCE?<\/h2>\n\n\n\n<div style=\"color:#ddd\" class=\"wp-block-genesis-blocks-gb-spacer gb-block-spacer gb-divider-solid gb-divider-size-1\"><hr style=\"height:30px\"\/><\/div>\n<\/div>\n\n\n\n<div class=\"wp-container-4 wp-block-column is-vertically-aligned-center\" style=\"flex-basis:33.33%\">\n<div class=\"wp-container-3 wp-block-buttons is-content-justification-center\">\n<div class=\"wp-block-button\"><a class=\"wp-block-button__link has-background\" href=\"https:\/\/soap2o.sk\/cs\/kontakt\/\" style=\"background-color:#626438\">Kontakt<\/a><\/div>\n<\/div>\n<\/div>\n<\/div>\n<\/div><\/div>\n\n\n\n<div style=\"color:#ddd\" class=\"wp-block-genesis-blocks-gb-spacer gb-block-spacer gb-divider-solid gb-divider-size-1\"><hr style=\"height:30px\"\/><\/div>\n\n\n\n<p><\/p>","protected":false},"excerpt":{"rendered":"<p>m\u00e1te z\u00e1jem se brzy dozv\u011bd\u011bt v\u00edce?<\/p>","protected":false},"author":1,"featured_media":0,"parent":11574,"menu_order":3,"comment_status":"closed","ping_status":"closed","template":"","meta":{"inline_featured_image":false,"site-sidebar-layout":"default","site-content-layout":"default","ast-global-header-display":"","ast-main-header-display":"","ast-hfb-above-header-display":"","ast-hfb-below-header-display":"","ast-hfb-mobile-header-display":"","site-post-title":"disabled","ast-breadcrumbs-content":"","ast-featured-img":"","footer-sml-layout":"","theme-transparent-header-meta":"default","adv-header-id-meta":"","stick-header-meta":"","header-above-stick-meta":"","header-main-stick-meta":"","header-below-stick-meta":""},"yoast_head":"<!-- This site is optimized with the Yoast SEO plugin v19.7.1 - https:\/\/yoast.com\/wordpress\/plugins\/seo\/ -->\n<title>Starostlivos\u0165 o telo - soap2o.sk<\/title>\n<meta name=\"robots\" content=\"index, follow, max-snippet:-1, max-image-preview:large, max-video-preview:-1\" \/>\n<link rel=\"canonical\" href=\"https:\/\/soap2o.sk\/cs\/produkty\/caring-about-body\/\" \/>\n<meta property=\"og:locale\" content=\"cs_CZ\" \/>\n<meta property=\"og:type\" content=\"article\" \/>\n<meta property=\"og:title\" content=\"Starostlivos\u0165 o telo - soap2o.sk\" \/>\n<meta property=\"og:description\" content=\"u\u017e \u010doskoro M\u00c1TE Z\u00c1UJEM DOZVEDIE\u0164 SA VIAC?\" \/>\n<meta property=\"og:url\" content=\"https:\/\/soap2o.sk\/cs\/produkty\/caring-about-body\/\" \/>\n<meta property=\"og:site_name\" content=\"soap2o.sk\" \/>\n<meta property=\"article:publisher\" content=\"https:\/\/www.facebook.com\/IDrysk\/\" \/>\n<meta property=\"article:modified_time\" content=\"2022-03-31T21:13:40+00:00\" \/>\n<meta property=\"og:image\" content=\"https:\/\/soap2o.sk\/wp-content\/uploads\/starostlivost-o-telo.jpg\" \/>\n<meta name=\"twitter:card\" content=\"summary_large_image\" \/>\n<meta name=\"twitter:site\" content=\"@iDrySKsro\" \/>\n<meta name=\"twitter:label1\" content=\"Odhadovan\u00e1 doba \u010dten\u00ed\" \/>\n\t<meta name=\"twitter:data1\" content=\"1 minuta\" \/>\n<script type=\"application\/ld+json\" class=\"yoast-schema-graph\">{\"@context\":\"https:\/\/schema.org\",\"@graph\":[{\"@type\":\"WebPage\",\"@id\":\"https:\/\/soap2o.sk\/produkty\/starostlivost-o-telo\/\",\"url\":\"https:\/\/soap2o.sk\/produkty\/starostlivost-o-telo\/\",\"name\":\"Starostlivos\u0165 o telo - soap2o.sk\",\"isPartOf\":{\"@id\":\"https:\/\/soap2o.sk\/#website\"},\"datePublished\":\"2022-03-01T20:00:43+00:00\",\"dateModified\":\"2022-03-31T21:13:40+00:00\",\"breadcrumb\":{\"@id\":\"https:\/\/soap2o.sk\/produkty\/starostlivost-o-telo\/#breadcrumb\"},\"inLanguage\":\"cs\",\"potentialAction\":[{\"@type\":\"ReadAction\",\"target\":[\"https:\/\/soap2o.sk\/produkty\/starostlivost-o-telo\/\"]}]},{\"@type\":\"BreadcrumbList\",\"@id\":\"https:\/\/soap2o.sk\/produkty\/starostlivost-o-telo\/#breadcrumb\",\"itemListElement\":[{\"@type\":\"ListItem\",\"position\":1,\"name\":\"Home\",\"item\":\"https:\/\/soap2o.sk\/\"},{\"@type\":\"ListItem\",\"position\":2,\"name\":\"Produkty\",\"item\":\"https:\/\/soap2o.sk\/produkty\/\"},{\"@type\":\"ListItem\",\"position\":3,\"name\":\"Starostlivos\u0165 o telo\"}]},{\"@type\":\"WebSite\",\"@id\":\"https:\/\/soap2o.sk\/#website\",\"url\":\"https:\/\/soap2o.sk\/\",\"name\":\"soap2o.sk\",\"description\":\"soap2o.sk\",\"publisher\":{\"@id\":\"https:\/\/soap2o.sk\/#organization\"},\"potentialAction\":[{\"@type\":\"SearchAction\",\"target\":{\"@type\":\"EntryPoint\",\"urlTemplate\":\"https:\/\/soap2o.sk\/?s={search_term_string}\"},\"query-input\":\"required name=search_term_string\"}],\"inLanguage\":\"cs\"},{\"@type\":\"Organization\",\"@id\":\"https:\/\/soap2o.sk\/#organization\",\"name\":\"soap2o.sk\",\"url\":\"https:\/\/soap2o.sk\/\",\"sameAs\":[\"http:\/\/instagram\/idrysk\",\"https:\/\/www.facebook.com\/IDrysk\/\",\"https:\/\/twitter.com\/iDrySKsro\"],\"logo\":{\"@type\":\"ImageObject\",\"inLanguage\":\"cs\",\"@id\":\"https:\/\/soap2o.sk\/#\/schema\/logo\/image\/\",\"url\":\"https:\/\/soap2o.sk\/wp-content\/uploads\/Soap2o-white.svg\",\"contentUrl\":\"https:\/\/soap2o.sk\/wp-content\/uploads\/Soap2o-white.svg\",\"caption\":\"soap2o.sk\"},\"image\":{\"@id\":\"https:\/\/soap2o.sk\/#\/schema\/logo\/image\/\"}}]}<\/script>\n<!-- \/ Yoast SEO plugin. -->","yoast_head_json":{"title":"Starostlivos\u0165 o telo - soap2o.sk","robots":{"index":"index","follow":"follow","max-snippet":"max-snippet:-1","max-image-preview":"max-image-preview:large","max-video-preview":"max-video-preview:-1"},"canonical":"https:\/\/soap2o.sk\/cs\/produkty\/caring-about-body\/","og_locale":"cs_CZ","og_type":"article","og_title":"Starostlivos\u0165 o telo - soap2o.sk","og_description":"u\u017e \u010doskoro M\u00c1TE Z\u00c1UJEM DOZVEDIE\u0164 SA VIAC?","og_url":"https:\/\/soap2o.sk\/cs\/produkty\/caring-about-body\/","og_site_name":"soap2o.sk","article_publisher":"https:\/\/www.facebook.com\/IDrysk\/","article_modified_time":"2022-03-31T21:13:40+00:00","og_image":[{"url":"https:\/\/soap2o.sk\/wp-content\/uploads\/starostlivost-o-telo.jpg"}],"twitter_card":"summary_large_image","twitter_site":"@iDrySKsro","twitter_misc":{"Odhadovan\u00e1 doba \u010dten\u00ed":"1 minuta"},"schema":{"@context":"https:\/\/schema.org","@graph":[{"@type":"WebPage","@id":"https:\/\/soap2o.sk\/produkty\/starostlivost-o-telo\/","url":"https:\/\/soap2o.sk\/produkty\/starostlivost-o-telo\/","name":"Starostlivos\u0165 o telo - soap2o.sk","isPartOf":{"@id":"https:\/\/soap2o.sk\/#website"},"datePublished":"2022-03-01T20:00:43+00:00","dateModified":"2022-03-31T21:13:40+00:00","breadcrumb":{"@id":"https:\/\/soap2o.sk\/produkty\/starostlivost-o-telo\/#breadcrumb"},"inLanguage":"cs","potentialAction":[{"@type":"ReadAction","target":["https:\/\/soap2o.sk\/produkty\/starostlivost-o-telo\/"]}]},{"@type":"BreadcrumbList","@id":"https:\/\/soap2o.sk\/produkty\/starostlivost-o-telo\/#breadcrumb","itemListElement":[{"@type":"ListItem","position":1,"name":"Home","item":"https:\/\/soap2o.sk\/"},{"@type":"ListItem","position":2,"name":"Produkty","item":"https:\/\/soap2o.sk\/produkty\/"},{"@type":"ListItem","position":3,"name":"Starostlivos\u0165 o telo"}]},{"@type":"WebSite","@id":"https:\/\/soap2o.sk\/#website","url":"https:\/\/soap2o.sk\/","name":"soap2o.sk","description":"soap2o.sk","publisher":{"@id":"https:\/\/soap2o.sk\/#organization"},"potentialAction":[{"@type":"SearchAction","target":{"@type":"EntryPoint","urlTemplate":"https:\/\/soap2o.sk\/?s={search_term_string}"},"query-input":"required name=search_term_string"}],"inLanguage":"cs"},{"@type":"Organization","@id":"https:\/\/soap2o.sk\/#organization","name":"soap2o.sk","url":"https:\/\/soap2o.sk\/","sameAs":["http:\/\/instagram\/idrysk","https:\/\/www.facebook.com\/IDrysk\/","https:\/\/twitter.com\/iDrySKsro"],"logo":{"@type":"ImageObject","inLanguage":"cs","@id":"https:\/\/soap2o.sk\/#\/schema\/logo\/image\/","url":"https:\/\/soap2o.sk\/wp-content\/uploads\/Soap2o-white.svg","contentUrl":"https:\/\/soap2o.sk\/wp-content\/uploads\/Soap2o-white.svg","caption":"soap2o.sk"},"image":{"@id":"https:\/\/soap2o.sk\/#\/schema\/logo\/image\/"}}]}},"featured_image_src":null,"featured_image_src_square":null,"uagb_featured_image_src":{"full":false,"thumbnail":false,"medium":false,"medium_large":false,"large":false,"1536x1536":false,"2048x2048":false,"trp-custom-language-flag":false,"gb-block-post-grid-landscape":false,"gb-block-post-grid-square":false},"uagb_author_info":{"display_name":"administrator","author_link":"https:\/\/soap2o.sk\/cs\/author\/administrator\/"},"uagb_comment_info":0,"uagb_excerpt":"u\u017e \u010doskoro M\u00c1TE Z\u00c1UJEM DOZVEDIE\u0164 SA VIAC?","_links":{"self":[{"href":"https:\/\/soap2o.sk\/cs\/wp-json\/wp\/v2\/pages\/11582"}],"collection":[{"href":"https:\/\/soap2o.sk\/cs\/wp-json\/wp\/v2\/pages"}],"about":[{"href":"https:\/\/soap2o.sk\/cs\/wp-json\/wp\/v2\/types\/page"}],"author":[{"embeddable":true,"href":"https:\/\/soap2o.sk\/cs\/wp-json\/wp\/v2\/users\/1"}],"replies":[{"embeddable":true,"href":"https:\/\/soap2o.sk\/cs\/wp-json\/wp\/v2\/comments?post=11582"}],"version-history":[{"count":5,"href":"https:\/\/soap2o.sk\/cs\/wp-json\/wp\/v2\/pages\/11582\/revisions"}],"predecessor-version":[{"id":11793,"href":"https:\/\/soap2o.sk\/cs\/wp-json\/wp\/v2\/pages\/11582\/revisions\/11793"}],"up":[{"embeddable":true,"href":"https:\/\/soap2o.sk\/cs\/wp-json\/wp\/v2\/pages\/11574"}],"wp:attachment":[{"href":"https:\/\/soap2o.sk\/cs\/wp-json\/wp\/v2\/media?parent=11582"}],"curies":[{"name":"wp","href":"https:\/\/api.w.org\/{rel}","templated":true}]}}