{"id":11593,"date":"2022-03-01T22:43:00","date_gmt":"2022-03-01T21:43:00","guid":{"rendered":"https:\/\/soap2o.sk\/?page_id=11593"},"modified":"2022-03-31T23:13:39","modified_gmt":"2022-03-31T21:13:39","slug":"nas-pribeh","status":"publish","type":"page","link":"https:\/\/soap2o.sk\/cs\/us-story\/","title":{"rendered":"N\u00e1\u0161 p\u0159\u00edb\u011bh"},"content":{"rendered":"<div class=\"wp-block-genesis-blocks-gb-container gb-block-container\"><div class=\"gb-container-inside\"><div class=\"gb-container-content\">\n<section class=\"wp-block-uagb-columns uagb-columns__wrap uagb-columns__background-undefined uagb-columns__stack-mobile uagb-columns__valign-undefined uagb-columns__gap-10 alignundefined uagb-block-29d62076\"><div class=\"uagb-columns__overlay\"><\/div><div class=\"uagb-columns__inner-wrap uagb-columns__columns-2\">\n<div class=\"wp-block-uagb-column uagb-column__wrap uagb-column__background-color uagb-block-129e36ba\"><div class=\"uagb-column__overlay\"><\/div><div class=\"uagb-column__inner-wrap\">\n<div style=\"color:#ddd\" class=\"wp-block-genesis-blocks-gb-spacer gb-block-spacer gb-divider-solid gb-divider-size-1\"><hr style=\"height:50px\"\/><\/div>\n\n\n\n<p><\/p>\n\n\n\n<p><\/p>\n\n\n\n<h2 class=\"has-text-align-right has-white-color has-text-color\">Jak to v\u0161echno za\u010dalo<\/h2>\n<\/div><\/div>\n\n\n\n<div class=\"wp-block-uagb-column uagb-column__wrap uagb-column__background-color uagb-block-60affac8\"><div class=\"uagb-column__overlay\"><\/div><div class=\"uagb-column__inner-wrap\">\n<div style=\"color:#ddd\" class=\"wp-block-genesis-blocks-gb-spacer gb-block-spacer gb-divider-solid gb-divider-size-1\"><hr style=\"height:50px\"\/><\/div>\n\n\n\n<p class=\"has-white-color has-text-color\">SOAP\u2082O se zrodilo, kdy\u017e si n\u00e1\u0161 zakladatel Jordan v\u0161iml obrovsk\u00e9 mezery na trhu. B\u011bhem pandemie v roce 2020 Jordan distribuoval dezinfek\u010dn\u00ed prost\u0159edky. Mezi jeho nejobl\u00edben\u011bj\u0161\u00ed produkty pat\u0159ily automatick\u00e9 d\u00e1vkova\u010de, a tak neust\u00e1le hledal zp\u016fsoby, jak je vylep\u0161it. Testov\u00e1n\u00ed d\u00e1vkova\u010d\u016f pat\u0159ilo k jeho ka\u017edodenn\u00edm \u00fakol\u016fm, a pr\u00e1v\u011b kdy\u017e do\u0161lo k z\u00e1m\u011bn\u011b mezi d\u00e1vkova\u010di, kter\u00e9 testoval, nastal jeho AHA moment. O\u010dek\u00e1val dva automatick\u00e9 d\u00e1vkova\u010de, ale jeho objedn\u00e1vka obsahovala gelov\u00e9 d\u00e1vkova\u010de, o kter\u00fdch si myslel, \u017ee nebudou dobr\u00e9 pro n\u011bj ani pro jeho podnik\u00e1n\u00ed. Vzhledem ke sv\u00fdm po\u017eadavk\u016fm a pot\u0159eb\u011b za\u0159\u00edzen\u00ed se v\u0161ak Jordan pokusil okolnosti zvr\u00e1tit. Do d\u00e1vkova\u010de gelu p\u0159idal vodu a prost\u0159edek na myt\u00ed rukou, aby zjistil, zda bude p\u011bnit... p\u011bnil!<\/p>\n<\/div><\/div>\n<\/div><\/section>\n<\/div><\/div><\/div>\n\n\n\n<div class=\"wp-block-cover alignfull\" style=\"background-color:#ffffff;min-height:450px\"><img loading=\"lazy\" width=\"1800\" height=\"1200\" class=\"wp-block-cover__image-background wp-image-11624\" alt=\"\" src=\"https:\/\/soap2o.sk\/wp-content\/uploads\/soap-2o-our-story.jpg\" data-object-fit=\"cover\" srcset=\"https:\/\/soap2o.sk\/wp-content\/uploads\/soap-2o-our-story.jpg 1800w, https:\/\/soap2o.sk\/wp-content\/uploads\/soap-2o-our-story-300x200.jpg 300w, https:\/\/soap2o.sk\/wp-content\/uploads\/soap-2o-our-story-1024x683.jpg 1024w, https:\/\/soap2o.sk\/wp-content\/uploads\/soap-2o-our-story-768x512.jpg 768w, https:\/\/soap2o.sk\/wp-content\/uploads\/soap-2o-our-story-1536x1024.jpg 1536w, https:\/\/soap2o.sk\/wp-content\/uploads\/soap-2o-our-story-600x400.jpg 600w, https:\/\/soap2o.sk\/wp-content\/uploads\/soap-2o-our-story-64x43.jpg 64w\" sizes=\"(max-width: 1800px) 100vw, 1800px\" \/><div class=\"wp-block-cover__inner-container\">\n<p class=\"has-text-align-center has-large-font-size\"><\/p>\n<\/div><\/div>\n\n\n\n<div class=\"wp-block-genesis-blocks-gb-container gb-block-container\"><div class=\"gb-container-inside\"><div class=\"gb-container-content\">\n<section class=\"wp-block-uagb-columns uagb-columns__wrap uagb-columns__background-undefined uagb-columns__stack-mobile uagb-columns__valign-undefined uagb-columns__gap-10 alignundefined uagb-block-90cf4c3d\"><div class=\"uagb-columns__overlay\"><\/div><div class=\"uagb-columns__inner-wrap uagb-columns__columns-2\">\n<div class=\"wp-block-uagb-column uagb-column__wrap uagb-column__background-color uagb-block-c2093c0c\"><div class=\"uagb-column__overlay\"><\/div><div class=\"uagb-column__inner-wrap\">\n<p>Jordan si uv\u011bdomil, \u017ee pou\u017e\u00edv\u00e1me koncentrovan\u00e9 tekut\u00e9 nebo pr\u00e1\u0161kov\u00e9 p\u0159\u00edpravky na v\u0161echno krom\u011b m\u00fddla na ruce - vznikla mezera na trhu a zrodil se koncept SOAP\u2082O. Dal\u0161\u00ed p\u0159ek\u00e1\u017ekou bylo, jak uv\u00e9st na trh v\u00fdrobek, kter\u00fd dosud nebyl vytvo\u0159en a uveden na trh.<\/p>\n\n\n\n<p>Po nalezen\u00ed vhodn\u00fdch lid\u00ed a zdroj\u016f byl proveden pr\u016fzkum u t\u0159\u00ed chemick\u00fdch spole\u010dnost\u00ed a v kv\u011btnu 2021 bylo uzav\u0159eno partnerstv\u00ed. SOAP\u2082O p\u0159i\u0161lo na trh v z\u00e1\u0159\u00ed 2021, kdy bylo m\u00fddlo uvedeno na trh a m\u011blo okam\u017eit\u00fd \u00fasp\u011bch. Za pouh\u00e9 4 m\u011bs\u00edce se prodalo 250 000 s\u00e1\u010dk\u016f o objemu 1 l, \u010d\u00edm\u017e se u\u0161et\u0159ilo v\u00edce ne\u017e 50 tun plastu, kter\u00fd by se jinak dostal do ekosyst\u00e9mu.<\/p>\n\n\n\n<p>V roce 2022 budeme je\u0161t\u011b v\u011bt\u0161\u00ed a lep\u0161\u00ed.<\/p>\n\n\n\n<p><strong>VYTV\u00c1\u0158EN\u00cd ZM\u011aN PRO Z\u00c1CHRANU PLANETY<\/strong><\/p>\n<\/div><\/div>\n\n\n\n<div class=\"wp-block-uagb-column uagb-column__wrap uagb-column__background-undefined uagb-block-b1e61cae\"><div class=\"uagb-column__overlay\"><\/div><div class=\"uagb-column__inner-wrap\">\n<figure class=\"wp-block-image size-full\"><img loading=\"lazy\" width=\"530\" height=\"508\" src=\"https:\/\/soap2o.sk\/wp-content\/uploads\/nas-pribeh-3-1.jpg\" alt=\"\" class=\"wp-image-11650\" srcset=\"https:\/\/soap2o.sk\/wp-content\/uploads\/nas-pribeh-3-1.jpg 530w, https:\/\/soap2o.sk\/wp-content\/uploads\/nas-pribeh-3-1-300x288.jpg 300w, https:\/\/soap2o.sk\/wp-content\/uploads\/nas-pribeh-3-1-64x61.jpg 64w\" sizes=\"(max-width: 530px) 100vw, 530px\" \/><\/figure>\n<\/div><\/div>\n<\/div><\/section>\n<\/div><\/div><\/div>\n\n\n\n<div class=\"wp-container-5 wp-block-group alignwide has-background\" style=\"background-color:#626438\"><div class=\"wp-block-group__inner-container\">\n<div class=\"wp-container-4 wp-block-columns alignwide are-vertically-aligned-center hp-container\">\n<div class=\"wp-container-1 wp-block-column is-vertically-aligned-center\" style=\"flex-basis:66.66%\">\n<div style=\"color:#ddd\" class=\"wp-block-genesis-blocks-gb-spacer gb-block-spacer gb-divider-solid gb-divider-size-1\"><hr style=\"height:50px\"\/><\/div>\n\n\n\n<h2 class=\"has-text-color\" style=\"color:#ccccca\">VYTV\u00c1\u0158EN\u00cd ZM\u011aN PRO Z\u00c1CHRANU PLANETY<\/h2>\n\n\n\n<div style=\"color:#ddd\" class=\"wp-block-genesis-blocks-gb-spacer gb-block-spacer gb-divider-solid gb-divider-size-1\"><hr style=\"height:40px\"\/><\/div>\n\n\n\n<p><\/p>\n<\/div>\n\n\n\n<div class=\"wp-container-3 wp-block-column is-vertically-aligned-center\" style=\"flex-basis:33.33%\">\n<div class=\"wp-container-2 wp-block-buttons is-content-justification-center\">\n<div class=\"wp-block-button\"><a class=\"wp-block-button__link has-black-color has-text-color has-background\" href=\"https:\/\/soap2o.sk\/cs\/nase-poslani\/\" style=\"background-color:#ccccca\"><strong>Na\u0161e posl\u00e1n\u00ed<\/strong><\/a><\/div>\n<\/div>\n<\/div>\n<\/div>\n<\/div><\/div>\n\n\n\n<h2 class=\"has-text-align-center has-text-color\" style=\"color:#626438\">Pro\u010d jsme<\/h2>\n\n\n\n<div style=\"padding-bottom:3%;padding-top:0.5%\" class=\"wp-block-genesis-blocks-gb-container gb-block-container\"><div class=\"gb-container-inside\"><div class=\"gb-container-content\">\n<div class=\"wp-block-nextend-smartslider3 hp-container\"><\/div>\n<\/div><\/div><\/div>","protected":false},"excerpt":{"rendered":"<p>D\u011aL\u00c1ME ZM\u011aNY K OCHRAN\u011a PLANETY Pro\u010d my<\/p>","protected":false},"author":1,"featured_media":0,"parent":0,"menu_order":0,"comment_status":"closed","ping_status":"closed","template":"","meta":{"inline_featured_image":false,"site-sidebar-layout":"default","site-content-layout":"default","ast-global-header-display":"","ast-main-header-display":"","ast-hfb-above-header-display":"","ast-hfb-below-header-display":"","ast-hfb-mobile-header-display":"","site-post-title":"disabled","ast-breadcrumbs-content":"","ast-featured-img":"","footer-sml-layout":"","theme-transparent-header-meta":"default","adv-header-id-meta":"","stick-header-meta":"","header-above-stick-meta":"","header-main-stick-meta":"","header-below-stick-meta":""},"yoast_head":"<!-- This site is optimized with the Yoast SEO plugin v19.7.1 - https:\/\/yoast.com\/wordpress\/plugins\/seo\/ -->\n<title>N\u00e1\u0161 pr\u00edbeh - soap2o.sk<\/title>\n<meta name=\"robots\" content=\"index, follow, max-snippet:-1, max-image-preview:large, max-video-preview:-1\" \/>\n<link rel=\"canonical\" href=\"https:\/\/soap2o.sk\/cs\/us-story\/\" \/>\n<meta property=\"og:locale\" content=\"cs_CZ\" \/>\n<meta property=\"og:type\" content=\"article\" \/>\n<meta property=\"og:title\" content=\"N\u00e1\u0161 pr\u00edbeh - soap2o.sk\" \/>\n<meta property=\"og:description\" content=\"TVOR\u00cdME ZMENY NA Z\u00c1CHRANU PLAN\u00c9TY Pre\u010do my\" \/>\n<meta property=\"og:url\" content=\"https:\/\/soap2o.sk\/cs\/us-story\/\" \/>\n<meta property=\"og:site_name\" content=\"soap2o.sk\" \/>\n<meta property=\"article:publisher\" content=\"https:\/\/www.facebook.com\/IDrysk\/\" \/>\n<meta property=\"article:modified_time\" content=\"2022-03-31T21:13:39+00:00\" \/>\n<meta property=\"og:image\" content=\"https:\/\/soap2o.sk\/wp-content\/uploads\/soap-2o-our-story.jpg\" \/>\n<meta name=\"twitter:card\" content=\"summary_large_image\" \/>\n<meta name=\"twitter:site\" content=\"@iDrySKsro\" \/>\n<meta name=\"twitter:label1\" content=\"Odhadovan\u00e1 doba \u010dten\u00ed\" \/>\n\t<meta name=\"twitter:data1\" content=\"2 minuty\" \/>\n<script type=\"application\/ld+json\" class=\"yoast-schema-graph\">{\"@context\":\"https:\/\/schema.org\",\"@graph\":[{\"@type\":\"WebPage\",\"@id\":\"https:\/\/soap2o.sk\/nas-pribeh\/\",\"url\":\"https:\/\/soap2o.sk\/nas-pribeh\/\",\"name\":\"N\u00e1\u0161 pr\u00edbeh - soap2o.sk\",\"isPartOf\":{\"@id\":\"https:\/\/soap2o.sk\/#website\"},\"datePublished\":\"2022-03-01T21:43:00+00:00\",\"dateModified\":\"2022-03-31T21:13:39+00:00\",\"breadcrumb\":{\"@id\":\"https:\/\/soap2o.sk\/nas-pribeh\/#breadcrumb\"},\"inLanguage\":\"cs\",\"potentialAction\":[{\"@type\":\"ReadAction\",\"target\":[\"https:\/\/soap2o.sk\/nas-pribeh\/\"]}]},{\"@type\":\"BreadcrumbList\",\"@id\":\"https:\/\/soap2o.sk\/nas-pribeh\/#breadcrumb\",\"itemListElement\":[{\"@type\":\"ListItem\",\"position\":1,\"name\":\"Home\",\"item\":\"https:\/\/soap2o.sk\/\"},{\"@type\":\"ListItem\",\"position\":2,\"name\":\"N\u00e1\u0161 pr\u00edbeh\"}]},{\"@type\":\"WebSite\",\"@id\":\"https:\/\/soap2o.sk\/#website\",\"url\":\"https:\/\/soap2o.sk\/\",\"name\":\"soap2o.sk\",\"description\":\"soap2o.sk\",\"publisher\":{\"@id\":\"https:\/\/soap2o.sk\/#organization\"},\"potentialAction\":[{\"@type\":\"SearchAction\",\"target\":{\"@type\":\"EntryPoint\",\"urlTemplate\":\"https:\/\/soap2o.sk\/?s={search_term_string}\"},\"query-input\":\"required name=search_term_string\"}],\"inLanguage\":\"cs\"},{\"@type\":\"Organization\",\"@id\":\"https:\/\/soap2o.sk\/#organization\",\"name\":\"soap2o.sk\",\"url\":\"https:\/\/soap2o.sk\/\",\"sameAs\":[\"http:\/\/instagram\/idrysk\",\"https:\/\/www.facebook.com\/IDrysk\/\",\"https:\/\/twitter.com\/iDrySKsro\"],\"logo\":{\"@type\":\"ImageObject\",\"inLanguage\":\"cs\",\"@id\":\"https:\/\/soap2o.sk\/#\/schema\/logo\/image\/\",\"url\":\"https:\/\/soap2o.sk\/wp-content\/uploads\/Soap2o-white.svg\",\"contentUrl\":\"https:\/\/soap2o.sk\/wp-content\/uploads\/Soap2o-white.svg\",\"caption\":\"soap2o.sk\"},\"image\":{\"@id\":\"https:\/\/soap2o.sk\/#\/schema\/logo\/image\/\"}}]}<\/script>\n<!-- \/ Yoast SEO plugin. -->","yoast_head_json":{"title":"N\u00e1\u0161 pr\u00edbeh - soap2o.sk","robots":{"index":"index","follow":"follow","max-snippet":"max-snippet:-1","max-image-preview":"max-image-preview:large","max-video-preview":"max-video-preview:-1"},"canonical":"https:\/\/soap2o.sk\/cs\/us-story\/","og_locale":"cs_CZ","og_type":"article","og_title":"N\u00e1\u0161 pr\u00edbeh - soap2o.sk","og_description":"TVOR\u00cdME ZMENY NA Z\u00c1CHRANU PLAN\u00c9TY Pre\u010do my","og_url":"https:\/\/soap2o.sk\/cs\/us-story\/","og_site_name":"soap2o.sk","article_publisher":"https:\/\/www.facebook.com\/IDrysk\/","article_modified_time":"2022-03-31T21:13:39+00:00","og_image":[{"url":"https:\/\/soap2o.sk\/wp-content\/uploads\/soap-2o-our-story.jpg"}],"twitter_card":"summary_large_image","twitter_site":"@iDrySKsro","twitter_misc":{"Odhadovan\u00e1 doba \u010dten\u00ed":"2 minuty"},"schema":{"@context":"https:\/\/schema.org","@graph":[{"@type":"WebPage","@id":"https:\/\/soap2o.sk\/nas-pribeh\/","url":"https:\/\/soap2o.sk\/nas-pribeh\/","name":"N\u00e1\u0161 pr\u00edbeh - soap2o.sk","isPartOf":{"@id":"https:\/\/soap2o.sk\/#website"},"datePublished":"2022-03-01T21:43:00+00:00","dateModified":"2022-03-31T21:13:39+00:00","breadcrumb":{"@id":"https:\/\/soap2o.sk\/nas-pribeh\/#breadcrumb"},"inLanguage":"cs","potentialAction":[{"@type":"ReadAction","target":["https:\/\/soap2o.sk\/nas-pribeh\/"]}]},{"@type":"BreadcrumbList","@id":"https:\/\/soap2o.sk\/nas-pribeh\/#breadcrumb","itemListElement":[{"@type":"ListItem","position":1,"name":"Home","item":"https:\/\/soap2o.sk\/"},{"@type":"ListItem","position":2,"name":"N\u00e1\u0161 pr\u00edbeh"}]},{"@type":"WebSite","@id":"https:\/\/soap2o.sk\/#website","url":"https:\/\/soap2o.sk\/","name":"soap2o.sk","description":"soap2o.sk","publisher":{"@id":"https:\/\/soap2o.sk\/#organization"},"potentialAction":[{"@type":"SearchAction","target":{"@type":"EntryPoint","urlTemplate":"https:\/\/soap2o.sk\/?s={search_term_string}"},"query-input":"required name=search_term_string"}],"inLanguage":"cs"},{"@type":"Organization","@id":"https:\/\/soap2o.sk\/#organization","name":"soap2o.sk","url":"https:\/\/soap2o.sk\/","sameAs":["http:\/\/instagram\/idrysk","https:\/\/www.facebook.com\/IDrysk\/","https:\/\/twitter.com\/iDrySKsro"],"logo":{"@type":"ImageObject","inLanguage":"cs","@id":"https:\/\/soap2o.sk\/#\/schema\/logo\/image\/","url":"https:\/\/soap2o.sk\/wp-content\/uploads\/Soap2o-white.svg","contentUrl":"https:\/\/soap2o.sk\/wp-content\/uploads\/Soap2o-white.svg","caption":"soap2o.sk"},"image":{"@id":"https:\/\/soap2o.sk\/#\/schema\/logo\/image\/"}}]}},"featured_image_src":null,"featured_image_src_square":null,"uagb_featured_image_src":{"full":false,"thumbnail":false,"medium":false,"medium_large":false,"large":false,"1536x1536":false,"2048x2048":false,"trp-custom-language-flag":false,"gb-block-post-grid-landscape":false,"gb-block-post-grid-square":false},"uagb_author_info":{"display_name":"administrator","author_link":"https:\/\/soap2o.sk\/cs\/author\/administrator\/"},"uagb_comment_info":0,"uagb_excerpt":"TVOR\u00cdME ZMENY NA Z\u00c1CHRANU PLAN\u00c9TY Pre\u010do my","_links":{"self":[{"href":"https:\/\/soap2o.sk\/cs\/wp-json\/wp\/v2\/pages\/11593"}],"collection":[{"href":"https:\/\/soap2o.sk\/cs\/wp-json\/wp\/v2\/pages"}],"about":[{"href":"https:\/\/soap2o.sk\/cs\/wp-json\/wp\/v2\/types\/page"}],"author":[{"embeddable":true,"href":"https:\/\/soap2o.sk\/cs\/wp-json\/wp\/v2\/users\/1"}],"replies":[{"embeddable":true,"href":"https:\/\/soap2o.sk\/cs\/wp-json\/wp\/v2\/comments?post=11593"}],"version-history":[{"count":55,"href":"https:\/\/soap2o.sk\/cs\/wp-json\/wp\/v2\/pages\/11593\/revisions"}],"predecessor-version":[{"id":11839,"href":"https:\/\/soap2o.sk\/cs\/wp-json\/wp\/v2\/pages\/11593\/revisions\/11839"}],"wp:attachment":[{"href":"https:\/\/soap2o.sk\/cs\/wp-json\/wp\/v2\/media?parent=11593"}],"curies":[{"name":"wp","href":"https:\/\/api.w.org\/{rel}","templated":true}]}}