{"id":11672,"date":"2022-03-02T00:27:09","date_gmt":"2022-03-01T23:27:09","guid":{"rendered":"https:\/\/soap2o.sk\/?page_id=11672"},"modified":"2022-03-31T23:13:39","modified_gmt":"2022-03-31T21:13:39","slug":"nase-poslanie","status":"publish","type":"page","link":"https:\/\/soap2o.sk\/cs\/nase-poslani\/","title":{"rendered":"Na\u0161e posl\u00e1n\u00ed"},"content":{"rendered":"<div class=\"wp-block-genesis-blocks-gb-container gb-block-container\"><div class=\"gb-container-inside\"><div class=\"gb-container-content\">\n<section class=\"wp-block-uagb-columns uagb-columns__wrap uagb-columns__background-undefined uagb-columns__stack-mobile uagb-columns__valign-undefined uagb-columns__gap-10 alignundefined uagb-block-820f6c0b\"><div class=\"uagb-columns__overlay\"><\/div><div class=\"uagb-columns__inner-wrap uagb-columns__columns-2\">\n<div class=\"wp-block-uagb-column uagb-column__wrap uagb-column__background-color uagb-block-1293f008\"><div class=\"uagb-column__overlay\"><\/div><div class=\"uagb-column__inner-wrap\">\n<div style=\"color:#ddd\" class=\"wp-block-genesis-blocks-gb-spacer gb-block-spacer gb-divider-solid gb-divider-size-1\"><hr style=\"height:50px\"\/><\/div>\n\n\n\n<p><\/p>\n\n\n\n<p><\/p>\n\n\n\n<h2 class=\"has-text-align-right has-white-color has-text-color\">Na\u0161e posl\u00e1n\u00ed<\/h2>\n<\/div><\/div>\n\n\n\n<div class=\"wp-block-uagb-column uagb-column__wrap uagb-column__background-color uagb-block-d98d357a\"><div class=\"uagb-column__overlay\"><\/div><div class=\"uagb-column__inner-wrap\">\n<div style=\"color:#ddd\" class=\"wp-block-genesis-blocks-gb-spacer gb-block-spacer gb-divider-solid gb-divider-size-1\"><hr style=\"height:50px\"\/><\/div>\n\n\n\n<p class=\"has-white-color has-text-color\">Na\u0161\u00edm posl\u00e1n\u00edm ve spole\u010dnosti SOAP\u2082O je vytv\u00e1\u0159et p\u0159evratn\u00e9 inovace a m\u011bnit m\u00fddlov\u00fd pr\u016fmysl, jak ho zn\u00e1me. Nechceme pokra\u010dovat v masov\u00e9 v\u00fdrob\u011b jednor\u00e1zov\u00fdch plast\u016f, a proto jsme p\u0159i\u0161li s \u0159e\u0161en\u00edm, kter\u00e9 je z na\u0161ich m\u00fddlov\u00fdch v\u00fdrobk\u016f zcela vylou\u010d\u00ed.<\/p>\n\n\n\n<p class=\"has-white-color has-text-color\">V\u00fdrobky SOAP\u2082O jsou baleny do ve vod\u011b rozpustn\u00e9 PVA f\u00f3lie. Z\u00e1kazn\u00edk tak nemus\u00ed vyhazovat \u017e\u00e1dn\u00fd odpad a obal je 100% recyklovateln\u00fd.<\/p>\n\n\n\n<p class=\"has-white-color has-text-color\"><strong>P\u0159isp\u00edv\u00e1me k z\u00e1chran\u011b planety. M\u016f\u017eeme jen doufat, \u017ee n\u00e1s ostatn\u00ed budou n\u00e1sledovat.<\/strong><\/p>\n<\/div><\/div>\n<\/div><\/section>\n<\/div><\/div><\/div>\n\n\n\n<div class=\"wp-block-cover alignfull\" style=\"background-color:#ffffff;min-height:450px\"><img loading=\"lazy\" width=\"1500\" height=\"999\" class=\"wp-block-cover__image-background wp-image-11678\" alt=\"\" src=\"https:\/\/soap2o.sk\/wp-content\/uploads\/sand-meeting-waves.png\" data-object-fit=\"cover\" srcset=\"https:\/\/soap2o.sk\/wp-content\/uploads\/sand-meeting-waves.png 1500w, https:\/\/soap2o.sk\/wp-content\/uploads\/sand-meeting-waves-300x200.png 300w, https:\/\/soap2o.sk\/wp-content\/uploads\/sand-meeting-waves-1024x682.png 1024w, https:\/\/soap2o.sk\/wp-content\/uploads\/sand-meeting-waves-768x511.png 768w, https:\/\/soap2o.sk\/wp-content\/uploads\/sand-meeting-waves-600x400.png 600w, https:\/\/soap2o.sk\/wp-content\/uploads\/sand-meeting-waves-64x43.png 64w\" sizes=\"(max-width: 1500px) 100vw, 1500px\" \/><div class=\"wp-block-cover__inner-container\">\n<p class=\"has-text-align-center has-large-font-size\"><\/p>\n<\/div><\/div>\n\n\n\n<div class=\"wp-container-2 wp-block-group alignfull\"><div class=\"wp-block-group__inner-container\">\n<div class=\"wp-container-1 wp-block-group alignfull has-white-background-color has-background\"><div class=\"wp-block-group__inner-container\">\n<div class=\"wp-block-media-text alignwide has-media-on-the-right is-stacked-on-mobile is-vertically-aligned-center\" style=\"grid-template-columns:auto 49%\"><figure class=\"wp-block-media-text__media\"><img loading=\"lazy\" width=\"500\" height=\"497\" src=\"http:\/\/soap2o.sk\/wp-content\/uploads\/Soap2o.SafrinaSmith-2.jpg\" alt=\"\" class=\"wp-image-11531 size-full\" srcset=\"https:\/\/soap2o.sk\/wp-content\/uploads\/Soap2o.SafrinaSmith-2.jpg 500w, https:\/\/soap2o.sk\/wp-content\/uploads\/Soap2o.SafrinaSmith-2-300x298.jpg 300w, https:\/\/soap2o.sk\/wp-content\/uploads\/Soap2o.SafrinaSmith-2-150x150.jpg 150w, https:\/\/soap2o.sk\/wp-content\/uploads\/Soap2o.SafrinaSmith-2-100x100.jpg 100w, https:\/\/soap2o.sk\/wp-content\/uploads\/Soap2o.SafrinaSmith-2-64x64.jpg 64w\" sizes=\"(max-width: 500px) 100vw, 500px\" \/><\/figure><div class=\"wp-block-media-text__content\">\n<p><strong>Ekologick\u00e1 krize, jak ji zn\u00e1me<\/strong><\/p>\n\n\n\n<p>V roce 2022 budeme v sou\u010dasnosti \u010delit 10 hlavn\u00edm v\u00fdzv\u00e1m v oblasti \u017eivotn\u00edho prost\u0159ed\u00ed.<\/p>\n\n\n\n<ul><li>Zm\u011bna klimatu<\/li><li>V\u00fdroba elekt\u0159iny<\/li><li>Voda<\/li><li>Biologick\u00e1 rozmanitost a vyu\u017e\u00edv\u00e1n\u00ed p\u016fdy<\/li><li>Chemik\u00e1lie, toxick\u00e9 l\u00e1tky a t\u011b\u017ek\u00e9 kovy<\/li><li>Zne\u010di\u0161t\u011bn\u00ed ovzdu\u0161\u00ed<\/li><li>Nakl\u00e1d\u00e1n\u00ed s odpady<\/li><li>\u00dabytek ozonov\u00e9 vrstvy<\/li><li>Oce\u00e1ny a rybolov<\/li><li>Odles\u0148ov\u00e1n\u00ed<\/li><\/ul>\n\n\n\n<p>Vyvinuli jsme SOAP\u2082O, abychom poskytli alternativn\u00ed produkt, kter\u00fd sn\u00ed\u017e\u00ed dopad na m\u00fddlov\u00fd pr\u016fmysl a planetu. Na\u0161li jsme mezeru na trhu a den za dnem vid\u00edme pozitivn\u00ed \u00fa\u010dinky, kter\u00e9 n\u00e1\u0161 v\u00fdrobek vytv\u00e1\u0159\u00ed. V lo\u0148sk\u00e9m roce, za 4 m\u011bs\u00edce provozu, u\u0161et\u0159il SOAP\u2082O 250 000 plastov\u00fdch lahv\u00ed, kter\u00e9 by jinak skon\u010dily na skl\u00e1dce, co\u017e p\u0159edstavuje neuv\u011b\u0159iteln\u00fdch 50,4 tuny plastu.<\/p>\n\n\n\n<p><strong>V lo\u0148sk\u00e9m roce, za pouh\u00e9 4 m\u011bs\u00edce provozu, u\u0161et\u0159ila spole\u010dnost SOAP\u2082O 250 000 plastov\u00fdch lahv\u00ed, kter\u00e9 skon\u010dily na skl\u00e1dce, a u\u0161et\u0159ili jsme \u00fa\u017easn\u00fdch 50,4 tuny plastu.<\/strong><\/p>\n<\/div><\/div>\n<\/div><\/div>\n\n\n\n<div style=\"padding-top:1%\" class=\"wp-block-genesis-blocks-gb-container gb-block-container\"><div class=\"gb-container-inside\"><div class=\"gb-container-content\">\n<h2 class=\"has-text-align-center has-text-color\" style=\"color:#626438\">Pro\u010d pr\u00e1v\u011b my?<\/h2>\n<\/div><\/div><\/div>\n\n\n\n<p><\/p>\n<\/div><\/div>\n\n\n\n<div style=\"padding-bottom:3%;padding-top:0.5%\" class=\"wp-block-genesis-blocks-gb-container gb-block-container\"><div class=\"gb-container-inside\"><div class=\"gb-container-content\">\n<div class=\"wp-block-nextend-smartslider3 hp-container\"><\/div>\n<\/div><\/div><\/div>","protected":false},"excerpt":{"rendered":"<p>Ekologick\u00e1 krize, jak ji zn\u00e1me V roce 2022 budeme v sou\u010dasnosti \u010delit deseti hlavn\u00edm environment\u00e1ln\u00edm v\u00fdzv\u00e1m Zm\u011bna klimatu V\u00fdroba elekt\u0159iny Voda Biodiverzita a vyu\u017e\u00edv\u00e1n\u00ed p\u016fdy Chemik\u00e1lie, toxick\u00e9 l\u00e1tky a t\u011b\u017ek\u00e9 kovy Zne\u010di\u0161t\u011bn\u00ed ovzdu\u0161\u00ed \u0158\u00edzen\u00ed ...<\/p>\n<p class=\"read-more\"> <a class=\"ast-button\" href=\"https:\/\/soap2o.sk\/cs\/nase-poslani\/\"> <span class=\"screen-reader-text\">Na\u0161e posl\u00e1n\u00ed<\/span> Cel\u00fd \u010dl\u00e1nek<\/a><\/p>","protected":false},"author":1,"featured_media":0,"parent":0,"menu_order":0,"comment_status":"closed","ping_status":"closed","template":"","meta":{"inline_featured_image":false,"site-sidebar-layout":"default","site-content-layout":"default","ast-global-header-display":"","ast-main-header-display":"","ast-hfb-above-header-display":"","ast-hfb-below-header-display":"","ast-hfb-mobile-header-display":"","site-post-title":"disabled","ast-breadcrumbs-content":"","ast-featured-img":"","footer-sml-layout":"","theme-transparent-header-meta":"default","adv-header-id-meta":"","stick-header-meta":"","header-above-stick-meta":"","header-main-stick-meta":"","header-below-stick-meta":""},"yoast_head":"<!-- This site is optimized with the Yoast SEO plugin v19.7.1 - https:\/\/yoast.com\/wordpress\/plugins\/seo\/ -->\n<title>Na\u0161e poslanie - soap2o.sk<\/title>\n<meta name=\"robots\" content=\"index, follow, max-snippet:-1, max-image-preview:large, max-video-preview:-1\" \/>\n<link rel=\"canonical\" href=\"https:\/\/soap2o.sk\/cs\/nase-poslani\/\" \/>\n<meta property=\"og:locale\" content=\"cs_CZ\" \/>\n<meta property=\"og:type\" content=\"article\" \/>\n<meta property=\"og:title\" content=\"Na\u0161e poslanie - soap2o.sk\" \/>\n<meta property=\"og:description\" content=\"Environment\u00e1lna kr\u00edza, ako ju pozn\u00e1me V roku 2022 v s\u00fa\u010dasnosti \u010del\u00edme 10 hlavn\u00fdm environment\u00e1lnym probl\u00e9mom Zmena podnebia V\u00fdroba elektrickej energie Voda Biodiverzita a vyu\u017eitie p\u00f4dy Chemik\u00e1lie, toxick\u00e9 l\u00e1tky a \u0165a\u017ek\u00e9 kovy Zne\u010distenie vzduchu Nakladanie s &hellip; Na\u0161e poslanie Cel\u00fd \u010dl\u00e1nok\" \/>\n<meta property=\"og:url\" content=\"https:\/\/soap2o.sk\/cs\/nase-poslani\/\" \/>\n<meta property=\"og:site_name\" content=\"soap2o.sk\" \/>\n<meta property=\"article:publisher\" content=\"https:\/\/www.facebook.com\/IDrysk\/\" \/>\n<meta property=\"article:modified_time\" content=\"2022-03-31T21:13:39+00:00\" \/>\n<meta property=\"og:image\" content=\"https:\/\/soap2o.sk\/wp-content\/uploads\/sand-meeting-waves.png\" \/>\n<meta name=\"twitter:card\" content=\"summary_large_image\" \/>\n<meta name=\"twitter:site\" content=\"@iDrySKsro\" \/>\n<meta name=\"twitter:label1\" content=\"Odhadovan\u00e1 doba \u010dten\u00ed\" \/>\n\t<meta name=\"twitter:data1\" content=\"2 minuty\" \/>\n<script type=\"application\/ld+json\" class=\"yoast-schema-graph\">{\"@context\":\"https:\/\/schema.org\",\"@graph\":[{\"@type\":\"WebPage\",\"@id\":\"https:\/\/soap2o.sk\/nase-poslanie\/\",\"url\":\"https:\/\/soap2o.sk\/nase-poslanie\/\",\"name\":\"Na\u0161e poslanie - soap2o.sk\",\"isPartOf\":{\"@id\":\"https:\/\/soap2o.sk\/#website\"},\"datePublished\":\"2022-03-01T23:27:09+00:00\",\"dateModified\":\"2022-03-31T21:13:39+00:00\",\"breadcrumb\":{\"@id\":\"https:\/\/soap2o.sk\/nase-poslanie\/#breadcrumb\"},\"inLanguage\":\"cs\",\"potentialAction\":[{\"@type\":\"ReadAction\",\"target\":[\"https:\/\/soap2o.sk\/nase-poslanie\/\"]}]},{\"@type\":\"BreadcrumbList\",\"@id\":\"https:\/\/soap2o.sk\/nase-poslanie\/#breadcrumb\",\"itemListElement\":[{\"@type\":\"ListItem\",\"position\":1,\"name\":\"Home\",\"item\":\"https:\/\/soap2o.sk\/\"},{\"@type\":\"ListItem\",\"position\":2,\"name\":\"Na\u0161e poslanie\"}]},{\"@type\":\"WebSite\",\"@id\":\"https:\/\/soap2o.sk\/#website\",\"url\":\"https:\/\/soap2o.sk\/\",\"name\":\"soap2o.sk\",\"description\":\"soap2o.sk\",\"publisher\":{\"@id\":\"https:\/\/soap2o.sk\/#organization\"},\"potentialAction\":[{\"@type\":\"SearchAction\",\"target\":{\"@type\":\"EntryPoint\",\"urlTemplate\":\"https:\/\/soap2o.sk\/?s={search_term_string}\"},\"query-input\":\"required name=search_term_string\"}],\"inLanguage\":\"cs\"},{\"@type\":\"Organization\",\"@id\":\"https:\/\/soap2o.sk\/#organization\",\"name\":\"soap2o.sk\",\"url\":\"https:\/\/soap2o.sk\/\",\"sameAs\":[\"http:\/\/instagram\/idrysk\",\"https:\/\/www.facebook.com\/IDrysk\/\",\"https:\/\/twitter.com\/iDrySKsro\"],\"logo\":{\"@type\":\"ImageObject\",\"inLanguage\":\"cs\",\"@id\":\"https:\/\/soap2o.sk\/#\/schema\/logo\/image\/\",\"url\":\"https:\/\/soap2o.sk\/wp-content\/uploads\/Soap2o-white.svg\",\"contentUrl\":\"https:\/\/soap2o.sk\/wp-content\/uploads\/Soap2o-white.svg\",\"caption\":\"soap2o.sk\"},\"image\":{\"@id\":\"https:\/\/soap2o.sk\/#\/schema\/logo\/image\/\"}}]}<\/script>\n<!-- \/ Yoast SEO plugin. -->","yoast_head_json":{"title":"Na\u0161e poslanie - soap2o.sk","robots":{"index":"index","follow":"follow","max-snippet":"max-snippet:-1","max-image-preview":"max-image-preview:large","max-video-preview":"max-video-preview:-1"},"canonical":"https:\/\/soap2o.sk\/cs\/nase-poslani\/","og_locale":"cs_CZ","og_type":"article","og_title":"Na\u0161e poslanie - soap2o.sk","og_description":"Environment\u00e1lna kr\u00edza, ako ju pozn\u00e1me V roku 2022 v s\u00fa\u010dasnosti \u010del\u00edme 10 hlavn\u00fdm environment\u00e1lnym probl\u00e9mom Zmena podnebia V\u00fdroba elektrickej energie Voda Biodiverzita a vyu\u017eitie p\u00f4dy Chemik\u00e1lie, toxick\u00e9 l\u00e1tky a \u0165a\u017ek\u00e9 kovy Zne\u010distenie vzduchu Nakladanie s &hellip; Na\u0161e poslanie Cel\u00fd \u010dl\u00e1nok","og_url":"https:\/\/soap2o.sk\/cs\/nase-poslani\/","og_site_name":"soap2o.sk","article_publisher":"https:\/\/www.facebook.com\/IDrysk\/","article_modified_time":"2022-03-31T21:13:39+00:00","og_image":[{"url":"https:\/\/soap2o.sk\/wp-content\/uploads\/sand-meeting-waves.png"}],"twitter_card":"summary_large_image","twitter_site":"@iDrySKsro","twitter_misc":{"Odhadovan\u00e1 doba \u010dten\u00ed":"2 minuty"},"schema":{"@context":"https:\/\/schema.org","@graph":[{"@type":"WebPage","@id":"https:\/\/soap2o.sk\/nase-poslanie\/","url":"https:\/\/soap2o.sk\/nase-poslanie\/","name":"Na\u0161e poslanie - soap2o.sk","isPartOf":{"@id":"https:\/\/soap2o.sk\/#website"},"datePublished":"2022-03-01T23:27:09+00:00","dateModified":"2022-03-31T21:13:39+00:00","breadcrumb":{"@id":"https:\/\/soap2o.sk\/nase-poslanie\/#breadcrumb"},"inLanguage":"cs","potentialAction":[{"@type":"ReadAction","target":["https:\/\/soap2o.sk\/nase-poslanie\/"]}]},{"@type":"BreadcrumbList","@id":"https:\/\/soap2o.sk\/nase-poslanie\/#breadcrumb","itemListElement":[{"@type":"ListItem","position":1,"name":"Home","item":"https:\/\/soap2o.sk\/"},{"@type":"ListItem","position":2,"name":"Na\u0161e poslanie"}]},{"@type":"WebSite","@id":"https:\/\/soap2o.sk\/#website","url":"https:\/\/soap2o.sk\/","name":"soap2o.sk","description":"soap2o.sk","publisher":{"@id":"https:\/\/soap2o.sk\/#organization"},"potentialAction":[{"@type":"SearchAction","target":{"@type":"EntryPoint","urlTemplate":"https:\/\/soap2o.sk\/?s={search_term_string}"},"query-input":"required name=search_term_string"}],"inLanguage":"cs"},{"@type":"Organization","@id":"https:\/\/soap2o.sk\/#organization","name":"soap2o.sk","url":"https:\/\/soap2o.sk\/","sameAs":["http:\/\/instagram\/idrysk","https:\/\/www.facebook.com\/IDrysk\/","https:\/\/twitter.com\/iDrySKsro"],"logo":{"@type":"ImageObject","inLanguage":"cs","@id":"https:\/\/soap2o.sk\/#\/schema\/logo\/image\/","url":"https:\/\/soap2o.sk\/wp-content\/uploads\/Soap2o-white.svg","contentUrl":"https:\/\/soap2o.sk\/wp-content\/uploads\/Soap2o-white.svg","caption":"soap2o.sk"},"image":{"@id":"https:\/\/soap2o.sk\/#\/schema\/logo\/image\/"}}]}},"featured_image_src":null,"featured_image_src_square":null,"uagb_featured_image_src":{"full":false,"thumbnail":false,"medium":false,"medium_large":false,"large":false,"1536x1536":false,"2048x2048":false,"trp-custom-language-flag":false,"gb-block-post-grid-landscape":false,"gb-block-post-grid-square":false},"uagb_author_info":{"display_name":"administrator","author_link":"https:\/\/soap2o.sk\/cs\/author\/administrator\/"},"uagb_comment_info":0,"uagb_excerpt":"Environment\u00e1lna kr\u00edza, ako ju pozn\u00e1me V roku 2022 v s\u00fa\u010dasnosti \u010del\u00edme 10 hlavn\u00fdm environment\u00e1lnym probl\u00e9mom Zmena podnebia V\u00fdroba elektrickej energie Voda Biodiverzita a vyu\u017eitie p\u00f4dy Chemik\u00e1lie, toxick\u00e9 l\u00e1tky a \u0165a\u017ek\u00e9 kovy Zne\u010distenie vzduchu Nakladanie s &hellip; Na\u0161e poslanie Cel\u00fd \u010dl\u00e1nok","_links":{"self":[{"href":"https:\/\/soap2o.sk\/cs\/wp-json\/wp\/v2\/pages\/11672"}],"collection":[{"href":"https:\/\/soap2o.sk\/cs\/wp-json\/wp\/v2\/pages"}],"about":[{"href":"https:\/\/soap2o.sk\/cs\/wp-json\/wp\/v2\/types\/page"}],"author":[{"embeddable":true,"href":"https:\/\/soap2o.sk\/cs\/wp-json\/wp\/v2\/users\/1"}],"replies":[{"embeddable":true,"href":"https:\/\/soap2o.sk\/cs\/wp-json\/wp\/v2\/comments?post=11672"}],"version-history":[{"count":24,"href":"https:\/\/soap2o.sk\/cs\/wp-json\/wp\/v2\/pages\/11672\/revisions"}],"predecessor-version":[{"id":11845,"href":"https:\/\/soap2o.sk\/cs\/wp-json\/wp\/v2\/pages\/11672\/revisions\/11845"}],"wp:attachment":[{"href":"https:\/\/soap2o.sk\/cs\/wp-json\/wp\/v2\/media?parent=11672"}],"curies":[{"name":"wp","href":"https:\/\/api.w.org\/{rel}","templated":true}]}}