{"id":11735,"date":"2022-03-02T13:41:10","date_gmt":"2022-03-02T12:41:10","guid":{"rendered":"https:\/\/soap2o.sk\/?page_id=11735"},"modified":"2022-03-31T23:13:40","modified_gmt":"2022-03-31T21:13:40","slug":"soap2o-flexi-hex","status":"publish","type":"page","link":"https:\/\/soap2o.sk\/cs\/soap2o-flexi-hex\/","title":{"rendered":"Soap2o flexi hex"},"content":{"rendered":"<div class=\"wp-block-cover alignfull has-background-dim-10 has-background-dim is-position-center-center\" style=\"min-height:750px\"><img loading=\"lazy\" width=\"1800\" height=\"1200\" class=\"wp-block-cover__image-background wp-image-11736\" alt=\"\" src=\"https:\/\/soap2o.sk\/wp-content\/uploads\/FH-19-09-600k-6083.jpg\" data-object-fit=\"cover\" srcset=\"https:\/\/soap2o.sk\/wp-content\/uploads\/FH-19-09-600k-6083.jpg 1800w, https:\/\/soap2o.sk\/wp-content\/uploads\/FH-19-09-600k-6083-300x200.jpg 300w, https:\/\/soap2o.sk\/wp-content\/uploads\/FH-19-09-600k-6083-1024x683.jpg 1024w, https:\/\/soap2o.sk\/wp-content\/uploads\/FH-19-09-600k-6083-768x512.jpg 768w, https:\/\/soap2o.sk\/wp-content\/uploads\/FH-19-09-600k-6083-1536x1024.jpg 1536w, https:\/\/soap2o.sk\/wp-content\/uploads\/FH-19-09-600k-6083-600x400.jpg 600w, https:\/\/soap2o.sk\/wp-content\/uploads\/FH-19-09-600k-6083-64x43.jpg 64w\" sizes=\"(max-width: 1800px) 100vw, 1800px\" \/><div class=\"wp-block-cover__inner-container\">\n<div class=\"wp-container-3 wp-block-columns alignwide are-vertically-aligned-center hp-container\">\n<div class=\"wp-container-1 wp-block-column is-vertically-aligned-center\" style=\"flex-basis:35%\">\n<h2 class=\"has-white-color has-text-color\">SOAP\u2082O a Flexi-Hex\u00ae<\/h2>\n<\/div>\n\n\n\n<div class=\"wp-container-2 wp-block-column is-vertically-aligned-center\"><\/div>\n<\/div>\n<\/div><\/div>\n\n\n\n<p><\/p>\n\n\n\n<div class=\"wp-container-5 wp-block-group alignfull hp-container\"><div class=\"wp-block-group__inner-container\">\n<div class=\"wp-container-4 wp-block-group alignwide has-white-background-color has-background\"><div class=\"wp-block-group__inner-container\">\n<div class=\"wp-block-media-text alignwide has-media-on-the-right is-stacked-on-mobile is-vertically-aligned-center has-background\" style=\"background-color:#626438;grid-template-columns:auto 49%\"><figure class=\"wp-block-media-text__media\"><img loading=\"lazy\" width=\"600\" height=\"600\" src=\"http:\/\/soap2o.sk\/wp-content\/uploads\/FH-19-09-600k-6110.jpg\" alt=\"\" class=\"wp-image-11719 size-full\" srcset=\"https:\/\/soap2o.sk\/wp-content\/uploads\/FH-19-09-600k-6110.jpg 600w, https:\/\/soap2o.sk\/wp-content\/uploads\/FH-19-09-600k-6110-300x300.jpg 300w, https:\/\/soap2o.sk\/wp-content\/uploads\/FH-19-09-600k-6110-150x150.jpg 150w, https:\/\/soap2o.sk\/wp-content\/uploads\/FH-19-09-600k-6110-310x310.jpg 310w, https:\/\/soap2o.sk\/wp-content\/uploads\/FH-19-09-600k-6110-100x100.jpg 100w, https:\/\/soap2o.sk\/wp-content\/uploads\/FH-19-09-600k-6110-64x64.jpg 64w\" sizes=\"(max-width: 600px) 100vw, 600px\" \/><\/figure><div class=\"wp-block-media-text__content\">\n<p class=\"has-white-color has-text-color\">C\u00edlem projektu SOAP\u2082O je sn\u00ed\u017eit mno\u017estv\u00ed jednor\u00e1zov\u00fdch plast\u016f v m\u00fddlov\u00e9m pr\u016fmyslu. T\u00fdm SOAP\u2082O pot\u0159eboval naj\u00edt alternativn\u00ed \u0159e\u0161en\u00ed k tradi\u010dn\u00edm obal\u016fm se vzduchov\u00fdm pol\u0161t\u00e1\u0159em nebo bublinkovou f\u00f3li\u00ed, aby zajistil ochranu elegantn\u00edch ekologick\u00fdch lahv\u00ed p\u0159i p\u0159eprav\u011b, ani\u017e by po\u0161kodil \u017eivotn\u00ed prost\u0159ed\u00ed. Zde p\u0159ich\u00e1z\u00ed na \u0159adu Flexi-Hex\u00ae.<\/p>\n\n\n\n<p class=\"has-white-color has-text-color\">Flexi-Hex se pro n\u00e1\u0161 koncept hodil nejl\u00e9pe, proto\u017ee jeho biologicky odbourateln\u00e9 obaly Flexi-Hex Air p\u0159edstavuj\u00ed prvot\u0159\u00eddn\u00ed alternativu k nejkvalitn\u011bj\u0161\u00edm plast\u016fm a z\u00e1rove\u0148 chr\u00e1n\u00ed na\u0161e elegantn\u00ed ekologick\u00e9 lahve p\u0159i p\u0159eprav\u011b.<\/p>\n<\/div><\/div>\n<\/div><\/div>\n\n\n\n<div style=\"color:#ddd\" class=\"wp-block-genesis-blocks-gb-spacer gb-block-spacer gb-divider-solid gb-divider-size-1\"><hr style=\"height:30px\"\/><\/div>\n<\/div><\/div>\n\n\n\n<div class=\"wp-container-7 wp-block-group alignfull hp-container\"><div class=\"wp-block-group__inner-container\">\n<div class=\"wp-container-6 wp-block-group alignwide has-white-background-color has-background\"><div class=\"wp-block-group__inner-container\">\n<div class=\"wp-block-media-text alignwide is-stacked-on-mobile is-vertically-aligned-center has-background\" style=\"background-color:#a98969;grid-template-columns:49% auto\"><figure class=\"wp-block-media-text__media\"><img loading=\"lazy\" width=\"1000\" height=\"667\" src=\"https:\/\/soap2o.sk\/wp-content\/uploads\/flexi-hex.jpg\" alt=\"\" class=\"wp-image-11502 size-full\" srcset=\"https:\/\/soap2o.sk\/wp-content\/uploads\/flexi-hex.jpg 1000w, https:\/\/soap2o.sk\/wp-content\/uploads\/flexi-hex-300x200.jpg 300w, https:\/\/soap2o.sk\/wp-content\/uploads\/flexi-hex-768x512.jpg 768w, https:\/\/soap2o.sk\/wp-content\/uploads\/flexi-hex-600x400.jpg 600w, https:\/\/soap2o.sk\/wp-content\/uploads\/flexi-hex-64x43.jpg 64w\" sizes=\"(max-width: 1000px) 100vw, 1000px\" \/><\/figure><div class=\"wp-block-media-text__content\">\n<p class=\"has-white-color has-text-color has-small-font-size\">Flexi-Hex sd\u00edl\u00ed stejnou my\u0161lenku jako my ve spole\u010dnosti SOAP\u2082O s kl\u00ed\u010dov\u00fdmi pil\u00ed\u0159i, kter\u00e9 n\u00e1s spojuj\u00ed:<\/p>\n\n\n\n<p><span class=\"has-inline-color has-white-color\">Odstran\u011bn\u00ed plast\u016f<br>Udr\u017eitelnost<br>Vytv\u00e1\u0159ejte vlny zm\u011bn<br>Men\u0161\u00ed otisky<br>Ohleduplnost k na\u0161\u00ed planet\u011b<\/span><\/p>\n\n\n\n<p class=\"has-white-color has-text-color has-small-font-size\">Spolupr\u00e1ce s podobn\u011b sm\u00fd\u0161lej\u00edc\u00edmi jednotlivci a spole\u010dnostmi zaji\u0161\u0165uje, \u017ee v\u0161echny na\u0161e v\u00fdrobky SOAP\u2082O maj\u00ed minim\u00e1ln\u00ed dopad na \u017eivotn\u00ed prost\u0159ed\u00ed. Vzhledem k tomu, \u017ee spole\u010dnost Flexi-Hex je uhl\u00edkov\u011b neutr\u00e1ln\u00ed, nedok\u00e1\u017eeme si p\u0159edstavit lep\u0161\u00edho dodavatele, se kter\u00fdm bychom mohli spolupracovat. V\u00fdrobky vypadaj\u00ed skv\u011ble a jsou \u0161etrn\u00e9 k \u017eivotn\u00edmu prost\u0159ed\u00ed.<\/p>\n<\/div><\/div>\n<\/div><\/div>\n<\/div><\/div>\n\n\n\n<div style=\"color:#ddd\" class=\"wp-block-genesis-blocks-gb-spacer gb-block-spacer gb-divider-solid gb-divider-size-1\"><hr style=\"height:30px\"\/><\/div>","protected":false},"excerpt":{"rendered":"<p>C\u00edlem projektu SOAP\u2082O je sn\u00ed\u017eit mno\u017estv\u00ed jednor\u00e1zov\u00fdch plast\u016f v m\u00fddlov\u00e9m pr\u016fmyslu. T\u00fdm SOAP\u2082O pot\u0159eboval naj\u00edt alternativn\u00ed \u0159e\u0161en\u00ed k tradi\u010dn\u00edm obal\u016fm na vzduchov\u00e9m pol\u0161t\u00e1\u0159i nebo bublinkov\u00e9 f\u00f3lii, aby zajistil, \u017ee elegantn\u00ed ekologick\u00e9 lahve budou ...<\/p>\n<p class=\"read-more\"> <a class=\"ast-button\" href=\"https:\/\/soap2o.sk\/cs\/soap2o-flexi-hex\/\"> <span class=\"screen-reader-text\">Soap2o flexi hex<\/span> Cel\u00fd \u010dl\u00e1nek<\/a><\/p>","protected":false},"author":1,"featured_media":0,"parent":0,"menu_order":0,"comment_status":"closed","ping_status":"closed","template":"","meta":{"inline_featured_image":false,"site-sidebar-layout":"default","site-content-layout":"default","ast-global-header-display":"","ast-main-header-display":"","ast-hfb-above-header-display":"","ast-hfb-below-header-display":"","ast-hfb-mobile-header-display":"","site-post-title":"disabled","ast-breadcrumbs-content":"","ast-featured-img":"","footer-sml-layout":"","theme-transparent-header-meta":"default","adv-header-id-meta":"","stick-header-meta":"","header-above-stick-meta":"","header-main-stick-meta":"","header-below-stick-meta":""},"yoast_head":"<!-- This site is optimized with the Yoast SEO plugin v19.7.1 - https:\/\/yoast.com\/wordpress\/plugins\/seo\/ -->\n<title>Soap2o flexi hex - soap2o.sk<\/title>\n<meta name=\"robots\" content=\"index, follow, max-snippet:-1, max-image-preview:large, max-video-preview:-1\" \/>\n<link rel=\"canonical\" href=\"https:\/\/soap2o.sk\/cs\/soap2o-flexi-hex\/\" \/>\n<meta property=\"og:locale\" content=\"cs_CZ\" \/>\n<meta property=\"og:type\" content=\"article\" \/>\n<meta property=\"og:title\" content=\"Soap2o flexi hex - soap2o.sk\" \/>\n<meta property=\"og:description\" content=\"Cie\u013eom\u00a0 SOAP\u2082O je zn\u00ed\u017ei\u0165 mno\u017estvo plastov na jedno pou\u017eitie v mydlovom priemysle. T\u00edm SOAP\u2082O potreboval n\u00e1js\u0165 alternat\u00edvne rie\u0161enie k tradi\u010dn\u00e9mu baleniu vzduchov\u00fdm vank\u00fa\u0161om alebo bublinkovou f\u00f3liou, aby sa zabezpe\u010dilo, \u017ee elegantn\u00e9 ekologick\u00e9 f\u013ea\u0161e bud\u00fa pri &hellip; Soap2o flexi hex Cel\u00fd \u010dl\u00e1nok\" \/>\n<meta property=\"og:url\" content=\"https:\/\/soap2o.sk\/cs\/soap2o-flexi-hex\/\" \/>\n<meta property=\"og:site_name\" content=\"soap2o.sk\" \/>\n<meta property=\"article:publisher\" content=\"https:\/\/www.facebook.com\/IDrysk\/\" \/>\n<meta property=\"article:modified_time\" content=\"2022-03-31T21:13:40+00:00\" \/>\n<meta property=\"og:image\" content=\"https:\/\/soap2o.sk\/wp-content\/uploads\/FH-19-09-600k-6083.jpg\" \/>\n<meta name=\"twitter:card\" content=\"summary_large_image\" \/>\n<meta name=\"twitter:site\" content=\"@iDrySKsro\" \/>\n<meta name=\"twitter:label1\" content=\"Odhadovan\u00e1 doba \u010dten\u00ed\" \/>\n\t<meta name=\"twitter:data1\" content=\"2 minuty\" \/>\n<script type=\"application\/ld+json\" class=\"yoast-schema-graph\">{\"@context\":\"https:\/\/schema.org\",\"@graph\":[{\"@type\":\"WebPage\",\"@id\":\"https:\/\/soap2o.sk\/soap2o-flexi-hex\/\",\"url\":\"https:\/\/soap2o.sk\/soap2o-flexi-hex\/\",\"name\":\"Soap2o flexi hex - soap2o.sk\",\"isPartOf\":{\"@id\":\"https:\/\/soap2o.sk\/#website\"},\"datePublished\":\"2022-03-02T12:41:10+00:00\",\"dateModified\":\"2022-03-31T21:13:40+00:00\",\"breadcrumb\":{\"@id\":\"https:\/\/soap2o.sk\/soap2o-flexi-hex\/#breadcrumb\"},\"inLanguage\":\"cs\",\"potentialAction\":[{\"@type\":\"ReadAction\",\"target\":[\"https:\/\/soap2o.sk\/soap2o-flexi-hex\/\"]}]},{\"@type\":\"BreadcrumbList\",\"@id\":\"https:\/\/soap2o.sk\/soap2o-flexi-hex\/#breadcrumb\",\"itemListElement\":[{\"@type\":\"ListItem\",\"position\":1,\"name\":\"Home\",\"item\":\"https:\/\/soap2o.sk\/\"},{\"@type\":\"ListItem\",\"position\":2,\"name\":\"Soap2o flexi hex\"}]},{\"@type\":\"WebSite\",\"@id\":\"https:\/\/soap2o.sk\/#website\",\"url\":\"https:\/\/soap2o.sk\/\",\"name\":\"soap2o.sk\",\"description\":\"soap2o.sk\",\"publisher\":{\"@id\":\"https:\/\/soap2o.sk\/#organization\"},\"potentialAction\":[{\"@type\":\"SearchAction\",\"target\":{\"@type\":\"EntryPoint\",\"urlTemplate\":\"https:\/\/soap2o.sk\/?s={search_term_string}\"},\"query-input\":\"required name=search_term_string\"}],\"inLanguage\":\"cs\"},{\"@type\":\"Organization\",\"@id\":\"https:\/\/soap2o.sk\/#organization\",\"name\":\"soap2o.sk\",\"url\":\"https:\/\/soap2o.sk\/\",\"sameAs\":[\"http:\/\/instagram\/idrysk\",\"https:\/\/www.facebook.com\/IDrysk\/\",\"https:\/\/twitter.com\/iDrySKsro\"],\"logo\":{\"@type\":\"ImageObject\",\"inLanguage\":\"cs\",\"@id\":\"https:\/\/soap2o.sk\/#\/schema\/logo\/image\/\",\"url\":\"https:\/\/soap2o.sk\/wp-content\/uploads\/Soap2o-white.svg\",\"contentUrl\":\"https:\/\/soap2o.sk\/wp-content\/uploads\/Soap2o-white.svg\",\"caption\":\"soap2o.sk\"},\"image\":{\"@id\":\"https:\/\/soap2o.sk\/#\/schema\/logo\/image\/\"}}]}<\/script>\n<!-- \/ Yoast SEO plugin. -->","yoast_head_json":{"title":"Soap2o flexi hex - soap2o.sk","robots":{"index":"index","follow":"follow","max-snippet":"max-snippet:-1","max-image-preview":"max-image-preview:large","max-video-preview":"max-video-preview:-1"},"canonical":"https:\/\/soap2o.sk\/cs\/soap2o-flexi-hex\/","og_locale":"cs_CZ","og_type":"article","og_title":"Soap2o flexi hex - soap2o.sk","og_description":"Cie\u013eom\u00a0 SOAP\u2082O je zn\u00ed\u017ei\u0165 mno\u017estvo plastov na jedno pou\u017eitie v mydlovom priemysle. T\u00edm SOAP\u2082O potreboval n\u00e1js\u0165 alternat\u00edvne rie\u0161enie k tradi\u010dn\u00e9mu baleniu vzduchov\u00fdm vank\u00fa\u0161om alebo bublinkovou f\u00f3liou, aby sa zabezpe\u010dilo, \u017ee elegantn\u00e9 ekologick\u00e9 f\u013ea\u0161e bud\u00fa pri &hellip; Soap2o flexi hex Cel\u00fd \u010dl\u00e1nok","og_url":"https:\/\/soap2o.sk\/cs\/soap2o-flexi-hex\/","og_site_name":"soap2o.sk","article_publisher":"https:\/\/www.facebook.com\/IDrysk\/","article_modified_time":"2022-03-31T21:13:40+00:00","og_image":[{"url":"https:\/\/soap2o.sk\/wp-content\/uploads\/FH-19-09-600k-6083.jpg"}],"twitter_card":"summary_large_image","twitter_site":"@iDrySKsro","twitter_misc":{"Odhadovan\u00e1 doba \u010dten\u00ed":"2 minuty"},"schema":{"@context":"https:\/\/schema.org","@graph":[{"@type":"WebPage","@id":"https:\/\/soap2o.sk\/soap2o-flexi-hex\/","url":"https:\/\/soap2o.sk\/soap2o-flexi-hex\/","name":"Soap2o flexi hex - soap2o.sk","isPartOf":{"@id":"https:\/\/soap2o.sk\/#website"},"datePublished":"2022-03-02T12:41:10+00:00","dateModified":"2022-03-31T21:13:40+00:00","breadcrumb":{"@id":"https:\/\/soap2o.sk\/soap2o-flexi-hex\/#breadcrumb"},"inLanguage":"cs","potentialAction":[{"@type":"ReadAction","target":["https:\/\/soap2o.sk\/soap2o-flexi-hex\/"]}]},{"@type":"BreadcrumbList","@id":"https:\/\/soap2o.sk\/soap2o-flexi-hex\/#breadcrumb","itemListElement":[{"@type":"ListItem","position":1,"name":"Home","item":"https:\/\/soap2o.sk\/"},{"@type":"ListItem","position":2,"name":"Soap2o flexi hex"}]},{"@type":"WebSite","@id":"https:\/\/soap2o.sk\/#website","url":"https:\/\/soap2o.sk\/","name":"soap2o.sk","description":"soap2o.sk","publisher":{"@id":"https:\/\/soap2o.sk\/#organization"},"potentialAction":[{"@type":"SearchAction","target":{"@type":"EntryPoint","urlTemplate":"https:\/\/soap2o.sk\/?s={search_term_string}"},"query-input":"required name=search_term_string"}],"inLanguage":"cs"},{"@type":"Organization","@id":"https:\/\/soap2o.sk\/#organization","name":"soap2o.sk","url":"https:\/\/soap2o.sk\/","sameAs":["http:\/\/instagram\/idrysk","https:\/\/www.facebook.com\/IDrysk\/","https:\/\/twitter.com\/iDrySKsro"],"logo":{"@type":"ImageObject","inLanguage":"cs","@id":"https:\/\/soap2o.sk\/#\/schema\/logo\/image\/","url":"https:\/\/soap2o.sk\/wp-content\/uploads\/Soap2o-white.svg","contentUrl":"https:\/\/soap2o.sk\/wp-content\/uploads\/Soap2o-white.svg","caption":"soap2o.sk"},"image":{"@id":"https:\/\/soap2o.sk\/#\/schema\/logo\/image\/"}}]}},"featured_image_src":null,"featured_image_src_square":null,"uagb_featured_image_src":{"full":false,"thumbnail":false,"medium":false,"medium_large":false,"large":false,"1536x1536":false,"2048x2048":false,"trp-custom-language-flag":false,"gb-block-post-grid-landscape":false,"gb-block-post-grid-square":false},"uagb_author_info":{"display_name":"administrator","author_link":"https:\/\/soap2o.sk\/cs\/author\/administrator\/"},"uagb_comment_info":0,"uagb_excerpt":"Cie\u013eom\u00a0 SOAP\u2082O je zn\u00ed\u017ei\u0165 mno\u017estvo plastov na jedno pou\u017eitie v mydlovom priemysle. T\u00edm SOAP\u2082O potreboval n\u00e1js\u0165 alternat\u00edvne rie\u0161enie k tradi\u010dn\u00e9mu baleniu vzduchov\u00fdm vank\u00fa\u0161om alebo bublinkovou f\u00f3liou, aby sa zabezpe\u010dilo, \u017ee elegantn\u00e9 ekologick\u00e9 f\u013ea\u0161e bud\u00fa pri &hellip; Soap2o flexi hex Cel\u00fd \u010dl\u00e1nok","_links":{"self":[{"href":"https:\/\/soap2o.sk\/cs\/wp-json\/wp\/v2\/pages\/11735"}],"collection":[{"href":"https:\/\/soap2o.sk\/cs\/wp-json\/wp\/v2\/pages"}],"about":[{"href":"https:\/\/soap2o.sk\/cs\/wp-json\/wp\/v2\/types\/page"}],"author":[{"embeddable":true,"href":"https:\/\/soap2o.sk\/cs\/wp-json\/wp\/v2\/users\/1"}],"replies":[{"embeddable":true,"href":"https:\/\/soap2o.sk\/cs\/wp-json\/wp\/v2\/comments?post=11735"}],"version-history":[{"count":6,"href":"https:\/\/soap2o.sk\/cs\/wp-json\/wp\/v2\/pages\/11735\/revisions"}],"predecessor-version":[{"id":11813,"href":"https:\/\/soap2o.sk\/cs\/wp-json\/wp\/v2\/pages\/11735\/revisions\/11813"}],"wp:attachment":[{"href":"https:\/\/soap2o.sk\/cs\/wp-json\/wp\/v2\/media?parent=11735"}],"curies":[{"name":"wp","href":"https:\/\/api.w.org\/{rel}","templated":true}]}}