{"id":1079,"date":"2018-12-22T13:29:44","date_gmt":"2018-12-22T12:29:44","guid":{"rendered":"https:\/\/soap2o.sk\/?page_id=1079"},"modified":"2022-03-31T23:13:40","modified_gmt":"2022-03-31T21:13:40","slug":"ochrana-osobnych-udajov","status":"publish","type":"page","link":"https:\/\/soap2o.sk\/de\/schutz-der-personlichen-daten\/","title":{"rendered":"Datenschutzbestimmungen"},"content":{"rendered":"<div style=\"color:#ddd\" class=\"wp-block-genesis-blocks-gb-spacer gb-block-spacer gb-divider-solid gb-divider-size-1\"><hr style=\"height:50px\"\/><\/div>\n\n\n\n<div class=\"wp-block-genesis-blocks-gb-container hp-container gb-block-container\"><div class=\"gb-container-inside\"><div class=\"gb-container-content\">\n<h2>Datenschutzbestimmungen<\/h2>\n\n\n\n<p><strong>Allgemeine Informationen \u00fcber die Verarbeitung von personenbezogenen Daten<\/strong><\/p>\n\n\n\n<p>Der Betreiber der Website ist f\u00fcr die Verarbeitung personenbezogener Daten gem\u00e4\u00df der Verordnung (EU) 2016\/679 des Europ\u00e4ischen Parlaments und des Rates vom 27. April 2016 zum Schutz nat\u00fcrlicher Personen bei der Verarbeitung personenbezogener Daten und zum freien Datenverkehr (im Folgenden GDPR genannt) verantwortlich<\/p>\n\n\n\n<p>1. Betroffene Person - K\u00e4ufer\/Besucher der Website, Betreiber - Betreiber des Online-Shops<\/p>\n\n\n\n<p>2. Empf\u00e4nger von personenbezogenen Daten:<\/p>\n\n\n\n<p>Der f\u00fcr die Verarbeitung Verantwortliche gibt die personenbezogenen Daten des K\u00e4ufers nicht an Dritte weiter, mit Ausnahme des Transportunternehmens, das die Lieferung der Waren oder die Erbringung der Dienstleistungen organisiert, des Buchhaltungsunternehmens oder der staatlichen Beh\u00f6rden im Falle einer Kontrolle; in diesem Fall sind diese Stellen Dritte.<\/p>\n\n\n\n<p>3. Die betroffene Person ist verpflichtet, wahrheitsgem\u00e4\u00dfe und aktuelle personenbezogene Daten anzugeben. Die Rechte der betroffenen Person sind in Kapitel 3 der DS-GVO geregelt. Dazu geh\u00f6ren beispielsweise das Recht, eine Beschwerde bei einer Aufsichtsbeh\u00f6rde einzureichen, das Recht, der Verarbeitung zu widersprechen, das Recht, von dem f\u00fcr die Verarbeitung Verantwortlichen Auskunft \u00fcber die personenbezogenen Daten der betroffenen Person zu verlangen, das Recht auf Berichtigung oder L\u00f6schung oder auf Einschr\u00e4nkung der Verarbeitung personenbezogener Daten,<\/p>\n\n\n\n<p>sowie das Recht auf Daten\u00fcbertragbarkeit.<\/p>\n\n\n\n<p><strong>Verarbeitung personenbezogener Daten zum Zwecke der Verarbeitung von Cookies<\/strong><\/p>\n\n\n\n<p>F\u00fcr die Verarbeitung personenbezogener Daten zum Zwecke der Verarbeitung von Cookies gelten die oben genannten allgemeinen Informationen \u00fcber die Verarbeitung personenbezogener Daten sowie:<\/p>\n\n\n\n<p>1. die Zwecke der Verarbeitung personenbezogener Daten: Verkehrsanalyse, Inhalt des Warenkorbs, Personalisierung der Werbung, Ihre Anmeldedaten, ob Sie der Verwendung von Cookies zugestimmt haben oder nicht, usw. Cookies sind kleine Datenmengen, die Server an Ihren Browser senden. Letzterer speichert sie auf dem Computer des Nutzers. Der Browser sendet diese Daten dann bei jedem Besuch der Website an den Server zur\u00fcck.<\/p>\n\n\n\n<p>2. Rechtsgrundlage f\u00fcr die Verarbeitung personenbezogener Daten: Artikel 6 Absatz 1 Buchstabe a DSGVO - die betroffene Person hat in die Verarbeitung ihrer personenbezogenen Daten f\u00fcr einen oder mehrere bestimmte Zwecke eingewilligt<\/p>\n\n\n\n<p>3. Aufbewahrungsdauer personenbezogener Daten - Die auf unserer Website verwendeten Cookies lassen sich hinsichtlich ihrer Lebensdauer in zwei Grundtypen unterteilen. Kurzfristige \"Sitzungscookies\", die nur vor\u00fcbergehend sind und in Ihrem Browser nur so lange gespeichert bleiben, bis Sie den Browser schlie\u00dfen, und langfristige \"dauerhafte Cookies\", die f\u00fcr einen l\u00e4ngeren Zeitraum oder bis Sie sie manuell l\u00f6schen auf Ihrem Ger\u00e4t gespeichert bleiben, wobei die Dauer des Verbleibs des Cookies auf Ihrem Ger\u00e4t von der Einstellung des Cookies selbst und Ihren Browsereinstellungen abh\u00e4ngt.<\/p>\n\n\n\n<p><strong>Verarbeitung personenbezogener Daten zum Zwecke der Auftragsabwicklung<\/strong><\/p>\n\n\n\n<p>1. Das Absenden einer Bestellung \u00fcber die Website der iDry SK setzt die Best\u00e4tigung der Zustimmung des K\u00e4ufers zu diesen AGB und die Zustimmung zur Verarbeitung der personenbezogenen Daten des K\u00e4ufers im Sinne von \u00a7 4 (1) (a) des Gesetzes Nr. 428\/2002 Slg. \u00fcber den Schutz von personenbezogenen Daten.<\/p>\n\n\n\n<p>2. Die Firma iDry SK verarbeitet die personenbezogenen Daten des K\u00e4ufers zum Zweck des Abschlusses des Kaufvertrags und der Erf\u00fcllung ihrer Verpflichtungen aus dem Kaufvertrag; sie verwendet sie insbesondere bei der Ausstellung einer Rechnung, der Bearbeitung einer Bestellung und der Erbringung der bestellten Dienstleistung. iDry SK ist daf\u00fcr verantwortlich, dass die von der nat\u00fcrlichen Person zur Verf\u00fcgung gestellten personenbezogenen Daten nicht f\u00fcr andere Zwecke verwendet werden, insbesondere nicht an Dritte weitergegeben werden (mit Ausnahme von Personen, die die Zustellung von Paketen vornehmen).<\/p>\n\n\n\n<p>3. Die Firma iDry SK verarbeitet personenbezogene Daten einer nat\u00fcrlichen Person in folgendem Umfang: Vorname, Nachname, Wohnsitz, E-Mail-Adresse, Rechnungsadresse, Lieferadresse, Kontakttelefonnummer, und einer juristischen Person auch ID-Nummer, Umsatzsteuer-Identifikationsnummer, Umsatzsteuernummer.<\/p>\n\n\n\n<p>4. Wenn der K\u00e4ufer bei der Registrierung oder Bestellung des Dienstes angibt, dass er\/sie mit der Zusendung aktueller Angebote und anderer kommerzieller Informationen von iDry SK einverstanden ist, sendet iDry SK diese an die vom K\u00e4ufer bei der Registrierung oder Bestellung des Dienstes angegebene E-Mail Adresse. Sie k\u00f6nnen die Zusendung der aktuellen Angebote und kommerziellen Informationen jederzeit per E-Mail an info@idry.sk abbestellen.<\/p>\n\n\n\n<p>(5) Der Zweck der Verarbeitung personenbezogener Daten ist:<\/p>\n\n\n\n<ul><li>Ausstellung eines Steuerbelegs - Rechnung,<\/li><li>Erbringung der Dienstleistung und Identifizierung des K\u00e4ufers vor der Erbringung der vorausbezahlten Dienstleistung,<\/li><li>Auftragsbest\u00e4tigung, Bezahlung der Dienstleistung, Lieferung der bestellten Dienstleistung,<\/li><li>Datens\u00e4tze von Personen, die \u00fcber die Website registriert sind,<\/li><li>F\u00fchren von Aufzeichnungen \u00fcber Bestellungen und Kaufvertr\u00e4ge zur Bearbeitung von Reklamationen,<\/li><li>Zusendung aktueller Angebote und kommerzieller Informationen per elektronischer Post (E-Mail) mit Zustimmung des Empf\u00e4ngers.<\/li><\/ul>\n\n\n\n<p><strong>Automatisierte individuelle Entscheidungsfindung, einschlie\u00dflich Profiling (Artikel 22 GDPR, Abschnitt 7.9 der Organisationsrichtlinie in unseren Unterlagen)<\/strong><\/p>\n\n\n\n<p>Die betroffene Person hat das Recht, nicht einer ausschlie\u00dflich auf einer automatisierten Verarbeitung - einschlie\u00dflich Profiling - beruhenden Entscheidung unterworfen zu werden, die ihr gegen\u00fcber rechtliche Wirkung entfaltet oder sie in \u00e4hnlicher Weise erheblich beeintr\u00e4chtigt.<\/p>\n<\/div><\/div><\/div>\n\n\n\n<p><\/p>","protected":false},"excerpt":{"rendered":"","protected":false},"author":1,"featured_media":0,"parent":0,"menu_order":0,"comment_status":"closed","ping_status":"closed","template":"","meta":{"inline_featured_image":false,"site-sidebar-layout":"default","site-content-layout":"default","ast-global-header-display":"","ast-main-header-display":"","ast-hfb-above-header-display":"","ast-hfb-below-header-display":"","ast-hfb-mobile-header-display":"","site-post-title":"disabled","ast-breadcrumbs-content":"","ast-featured-img":"","footer-sml-layout":"","theme-transparent-header-meta":"default","adv-header-id-meta":"","stick-header-meta":"","header-above-stick-meta":"","header-main-stick-meta":"","header-below-stick-meta":""},"yoast_head":"<!-- This site is optimized with the Yoast SEO plugin v19.7.1 - https:\/\/yoast.com\/wordpress\/plugins\/seo\/ -->\n<title>Ochrana osobn\u00fdch \u00fadajov - soap2o.sk<\/title>\n<meta name=\"robots\" content=\"index, follow, max-snippet:-1, max-image-preview:large, max-video-preview:-1\" \/>\n<link rel=\"canonical\" href=\"https:\/\/soap2o.sk\/de\/schutz-der-personlichen-daten\/\" \/>\n<meta property=\"og:locale\" content=\"de_DE\" \/>\n<meta property=\"og:type\" content=\"article\" \/>\n<meta property=\"og:title\" content=\"Ochrana osobn\u00fdch \u00fadajov - soap2o.sk\" \/>\n<meta property=\"og:url\" content=\"https:\/\/soap2o.sk\/de\/schutz-der-personlichen-daten\/\" \/>\n<meta property=\"og:site_name\" content=\"soap2o.sk\" \/>\n<meta property=\"article:publisher\" content=\"https:\/\/www.facebook.com\/IDrysk\/\" \/>\n<meta property=\"article:modified_time\" content=\"2022-03-31T21:13:40+00:00\" \/>\n<meta name=\"twitter:card\" content=\"summary_large_image\" \/>\n<meta name=\"twitter:site\" content=\"@iDrySKsro\" \/>\n<meta name=\"twitter:label1\" content=\"Gesch\u00e4tzte Lesezeit\" \/>\n\t<meta name=\"twitter:data1\" content=\"3 Minuten\" \/>\n<script type=\"application\/ld+json\" class=\"yoast-schema-graph\">{\"@context\":\"https:\/\/schema.org\",\"@graph\":[{\"@type\":\"WebPage\",\"@id\":\"https:\/\/soap2o.sk\/ochrana-osobnych-udajov\/\",\"url\":\"https:\/\/soap2o.sk\/ochrana-osobnych-udajov\/\",\"name\":\"Ochrana osobn\u00fdch \u00fadajov - soap2o.sk\",\"isPartOf\":{\"@id\":\"https:\/\/soap2o.sk\/#website\"},\"datePublished\":\"2018-12-22T12:29:44+00:00\",\"dateModified\":\"2022-03-31T21:13:40+00:00\",\"breadcrumb\":{\"@id\":\"https:\/\/soap2o.sk\/ochrana-osobnych-udajov\/#breadcrumb\"},\"inLanguage\":\"de-AT\",\"potentialAction\":[{\"@type\":\"ReadAction\",\"target\":[\"https:\/\/soap2o.sk\/ochrana-osobnych-udajov\/\"]}]},{\"@type\":\"BreadcrumbList\",\"@id\":\"https:\/\/soap2o.sk\/ochrana-osobnych-udajov\/#breadcrumb\",\"itemListElement\":[{\"@type\":\"ListItem\",\"position\":1,\"name\":\"Home\",\"item\":\"https:\/\/soap2o.sk\/\"},{\"@type\":\"ListItem\",\"position\":2,\"name\":\"Ochrana osobn\u00fdch \u00fadajov\"}]},{\"@type\":\"WebSite\",\"@id\":\"https:\/\/soap2o.sk\/#website\",\"url\":\"https:\/\/soap2o.sk\/\",\"name\":\"soap2o.sk\",\"description\":\"soap2o.sk\",\"publisher\":{\"@id\":\"https:\/\/soap2o.sk\/#organization\"},\"potentialAction\":[{\"@type\":\"SearchAction\",\"target\":{\"@type\":\"EntryPoint\",\"urlTemplate\":\"https:\/\/soap2o.sk\/?s={search_term_string}\"},\"query-input\":\"required name=search_term_string\"}],\"inLanguage\":\"de-AT\"},{\"@type\":\"Organization\",\"@id\":\"https:\/\/soap2o.sk\/#organization\",\"name\":\"soap2o.sk\",\"url\":\"https:\/\/soap2o.sk\/\",\"sameAs\":[\"http:\/\/instagram\/idrysk\",\"https:\/\/www.facebook.com\/IDrysk\/\",\"https:\/\/twitter.com\/iDrySKsro\"],\"logo\":{\"@type\":\"ImageObject\",\"inLanguage\":\"de-AT\",\"@id\":\"https:\/\/soap2o.sk\/#\/schema\/logo\/image\/\",\"url\":\"https:\/\/soap2o.sk\/wp-content\/uploads\/Soap2o-white.svg\",\"contentUrl\":\"https:\/\/soap2o.sk\/wp-content\/uploads\/Soap2o-white.svg\",\"caption\":\"soap2o.sk\"},\"image\":{\"@id\":\"https:\/\/soap2o.sk\/#\/schema\/logo\/image\/\"}}]}<\/script>\n<!-- \/ Yoast SEO plugin. -->","yoast_head_json":{"title":"Ochrana osobn\u00fdch \u00fadajov - soap2o.sk","robots":{"index":"index","follow":"follow","max-snippet":"max-snippet:-1","max-image-preview":"max-image-preview:large","max-video-preview":"max-video-preview:-1"},"canonical":"https:\/\/soap2o.sk\/de\/schutz-der-personlichen-daten\/","og_locale":"de_DE","og_type":"article","og_title":"Ochrana osobn\u00fdch \u00fadajov - soap2o.sk","og_url":"https:\/\/soap2o.sk\/de\/schutz-der-personlichen-daten\/","og_site_name":"soap2o.sk","article_publisher":"https:\/\/www.facebook.com\/IDrysk\/","article_modified_time":"2022-03-31T21:13:40+00:00","twitter_card":"summary_large_image","twitter_site":"@iDrySKsro","twitter_misc":{"Gesch\u00e4tzte Lesezeit":"3 Minuten"},"schema":{"@context":"https:\/\/schema.org","@graph":[{"@type":"WebPage","@id":"https:\/\/soap2o.sk\/ochrana-osobnych-udajov\/","url":"https:\/\/soap2o.sk\/ochrana-osobnych-udajov\/","name":"Ochrana osobn\u00fdch \u00fadajov - soap2o.sk","isPartOf":{"@id":"https:\/\/soap2o.sk\/#website"},"datePublished":"2018-12-22T12:29:44+00:00","dateModified":"2022-03-31T21:13:40+00:00","breadcrumb":{"@id":"https:\/\/soap2o.sk\/ochrana-osobnych-udajov\/#breadcrumb"},"inLanguage":"de-AT","potentialAction":[{"@type":"ReadAction","target":["https:\/\/soap2o.sk\/ochrana-osobnych-udajov\/"]}]},{"@type":"BreadcrumbList","@id":"https:\/\/soap2o.sk\/ochrana-osobnych-udajov\/#breadcrumb","itemListElement":[{"@type":"ListItem","position":1,"name":"Home","item":"https:\/\/soap2o.sk\/"},{"@type":"ListItem","position":2,"name":"Ochrana osobn\u00fdch \u00fadajov"}]},{"@type":"WebSite","@id":"https:\/\/soap2o.sk\/#website","url":"https:\/\/soap2o.sk\/","name":"soap2o.sk","description":"soap2o.sk","publisher":{"@id":"https:\/\/soap2o.sk\/#organization"},"potentialAction":[{"@type":"SearchAction","target":{"@type":"EntryPoint","urlTemplate":"https:\/\/soap2o.sk\/?s={search_term_string}"},"query-input":"required name=search_term_string"}],"inLanguage":"de-AT"},{"@type":"Organization","@id":"https:\/\/soap2o.sk\/#organization","name":"soap2o.sk","url":"https:\/\/soap2o.sk\/","sameAs":["http:\/\/instagram\/idrysk","https:\/\/www.facebook.com\/IDrysk\/","https:\/\/twitter.com\/iDrySKsro"],"logo":{"@type":"ImageObject","inLanguage":"de-AT","@id":"https:\/\/soap2o.sk\/#\/schema\/logo\/image\/","url":"https:\/\/soap2o.sk\/wp-content\/uploads\/Soap2o-white.svg","contentUrl":"https:\/\/soap2o.sk\/wp-content\/uploads\/Soap2o-white.svg","caption":"soap2o.sk"},"image":{"@id":"https:\/\/soap2o.sk\/#\/schema\/logo\/image\/"}}]}},"featured_image_src":null,"featured_image_src_square":null,"uagb_featured_image_src":{"full":false,"thumbnail":false,"medium":false,"medium_large":false,"large":false,"1536x1536":false,"2048x2048":false,"trp-custom-language-flag":false,"gb-block-post-grid-landscape":false,"gb-block-post-grid-square":false},"uagb_author_info":{"display_name":"administrator","author_link":"https:\/\/soap2o.sk\/de\/author\/administrator\/"},"uagb_comment_info":0,"uagb_excerpt":null,"_links":{"self":[{"href":"https:\/\/soap2o.sk\/de\/wp-json\/wp\/v2\/pages\/1079"}],"collection":[{"href":"https:\/\/soap2o.sk\/de\/wp-json\/wp\/v2\/pages"}],"about":[{"href":"https:\/\/soap2o.sk\/de\/wp-json\/wp\/v2\/types\/page"}],"author":[{"embeddable":true,"href":"https:\/\/soap2o.sk\/de\/wp-json\/wp\/v2\/users\/1"}],"replies":[{"embeddable":true,"href":"https:\/\/soap2o.sk\/de\/wp-json\/wp\/v2\/comments?post=1079"}],"version-history":[{"count":7,"href":"https:\/\/soap2o.sk\/de\/wp-json\/wp\/v2\/pages\/1079\/revisions"}],"predecessor-version":[{"id":11763,"href":"https:\/\/soap2o.sk\/de\/wp-json\/wp\/v2\/pages\/1079\/revisions\/11763"}],"wp:attachment":[{"href":"https:\/\/soap2o.sk\/de\/wp-json\/wp\/v2\/media?parent=1079"}],"curies":[{"name":"wp","href":"https:\/\/api.w.org\/{rel}","templated":true}]}}