{"id":11314,"date":"2022-02-28T18:58:21","date_gmt":"2022-02-28T17:58:21","guid":{"rendered":"https:\/\/soap2o.sk\/?page_id=11314"},"modified":"2023-10-16T15:03:54","modified_gmt":"2023-10-16T13:03:54","slug":"vyhody","status":"publish","type":"page","link":"https:\/\/soap2o.sk\/de\/vorteile\/","title":{"rendered":"Vorteile"},"content":{"rendered":"<div class=\"wp-block-cover alignfull is-position-center-center\" style=\"min-height:750px\"><span aria-hidden=\"true\" class=\"wp-block-cover__background has-background-dim-10 has-background-dim\"><\/span><img loading=\"lazy\" width=\"1500\" height=\"1000\" class=\"wp-block-cover__image-background wp-image-11706\" alt=\"\" src=\"https:\/\/soap2o.sk\/wp-content\/uploads\/Beach-original-1.jpg\" data-object-fit=\"cover\" srcset=\"https:\/\/soap2o.sk\/wp-content\/uploads\/Beach-original-1.jpg 1500w, https:\/\/soap2o.sk\/wp-content\/uploads\/Beach-original-1-300x200.jpg 300w, https:\/\/soap2o.sk\/wp-content\/uploads\/Beach-original-1-1024x683.jpg 1024w, https:\/\/soap2o.sk\/wp-content\/uploads\/Beach-original-1-768x512.jpg 768w, https:\/\/soap2o.sk\/wp-content\/uploads\/Beach-original-1-600x400.jpg 600w, https:\/\/soap2o.sk\/wp-content\/uploads\/Beach-original-1-64x43.jpg 64w\" sizes=\"(max-width: 1500px) 100vw, 1500px\" \/><div class=\"wp-block-cover__inner-container\">\n<div class=\"wp-container-3 wp-block-columns alignwide are-vertically-aligned-center hp-container\">\n<div class=\"wp-container-1 wp-block-column is-vertically-aligned-center\" style=\"flex-basis:35%\">\n<h2 class=\"has-white-color has-text-color\">Die Umwelt steht bei allen unseren Prozessen im Vordergrund<\/h2>\n<\/div>\n\n\n\n<div class=\"wp-container-2 wp-block-column is-vertically-aligned-center\"><\/div>\n<\/div>\n<\/div><\/div>\n\n\n\n<div style=\"color:#ddd\" class=\"wp-block-genesis-blocks-gb-spacer gb-block-spacer gb-divider-solid gb-divider-size-1\"><hr style=\"height:30px\"\/><\/div>\n\n\n\n<div class=\"inherit-container-width wp-container-5 wp-block-group alignfull hp-container\"><div class=\"wp-block-group__inner-container\">\n<div class=\"inherit-container-width wp-container-4 wp-block-group alignwide has-white-background-color has-background\"><div class=\"wp-block-group__inner-container\">\n<div class=\"wp-block-media-text alignwide is-stacked-on-mobile is-vertically-aligned-center has-background\" style=\"background-color:#9f9c87;grid-template-columns:49% auto\"><figure class=\"wp-block-media-text__media\"><img loading=\"lazy\" width=\"600\" height=\"581\" src=\"https:\/\/soap2o.sk\/wp-content\/uploads\/thick-forest.jpg\" alt=\"\" class=\"wp-image-11709 size-full\" srcset=\"https:\/\/soap2o.sk\/wp-content\/uploads\/thick-forest.jpg 600w, https:\/\/soap2o.sk\/wp-content\/uploads\/thick-forest-300x291.jpg 300w, https:\/\/soap2o.sk\/wp-content\/uploads\/thick-forest-64x62.jpg 64w\" sizes=\"(max-width: 600px) 100vw, 600px\" \/><\/figure><div class=\"wp-block-media-text__content\">\n<h2 class=\"has-white-color has-text-color\">Vorteile f\u00fcr die Umwelt<\/h2>\n\n\n\n<p class=\"has-white-color has-text-color\">F\u00fcr uns bei SOAP\u2082O steht der Respekt vor der Umwelt an erster Stelle aller unserer Ziele. Wir bem\u00fchen uns, die Menge an Einwegplastik in der Seifenindustrie zu reduzieren und die Umwelt so wenig wie m\u00f6glich zu belasten. Unser Ziel ist es, ein f\u00fchrender Hersteller von effizienten und kosteng\u00fcnstigen Seifenkonzentraten zu werden, die in wasserl\u00f6slichen (PVA-) Kapseln verpackt sind und nach den h\u00f6chstm\u00f6glichen ethischen Standards hergestellt werden.<\/p>\n<\/div><\/div>\n<\/div><\/div>\n\n\n\n<p><\/p>\n<\/div><\/div>\n\n\n\n<div class=\"inherit-container-width wp-container-10 wp-block-group alignwide has-background\" style=\"background-color:#2b2b2a\"><div class=\"wp-block-group__inner-container\">\n<div class=\"wp-container-9 wp-block-columns alignwide are-vertically-aligned-center hp-container\">\n<div class=\"wp-container-6 wp-block-column is-vertically-aligned-center\" style=\"flex-basis:66.66%\">\n<div style=\"color:#ddd\" class=\"wp-block-genesis-blocks-gb-spacer gb-block-spacer gb-divider-solid gb-divider-size-1\"><hr style=\"height:50px\"\/><\/div>\n\n\n\n<h2 class=\"has-text-color\" style=\"color:#ccccca\">VER\u00c4NDERUNG SCHAFFEN, UM DEN PLANETEN ZU RETTEN<\/h2>\n\n\n\n<div style=\"color:#ddd\" class=\"wp-block-genesis-blocks-gb-spacer gb-block-spacer gb-divider-solid gb-divider-size-1\"><hr style=\"height:40px\"\/><\/div>\n\n\n\n<p><\/p>\n<\/div>\n\n\n\n<div class=\"wp-container-8 wp-block-column is-vertically-aligned-center\" style=\"flex-basis:33.33%\">\n<div class=\"wp-container-7 is-horizontal is-content-justification-center wp-block-buttons\">\n<div class=\"wp-block-button\"><a class=\"wp-block-button__link has-background\" href=\"https:\/\/soap2o.sk\/de\/unsere-mission\/\" style=\"background-color:#626438\">Unser Auftrag<\/a><\/div>\n<\/div>\n<\/div>\n<\/div>\n<\/div><\/div>\n\n\n\n<div class=\"inherit-container-width wp-container-12 wp-block-group alignfull hp-container\"><div class=\"wp-block-group__inner-container\">\n<div class=\"inherit-container-width wp-container-11 wp-block-group alignwide has-white-background-color has-background\"><div class=\"wp-block-group__inner-container\">\n<div class=\"wp-block-media-text alignwide has-media-on-the-right is-stacked-on-mobile is-vertically-aligned-center ptb50 has-background\" style=\"background-color:#2b2b2a;grid-template-columns:auto 49%\"><figure class=\"wp-block-media-text__media\"><img loading=\"lazy\" width=\"600\" height=\"599\" src=\"https:\/\/soap2o.sk\/wp-content\/uploads\/underwater.jpg\" alt=\"\" class=\"wp-image-11716 size-full\" srcset=\"https:\/\/soap2o.sk\/wp-content\/uploads\/underwater.jpg 600w, https:\/\/soap2o.sk\/wp-content\/uploads\/underwater-300x300.jpg 300w, https:\/\/soap2o.sk\/wp-content\/uploads\/underwater-150x150.jpg 150w, https:\/\/soap2o.sk\/wp-content\/uploads\/underwater-310x310.jpg 310w, https:\/\/soap2o.sk\/wp-content\/uploads\/underwater-100x100.jpg 100w, https:\/\/soap2o.sk\/wp-content\/uploads\/underwater-64x64.jpg 64w\" sizes=\"(max-width: 600px) 100vw, 600px\" \/><\/figure><div class=\"wp-block-media-text__content\">\n<h2 class=\"has-white-color has-text-color\">Wir transportieren kein Wasser<\/h2>\n\n\n\n<p class=\"has-white-color has-text-color\">Nat\u00fcrliche Ressourcen sind knapp und wir versuchen immer, sie bei der Entwicklung und Herstellung unserer Produkte zu minimieren. Bei SOAP\u2082O-Systemen wird kein Wasser transportiert, so dass das Volumen und Gewicht der transportierten Produkte gering ist. Dies mag wie ein kleiner Vorteil erscheinen, aber Sie werden \u00fcberrascht sein, wie sehr es die Emissionen durch weniger Transportkilometer und mehr Kapazit\u00e4t beim Transport reduziert.<\/p>\n\n\n\n<p class=\"has-white-color has-text-color\">Die gesamte Palette von 5 Litern Fl\u00fcssigkonzentrat kann durch 4 Packungen unseres Produkts ersetzt werden. Alle 5-Liter-Beh\u00e4lter w\u00fcrden in den M\u00fcll wandern.<\/p>\n\n\n\n<ul class=\"has-white-color has-text-color\"><li><mark style=\"background-color:rgba(0, 0, 0, 0)\" class=\"has-inline-color has-white-color\">F\u00fcgen Sie einfach Wasser hinzu... transportieren Sie es nicht<\/mark><\/li><li><mark style=\"background-color:rgba(0, 0, 0, 0)\" class=\"has-inline-color has-white-color\">Null Abfall<\/mark><\/li><li><mark style=\"background-color:rgba(0, 0, 0, 0)\" class=\"has-inline-color has-white-color\">Ethische Akkreditierung<\/mark><\/li><li><mark style=\"background-color:rgba(0, 0, 0, 0)\" class=\"has-inline-color has-white-color\">Geringe Transportemissionen<\/mark><\/li><li><mark style=\"background-color:rgba(0, 0, 0, 0)\" class=\"has-inline-color has-white-color\">Leichtes Gewicht<\/mark><\/li><li><mark style=\"background-color:rgba(0, 0, 0, 0)\" class=\"has-inline-color has-white-color\">Globale Normen<\/mark><\/li><li><mark style=\"background-color:rgba(0, 0, 0, 0)\" class=\"has-inline-color has-white-color\">Wasser an der Verwendungsstelle hinzuf\u00fcgen<\/mark><\/li><\/ul>\n<\/div><\/div>\n<\/div><\/div>\n\n\n\n<p><\/p>\n<\/div><\/div>\n\n\n\n<div class=\"inherit-container-width wp-container-14 wp-block-group alignfull hp-container\"><div class=\"wp-block-group__inner-container\">\n<div class=\"inherit-container-width wp-container-13 wp-block-group alignwide has-white-background-color has-background\"><div class=\"wp-block-group__inner-container\">\n<div class=\"wp-block-media-text alignwide is-stacked-on-mobile is-vertically-aligned-center has-background\" style=\"background-color:#a98969;grid-template-columns:49% auto\"><figure class=\"wp-block-media-text__media\"><img loading=\"lazy\" width=\"600\" height=\"600\" src=\"https:\/\/soap2o.sk\/wp-content\/uploads\/FH-19-09-600k-6110.jpg\" alt=\"\" class=\"wp-image-11719 size-full\" srcset=\"https:\/\/soap2o.sk\/wp-content\/uploads\/FH-19-09-600k-6110.jpg 600w, https:\/\/soap2o.sk\/wp-content\/uploads\/FH-19-09-600k-6110-300x300.jpg 300w, https:\/\/soap2o.sk\/wp-content\/uploads\/FH-19-09-600k-6110-150x150.jpg 150w, https:\/\/soap2o.sk\/wp-content\/uploads\/FH-19-09-600k-6110-310x310.jpg 310w, https:\/\/soap2o.sk\/wp-content\/uploads\/FH-19-09-600k-6110-100x100.jpg 100w, https:\/\/soap2o.sk\/wp-content\/uploads\/FH-19-09-600k-6110-64x64.jpg 64w\" sizes=\"(max-width: 600px) 100vw, 600px\" \/><\/figure><div class=\"wp-block-media-text__content\">\n<h2 class=\"has-white-color has-text-color\">Innovativ<\/h2>\n\n\n\n<p class=\"has-white-color has-text-color\">Innovation ist das Herzst\u00fcck der SOAP\u2082O Produktlinie. Unsere Produkte reduzieren nicht nur den Abfall, ein dr\u00e4ngendes Problem unserer Zeit, sondern sorgen auch f\u00fcr positive Ver\u00e4nderungen, ohne die Kosten zu erh\u00f6hen.<\/p>\n\n\n\n<p class=\"has-white-color has-text-color\">Unser Partner Solupak entwickelt mit seinem hauseigenen Design- und Verpackungsteam die Produktpalette nach dem Farbcodierungssystem des British Institute of Cleaning Science (BICSc).<\/p>\n\n\n\n<p class=\"has-white-color has-text-color\">Bebilderte Anleitungen und Flaschenetiketten verdeutlichen den 4-stufigen Prozess und die Farbcodierung, um eine korrekte Anwendung zu gew\u00e4hrleisten. Diese helfen auch allen Anwendern, ihre Seife einfach und korrekt zuzubereiten<\/p>\n<\/div><\/div>\n<\/div><\/div>\n\n\n\n<p><\/p>\n<\/div><\/div>\n\n\n\n<div class=\"inherit-container-width wp-container-16 wp-block-group alignfull hp-container\"><div class=\"wp-block-group__inner-container\">\n<div class=\"inherit-container-width wp-container-15 wp-block-group alignwide has-white-background-color has-background\"><div class=\"wp-block-group__inner-container\">\n<div class=\"wp-block-media-text alignwide has-media-on-the-right is-stacked-on-mobile is-vertically-aligned-center has-background\" style=\"background-color:#2b2b2a;grid-template-columns:auto 49%\"><figure class=\"wp-block-media-text__media\"><img loading=\"lazy\" width=\"600\" height=\"599\" src=\"https:\/\/soap2o.sk\/wp-content\/uploads\/underwater.jpg\" alt=\"\" class=\"wp-image-11716 size-full\" srcset=\"https:\/\/soap2o.sk\/wp-content\/uploads\/underwater.jpg 600w, https:\/\/soap2o.sk\/wp-content\/uploads\/underwater-300x300.jpg 300w, https:\/\/soap2o.sk\/wp-content\/uploads\/underwater-150x150.jpg 150w, https:\/\/soap2o.sk\/wp-content\/uploads\/underwater-310x310.jpg 310w, https:\/\/soap2o.sk\/wp-content\/uploads\/underwater-100x100.jpg 100w, https:\/\/soap2o.sk\/wp-content\/uploads\/underwater-64x64.jpg 64w\" sizes=\"(max-width: 600px) 100vw, 600px\" \/><\/figure><div class=\"wp-block-media-text__content\">\n<h2 class=\"has-white-color has-text-color\">Anweisungen f\u00fcr den Gebrauch<\/h2>\n\n\n\n<ul class=\"has-white-color has-text-color\"><li><mark style=\"background-color:rgba(0, 0, 0, 0)\" class=\"has-inline-color has-white-color\">Wasser hinzuf\u00fcgen<\/mark><\/li><li><mark style=\"background-color:rgba(0, 0, 0, 0)\" class=\"has-inline-color has-white-color\">Die Kapsel in Wasser einlegen<\/mark><\/li><li><mark style=\"background-color:rgba(0, 0, 0, 0)\" class=\"has-inline-color has-white-color\">Potraste <mark style=\"background-color:rgba(0, 0, 0, 0)\" class=\"has-inline-color has-white-color\">30 Sekunden<\/mark><\/mark> <mark style=\"background-color:rgba(0, 0, 0, 0)\" class=\"has-inline-color has-white-color\">und 5 bis 10 Minuten warten<\/mark><\/li><li><mark style=\"background-color:rgba(0, 0, 0, 0)\" class=\"has-inline-color has-white-color\">Sofort einsatzbereit<\/mark><\/li><\/ul>\n\n\n\n<p class=\"has-white-color has-text-color\">Die biologisch abbaubaren SOAP\u2082O-Kapseln sind so konzipiert, dass die Kapsel leicht in Flaschen mit einem Spender eingesetzt werden kann. Dadurch ist das Risiko, dass das Konzentrat mit der Haut oder den Augen des Benutzers in Ber\u00fchrung kommt, minimal. Es ist keine manuelle Handhabung erforderlich, wenn die Produkte vor der Zugabe von Wasser verwendet oder bewegt werden.<\/p>\n\n\n\n<p class=\"has-white-color has-text-color\">Die Dosierung ist immer korrekt, was bedeutet, dass die Wirkstoffe in den Kapseln optimal wirken und die Kosten vollst\u00e4ndig kontrolliert werden.<\/p>\n<\/div><\/div>\n\n\n\n<p><\/p>\n<\/div><\/div>\n\n\n\n<p><\/p>\n<\/div><\/div>\n\n\n\n<div class=\"inherit-container-width wp-container-18 wp-block-group alignfull hp-container\"><div class=\"wp-block-group__inner-container\">\n<div class=\"inherit-container-width wp-container-17 wp-block-group alignwide has-white-background-color has-background\"><div class=\"wp-block-group__inner-container\">\n<div class=\"wp-block-media-text alignwide is-stacked-on-mobile is-vertically-aligned-center ptb50 has-background\" style=\"background-color:#ccccca;grid-template-columns:49% auto\"><figure class=\"wp-block-media-text__media\"><img loading=\"lazy\" width=\"530\" height=\"508\" src=\"http:\/\/soap2o.sk\/wp-content\/uploads\/nas-pribeh-3-1.jpg\" alt=\"\" class=\"wp-image-11650 size-full\" srcset=\"https:\/\/soap2o.sk\/wp-content\/uploads\/nas-pribeh-3-1.jpg 530w, https:\/\/soap2o.sk\/wp-content\/uploads\/nas-pribeh-3-1-300x288.jpg 300w, https:\/\/soap2o.sk\/wp-content\/uploads\/nas-pribeh-3-1-64x61.jpg 64w\" sizes=\"(max-width: 530px) 100vw, 530px\" \/><\/figure><div class=\"wp-block-media-text__content\">\n<h2 class=\"has-black-color has-text-color\">Kosteneinsparungen<\/h2>\n\n\n\n<p>Der Verzicht auf den Transport von Wasser wirkt sich nicht nur enorm positiv auf die Umwelt aus, sondern bringt auch Kosten- und Einsparungsvorteile mit sich. Das Gewicht der Ladung ist folglich geringer, da keine Fl\u00fcssigkeit f\u00fcr den Transport zu den Kunden erforderlich ist, und die Kosten f\u00fcr die Lieferung unserer Produkte an Sie werden erheblich gesenkt.<\/p>\n\n\n\n<p>Unsere Produkte sind sowohl f\u00fcr kleine als auch f\u00fcr gro\u00dfe Kunden kosteng\u00fcnstig. Dies liegt daran, dass wir ein Seifenkonzentratspendersystem f\u00fcr alle Benutzer einf\u00fchren k\u00f6nnen.<\/p>\n\n\n\n<p>SOAP\u2082O-Produkte sind von der ersten Charge bis zu 100+ abgestuft, so dass Sie sich keine Sorgen machen m\u00fcssen, zu viel Seife zu verwenden. Durch die genaue Dosierung haben Sie die Kontrolle \u00fcber Ihre Kosten und Ihren Verbrauch.&nbsp;<\/p>\n\n\n\n<p>Die Haltbarkeit von SOAP\u2082O-Produkten betr\u00e4gt drei Jahre (wenn sie wie empfohlen gelagert werden). Es besteht also kein Grund zur Eile, wenn Sie die Produkte verwenden. Sie sind lange haltbar und nehmen nur wenig Platz bei der Lagerung ein.&nbsp;<\/p>\n<\/div><\/div>\n\n\n\n<p><\/p>\n<\/div><\/div>\n\n\n\n<p><\/p>\n<\/div><\/div>\n\n\n\n<div class=\"wp-block-genesis-blocks-gb-container gb-block-container\"><div class=\"gb-container-inside\"><div class=\"gb-container-content\"><\/div><\/div><\/div>","protected":false},"excerpt":{"rendered":"<p>Vorteile f\u00fcr die Umwelt F\u00fcr uns bei SOAP\u2082O steht der Respekt vor der Umwelt an erster Stelle aller unserer Ziele. Wir bem\u00fchen uns, die Menge an Einwegplastik in der Seifenindustrie zu reduzieren und die Umwelt so wenig wie m\u00f6glich zu belasten ...<\/p>\n<p class=\"read-more\"> <a class=\"ast-button\" href=\"https:\/\/soap2o.sk\/de\/vorteile\/\"> <span class=\"screen-reader-text\">Vorteile<\/span> Vollst\u00e4ndiger Artikel<\/a><\/p>","protected":false},"author":1,"featured_media":0,"parent":0,"menu_order":0,"comment_status":"closed","ping_status":"closed","template":"","meta":{"inline_featured_image":false,"site-sidebar-layout":"default","site-content-layout":"default","ast-global-header-display":"","ast-main-header-display":"","ast-hfb-above-header-display":"","ast-hfb-below-header-display":"","ast-hfb-mobile-header-display":"","site-post-title":"disabled","ast-breadcrumbs-content":"","ast-featured-img":"","footer-sml-layout":"","theme-transparent-header-meta":"default","adv-header-id-meta":"","stick-header-meta":"","header-above-stick-meta":"","header-main-stick-meta":"","header-below-stick-meta":""},"yoast_head":"<!-- This site is optimized with the Yoast SEO plugin v19.7.1 - https:\/\/yoast.com\/wordpress\/plugins\/seo\/ -->\n<title>V\u00fdhody - soap2o.sk<\/title>\n<meta name=\"robots\" content=\"index, follow, max-snippet:-1, max-image-preview:large, max-video-preview:-1\" \/>\n<link rel=\"canonical\" href=\"https:\/\/soap2o.sk\/de\/vorteile\/\" \/>\n<meta property=\"og:locale\" content=\"de_DE\" \/>\n<meta property=\"og:type\" content=\"article\" \/>\n<meta property=\"og:title\" content=\"V\u00fdhody - soap2o.sk\" \/>\n<meta property=\"og:description\" content=\"Environment\u00e1lne v\u00fdhody Pre n\u00e1s v SOAP\u2082O je oh\u013eaduplnos\u0165 k \u017eivotn\u00e9mu prostrediu v popred\u00ed v\u0161etk\u00fdch na\u0161ich cie\u013eov. Sna\u017e\u00edme sa zn\u00ed\u017ei\u0165 mno\u017estvo plastov na jedno pou\u017eitie v mydlovom priemysle a ma\u0165 \u010do najmen\u0161\u00ed negat\u00edvny dopad na \u017eivotn\u00e9 &hellip; V\u00fdhody Cel\u00fd \u010dl\u00e1nok\" \/>\n<meta property=\"og:url\" content=\"https:\/\/soap2o.sk\/de\/vorteile\/\" \/>\n<meta property=\"og:site_name\" content=\"soap2o.sk\" \/>\n<meta property=\"article:publisher\" content=\"https:\/\/www.facebook.com\/IDrysk\/\" \/>\n<meta property=\"article:modified_time\" content=\"2023-10-16T13:03:54+00:00\" \/>\n<meta property=\"og:image\" content=\"https:\/\/soap2o.sk\/wp-content\/uploads\/Beach-original-1.jpg\" \/>\n<meta name=\"twitter:card\" content=\"summary_large_image\" \/>\n<meta name=\"twitter:site\" content=\"@iDrySKsro\" \/>\n<meta name=\"twitter:label1\" content=\"Gesch\u00e4tzte Lesezeit\" \/>\n\t<meta name=\"twitter:data1\" content=\"4 Minuten\" \/>\n<script type=\"application\/ld+json\" class=\"yoast-schema-graph\">{\"@context\":\"https:\/\/schema.org\",\"@graph\":[{\"@type\":\"WebPage\",\"@id\":\"https:\/\/soap2o.sk\/vyhody\/\",\"url\":\"https:\/\/soap2o.sk\/vyhody\/\",\"name\":\"V\u00fdhody - soap2o.sk\",\"isPartOf\":{\"@id\":\"https:\/\/soap2o.sk\/#website\"},\"datePublished\":\"2022-02-28T17:58:21+00:00\",\"dateModified\":\"2023-10-16T13:03:54+00:00\",\"breadcrumb\":{\"@id\":\"https:\/\/soap2o.sk\/vyhody\/#breadcrumb\"},\"inLanguage\":\"de-AT\",\"potentialAction\":[{\"@type\":\"ReadAction\",\"target\":[\"https:\/\/soap2o.sk\/vyhody\/\"]}]},{\"@type\":\"BreadcrumbList\",\"@id\":\"https:\/\/soap2o.sk\/vyhody\/#breadcrumb\",\"itemListElement\":[{\"@type\":\"ListItem\",\"position\":1,\"name\":\"Home\",\"item\":\"https:\/\/soap2o.sk\/\"},{\"@type\":\"ListItem\",\"position\":2,\"name\":\"V\u00fdhody\"}]},{\"@type\":\"WebSite\",\"@id\":\"https:\/\/soap2o.sk\/#website\",\"url\":\"https:\/\/soap2o.sk\/\",\"name\":\"soap2o.sk\",\"description\":\"soap2o.sk\",\"publisher\":{\"@id\":\"https:\/\/soap2o.sk\/#organization\"},\"potentialAction\":[{\"@type\":\"SearchAction\",\"target\":{\"@type\":\"EntryPoint\",\"urlTemplate\":\"https:\/\/soap2o.sk\/?s={search_term_string}\"},\"query-input\":\"required name=search_term_string\"}],\"inLanguage\":\"de-AT\"},{\"@type\":\"Organization\",\"@id\":\"https:\/\/soap2o.sk\/#organization\",\"name\":\"soap2o.sk\",\"url\":\"https:\/\/soap2o.sk\/\",\"sameAs\":[\"http:\/\/instagram\/idrysk\",\"https:\/\/www.facebook.com\/IDrysk\/\",\"https:\/\/twitter.com\/iDrySKsro\"],\"logo\":{\"@type\":\"ImageObject\",\"inLanguage\":\"de-AT\",\"@id\":\"https:\/\/soap2o.sk\/#\/schema\/logo\/image\/\",\"url\":\"https:\/\/soap2o.sk\/wp-content\/uploads\/Soap2o-white.svg\",\"contentUrl\":\"https:\/\/soap2o.sk\/wp-content\/uploads\/Soap2o-white.svg\",\"caption\":\"soap2o.sk\"},\"image\":{\"@id\":\"https:\/\/soap2o.sk\/#\/schema\/logo\/image\/\"}}]}<\/script>\n<!-- \/ Yoast SEO plugin. -->","yoast_head_json":{"title":"V\u00fdhody - soap2o.sk","robots":{"index":"index","follow":"follow","max-snippet":"max-snippet:-1","max-image-preview":"max-image-preview:large","max-video-preview":"max-video-preview:-1"},"canonical":"https:\/\/soap2o.sk\/de\/vorteile\/","og_locale":"de_DE","og_type":"article","og_title":"V\u00fdhody - soap2o.sk","og_description":"Environment\u00e1lne v\u00fdhody Pre n\u00e1s v SOAP\u2082O je oh\u013eaduplnos\u0165 k \u017eivotn\u00e9mu prostrediu v popred\u00ed v\u0161etk\u00fdch na\u0161ich cie\u013eov. Sna\u017e\u00edme sa zn\u00ed\u017ei\u0165 mno\u017estvo plastov na jedno pou\u017eitie v mydlovom priemysle a ma\u0165 \u010do najmen\u0161\u00ed negat\u00edvny dopad na \u017eivotn\u00e9 &hellip; V\u00fdhody Cel\u00fd \u010dl\u00e1nok","og_url":"https:\/\/soap2o.sk\/de\/vorteile\/","og_site_name":"soap2o.sk","article_publisher":"https:\/\/www.facebook.com\/IDrysk\/","article_modified_time":"2023-10-16T13:03:54+00:00","og_image":[{"url":"https:\/\/soap2o.sk\/wp-content\/uploads\/Beach-original-1.jpg"}],"twitter_card":"summary_large_image","twitter_site":"@iDrySKsro","twitter_misc":{"Gesch\u00e4tzte Lesezeit":"4 Minuten"},"schema":{"@context":"https:\/\/schema.org","@graph":[{"@type":"WebPage","@id":"https:\/\/soap2o.sk\/vyhody\/","url":"https:\/\/soap2o.sk\/vyhody\/","name":"V\u00fdhody - soap2o.sk","isPartOf":{"@id":"https:\/\/soap2o.sk\/#website"},"datePublished":"2022-02-28T17:58:21+00:00","dateModified":"2023-10-16T13:03:54+00:00","breadcrumb":{"@id":"https:\/\/soap2o.sk\/vyhody\/#breadcrumb"},"inLanguage":"de-AT","potentialAction":[{"@type":"ReadAction","target":["https:\/\/soap2o.sk\/vyhody\/"]}]},{"@type":"BreadcrumbList","@id":"https:\/\/soap2o.sk\/vyhody\/#breadcrumb","itemListElement":[{"@type":"ListItem","position":1,"name":"Home","item":"https:\/\/soap2o.sk\/"},{"@type":"ListItem","position":2,"name":"V\u00fdhody"}]},{"@type":"WebSite","@id":"https:\/\/soap2o.sk\/#website","url":"https:\/\/soap2o.sk\/","name":"soap2o.sk","description":"soap2o.sk","publisher":{"@id":"https:\/\/soap2o.sk\/#organization"},"potentialAction":[{"@type":"SearchAction","target":{"@type":"EntryPoint","urlTemplate":"https:\/\/soap2o.sk\/?s={search_term_string}"},"query-input":"required name=search_term_string"}],"inLanguage":"de-AT"},{"@type":"Organization","@id":"https:\/\/soap2o.sk\/#organization","name":"soap2o.sk","url":"https:\/\/soap2o.sk\/","sameAs":["http:\/\/instagram\/idrysk","https:\/\/www.facebook.com\/IDrysk\/","https:\/\/twitter.com\/iDrySKsro"],"logo":{"@type":"ImageObject","inLanguage":"de-AT","@id":"https:\/\/soap2o.sk\/#\/schema\/logo\/image\/","url":"https:\/\/soap2o.sk\/wp-content\/uploads\/Soap2o-white.svg","contentUrl":"https:\/\/soap2o.sk\/wp-content\/uploads\/Soap2o-white.svg","caption":"soap2o.sk"},"image":{"@id":"https:\/\/soap2o.sk\/#\/schema\/logo\/image\/"}}]}},"featured_image_src":null,"featured_image_src_square":null,"uagb_featured_image_src":{"full":false,"thumbnail":false,"medium":false,"medium_large":false,"large":false,"1536x1536":false,"2048x2048":false,"trp-custom-language-flag":false,"gb-block-post-grid-landscape":false,"gb-block-post-grid-square":false},"uagb_author_info":{"display_name":"administrator","author_link":"https:\/\/soap2o.sk\/de\/author\/administrator\/"},"uagb_comment_info":0,"uagb_excerpt":"Environment\u00e1lne v\u00fdhody Pre n\u00e1s v SOAP\u2082O je oh\u013eaduplnos\u0165 k \u017eivotn\u00e9mu prostrediu v popred\u00ed v\u0161etk\u00fdch na\u0161ich cie\u013eov. Sna\u017e\u00edme sa zn\u00ed\u017ei\u0165 mno\u017estvo plastov na jedno pou\u017eitie v mydlovom priemysle a ma\u0165 \u010do najmen\u0161\u00ed negat\u00edvny dopad na \u017eivotn\u00e9 &hellip; V\u00fdhody Cel\u00fd \u010dl\u00e1nok","_links":{"self":[{"href":"https:\/\/soap2o.sk\/de\/wp-json\/wp\/v2\/pages\/11314"}],"collection":[{"href":"https:\/\/soap2o.sk\/de\/wp-json\/wp\/v2\/pages"}],"about":[{"href":"https:\/\/soap2o.sk\/de\/wp-json\/wp\/v2\/types\/page"}],"author":[{"embeddable":true,"href":"https:\/\/soap2o.sk\/de\/wp-json\/wp\/v2\/users\/1"}],"replies":[{"embeddable":true,"href":"https:\/\/soap2o.sk\/de\/wp-json\/wp\/v2\/comments?post=11314"}],"version-history":[{"count":25,"href":"https:\/\/soap2o.sk\/de\/wp-json\/wp\/v2\/pages\/11314\/revisions"}],"predecessor-version":[{"id":11984,"href":"https:\/\/soap2o.sk\/de\/wp-json\/wp\/v2\/pages\/11314\/revisions\/11984"}],"wp:attachment":[{"href":"https:\/\/soap2o.sk\/de\/wp-json\/wp\/v2\/media?parent=11314"}],"curies":[{"name":"wp","href":"https:\/\/api.w.org\/{rel}","templated":true}]}}