{"id":11326,"date":"2022-02-28T21:30:19","date_gmt":"2022-02-28T20:30:19","guid":{"rendered":"https:\/\/soap2o.sk\/?page_id=11326"},"modified":"2024-06-06T10:22:50","modified_gmt":"2024-06-06T08:22:50","slug":"homepage","status":"publish","type":"page","link":"https:\/\/soap2o.sk\/de\/","title":{"rendered":"SOAP2O"},"content":{"rendered":"<div class=\"wp-block-cover alignfull is-light is-position-center-center\" style=\"min-height:750px\"><span aria-hidden=\"true\" class=\"wp-block-cover__background has-background-dim-10 has-background-dim\"><\/span><img loading=\"lazy\" width=\"1800\" height=\"1200\" class=\"wp-block-cover__image-background wp-image-11329\" alt=\"\" src=\"http:\/\/soap2o.sk\/wp-content\/uploads\/soap2o-home.jpg\" data-object-fit=\"cover\" srcset=\"https:\/\/soap2o.sk\/wp-content\/uploads\/soap2o-home.jpg 1800w, https:\/\/soap2o.sk\/wp-content\/uploads\/soap2o-home-300x200.jpg 300w, https:\/\/soap2o.sk\/wp-content\/uploads\/soap2o-home-1024x683.jpg 1024w, https:\/\/soap2o.sk\/wp-content\/uploads\/soap2o-home-768x512.jpg 768w, https:\/\/soap2o.sk\/wp-content\/uploads\/soap2o-home-1536x1024.jpg 1536w, https:\/\/soap2o.sk\/wp-content\/uploads\/soap2o-home-600x400.jpg 600w, https:\/\/soap2o.sk\/wp-content\/uploads\/soap2o-home-64x43.jpg 64w\" sizes=\"(max-width: 1800px) 100vw, 1800px\" \/><div class=\"wp-block-cover__inner-container\">\n<div class=\"wp-container-4 wp-block-columns alignwide are-vertically-aligned-center hp-container\">\n<div class=\"wp-container-2 wp-block-column is-vertically-aligned-center\" style=\"flex-basis:35%\">\n<h2 class=\"has-white-color has-text-color\">WIR VER\u00c4NDERN DIE SEIFENINDUSTRIE, KAPSEL F\u00dcR KAPSEL <\/h2>\n\n\n\n<div class=\"wp-container-1 wp-block-buttons\">\n<div class=\"wp-block-button\"><a class=\"wp-block-button__link\" href=\"https:\/\/soap2o.sk\/de\/vorteile\/\">Weitere Informationen<\/a><\/div>\n<\/div>\n<\/div>\n\n\n\n<div class=\"wp-container-3 wp-block-column is-vertically-aligned-center\"><\/div>\n<\/div>\n<\/div><\/div>\n\n\n\n<p><\/p>\n\n\n\n<div class=\"inherit-container-width wp-container-15 wp-block-group alignfull hp-container has-white-background-color has-background\"><div class=\"wp-block-group__inner-container\">\n<h2 class=\"has-text-align-center\">Produkte<\/h2>\n\n\n\n<div class=\"wp-container-14 wp-block-columns alignwide are-vertically-aligned-center\">\n<div class=\"wp-container-7 wp-block-column is-vertically-aligned-center\">\n<div class=\"wp-block-cover alignfull is-light has-custom-content-position is-position-bottom-center\" style=\"min-height:378px\"><span aria-hidden=\"true\" class=\"wp-block-cover__background has-background-dim-20 has-background-dim\" style=\"background-color:#9f9c87\"><\/span><img loading=\"lazy\" width=\"500\" height=\"464\" class=\"wp-block-cover__image-background wp-image-11455\" alt=\"\" src=\"http:\/\/soap2o.sk\/wp-content\/uploads\/davkovac-mydla-1.png\" data-object-fit=\"cover\" srcset=\"https:\/\/soap2o.sk\/wp-content\/uploads\/davkovac-mydla-1.png 500w, https:\/\/soap2o.sk\/wp-content\/uploads\/davkovac-mydla-1-300x278.png 300w, https:\/\/soap2o.sk\/wp-content\/uploads\/davkovac-mydla-1-64x59.png 64w\" sizes=\"(max-width: 500px) 100vw, 500px\" \/><div class=\"wp-block-cover__inner-container\">\n<div class=\"inherit-container-width wp-container-6 wp-block-group\"><div class=\"wp-block-group__inner-container\">\n<h4 class=\"has-text-align-center has-white-color has-text-color\">Spender<\/h4>\n\n\n\n<div class=\"wp-container-5 wp-block-buttons\">\n<div class=\"wp-block-button is-style-fill product-button-hp\"><a class=\"wp-block-button__link\" href=\"https:\/\/soap2o.sk\/de\/produkte\/davkovace\/\">Mehr \u00fcber Dispenser<\/a><\/div>\n<\/div>\n<\/div><\/div>\n<\/div><\/div>\n<\/div>\n\n\n\n<div class=\"wp-container-10 wp-block-column is-vertically-aligned-center\">\n<div class=\"wp-block-cover alignfull has-custom-content-position is-position-bottom-center\" style=\"min-height:378px\"><span aria-hidden=\"true\" class=\"wp-block-cover__background has-background-dim-20 has-background-dim\" style=\"background-color:#a98969\"><\/span><img loading=\"lazy\" width=\"500\" height=\"464\" class=\"wp-block-cover__image-background wp-image-11458\" alt=\"\" src=\"https:\/\/soap2o.sk\/wp-content\/uploads\/mydlo-na-ruky-cierna-flasa-1.png\" style=\"object-position:47% 55%\" data-object-fit=\"cover\" data-object-position=\"47% 55%\" srcset=\"https:\/\/soap2o.sk\/wp-content\/uploads\/mydlo-na-ruky-cierna-flasa-1.png 500w, https:\/\/soap2o.sk\/wp-content\/uploads\/mydlo-na-ruky-cierna-flasa-1-300x278.png 300w, https:\/\/soap2o.sk\/wp-content\/uploads\/mydlo-na-ruky-cierna-flasa-1-64x59.png 64w\" sizes=\"(max-width: 500px) 100vw, 500px\" \/><div class=\"wp-block-cover__inner-container\">\n<div class=\"inherit-container-width wp-container-9 wp-block-group\"><div class=\"wp-block-group__inner-container\">\n<h4 class=\"has-text-align-center has-white-color has-text-color\">Handpflege<\/h4>\n\n\n\n<div class=\"wp-container-8 wp-block-buttons\">\n<div class=\"wp-block-button is-style-fill product-button-hp\"><a class=\"wp-block-button__link\" href=\"https:\/\/soap2o.sk\/de\/produkte\/fursorge-fur-die-hande\/\">Mehr \u00fcber Handpflege<\/a><\/div>\n<\/div>\n<\/div><\/div>\n<\/div><\/div>\n<\/div>\n\n\n\n<div class=\"wp-container-13 wp-block-column is-vertically-aligned-center\">\n<div class=\"wp-block-cover is-light has-custom-content-position is-position-bottom-center\" style=\"min-height:378px\"><span aria-hidden=\"true\" class=\"wp-block-cover__background has-background-dim-20 has-background-dim\" style=\"background-color:#626438\"><\/span><img loading=\"lazy\" width=\"500\" height=\"464\" class=\"wp-block-cover__image-background wp-image-11460\" alt=\"\" src=\"https:\/\/soap2o.sk\/wp-content\/uploads\/mydlo-na-ruky-biela-flasa-1.png\" style=\"object-position:54% 53%\" data-object-fit=\"cover\" data-object-position=\"54% 53%\" srcset=\"https:\/\/soap2o.sk\/wp-content\/uploads\/mydlo-na-ruky-biela-flasa-1.png 500w, https:\/\/soap2o.sk\/wp-content\/uploads\/mydlo-na-ruky-biela-flasa-1-300x278.png 300w, https:\/\/soap2o.sk\/wp-content\/uploads\/mydlo-na-ruky-biela-flasa-1-64x59.png 64w\" sizes=\"(max-width: 500px) 100vw, 500px\" \/><div class=\"wp-block-cover__inner-container\">\n<div class=\"inherit-container-width wp-container-12 wp-block-group\"><div class=\"wp-block-group__inner-container\">\n<h4 class=\"has-text-align-center has-white-color has-text-color\">K\u00f6rperpflege<\/h4>\n\n\n\n<div class=\"wp-container-11 wp-block-buttons\">\n<div class=\"wp-block-button is-style-fill product-button-hp\"><a class=\"wp-block-button__link\" href=\"https:\/\/soap2o.sk\/de\/produkte\/korperpflege\/\">Mehr \u00fcber K\u00f6rperpflege<\/a><\/div>\n<\/div>\n<\/div><\/div>\n<\/div><\/div>\n<\/div>\n<\/div>\n<\/div><\/div>\n\n\n\n<div class=\"wp-block-genesis-blocks-gb-container gb-block-container\"><div class=\"gb-container-inside\"><div class=\"gb-container-content\">\n<section class=\"wp-block-uagb-columns uagb-columns__wrap uagb-columns__background-none uagb-columns__stack-mobile uagb-columns__valign- uagb-columns__gap-10 align uagb-block-6800e2f8 uagb-columns__columns-2 uagb-columns__max_width-custom\"><div class=\"uagb-columns__overlay\"><\/div><div class=\"uagb-columns__inner-wrap uagb-columns__columns-2\">\n<div class=\"wp-block-uagb-column uagb-column__wrap uagb-column__background-color uagb-block-c104bc76\"><div class=\"uagb-column__overlay\"><\/div>\n<h2 class=\"has-text-align-right has-white-color has-text-color\">Unser Auftrag<\/h2>\n<\/div>\n\n\n\n<div class=\"wp-block-uagb-column uagb-column__wrap uagb-column__background-color uagb-block-205b00f5\"><div class=\"uagb-column__overlay\"><\/div>\n<p class=\"has-white-color has-text-color\">Unsere Mission bei SOAP\u2082O ist es, bahnbrechende Innovationen zu schaffen und die Seifenindustrie, wie wir sie kennen, zu ver\u00e4ndern. Wir wollen nicht weiterhin Einwegplastik in Massenproduktion herstellen. Deshalb haben wir eine plastikfreie L\u00f6sung entwickelt, um es vollst\u00e4ndig aus unseren Seifenprodukten zu verbannen.<\/p>\n\n\n\n<p class=\"has-white-color has-text-color\">SOAP\u2082O-Produkte sind in wasserl\u00f6slicher PVA-Folie verpackt. Der Kunde muss keinen Abfall wegwerfen und die Verpackung ist 100% recycelbar.<\/p>\n<\/div>\n<\/div><\/section>\n<\/div><\/div><\/div>\n\n\n\n<section class=\"wp-block-uagb-columns uagb-columns__wrap uagb-columns__background-none uagb-columns__stack-mobile uagb-columns__valign- uagb-columns__gap-10 align uagb-block-21930b6e uagb-columns__columns-4 uagb-columns__max_width-theme\"><div class=\"uagb-columns__overlay\"><\/div><div class=\"uagb-columns__inner-wrap uagb-columns__columns-4\">\n<div class=\"wp-block-uagb-column uagb-column__wrap uagb-column__background-undefined uagb-block-221830f6\"><div class=\"uagb-column__overlay\"><\/div>\n<figure class=\"wp-block-image size-large\"><img loading=\"lazy\" width=\"501\" height=\"501\" src=\"https:\/\/soap2o.sk\/wp-content\/uploads\/Soap2o-add-water-icon-colour.gif\" alt=\"\" class=\"wp-image-11465\"\/><\/figure>\n\n\n\n<h5 class=\"has-text-align-center has-white-color has-text-color has-background\" style=\"background-color:#626438\">1 | Hinzuf\u00fcgen <br>Wasser<\/h5>\n<\/div>\n\n\n\n<div class=\"wp-block-uagb-column uagb-column__wrap uagb-column__background-undefined uagb-block-2aef5c7b\"><div class=\"uagb-column__overlay\"><\/div>\n<figure class=\"wp-block-image size-large\"><img loading=\"lazy\" width=\"501\" height=\"501\" src=\"https:\/\/soap2o.sk\/wp-content\/uploads\/Soap2o-add-sachet-icon-colour.gif\" alt=\"\" class=\"wp-image-11466\"\/><\/figure>\n\n\n\n<h5 class=\"has-text-align-center has-white-color has-text-color has-background\" style=\"background-color:#626438\">2 | Kapsel einsetzen <br>ins Wasser<\/h5>\n\n\n\n<p><\/p>\n<\/div>\n\n\n\n<div class=\"wp-block-uagb-column uagb-column__wrap uagb-column__background-undefined uagb-block-7b665d35\"><div class=\"uagb-column__overlay\"><\/div>\n<figure class=\"wp-block-image size-large\"><img loading=\"lazy\" width=\"501\" height=\"501\" src=\"https:\/\/soap2o.sk\/wp-content\/uploads\/Soap2o-add-shake-icon-colour.gif\" alt=\"\" class=\"wp-image-11468\"\/><\/figure>\n\n\n\n<h5 class=\"has-text-align-center has-white-color has-text-color has-background\" style=\"background-color:#626438\">3 | 30 Sekunden lang sch\u00fctteln und 5 bis 10 Minuten warten<\/h5>\n\n\n\n<p><\/p>\n<\/div>\n\n\n\n<div class=\"wp-block-uagb-column uagb-column__wrap uagb-column__background-undefined uagb-block-021f4266\"><div class=\"uagb-column__overlay\"><\/div>\n<figure class=\"wp-block-image size-large\"><img loading=\"lazy\" width=\"501\" height=\"501\" src=\"https:\/\/soap2o.sk\/wp-content\/uploads\/Soap2o-add-use-icon-colour.gif\" alt=\"\" class=\"wp-image-11469\"\/><\/figure>\n\n\n\n<h5 class=\"has-text-align-center has-white-color has-text-color has-background\" style=\"background-color:#626438\">4 | Bereit <br>zum Gebrauch<\/h5>\n\n\n\n<p><\/p>\n<\/div>\n<\/div><\/section>\n\n\n\n<p><\/p>\n\n\n\n<div class=\"inherit-container-width wp-container-20 wp-block-group alignwide has-background\" style=\"background-color:#2b2b2a\"><div class=\"wp-block-group__inner-container\">\n<div class=\"wp-container-19 wp-block-columns alignwide are-vertically-aligned-center hp-container\">\n<div class=\"wp-container-16 wp-block-column is-vertically-aligned-center\" style=\"flex-basis:66.66%\">\n<div style=\"color:#ddd\" class=\"wp-block-genesis-blocks-gb-spacer gb-block-spacer gb-divider-solid gb-divider-size-1\"><hr style=\"height:50px\"\/><\/div>\n\n\n\n<h2 class=\"has-text-color\" style=\"color:#ccccca\">WIR VER\u00c4NDERN UNS, UM DEN PLANETEN ZU RETTEN<\/h2>\n\n\n\n<div style=\"color:#ddd\" class=\"wp-block-genesis-blocks-gb-spacer gb-block-spacer gb-divider-solid gb-divider-size-1\"><hr style=\"height:40px\"\/><\/div>\n\n\n\n<p><\/p>\n<\/div>\n\n\n\n<div class=\"wp-container-18 wp-block-column is-vertically-aligned-center\" style=\"flex-basis:33.33%\">\n<div class=\"wp-container-17 is-horizontal is-content-justification-center wp-block-buttons\">\n<div class=\"wp-block-button\"><a class=\"wp-block-button__link has-background\" href=\"https:\/\/soap2o.sk\/de\/unsere-mission\/\" style=\"background-color:#626438\">Mehr erfahren<\/a><\/div>\n<\/div>\n<\/div>\n<\/div>\n<\/div><\/div>\n\n\n\n<h2 class=\"has-text-align-center has-text-color\" style=\"color:#626438\">Warum wir?<\/h2>\n\n\n\n<div style=\"padding-bottom:3%;padding-top:0.5%\" class=\"wp-block-genesis-blocks-gb-container gb-block-container\"><div class=\"gb-container-inside\"><div class=\"gb-container-content\">\n<div class=\"wp-block-nextend-smartslider3 hp-container\"><\/div>\n<\/div><\/div><\/div>\n\n\n\n<div class=\"inherit-container-width wp-container-23 wp-block-group alignfull hp-container\"><div class=\"wp-block-group__inner-container\">\n<div class=\"inherit-container-width wp-container-22 wp-block-group alignwide has-white-background-color has-background\"><div class=\"wp-block-group__inner-container\">\n<div class=\"wp-block-media-text alignwide has-media-on-the-right is-stacked-on-mobile is-vertically-aligned-center has-background\" style=\"background-color:#626438;grid-template-columns:auto 49%\"><figure class=\"wp-block-media-text__media\"><img loading=\"lazy\" width=\"1000\" height=\"666\" src=\"https:\/\/soap2o.sk\/wp-content\/uploads\/nas-pribeh.jpg\" alt=\"\" class=\"wp-image-11495 size-full\" srcset=\"https:\/\/soap2o.sk\/wp-content\/uploads\/nas-pribeh.jpg 1000w, https:\/\/soap2o.sk\/wp-content\/uploads\/nas-pribeh-300x200.jpg 300w, https:\/\/soap2o.sk\/wp-content\/uploads\/nas-pribeh-768x511.jpg 768w, https:\/\/soap2o.sk\/wp-content\/uploads\/nas-pribeh-600x400.jpg 600w, https:\/\/soap2o.sk\/wp-content\/uploads\/nas-pribeh-64x43.jpg 64w\" sizes=\"(max-width: 1000px) 100vw, 1000px\" \/><\/figure><div class=\"wp-block-media-text__content\">\n<h2 class=\"has-white-color has-text-color\">Unsere Geschichte<\/h2>\n\n\n\n<p class=\"has-white-color has-text-color\">Bei SOAP\u2082O steht der Respekt f\u00fcr die Umwelt an erster Stelle. Wir sind bestrebt, die Menge an Einwegplastik in der Seifenindustrie zu reduzieren und so wenig wie m\u00f6glich negative Auswirkungen auf unseren Planeten zu haben.<\/p>\n\n\n\n<div class=\"wp-container-21 wp-block-buttons\">\n<div class=\"wp-block-button\"><a class=\"wp-block-button__link\" href=\"https:\/\/soap2o.sk\/de\/us-story\/\">Unsere Geschichte<\/a><\/div>\n<\/div>\n<\/div><\/div>\n<\/div><\/div>\n\n\n\n<div style=\"color:#ddd\" class=\"wp-block-genesis-blocks-gb-spacer gb-block-spacer gb-divider-solid gb-divider-size-1\"><hr style=\"height:30px\"\/><\/div>\n<\/div><\/div>\n\n\n\n<div class=\"inherit-container-width wp-container-26 wp-block-group alignfull hp-container\"><div class=\"wp-block-group__inner-container\">\n<div class=\"inherit-container-width wp-container-25 wp-block-group alignwide has-white-background-color has-background\"><div class=\"wp-block-group__inner-container\">\n<div class=\"wp-block-media-text alignwide is-stacked-on-mobile is-vertically-aligned-center has-background\" style=\"background-color:#ccccca;grid-template-columns:49% auto\"><figure class=\"wp-block-media-text__media\"><img loading=\"lazy\" width=\"1000\" height=\"667\" src=\"https:\/\/soap2o.sk\/wp-content\/uploads\/flexi-hex.jpg\" alt=\"\" class=\"wp-image-11502 size-full\" srcset=\"https:\/\/soap2o.sk\/wp-content\/uploads\/flexi-hex.jpg 1000w, https:\/\/soap2o.sk\/wp-content\/uploads\/flexi-hex-300x200.jpg 300w, https:\/\/soap2o.sk\/wp-content\/uploads\/flexi-hex-768x512.jpg 768w, https:\/\/soap2o.sk\/wp-content\/uploads\/flexi-hex-600x400.jpg 600w, https:\/\/soap2o.sk\/wp-content\/uploads\/flexi-hex-64x43.jpg 64w\" sizes=\"(max-width: 1000px) 100vw, 1000px\" \/><\/figure><div class=\"wp-block-media-text__content\">\n<h2 class=\"has-white-color has-text-color\">SOAP\u2082O &amp; Flexi-Hex\u00ae<\/h2>\n\n\n\n<p class=\"has-white-color has-text-color\">SOAP\u2082O hat sich zum Ziel gesetzt, die Menge an Einwegplastik in der Seifenindustrie zu reduzieren. Das SOAP\u2082O-Team musste eine alternative L\u00f6sung zu herk\u00f6mmlichen Luftpolster- oder Luftpolsterfolienverpackungen finden, um sicherzustellen, dass die schlanken, umweltfreundlichen Flaschen beim Transport gesch\u00fctzt sind, ohne die Umwelt zu sch\u00e4digen. Hier kommt Flexi-Hex\u00ae ins Spiel.<\/p>\n\n\n\n<div class=\"wp-container-24 wp-block-buttons\">\n<div class=\"wp-block-button\"><a class=\"wp-block-button__link\" href=\"https:\/\/soap2o.sk\/de\/soap2o-flexi-hex\/\">Weitere Informationen<\/a><\/div>\n<\/div>\n<\/div><\/div>\n<\/div><\/div>\n<\/div><\/div>\n\n\n\n<div style=\"color:#ddd\" class=\"wp-block-genesis-blocks-gb-spacer gb-block-spacer gb-divider-solid gb-divider-size-1\"><hr style=\"height:30px\"\/><\/div>","protected":false},"excerpt":{"rendered":"<p>Produkte WIR MACHEN VER\u00c4NDERUNGEN ZUM SCHUTZ DES PLANETEN Warum wir? Unsere Geschichte Bei SOAP\u2082O steht der Respekt f\u00fcr die Umwelt an erster Stelle. Wir bem\u00fchen uns, die Menge an Einwegplastik in der Seifenindustrie zu reduzieren und so wenig ...<\/p>\n<p class=\"read-more\"> <a class=\"ast-button\" href=\"https:\/\/soap2o.sk\/de\/\"> <span class=\"screen-reader-text\">SOAP2O<\/span> Vollst\u00e4ndiger Artikel<\/a><\/p>","protected":false},"author":1,"featured_media":0,"parent":0,"menu_order":0,"comment_status":"closed","ping_status":"closed","template":"","meta":{"inline_featured_image":false,"site-sidebar-layout":"default","site-content-layout":"default","ast-global-header-display":"","ast-main-header-display":"","ast-hfb-above-header-display":"","ast-hfb-below-header-display":"","ast-hfb-mobile-header-display":"","site-post-title":"disabled","ast-breadcrumbs-content":"","ast-featured-img":"","footer-sml-layout":"","theme-transparent-header-meta":"default","adv-header-id-meta":"","stick-header-meta":"","header-above-stick-meta":"","header-main-stick-meta":"","header-below-stick-meta":""},"yoast_head":"<!-- This site is optimized with the Yoast SEO plugin v19.7.1 - https:\/\/yoast.com\/wordpress\/plugins\/seo\/ -->\n<title>SOAP2O - soap2o.sk<\/title>\n<meta name=\"description\" content=\"V SOAP\u2082O je oh\u013eaduplnos\u0165 k \u017eivotn\u00e9mu prostrediu na prvom mieste. Zni\u017eujeme mno\u017estvo plastov ako aj negat\u00edvny dopad na na\u0161u plan\u00e9tu.\" \/>\n<meta name=\"robots\" content=\"index, follow, max-snippet:-1, max-image-preview:large, max-video-preview:-1\" \/>\n<link rel=\"canonical\" href=\"https:\/\/soap2o.sk\/de\/\" \/>\n<meta property=\"og:locale\" content=\"de_DE\" \/>\n<meta property=\"og:type\" content=\"article\" \/>\n<meta property=\"og:title\" content=\"SOAP2O - soap2o.sk\" \/>\n<meta property=\"og:description\" content=\"V SOAP\u2082O je oh\u013eaduplnos\u0165 k \u017eivotn\u00e9mu prostrediu na prvom mieste. Zni\u017eujeme mno\u017estvo plastov ako aj negat\u00edvny dopad na na\u0161u plan\u00e9tu.\" \/>\n<meta property=\"og:url\" content=\"https:\/\/soap2o.sk\/de\/\" \/>\n<meta property=\"og:site_name\" content=\"soap2o.sk\" \/>\n<meta property=\"article:publisher\" content=\"https:\/\/www.facebook.com\/IDrysk\/\" \/>\n<meta property=\"article:modified_time\" content=\"2024-06-06T08:22:50+00:00\" \/>\n<meta property=\"og:image\" content=\"http:\/\/soap2o.sk\/wp-content\/uploads\/soap2o-home.jpg\" \/>\n<meta name=\"twitter:card\" content=\"summary_large_image\" \/>\n<meta name=\"twitter:site\" content=\"@iDrySKsro\" \/>\n<meta name=\"twitter:label1\" content=\"Gesch\u00e4tzte Lesezeit\" \/>\n\t<meta name=\"twitter:data1\" content=\"4 Minuten\" \/>\n<script type=\"application\/ld+json\" class=\"yoast-schema-graph\">{\"@context\":\"https:\/\/schema.org\",\"@graph\":[{\"@type\":\"WebPage\",\"@id\":\"https:\/\/soap2o.sk\/\",\"url\":\"https:\/\/soap2o.sk\/\",\"name\":\"SOAP2O - soap2o.sk\",\"isPartOf\":{\"@id\":\"https:\/\/soap2o.sk\/#website\"},\"datePublished\":\"2022-02-28T20:30:19+00:00\",\"dateModified\":\"2024-06-06T08:22:50+00:00\",\"description\":\"V SOAP\u2082O je oh\u013eaduplnos\u0165 k \u017eivotn\u00e9mu prostrediu na prvom mieste. Zni\u017eujeme mno\u017estvo plastov ako aj negat\u00edvny dopad na na\u0161u plan\u00e9tu.\",\"breadcrumb\":{\"@id\":\"https:\/\/soap2o.sk\/#breadcrumb\"},\"inLanguage\":\"de-AT\",\"potentialAction\":[{\"@type\":\"ReadAction\",\"target\":[\"https:\/\/soap2o.sk\/\"]}]},{\"@type\":\"BreadcrumbList\",\"@id\":\"https:\/\/soap2o.sk\/#breadcrumb\",\"itemListElement\":[{\"@type\":\"ListItem\",\"position\":1,\"name\":\"Home\",\"item\":\"https:\/\/soap2o.sk\/\"},{\"@type\":\"ListItem\",\"position\":2,\"name\":\"SOAP2O\"}]},{\"@type\":\"WebSite\",\"@id\":\"https:\/\/soap2o.sk\/#website\",\"url\":\"https:\/\/soap2o.sk\/\",\"name\":\"soap2o.sk\",\"description\":\"soap2o.sk\",\"publisher\":{\"@id\":\"https:\/\/soap2o.sk\/#organization\"},\"potentialAction\":[{\"@type\":\"SearchAction\",\"target\":{\"@type\":\"EntryPoint\",\"urlTemplate\":\"https:\/\/soap2o.sk\/?s={search_term_string}\"},\"query-input\":\"required name=search_term_string\"}],\"inLanguage\":\"de-AT\"},{\"@type\":\"Organization\",\"@id\":\"https:\/\/soap2o.sk\/#organization\",\"name\":\"soap2o.sk\",\"url\":\"https:\/\/soap2o.sk\/\",\"sameAs\":[\"http:\/\/instagram\/idrysk\",\"https:\/\/www.facebook.com\/IDrysk\/\",\"https:\/\/twitter.com\/iDrySKsro\"],\"logo\":{\"@type\":\"ImageObject\",\"inLanguage\":\"de-AT\",\"@id\":\"https:\/\/soap2o.sk\/#\/schema\/logo\/image\/\",\"url\":\"https:\/\/soap2o.sk\/wp-content\/uploads\/Soap2o-white.svg\",\"contentUrl\":\"https:\/\/soap2o.sk\/wp-content\/uploads\/Soap2o-white.svg\",\"caption\":\"soap2o.sk\"},\"image\":{\"@id\":\"https:\/\/soap2o.sk\/#\/schema\/logo\/image\/\"}}]}<\/script>\n<!-- \/ Yoast SEO plugin. -->","yoast_head_json":{"title":"SOAP2O - soap2o.sk","description":"V SOAP\u2082O je oh\u013eaduplnos\u0165 k \u017eivotn\u00e9mu prostrediu na prvom mieste. Zni\u017eujeme mno\u017estvo plastov ako aj negat\u00edvny dopad na na\u0161u plan\u00e9tu.","robots":{"index":"index","follow":"follow","max-snippet":"max-snippet:-1","max-image-preview":"max-image-preview:large","max-video-preview":"max-video-preview:-1"},"canonical":"https:\/\/soap2o.sk\/de\/","og_locale":"de_DE","og_type":"article","og_title":"SOAP2O - soap2o.sk","og_description":"V SOAP\u2082O je oh\u013eaduplnos\u0165 k \u017eivotn\u00e9mu prostrediu na prvom mieste. Zni\u017eujeme mno\u017estvo plastov ako aj negat\u00edvny dopad na na\u0161u plan\u00e9tu.","og_url":"https:\/\/soap2o.sk\/de\/","og_site_name":"soap2o.sk","article_publisher":"https:\/\/www.facebook.com\/IDrysk\/","article_modified_time":"2024-06-06T08:22:50+00:00","og_image":[{"url":"http:\/\/soap2o.sk\/wp-content\/uploads\/soap2o-home.jpg"}],"twitter_card":"summary_large_image","twitter_site":"@iDrySKsro","twitter_misc":{"Gesch\u00e4tzte Lesezeit":"4 Minuten"},"schema":{"@context":"https:\/\/schema.org","@graph":[{"@type":"WebPage","@id":"https:\/\/soap2o.sk\/","url":"https:\/\/soap2o.sk\/","name":"SOAP2O - soap2o.sk","isPartOf":{"@id":"https:\/\/soap2o.sk\/#website"},"datePublished":"2022-02-28T20:30:19+00:00","dateModified":"2024-06-06T08:22:50+00:00","description":"V SOAP\u2082O je oh\u013eaduplnos\u0165 k \u017eivotn\u00e9mu prostrediu na prvom mieste. Zni\u017eujeme mno\u017estvo plastov ako aj negat\u00edvny dopad na na\u0161u plan\u00e9tu.","breadcrumb":{"@id":"https:\/\/soap2o.sk\/#breadcrumb"},"inLanguage":"de-AT","potentialAction":[{"@type":"ReadAction","target":["https:\/\/soap2o.sk\/"]}]},{"@type":"BreadcrumbList","@id":"https:\/\/soap2o.sk\/#breadcrumb","itemListElement":[{"@type":"ListItem","position":1,"name":"Home","item":"https:\/\/soap2o.sk\/"},{"@type":"ListItem","position":2,"name":"SOAP2O"}]},{"@type":"WebSite","@id":"https:\/\/soap2o.sk\/#website","url":"https:\/\/soap2o.sk\/","name":"soap2o.sk","description":"soap2o.sk","publisher":{"@id":"https:\/\/soap2o.sk\/#organization"},"potentialAction":[{"@type":"SearchAction","target":{"@type":"EntryPoint","urlTemplate":"https:\/\/soap2o.sk\/?s={search_term_string}"},"query-input":"required name=search_term_string"}],"inLanguage":"de-AT"},{"@type":"Organization","@id":"https:\/\/soap2o.sk\/#organization","name":"soap2o.sk","url":"https:\/\/soap2o.sk\/","sameAs":["http:\/\/instagram\/idrysk","https:\/\/www.facebook.com\/IDrysk\/","https:\/\/twitter.com\/iDrySKsro"],"logo":{"@type":"ImageObject","inLanguage":"de-AT","@id":"https:\/\/soap2o.sk\/#\/schema\/logo\/image\/","url":"https:\/\/soap2o.sk\/wp-content\/uploads\/Soap2o-white.svg","contentUrl":"https:\/\/soap2o.sk\/wp-content\/uploads\/Soap2o-white.svg","caption":"soap2o.sk"},"image":{"@id":"https:\/\/soap2o.sk\/#\/schema\/logo\/image\/"}}]}},"featured_image_src":null,"featured_image_src_square":null,"uagb_featured_image_src":{"full":false,"thumbnail":false,"medium":false,"medium_large":false,"large":false,"1536x1536":false,"2048x2048":false,"trp-custom-language-flag":false,"gb-block-post-grid-landscape":false,"gb-block-post-grid-square":false},"uagb_author_info":{"display_name":"administrator","author_link":"https:\/\/soap2o.sk\/de\/author\/administrator\/"},"uagb_comment_info":0,"uagb_excerpt":"Produkty ROB\u00cdME ZMENY NA Z\u00c1CHRANU PLAN\u00c9TY Pre\u010do my? N\u00e1\u0161 pr\u00edbeh V SOAP\u2082O je oh\u013eaduplnos\u0165 k \u017eivotn\u00e9mu prostrediu na prvom mieste. Sna\u017e\u00edme sa zn\u00ed\u017ei\u0165 mno\u017estvo plastov na jedno pou\u017eitie v mydlovom priemysle a ma\u0165 \u010do najmen\u0161\u00ed &hellip; SOAP2O Cel\u00fd \u010dl\u00e1nok","_links":{"self":[{"href":"https:\/\/soap2o.sk\/de\/wp-json\/wp\/v2\/pages\/11326"}],"collection":[{"href":"https:\/\/soap2o.sk\/de\/wp-json\/wp\/v2\/pages"}],"about":[{"href":"https:\/\/soap2o.sk\/de\/wp-json\/wp\/v2\/types\/page"}],"author":[{"embeddable":true,"href":"https:\/\/soap2o.sk\/de\/wp-json\/wp\/v2\/users\/1"}],"replies":[{"embeddable":true,"href":"https:\/\/soap2o.sk\/de\/wp-json\/wp\/v2\/comments?post=11326"}],"version-history":[{"count":114,"href":"https:\/\/soap2o.sk\/de\/wp-json\/wp\/v2\/pages\/11326\/revisions"}],"predecessor-version":[{"id":11988,"href":"https:\/\/soap2o.sk\/de\/wp-json\/wp\/v2\/pages\/11326\/revisions\/11988"}],"wp:attachment":[{"href":"https:\/\/soap2o.sk\/de\/wp-json\/wp\/v2\/media?parent=11326"}],"curies":[{"name":"wp","href":"https:\/\/api.w.org\/{rel}","templated":true}]}}