{"id":11555,"date":"2022-03-01T20:37:16","date_gmt":"2022-03-01T19:37:16","guid":{"rendered":"https:\/\/soap2o.sk\/?page_id=11555"},"modified":"2022-04-19T16:47:54","modified_gmt":"2022-04-19T14:47:54","slug":"davkovace","status":"publish","type":"page","link":"https:\/\/soap2o.sk\/de\/produkte\/davkovace\/","title":{"rendered":"Spender"},"content":{"rendered":"<div class=\"wp-block-cover alignfull has-background-dim-40 has-black-background-color has-background-dim is-position-center-center\" style=\"min-height:750px\"><img loading=\"lazy\" width=\"1500\" height=\"1000\" class=\"wp-block-cover__image-background wp-image-11565\" alt=\"\" src=\"https:\/\/soap2o.sk\/wp-content\/uploads\/Soap2o-davkovace.jpg\" data-object-fit=\"cover\" srcset=\"https:\/\/soap2o.sk\/wp-content\/uploads\/Soap2o-davkovace.jpg 1500w, https:\/\/soap2o.sk\/wp-content\/uploads\/Soap2o-davkovace-300x200.jpg 300w, https:\/\/soap2o.sk\/wp-content\/uploads\/Soap2o-davkovace-1024x683.jpg 1024w, https:\/\/soap2o.sk\/wp-content\/uploads\/Soap2o-davkovace-768x512.jpg 768w, https:\/\/soap2o.sk\/wp-content\/uploads\/Soap2o-davkovace-600x400.jpg 600w, https:\/\/soap2o.sk\/wp-content\/uploads\/Soap2o-davkovace-64x43.jpg 64w\" sizes=\"(max-width: 1500px) 100vw, 1500px\" \/><div class=\"wp-block-cover__inner-container\">\n<h1 class=\"has-text-align-center has-white-color has-text-color\">Spender<\/h1>\n\n\n\n<p><\/p>\n<\/div><\/div>\n\n\n\n<div class=\"wp-block-genesis-blocks-gb-container gb-block-container\"><div class=\"gb-container-inside\"><div class=\"gb-container-content\"><\/div><\/div><\/div>\n\n\n\n<p><\/p>\n\n\n\n<div class=\"wp-container-1 wp-block-group alignfull hp-container has-white-background-color has-background\"><div class=\"wp-block-group__inner-container\">\n<div class=\"wp-block-media-text alignwide has-media-on-the-right is-stacked-on-mobile is-vertically-aligned-center has-background\" style=\"background-color:#a98969;grid-template-columns:auto 48%\"><figure class=\"wp-block-media-text__media\"><img loading=\"lazy\" width=\"530\" height=\"414\" src=\"https:\/\/soap2o.sk\/wp-content\/uploads\/Black-white-dispenser-2.jpg\" alt=\"\" class=\"wp-image-11568 size-full\" srcset=\"https:\/\/soap2o.sk\/wp-content\/uploads\/Black-white-dispenser-2.jpg 530w, https:\/\/soap2o.sk\/wp-content\/uploads\/Black-white-dispenser-2-300x234.jpg 300w, https:\/\/soap2o.sk\/wp-content\/uploads\/Black-white-dispenser-2-64x50.jpg 64w\" sizes=\"(max-width: 530px) 100vw, 530px\" \/><\/figure><div class=\"wp-block-media-text__content\">\n<p><span class=\"has-inline-color has-white-color\">SOAP\u2082O modernes und stilvolles Handbuch<br>Spender sorgen f\u00fcr perfekte Dosierung<br>Senkung des Verbrauchs um 85 %, d. h. weniger<br>Abf\u00fcllung und Kosteneinsparungen.<\/span><\/p>\n\n\n\n<p><span class=\"has-inline-color has-white-color\">Unsere Spender werden im Vereinigten K\u00f6nigreich von Partnern hergestellt<br>Brightwell ist aus recyceltem Kunststoff hergestellt.<br>Das Fassungsverm\u00f6gen des Spenders betr\u00e4gt 900 ml und 1600 Dosen.<\/span><\/p>\n\n\n\n<p><\/p>\n<\/div><\/div>\n\n\n\n<div style=\"color:#ddd\" class=\"wp-block-genesis-blocks-gb-spacer gb-block-spacer gb-divider-solid gb-divider-size-1\"><hr style=\"height:30px\"\/><\/div>\n<\/div><\/div>\n\n\n\n<div class=\"wp-container-2 wp-block-group alignfull hp-container has-white-background-color has-background\"><div class=\"wp-block-group__inner-container\">\n<div class=\"wp-block-media-text alignwide is-stacked-on-mobile is-vertically-aligned-center has-background\" style=\"background-color:#9f9c87;grid-template-columns:48% auto\"><figure class=\"wp-block-media-text__media\"><img loading=\"lazy\" width=\"530\" height=\"399\" src=\"https:\/\/soap2o.sk\/wp-content\/uploads\/davkovace.jpg\" alt=\"\" class=\"wp-image-11571 size-full\" srcset=\"https:\/\/soap2o.sk\/wp-content\/uploads\/davkovace.jpg 530w, https:\/\/soap2o.sk\/wp-content\/uploads\/davkovace-300x226.jpg 300w, https:\/\/soap2o.sk\/wp-content\/uploads\/davkovace-64x48.jpg 64w\" sizes=\"(max-width: 530px) 100vw, 530px\" \/><\/figure><div class=\"wp-block-media-text__content\">\n<h2 class=\"has-white-color has-text-color\">Vorteile und Merkmale<\/h2>\n\n\n\n<ul class=\"has-white-color has-text-color\"><li><span class=\"has-inline-color has-white-color\">Fassungsverm\u00f6gen 900ml<\/span><\/li><li><span class=\"has-inline-color has-white-color\">1600 Dosen<\/span><\/li><li><span class=\"has-inline-color has-white-color\">Einfaches Nachf\u00fcllen<\/span><\/li><li><span class=\"has-inline-color has-white-color\">Wandmontage<\/span><\/li><li><span class=\"has-inline-color has-white-color\">Farbvarianten passend f\u00fcr jedes Interieur<\/span><\/li><li><span class=\"has-inline-color has-white-color\">Elegantes und modernes Design<\/span><\/li><\/ul>\n<\/div><\/div>\n\n\n\n<div style=\"color:#ddd\" class=\"wp-block-genesis-blocks-gb-spacer gb-block-spacer gb-divider-solid gb-divider-size-1\"><hr style=\"height:30px\"\/><\/div>\n<\/div><\/div>\n\n\n\n<div class=\"wp-container-7 wp-block-group alignfull has-background\" style=\"background-color:#a98969\"><div class=\"wp-block-group__inner-container\">\n<div class=\"wp-container-6 wp-block-columns alignwide are-vertically-aligned-center hp-container\">\n<div class=\"wp-container-3 wp-block-column is-vertically-aligned-center\" style=\"flex-basis:66.66%\">\n<div style=\"color:#ddd\" class=\"wp-block-genesis-blocks-gb-spacer gb-block-spacer gb-divider-solid gb-divider-size-1\"><hr style=\"height:30px\"\/><\/div>\n\n\n\n<h2 class=\"has-text-color\" style=\"color:#626438\">M\u00d6CHTEN SIE MEHR ERFAHREN?<\/h2>\n\n\n\n<div style=\"color:#ddd\" class=\"wp-block-genesis-blocks-gb-spacer gb-block-spacer gb-divider-solid gb-divider-size-1\"><hr style=\"height:30px\"\/><\/div>\n<\/div>\n\n\n\n<div class=\"wp-container-5 wp-block-column is-vertically-aligned-center\" style=\"flex-basis:33.33%\">\n<div class=\"wp-container-4 wp-block-buttons is-content-justification-center\">\n<div class=\"wp-block-button\"><a class=\"wp-block-button__link has-background\" href=\"https:\/\/soap2o.sk\/de\/kontakt\/\" style=\"background-color:#626438\">Kontakt<\/a><\/div>\n<\/div>\n<\/div>\n<\/div>\n<\/div><\/div>\n\n\n\n<div style=\"color:#ddd\" class=\"wp-block-genesis-blocks-gb-spacer gb-block-spacer gb-divider-solid gb-divider-size-1\"><hr style=\"height:30px\"\/><\/div>\n\n\n\n<p><\/p>","protected":false},"excerpt":{"rendered":"<p>SOAP\u2082O moderne und stilvolle manuelle Spender bieten eine perfekte Dosierungverringern den Verbrauch um 85 %, was bedeutet, dass weniger F\u00fcllung und Kosteneinsparungen. Unsere Spender werden in Gro\u00dfbritannien von unserem Partner Brightwell aus recyceltem Kunststoff hergestellt. 900 ml und 1600 ml Fassungsverm\u00f6gen ...<\/p>\n<p class=\"read-more\"> <a class=\"ast-button\" href=\"https:\/\/soap2o.sk\/de\/produkte\/davkovace\/\"> <span class=\"screen-reader-text\">Spender<\/span> Vollst\u00e4ndiger Artikel<\/a><\/p>","protected":false},"author":1,"featured_media":0,"parent":11574,"menu_order":2,"comment_status":"closed","ping_status":"closed","template":"","meta":{"inline_featured_image":false,"site-sidebar-layout":"default","site-content-layout":"default","ast-global-header-display":"","ast-main-header-display":"","ast-hfb-above-header-display":"","ast-hfb-below-header-display":"","ast-hfb-mobile-header-display":"","site-post-title":"disabled","ast-breadcrumbs-content":"","ast-featured-img":"","footer-sml-layout":"","theme-transparent-header-meta":"default","adv-header-id-meta":"","stick-header-meta":"","header-above-stick-meta":"","header-main-stick-meta":"","header-below-stick-meta":""},"yoast_head":"<!-- This site is optimized with the Yoast SEO plugin v19.7.1 - https:\/\/yoast.com\/wordpress\/plugins\/seo\/ -->\n<title>D\u00e1vkova\u010de - soap2o.sk<\/title>\n<meta name=\"robots\" content=\"index, follow, max-snippet:-1, max-image-preview:large, max-video-preview:-1\" \/>\n<link rel=\"canonical\" href=\"https:\/\/soap2o.sk\/de\/produkte\/davkovace\/\" \/>\n<meta property=\"og:locale\" content=\"de_DE\" \/>\n<meta property=\"og:type\" content=\"article\" \/>\n<meta property=\"og:title\" content=\"D\u00e1vkova\u010de - soap2o.sk\" \/>\n<meta property=\"og:description\" content=\"SOAP\u2082O modern\u00fd a \u0161t\u00fdlov\u00fd manu\u00e1lned\u00e1vkova\u010de poskytuj\u00fa dokonal\u00e9 d\u00e1vkovaniezni\u017euj\u00fa spotrebu o 85 %, \u010do znamen\u00e1 menejn\u00e1plne a \u00faspora n\u00e1kladov. Na\u0161e d\u00e1vkova\u010de s\u00fa vyroben\u00e9 v Spojenom kr\u00e1\u013eovstve partnermiBrightwell z recyklovan\u00e9ho plastu.Kapacita d\u00e1vkova\u010da je 900 ml a 1600 &hellip; D\u00e1vkova\u010de Cel\u00fd \u010dl\u00e1nok\" \/>\n<meta property=\"og:url\" content=\"https:\/\/soap2o.sk\/de\/produkte\/davkovace\/\" \/>\n<meta property=\"og:site_name\" content=\"soap2o.sk\" \/>\n<meta property=\"article:publisher\" content=\"https:\/\/www.facebook.com\/IDrysk\/\" \/>\n<meta property=\"article:modified_time\" content=\"2022-04-19T14:47:54+00:00\" \/>\n<meta property=\"og:image\" content=\"https:\/\/soap2o.sk\/wp-content\/uploads\/Soap2o-davkovace.jpg\" \/>\n<meta name=\"twitter:card\" content=\"summary_large_image\" \/>\n<meta name=\"twitter:site\" content=\"@iDrySKsro\" \/>\n<meta name=\"twitter:label1\" content=\"Gesch\u00e4tzte Lesezeit\" \/>\n\t<meta name=\"twitter:data1\" content=\"1 Minute\" \/>\n<script type=\"application\/ld+json\" class=\"yoast-schema-graph\">{\"@context\":\"https:\/\/schema.org\",\"@graph\":[{\"@type\":\"WebPage\",\"@id\":\"https:\/\/soap2o.sk\/produkty\/davkovace\/\",\"url\":\"https:\/\/soap2o.sk\/produkty\/davkovace\/\",\"name\":\"D\u00e1vkova\u010de - soap2o.sk\",\"isPartOf\":{\"@id\":\"https:\/\/soap2o.sk\/#website\"},\"datePublished\":\"2022-03-01T19:37:16+00:00\",\"dateModified\":\"2022-04-19T14:47:54+00:00\",\"breadcrumb\":{\"@id\":\"https:\/\/soap2o.sk\/produkty\/davkovace\/#breadcrumb\"},\"inLanguage\":\"de-AT\",\"potentialAction\":[{\"@type\":\"ReadAction\",\"target\":[\"https:\/\/soap2o.sk\/produkty\/davkovace\/\"]}]},{\"@type\":\"BreadcrumbList\",\"@id\":\"https:\/\/soap2o.sk\/produkty\/davkovace\/#breadcrumb\",\"itemListElement\":[{\"@type\":\"ListItem\",\"position\":1,\"name\":\"Home\",\"item\":\"https:\/\/soap2o.sk\/\"},{\"@type\":\"ListItem\",\"position\":2,\"name\":\"Produkty\",\"item\":\"https:\/\/soap2o.sk\/produkty\/\"},{\"@type\":\"ListItem\",\"position\":3,\"name\":\"D\u00e1vkova\u010de\"}]},{\"@type\":\"WebSite\",\"@id\":\"https:\/\/soap2o.sk\/#website\",\"url\":\"https:\/\/soap2o.sk\/\",\"name\":\"soap2o.sk\",\"description\":\"soap2o.sk\",\"publisher\":{\"@id\":\"https:\/\/soap2o.sk\/#organization\"},\"potentialAction\":[{\"@type\":\"SearchAction\",\"target\":{\"@type\":\"EntryPoint\",\"urlTemplate\":\"https:\/\/soap2o.sk\/?s={search_term_string}\"},\"query-input\":\"required name=search_term_string\"}],\"inLanguage\":\"de-AT\"},{\"@type\":\"Organization\",\"@id\":\"https:\/\/soap2o.sk\/#organization\",\"name\":\"soap2o.sk\",\"url\":\"https:\/\/soap2o.sk\/\",\"sameAs\":[\"http:\/\/instagram\/idrysk\",\"https:\/\/www.facebook.com\/IDrysk\/\",\"https:\/\/twitter.com\/iDrySKsro\"],\"logo\":{\"@type\":\"ImageObject\",\"inLanguage\":\"de-AT\",\"@id\":\"https:\/\/soap2o.sk\/#\/schema\/logo\/image\/\",\"url\":\"https:\/\/soap2o.sk\/wp-content\/uploads\/Soap2o-white.svg\",\"contentUrl\":\"https:\/\/soap2o.sk\/wp-content\/uploads\/Soap2o-white.svg\",\"caption\":\"soap2o.sk\"},\"image\":{\"@id\":\"https:\/\/soap2o.sk\/#\/schema\/logo\/image\/\"}}]}<\/script>\n<!-- \/ Yoast SEO plugin. -->","yoast_head_json":{"title":"D\u00e1vkova\u010de - soap2o.sk","robots":{"index":"index","follow":"follow","max-snippet":"max-snippet:-1","max-image-preview":"max-image-preview:large","max-video-preview":"max-video-preview:-1"},"canonical":"https:\/\/soap2o.sk\/de\/produkte\/davkovace\/","og_locale":"de_DE","og_type":"article","og_title":"D\u00e1vkova\u010de - soap2o.sk","og_description":"SOAP\u2082O modern\u00fd a \u0161t\u00fdlov\u00fd manu\u00e1lned\u00e1vkova\u010de poskytuj\u00fa dokonal\u00e9 d\u00e1vkovaniezni\u017euj\u00fa spotrebu o 85 %, \u010do znamen\u00e1 menejn\u00e1plne a \u00faspora n\u00e1kladov. Na\u0161e d\u00e1vkova\u010de s\u00fa vyroben\u00e9 v Spojenom kr\u00e1\u013eovstve partnermiBrightwell z recyklovan\u00e9ho plastu.Kapacita d\u00e1vkova\u010da je 900 ml a 1600 &hellip; D\u00e1vkova\u010de Cel\u00fd \u010dl\u00e1nok","og_url":"https:\/\/soap2o.sk\/de\/produkte\/davkovace\/","og_site_name":"soap2o.sk","article_publisher":"https:\/\/www.facebook.com\/IDrysk\/","article_modified_time":"2022-04-19T14:47:54+00:00","og_image":[{"url":"https:\/\/soap2o.sk\/wp-content\/uploads\/Soap2o-davkovace.jpg"}],"twitter_card":"summary_large_image","twitter_site":"@iDrySKsro","twitter_misc":{"Gesch\u00e4tzte Lesezeit":"1 Minute"},"schema":{"@context":"https:\/\/schema.org","@graph":[{"@type":"WebPage","@id":"https:\/\/soap2o.sk\/produkty\/davkovace\/","url":"https:\/\/soap2o.sk\/produkty\/davkovace\/","name":"D\u00e1vkova\u010de - soap2o.sk","isPartOf":{"@id":"https:\/\/soap2o.sk\/#website"},"datePublished":"2022-03-01T19:37:16+00:00","dateModified":"2022-04-19T14:47:54+00:00","breadcrumb":{"@id":"https:\/\/soap2o.sk\/produkty\/davkovace\/#breadcrumb"},"inLanguage":"de-AT","potentialAction":[{"@type":"ReadAction","target":["https:\/\/soap2o.sk\/produkty\/davkovace\/"]}]},{"@type":"BreadcrumbList","@id":"https:\/\/soap2o.sk\/produkty\/davkovace\/#breadcrumb","itemListElement":[{"@type":"ListItem","position":1,"name":"Home","item":"https:\/\/soap2o.sk\/"},{"@type":"ListItem","position":2,"name":"Produkty","item":"https:\/\/soap2o.sk\/produkty\/"},{"@type":"ListItem","position":3,"name":"D\u00e1vkova\u010de"}]},{"@type":"WebSite","@id":"https:\/\/soap2o.sk\/#website","url":"https:\/\/soap2o.sk\/","name":"soap2o.sk","description":"soap2o.sk","publisher":{"@id":"https:\/\/soap2o.sk\/#organization"},"potentialAction":[{"@type":"SearchAction","target":{"@type":"EntryPoint","urlTemplate":"https:\/\/soap2o.sk\/?s={search_term_string}"},"query-input":"required name=search_term_string"}],"inLanguage":"de-AT"},{"@type":"Organization","@id":"https:\/\/soap2o.sk\/#organization","name":"soap2o.sk","url":"https:\/\/soap2o.sk\/","sameAs":["http:\/\/instagram\/idrysk","https:\/\/www.facebook.com\/IDrysk\/","https:\/\/twitter.com\/iDrySKsro"],"logo":{"@type":"ImageObject","inLanguage":"de-AT","@id":"https:\/\/soap2o.sk\/#\/schema\/logo\/image\/","url":"https:\/\/soap2o.sk\/wp-content\/uploads\/Soap2o-white.svg","contentUrl":"https:\/\/soap2o.sk\/wp-content\/uploads\/Soap2o-white.svg","caption":"soap2o.sk"},"image":{"@id":"https:\/\/soap2o.sk\/#\/schema\/logo\/image\/"}}]}},"featured_image_src":null,"featured_image_src_square":null,"uagb_featured_image_src":{"full":false,"thumbnail":false,"medium":false,"medium_large":false,"large":false,"1536x1536":false,"2048x2048":false,"trp-custom-language-flag":false,"gb-block-post-grid-landscape":false,"gb-block-post-grid-square":false},"uagb_author_info":{"display_name":"administrator","author_link":"https:\/\/soap2o.sk\/de\/author\/administrator\/"},"uagb_comment_info":0,"uagb_excerpt":"SOAP\u2082O modern\u00fd a \u0161t\u00fdlov\u00fd manu\u00e1lned\u00e1vkova\u010de poskytuj\u00fa dokonal\u00e9 d\u00e1vkovaniezni\u017euj\u00fa spotrebu o 85 %, \u010do znamen\u00e1 menejn\u00e1plne a \u00faspora n\u00e1kladov. Na\u0161e d\u00e1vkova\u010de s\u00fa vyroben\u00e9 v Spojenom kr\u00e1\u013eovstve partnermiBrightwell z recyklovan\u00e9ho plastu.Kapacita d\u00e1vkova\u010da je 900 ml a 1600 &hellip; D\u00e1vkova\u010de Cel\u00fd \u010dl\u00e1nok","_links":{"self":[{"href":"https:\/\/soap2o.sk\/de\/wp-json\/wp\/v2\/pages\/11555"}],"collection":[{"href":"https:\/\/soap2o.sk\/de\/wp-json\/wp\/v2\/pages"}],"about":[{"href":"https:\/\/soap2o.sk\/de\/wp-json\/wp\/v2\/types\/page"}],"author":[{"embeddable":true,"href":"https:\/\/soap2o.sk\/de\/wp-json\/wp\/v2\/users\/1"}],"replies":[{"embeddable":true,"href":"https:\/\/soap2o.sk\/de\/wp-json\/wp\/v2\/comments?post=11555"}],"version-history":[{"count":8,"href":"https:\/\/soap2o.sk\/de\/wp-json\/wp\/v2\/pages\/11555\/revisions"}],"predecessor-version":[{"id":11880,"href":"https:\/\/soap2o.sk\/de\/wp-json\/wp\/v2\/pages\/11555\/revisions\/11880"}],"up":[{"embeddable":true,"href":"https:\/\/soap2o.sk\/de\/wp-json\/wp\/v2\/pages\/11574"}],"wp:attachment":[{"href":"https:\/\/soap2o.sk\/de\/wp-json\/wp\/v2\/media?parent=11555"}],"curies":[{"name":"wp","href":"https:\/\/api.w.org\/{rel}","templated":true}]}}