{"id":11593,"date":"2022-03-01T22:43:00","date_gmt":"2022-03-01T21:43:00","guid":{"rendered":"https:\/\/soap2o.sk\/?page_id=11593"},"modified":"2022-03-31T23:13:39","modified_gmt":"2022-03-31T21:13:39","slug":"nas-pribeh","status":"publish","type":"page","link":"https:\/\/soap2o.sk\/de\/us-story\/","title":{"rendered":"Unsere Geschichte"},"content":{"rendered":"<div class=\"wp-block-genesis-blocks-gb-container gb-block-container\"><div class=\"gb-container-inside\"><div class=\"gb-container-content\">\n<section class=\"wp-block-uagb-columns uagb-columns__wrap uagb-columns__background-undefined uagb-columns__stack-mobile uagb-columns__valign-undefined uagb-columns__gap-10 alignundefined uagb-block-29d62076\"><div class=\"uagb-columns__overlay\"><\/div><div class=\"uagb-columns__inner-wrap uagb-columns__columns-2\">\n<div class=\"wp-block-uagb-column uagb-column__wrap uagb-column__background-color uagb-block-129e36ba\"><div class=\"uagb-column__overlay\"><\/div><div class=\"uagb-column__inner-wrap\">\n<div style=\"color:#ddd\" class=\"wp-block-genesis-blocks-gb-spacer gb-block-spacer gb-divider-solid gb-divider-size-1\"><hr style=\"height:50px\"\/><\/div>\n\n\n\n<p><\/p>\n\n\n\n<p><\/p>\n\n\n\n<h2 class=\"has-text-align-right has-white-color has-text-color\">Wie alles begann<\/h2>\n<\/div><\/div>\n\n\n\n<div class=\"wp-block-uagb-column uagb-column__wrap uagb-column__background-color uagb-block-60affac8\"><div class=\"uagb-column__overlay\"><\/div><div class=\"uagb-column__inner-wrap\">\n<div style=\"color:#ddd\" class=\"wp-block-genesis-blocks-gb-spacer gb-block-spacer gb-divider-solid gb-divider-size-1\"><hr style=\"height:50px\"\/><\/div>\n\n\n\n<p class=\"has-white-color has-text-color\">SOAP\u2082O wurde geboren, als unser Gr\u00fcnder Jordan eine gro\u00dfe Marktl\u00fccke bemerkte. Jordan vertrieb w\u00e4hrend der Pandemie 2020 Desinfektionsger\u00e4te. Einige seiner beliebtesten Produkte waren automatische Spender, so dass er st\u00e4ndig nach M\u00f6glichkeiten suchte, sie zu verbessern. Das Testen von Spendern geh\u00f6rte zu seinen t\u00e4glichen Aufgaben, und als es bei den Spendern, die er testete, zu einer Verwechslung kam, hatte er seinen AHA-Moment. Er erwartete zwei automatische Spender, aber seine Bestellung enthielt Gelspender, von denen er annahm, dass sie weder f\u00fcr ihn noch f\u00fcr sein Gesch\u00e4ft geeignet w\u00e4ren. Angesichts seiner Anforderungen und des Bedarfs an den Ger\u00e4ten versuchte Jordan jedoch, die Umst\u00e4nde umzukehren. Er f\u00fcllte Wasser und Handwaschmittel in den Gelspender, um zu sehen, ob er sch\u00e4umen w\u00fcrde... das tat er!<\/p>\n<\/div><\/div>\n<\/div><\/section>\n<\/div><\/div><\/div>\n\n\n\n<div class=\"wp-block-cover alignfull\" style=\"background-color:#ffffff;min-height:450px\"><img loading=\"lazy\" width=\"1800\" height=\"1200\" class=\"wp-block-cover__image-background wp-image-11624\" alt=\"\" src=\"https:\/\/soap2o.sk\/wp-content\/uploads\/soap-2o-our-story.jpg\" data-object-fit=\"cover\" srcset=\"https:\/\/soap2o.sk\/wp-content\/uploads\/soap-2o-our-story.jpg 1800w, https:\/\/soap2o.sk\/wp-content\/uploads\/soap-2o-our-story-300x200.jpg 300w, https:\/\/soap2o.sk\/wp-content\/uploads\/soap-2o-our-story-1024x683.jpg 1024w, https:\/\/soap2o.sk\/wp-content\/uploads\/soap-2o-our-story-768x512.jpg 768w, https:\/\/soap2o.sk\/wp-content\/uploads\/soap-2o-our-story-1536x1024.jpg 1536w, https:\/\/soap2o.sk\/wp-content\/uploads\/soap-2o-our-story-600x400.jpg 600w, https:\/\/soap2o.sk\/wp-content\/uploads\/soap-2o-our-story-64x43.jpg 64w\" sizes=\"(max-width: 1800px) 100vw, 1800px\" \/><div class=\"wp-block-cover__inner-container\">\n<p class=\"has-text-align-center has-large-font-size\"><\/p>\n<\/div><\/div>\n\n\n\n<div class=\"wp-block-genesis-blocks-gb-container gb-block-container\"><div class=\"gb-container-inside\"><div class=\"gb-container-content\">\n<section class=\"wp-block-uagb-columns uagb-columns__wrap uagb-columns__background-undefined uagb-columns__stack-mobile uagb-columns__valign-undefined uagb-columns__gap-10 alignundefined uagb-block-90cf4c3d\"><div class=\"uagb-columns__overlay\"><\/div><div class=\"uagb-columns__inner-wrap uagb-columns__columns-2\">\n<div class=\"wp-block-uagb-column uagb-column__wrap uagb-column__background-color uagb-block-c2093c0c\"><div class=\"uagb-column__overlay\"><\/div><div class=\"uagb-column__inner-wrap\">\n<p>Jordan erkannte, dass wir f\u00fcr alles au\u00dfer f\u00fcr Handseife konzentrierte Fl\u00fcssig- oder Pulverseifen verwenden - eine Marktl\u00fccke wurde erkannt und das SOAP\u2082O-Konzept war geboren. Die n\u00e4chste H\u00fcrde war, ein Produkt auf den Markt zu bringen, das noch nicht entwickelt und vermarktet worden war.<\/p>\n\n\n\n<p>Nachdem die richtigen Leute und Ressourcen gefunden waren, wurden Untersuchungen mit drei Chemieunternehmen durchgef\u00fchrt, und im Mai 2021 wurde eine Partnerschaft geschlossen. SOAP\u2082O kam im September 2021 auf den Markt, als die Seife eingef\u00fchrt wurde, und war sofort ein Erfolg. In nur vier Monaten wurden 250.000 1-Liter-Beutel verkauft, wodurch \u00fcber 50 Tonnen Plastik eingespart wurden, die sonst in das \u00d6kosystem gelangt w\u00e4ren.<\/p>\n\n\n\n<p>Im Jahr 2022 werden wir noch gr\u00f6\u00dfer und besser sein.<\/p>\n\n\n\n<p><strong>VER\u00c4NDERUNG SCHAFFEN, UM DEN PLANETEN ZU RETTEN<\/strong><\/p>\n<\/div><\/div>\n\n\n\n<div class=\"wp-block-uagb-column uagb-column__wrap uagb-column__background-undefined uagb-block-b1e61cae\"><div class=\"uagb-column__overlay\"><\/div><div class=\"uagb-column__inner-wrap\">\n<figure class=\"wp-block-image size-full\"><img loading=\"lazy\" width=\"530\" height=\"508\" src=\"https:\/\/soap2o.sk\/wp-content\/uploads\/nas-pribeh-3-1.jpg\" alt=\"\" class=\"wp-image-11650\" srcset=\"https:\/\/soap2o.sk\/wp-content\/uploads\/nas-pribeh-3-1.jpg 530w, https:\/\/soap2o.sk\/wp-content\/uploads\/nas-pribeh-3-1-300x288.jpg 300w, https:\/\/soap2o.sk\/wp-content\/uploads\/nas-pribeh-3-1-64x61.jpg 64w\" sizes=\"(max-width: 530px) 100vw, 530px\" \/><\/figure>\n<\/div><\/div>\n<\/div><\/section>\n<\/div><\/div><\/div>\n\n\n\n<div class=\"wp-container-5 wp-block-group alignwide has-background\" style=\"background-color:#626438\"><div class=\"wp-block-group__inner-container\">\n<div class=\"wp-container-4 wp-block-columns alignwide are-vertically-aligned-center hp-container\">\n<div class=\"wp-container-1 wp-block-column is-vertically-aligned-center\" style=\"flex-basis:66.66%\">\n<div style=\"color:#ddd\" class=\"wp-block-genesis-blocks-gb-spacer gb-block-spacer gb-divider-solid gb-divider-size-1\"><hr style=\"height:50px\"\/><\/div>\n\n\n\n<h2 class=\"has-text-color\" style=\"color:#ccccca\">VER\u00c4NDERUNG SCHAFFEN, UM DEN PLANETEN ZU RETTEN<\/h2>\n\n\n\n<div style=\"color:#ddd\" class=\"wp-block-genesis-blocks-gb-spacer gb-block-spacer gb-divider-solid gb-divider-size-1\"><hr style=\"height:40px\"\/><\/div>\n\n\n\n<p><\/p>\n<\/div>\n\n\n\n<div class=\"wp-container-3 wp-block-column is-vertically-aligned-center\" style=\"flex-basis:33.33%\">\n<div class=\"wp-container-2 wp-block-buttons is-content-justification-center\">\n<div class=\"wp-block-button\"><a class=\"wp-block-button__link has-black-color has-text-color has-background\" href=\"https:\/\/soap2o.sk\/de\/unsere-mission\/\" style=\"background-color:#ccccca\"><strong>Unser Auftrag<\/strong><\/a><\/div>\n<\/div>\n<\/div>\n<\/div>\n<\/div><\/div>\n\n\n\n<h2 class=\"has-text-align-center has-text-color\" style=\"color:#626438\">Warum wir<\/h2>\n\n\n\n<div style=\"padding-bottom:3%;padding-top:0.5%\" class=\"wp-block-genesis-blocks-gb-container gb-block-container\"><div class=\"gb-container-inside\"><div class=\"gb-container-content\">\n<div class=\"wp-block-nextend-smartslider3 hp-container\"><\/div>\n<\/div><\/div><\/div>","protected":false},"excerpt":{"rendered":"<p>VER\u00c4NDERUNGEN ZUM SCHUTZ DES PLANETEN Warum wir<\/p>","protected":false},"author":1,"featured_media":0,"parent":0,"menu_order":0,"comment_status":"closed","ping_status":"closed","template":"","meta":{"inline_featured_image":false,"site-sidebar-layout":"default","site-content-layout":"default","ast-global-header-display":"","ast-main-header-display":"","ast-hfb-above-header-display":"","ast-hfb-below-header-display":"","ast-hfb-mobile-header-display":"","site-post-title":"disabled","ast-breadcrumbs-content":"","ast-featured-img":"","footer-sml-layout":"","theme-transparent-header-meta":"default","adv-header-id-meta":"","stick-header-meta":"","header-above-stick-meta":"","header-main-stick-meta":"","header-below-stick-meta":""},"yoast_head":"<!-- This site is optimized with the Yoast SEO plugin v19.7.1 - https:\/\/yoast.com\/wordpress\/plugins\/seo\/ -->\n<title>N\u00e1\u0161 pr\u00edbeh - soap2o.sk<\/title>\n<meta name=\"robots\" content=\"index, follow, max-snippet:-1, max-image-preview:large, max-video-preview:-1\" \/>\n<link rel=\"canonical\" href=\"https:\/\/soap2o.sk\/de\/us-story\/\" \/>\n<meta property=\"og:locale\" content=\"de_DE\" \/>\n<meta property=\"og:type\" content=\"article\" \/>\n<meta property=\"og:title\" content=\"N\u00e1\u0161 pr\u00edbeh - soap2o.sk\" \/>\n<meta property=\"og:description\" content=\"TVOR\u00cdME ZMENY NA Z\u00c1CHRANU PLAN\u00c9TY Pre\u010do my\" \/>\n<meta property=\"og:url\" content=\"https:\/\/soap2o.sk\/de\/us-story\/\" \/>\n<meta property=\"og:site_name\" content=\"soap2o.sk\" \/>\n<meta property=\"article:publisher\" content=\"https:\/\/www.facebook.com\/IDrysk\/\" \/>\n<meta property=\"article:modified_time\" content=\"2022-03-31T21:13:39+00:00\" \/>\n<meta property=\"og:image\" content=\"https:\/\/soap2o.sk\/wp-content\/uploads\/soap-2o-our-story.jpg\" \/>\n<meta name=\"twitter:card\" content=\"summary_large_image\" \/>\n<meta name=\"twitter:site\" content=\"@iDrySKsro\" \/>\n<meta name=\"twitter:label1\" content=\"Gesch\u00e4tzte Lesezeit\" \/>\n\t<meta name=\"twitter:data1\" content=\"2 Minuten\" \/>\n<script type=\"application\/ld+json\" class=\"yoast-schema-graph\">{\"@context\":\"https:\/\/schema.org\",\"@graph\":[{\"@type\":\"WebPage\",\"@id\":\"https:\/\/soap2o.sk\/nas-pribeh\/\",\"url\":\"https:\/\/soap2o.sk\/nas-pribeh\/\",\"name\":\"N\u00e1\u0161 pr\u00edbeh - soap2o.sk\",\"isPartOf\":{\"@id\":\"https:\/\/soap2o.sk\/#website\"},\"datePublished\":\"2022-03-01T21:43:00+00:00\",\"dateModified\":\"2022-03-31T21:13:39+00:00\",\"breadcrumb\":{\"@id\":\"https:\/\/soap2o.sk\/nas-pribeh\/#breadcrumb\"},\"inLanguage\":\"de-AT\",\"potentialAction\":[{\"@type\":\"ReadAction\",\"target\":[\"https:\/\/soap2o.sk\/nas-pribeh\/\"]}]},{\"@type\":\"BreadcrumbList\",\"@id\":\"https:\/\/soap2o.sk\/nas-pribeh\/#breadcrumb\",\"itemListElement\":[{\"@type\":\"ListItem\",\"position\":1,\"name\":\"Home\",\"item\":\"https:\/\/soap2o.sk\/\"},{\"@type\":\"ListItem\",\"position\":2,\"name\":\"N\u00e1\u0161 pr\u00edbeh\"}]},{\"@type\":\"WebSite\",\"@id\":\"https:\/\/soap2o.sk\/#website\",\"url\":\"https:\/\/soap2o.sk\/\",\"name\":\"soap2o.sk\",\"description\":\"soap2o.sk\",\"publisher\":{\"@id\":\"https:\/\/soap2o.sk\/#organization\"},\"potentialAction\":[{\"@type\":\"SearchAction\",\"target\":{\"@type\":\"EntryPoint\",\"urlTemplate\":\"https:\/\/soap2o.sk\/?s={search_term_string}\"},\"query-input\":\"required name=search_term_string\"}],\"inLanguage\":\"de-AT\"},{\"@type\":\"Organization\",\"@id\":\"https:\/\/soap2o.sk\/#organization\",\"name\":\"soap2o.sk\",\"url\":\"https:\/\/soap2o.sk\/\",\"sameAs\":[\"http:\/\/instagram\/idrysk\",\"https:\/\/www.facebook.com\/IDrysk\/\",\"https:\/\/twitter.com\/iDrySKsro\"],\"logo\":{\"@type\":\"ImageObject\",\"inLanguage\":\"de-AT\",\"@id\":\"https:\/\/soap2o.sk\/#\/schema\/logo\/image\/\",\"url\":\"https:\/\/soap2o.sk\/wp-content\/uploads\/Soap2o-white.svg\",\"contentUrl\":\"https:\/\/soap2o.sk\/wp-content\/uploads\/Soap2o-white.svg\",\"caption\":\"soap2o.sk\"},\"image\":{\"@id\":\"https:\/\/soap2o.sk\/#\/schema\/logo\/image\/\"}}]}<\/script>\n<!-- \/ Yoast SEO plugin. -->","yoast_head_json":{"title":"N\u00e1\u0161 pr\u00edbeh - soap2o.sk","robots":{"index":"index","follow":"follow","max-snippet":"max-snippet:-1","max-image-preview":"max-image-preview:large","max-video-preview":"max-video-preview:-1"},"canonical":"https:\/\/soap2o.sk\/de\/us-story\/","og_locale":"de_DE","og_type":"article","og_title":"N\u00e1\u0161 pr\u00edbeh - soap2o.sk","og_description":"TVOR\u00cdME ZMENY NA Z\u00c1CHRANU PLAN\u00c9TY Pre\u010do my","og_url":"https:\/\/soap2o.sk\/de\/us-story\/","og_site_name":"soap2o.sk","article_publisher":"https:\/\/www.facebook.com\/IDrysk\/","article_modified_time":"2022-03-31T21:13:39+00:00","og_image":[{"url":"https:\/\/soap2o.sk\/wp-content\/uploads\/soap-2o-our-story.jpg"}],"twitter_card":"summary_large_image","twitter_site":"@iDrySKsro","twitter_misc":{"Gesch\u00e4tzte Lesezeit":"2 Minuten"},"schema":{"@context":"https:\/\/schema.org","@graph":[{"@type":"WebPage","@id":"https:\/\/soap2o.sk\/nas-pribeh\/","url":"https:\/\/soap2o.sk\/nas-pribeh\/","name":"N\u00e1\u0161 pr\u00edbeh - soap2o.sk","isPartOf":{"@id":"https:\/\/soap2o.sk\/#website"},"datePublished":"2022-03-01T21:43:00+00:00","dateModified":"2022-03-31T21:13:39+00:00","breadcrumb":{"@id":"https:\/\/soap2o.sk\/nas-pribeh\/#breadcrumb"},"inLanguage":"de-AT","potentialAction":[{"@type":"ReadAction","target":["https:\/\/soap2o.sk\/nas-pribeh\/"]}]},{"@type":"BreadcrumbList","@id":"https:\/\/soap2o.sk\/nas-pribeh\/#breadcrumb","itemListElement":[{"@type":"ListItem","position":1,"name":"Home","item":"https:\/\/soap2o.sk\/"},{"@type":"ListItem","position":2,"name":"N\u00e1\u0161 pr\u00edbeh"}]},{"@type":"WebSite","@id":"https:\/\/soap2o.sk\/#website","url":"https:\/\/soap2o.sk\/","name":"soap2o.sk","description":"soap2o.sk","publisher":{"@id":"https:\/\/soap2o.sk\/#organization"},"potentialAction":[{"@type":"SearchAction","target":{"@type":"EntryPoint","urlTemplate":"https:\/\/soap2o.sk\/?s={search_term_string}"},"query-input":"required name=search_term_string"}],"inLanguage":"de-AT"},{"@type":"Organization","@id":"https:\/\/soap2o.sk\/#organization","name":"soap2o.sk","url":"https:\/\/soap2o.sk\/","sameAs":["http:\/\/instagram\/idrysk","https:\/\/www.facebook.com\/IDrysk\/","https:\/\/twitter.com\/iDrySKsro"],"logo":{"@type":"ImageObject","inLanguage":"de-AT","@id":"https:\/\/soap2o.sk\/#\/schema\/logo\/image\/","url":"https:\/\/soap2o.sk\/wp-content\/uploads\/Soap2o-white.svg","contentUrl":"https:\/\/soap2o.sk\/wp-content\/uploads\/Soap2o-white.svg","caption":"soap2o.sk"},"image":{"@id":"https:\/\/soap2o.sk\/#\/schema\/logo\/image\/"}}]}},"featured_image_src":null,"featured_image_src_square":null,"uagb_featured_image_src":{"full":false,"thumbnail":false,"medium":false,"medium_large":false,"large":false,"1536x1536":false,"2048x2048":false,"trp-custom-language-flag":false,"gb-block-post-grid-landscape":false,"gb-block-post-grid-square":false},"uagb_author_info":{"display_name":"administrator","author_link":"https:\/\/soap2o.sk\/de\/author\/administrator\/"},"uagb_comment_info":0,"uagb_excerpt":"TVOR\u00cdME ZMENY NA Z\u00c1CHRANU PLAN\u00c9TY Pre\u010do my","_links":{"self":[{"href":"https:\/\/soap2o.sk\/de\/wp-json\/wp\/v2\/pages\/11593"}],"collection":[{"href":"https:\/\/soap2o.sk\/de\/wp-json\/wp\/v2\/pages"}],"about":[{"href":"https:\/\/soap2o.sk\/de\/wp-json\/wp\/v2\/types\/page"}],"author":[{"embeddable":true,"href":"https:\/\/soap2o.sk\/de\/wp-json\/wp\/v2\/users\/1"}],"replies":[{"embeddable":true,"href":"https:\/\/soap2o.sk\/de\/wp-json\/wp\/v2\/comments?post=11593"}],"version-history":[{"count":55,"href":"https:\/\/soap2o.sk\/de\/wp-json\/wp\/v2\/pages\/11593\/revisions"}],"predecessor-version":[{"id":11839,"href":"https:\/\/soap2o.sk\/de\/wp-json\/wp\/v2\/pages\/11593\/revisions\/11839"}],"wp:attachment":[{"href":"https:\/\/soap2o.sk\/de\/wp-json\/wp\/v2\/media?parent=11593"}],"curies":[{"name":"wp","href":"https:\/\/api.w.org\/{rel}","templated":true}]}}