{"id":11672,"date":"2022-03-02T00:27:09","date_gmt":"2022-03-01T23:27:09","guid":{"rendered":"https:\/\/soap2o.sk\/?page_id=11672"},"modified":"2022-03-31T23:13:39","modified_gmt":"2022-03-31T21:13:39","slug":"nase-poslanie","status":"publish","type":"page","link":"https:\/\/soap2o.sk\/de\/unsere-mission\/","title":{"rendered":"Unser Auftrag"},"content":{"rendered":"<div class=\"wp-block-genesis-blocks-gb-container gb-block-container\"><div class=\"gb-container-inside\"><div class=\"gb-container-content\">\n<section class=\"wp-block-uagb-columns uagb-columns__wrap uagb-columns__background-undefined uagb-columns__stack-mobile uagb-columns__valign-undefined uagb-columns__gap-10 alignundefined uagb-block-820f6c0b\"><div class=\"uagb-columns__overlay\"><\/div><div class=\"uagb-columns__inner-wrap uagb-columns__columns-2\">\n<div class=\"wp-block-uagb-column uagb-column__wrap uagb-column__background-color uagb-block-1293f008\"><div class=\"uagb-column__overlay\"><\/div><div class=\"uagb-column__inner-wrap\">\n<div style=\"color:#ddd\" class=\"wp-block-genesis-blocks-gb-spacer gb-block-spacer gb-divider-solid gb-divider-size-1\"><hr style=\"height:50px\"\/><\/div>\n\n\n\n<p><\/p>\n\n\n\n<p><\/p>\n\n\n\n<h2 class=\"has-text-align-right has-white-color has-text-color\">Unser Auftrag<\/h2>\n<\/div><\/div>\n\n\n\n<div class=\"wp-block-uagb-column uagb-column__wrap uagb-column__background-color uagb-block-d98d357a\"><div class=\"uagb-column__overlay\"><\/div><div class=\"uagb-column__inner-wrap\">\n<div style=\"color:#ddd\" class=\"wp-block-genesis-blocks-gb-spacer gb-block-spacer gb-divider-solid gb-divider-size-1\"><hr style=\"height:50px\"\/><\/div>\n\n\n\n<p class=\"has-white-color has-text-color\">Unsere Mission bei SOAP\u2082O ist es, bahnbrechende Innovationen zu schaffen und die Seifenindustrie, wie wir sie kennen, zu ver\u00e4ndern. Wir wollen nicht weiterhin Einwegplastik in Massenproduktion herstellen. Deshalb haben wir eine plastikfreie L\u00f6sung entwickelt, um es vollst\u00e4ndig aus unseren Seifenprodukten zu verbannen.<\/p>\n\n\n\n<p class=\"has-white-color has-text-color\">SOAP\u2082O-Produkte sind in wasserl\u00f6slicher PVA-Folie verpackt. Der Kunde muss keinen Abfall wegwerfen und die Verpackung ist 100% recycelbar.<\/p>\n\n\n\n<p class=\"has-white-color has-text-color\"><strong>Wir leisten einen Beitrag zur Rettung des Planeten. Wir k\u00f6nnen nur hoffen, dass andere uns folgen werden.<\/strong><\/p>\n<\/div><\/div>\n<\/div><\/section>\n<\/div><\/div><\/div>\n\n\n\n<div class=\"wp-block-cover alignfull\" style=\"background-color:#ffffff;min-height:450px\"><img loading=\"lazy\" width=\"1500\" height=\"999\" class=\"wp-block-cover__image-background wp-image-11678\" alt=\"\" src=\"https:\/\/soap2o.sk\/wp-content\/uploads\/sand-meeting-waves.png\" data-object-fit=\"cover\" srcset=\"https:\/\/soap2o.sk\/wp-content\/uploads\/sand-meeting-waves.png 1500w, https:\/\/soap2o.sk\/wp-content\/uploads\/sand-meeting-waves-300x200.png 300w, https:\/\/soap2o.sk\/wp-content\/uploads\/sand-meeting-waves-1024x682.png 1024w, https:\/\/soap2o.sk\/wp-content\/uploads\/sand-meeting-waves-768x511.png 768w, https:\/\/soap2o.sk\/wp-content\/uploads\/sand-meeting-waves-600x400.png 600w, https:\/\/soap2o.sk\/wp-content\/uploads\/sand-meeting-waves-64x43.png 64w\" sizes=\"(max-width: 1500px) 100vw, 1500px\" \/><div class=\"wp-block-cover__inner-container\">\n<p class=\"has-text-align-center has-large-font-size\"><\/p>\n<\/div><\/div>\n\n\n\n<div class=\"wp-container-2 wp-block-group alignfull\"><div class=\"wp-block-group__inner-container\">\n<div class=\"wp-container-1 wp-block-group alignfull has-white-background-color has-background\"><div class=\"wp-block-group__inner-container\">\n<div class=\"wp-block-media-text alignwide has-media-on-the-right is-stacked-on-mobile is-vertically-aligned-center\" style=\"grid-template-columns:auto 49%\"><figure class=\"wp-block-media-text__media\"><img loading=\"lazy\" width=\"500\" height=\"497\" src=\"http:\/\/soap2o.sk\/wp-content\/uploads\/Soap2o.SafrinaSmith-2.jpg\" alt=\"\" class=\"wp-image-11531 size-full\" srcset=\"https:\/\/soap2o.sk\/wp-content\/uploads\/Soap2o.SafrinaSmith-2.jpg 500w, https:\/\/soap2o.sk\/wp-content\/uploads\/Soap2o.SafrinaSmith-2-300x298.jpg 300w, https:\/\/soap2o.sk\/wp-content\/uploads\/Soap2o.SafrinaSmith-2-150x150.jpg 150w, https:\/\/soap2o.sk\/wp-content\/uploads\/Soap2o.SafrinaSmith-2-100x100.jpg 100w, https:\/\/soap2o.sk\/wp-content\/uploads\/Soap2o.SafrinaSmith-2-64x64.jpg 64w\" sizes=\"(max-width: 500px) 100vw, 500px\" \/><\/figure><div class=\"wp-block-media-text__content\">\n<p><strong>Die Umweltkrise, wie wir sie kennen<\/strong><\/p>\n\n\n\n<p>Im Jahr 2022 stehen wir vor 10 gro\u00dfen \u00f6kologischen Herausforderungen<\/p>\n\n\n\n<ul><li>Der Klimawandel<\/li><li>Elektrizit\u00e4tserzeugung<\/li><li>Wasser<\/li><li>Biologische Vielfalt und Landnutzung<\/li><li>Chemikalien, toxische Stoffe und Schwermetalle<\/li><li>Luftverschmutzung<\/li><li>Abfallwirtschaft<\/li><li>Zerst\u00f6rung der Ozonschicht<\/li><li>Meere und Fischerei<\/li><li>Abholzung<\/li><\/ul>\n\n\n\n<p>Wir haben SOAP\u2082O entwickelt, um ein alternatives Produkt anzubieten, das die Auswirkungen auf die Seifenindustrie und den Planeten reduziert. Wir haben eine Marktl\u00fccke gefunden und sehen Tag f\u00fcr Tag, welche positiven Auswirkungen unser Produkt hat. Letztes Jahr hat SOAP\u2082O innerhalb von vier Monaten 250.000 Plastikflaschen eingespart, die sonst auf der M\u00fclldeponie gelandet w\u00e4ren, das sind stolze 50,4 Tonnen Plastik.<\/p>\n\n\n\n<p><strong>Letztes Jahr hat SOAP\u2082O in nur 4 Monaten 250.000 Plastikflaschen eingespart, die auf der M\u00fclldeponie gelandet w\u00e4ren, und wir haben unglaubliche 50,4 Tonnen Plastik eingespart.<\/strong><\/p>\n<\/div><\/div>\n<\/div><\/div>\n\n\n\n<div style=\"padding-top:1%\" class=\"wp-block-genesis-blocks-gb-container gb-block-container\"><div class=\"gb-container-inside\"><div class=\"gb-container-content\">\n<h2 class=\"has-text-align-center has-text-color\" style=\"color:#626438\">Warum wir?<\/h2>\n<\/div><\/div><\/div>\n\n\n\n<p><\/p>\n<\/div><\/div>\n\n\n\n<div style=\"padding-bottom:3%;padding-top:0.5%\" class=\"wp-block-genesis-blocks-gb-container gb-block-container\"><div class=\"gb-container-inside\"><div class=\"gb-container-content\">\n<div class=\"wp-block-nextend-smartslider3 hp-container\"><\/div>\n<\/div><\/div><\/div>","protected":false},"excerpt":{"rendered":"<p>Die Umweltkrise, wie wir sie kennen Im Jahr 2022 stehen wir vor 10 gro\u00dfen Umweltherausforderungen Klimawandel Stromerzeugung Wasser Artenvielfalt und Landnutzung Chemikalien, Giftstoffe und Schwermetalle Luftverschmutzung Management von ...<\/p>\n<p class=\"read-more\"> <a class=\"ast-button\" href=\"https:\/\/soap2o.sk\/de\/unsere-mission\/\"> <span class=\"screen-reader-text\">Unser Auftrag<\/span> Vollst\u00e4ndiger Artikel<\/a><\/p>","protected":false},"author":1,"featured_media":0,"parent":0,"menu_order":0,"comment_status":"closed","ping_status":"closed","template":"","meta":{"inline_featured_image":false,"site-sidebar-layout":"default","site-content-layout":"default","ast-global-header-display":"","ast-main-header-display":"","ast-hfb-above-header-display":"","ast-hfb-below-header-display":"","ast-hfb-mobile-header-display":"","site-post-title":"disabled","ast-breadcrumbs-content":"","ast-featured-img":"","footer-sml-layout":"","theme-transparent-header-meta":"default","adv-header-id-meta":"","stick-header-meta":"","header-above-stick-meta":"","header-main-stick-meta":"","header-below-stick-meta":""},"yoast_head":"<!-- This site is optimized with the Yoast SEO plugin v19.7.1 - https:\/\/yoast.com\/wordpress\/plugins\/seo\/ -->\n<title>Na\u0161e poslanie - soap2o.sk<\/title>\n<meta name=\"robots\" content=\"index, follow, max-snippet:-1, max-image-preview:large, max-video-preview:-1\" \/>\n<link rel=\"canonical\" href=\"https:\/\/soap2o.sk\/de\/unsere-mission\/\" \/>\n<meta property=\"og:locale\" content=\"de_DE\" \/>\n<meta property=\"og:type\" content=\"article\" \/>\n<meta property=\"og:title\" content=\"Na\u0161e poslanie - soap2o.sk\" \/>\n<meta property=\"og:description\" content=\"Environment\u00e1lna kr\u00edza, ako ju pozn\u00e1me V roku 2022 v s\u00fa\u010dasnosti \u010del\u00edme 10 hlavn\u00fdm environment\u00e1lnym probl\u00e9mom Zmena podnebia V\u00fdroba elektrickej energie Voda Biodiverzita a vyu\u017eitie p\u00f4dy Chemik\u00e1lie, toxick\u00e9 l\u00e1tky a \u0165a\u017ek\u00e9 kovy Zne\u010distenie vzduchu Nakladanie s &hellip; Na\u0161e poslanie Cel\u00fd \u010dl\u00e1nok\" \/>\n<meta property=\"og:url\" content=\"https:\/\/soap2o.sk\/de\/unsere-mission\/\" \/>\n<meta property=\"og:site_name\" content=\"soap2o.sk\" \/>\n<meta property=\"article:publisher\" content=\"https:\/\/www.facebook.com\/IDrysk\/\" \/>\n<meta property=\"article:modified_time\" content=\"2022-03-31T21:13:39+00:00\" \/>\n<meta property=\"og:image\" content=\"https:\/\/soap2o.sk\/wp-content\/uploads\/sand-meeting-waves.png\" \/>\n<meta name=\"twitter:card\" content=\"summary_large_image\" \/>\n<meta name=\"twitter:site\" content=\"@iDrySKsro\" \/>\n<meta name=\"twitter:label1\" content=\"Gesch\u00e4tzte Lesezeit\" \/>\n\t<meta name=\"twitter:data1\" content=\"2 Minuten\" \/>\n<script type=\"application\/ld+json\" class=\"yoast-schema-graph\">{\"@context\":\"https:\/\/schema.org\",\"@graph\":[{\"@type\":\"WebPage\",\"@id\":\"https:\/\/soap2o.sk\/nase-poslanie\/\",\"url\":\"https:\/\/soap2o.sk\/nase-poslanie\/\",\"name\":\"Na\u0161e poslanie - soap2o.sk\",\"isPartOf\":{\"@id\":\"https:\/\/soap2o.sk\/#website\"},\"datePublished\":\"2022-03-01T23:27:09+00:00\",\"dateModified\":\"2022-03-31T21:13:39+00:00\",\"breadcrumb\":{\"@id\":\"https:\/\/soap2o.sk\/nase-poslanie\/#breadcrumb\"},\"inLanguage\":\"de-AT\",\"potentialAction\":[{\"@type\":\"ReadAction\",\"target\":[\"https:\/\/soap2o.sk\/nase-poslanie\/\"]}]},{\"@type\":\"BreadcrumbList\",\"@id\":\"https:\/\/soap2o.sk\/nase-poslanie\/#breadcrumb\",\"itemListElement\":[{\"@type\":\"ListItem\",\"position\":1,\"name\":\"Home\",\"item\":\"https:\/\/soap2o.sk\/\"},{\"@type\":\"ListItem\",\"position\":2,\"name\":\"Na\u0161e poslanie\"}]},{\"@type\":\"WebSite\",\"@id\":\"https:\/\/soap2o.sk\/#website\",\"url\":\"https:\/\/soap2o.sk\/\",\"name\":\"soap2o.sk\",\"description\":\"soap2o.sk\",\"publisher\":{\"@id\":\"https:\/\/soap2o.sk\/#organization\"},\"potentialAction\":[{\"@type\":\"SearchAction\",\"target\":{\"@type\":\"EntryPoint\",\"urlTemplate\":\"https:\/\/soap2o.sk\/?s={search_term_string}\"},\"query-input\":\"required name=search_term_string\"}],\"inLanguage\":\"de-AT\"},{\"@type\":\"Organization\",\"@id\":\"https:\/\/soap2o.sk\/#organization\",\"name\":\"soap2o.sk\",\"url\":\"https:\/\/soap2o.sk\/\",\"sameAs\":[\"http:\/\/instagram\/idrysk\",\"https:\/\/www.facebook.com\/IDrysk\/\",\"https:\/\/twitter.com\/iDrySKsro\"],\"logo\":{\"@type\":\"ImageObject\",\"inLanguage\":\"de-AT\",\"@id\":\"https:\/\/soap2o.sk\/#\/schema\/logo\/image\/\",\"url\":\"https:\/\/soap2o.sk\/wp-content\/uploads\/Soap2o-white.svg\",\"contentUrl\":\"https:\/\/soap2o.sk\/wp-content\/uploads\/Soap2o-white.svg\",\"caption\":\"soap2o.sk\"},\"image\":{\"@id\":\"https:\/\/soap2o.sk\/#\/schema\/logo\/image\/\"}}]}<\/script>\n<!-- \/ Yoast SEO plugin. -->","yoast_head_json":{"title":"Na\u0161e poslanie - soap2o.sk","robots":{"index":"index","follow":"follow","max-snippet":"max-snippet:-1","max-image-preview":"max-image-preview:large","max-video-preview":"max-video-preview:-1"},"canonical":"https:\/\/soap2o.sk\/de\/unsere-mission\/","og_locale":"de_DE","og_type":"article","og_title":"Na\u0161e poslanie - soap2o.sk","og_description":"Environment\u00e1lna kr\u00edza, ako ju pozn\u00e1me V roku 2022 v s\u00fa\u010dasnosti \u010del\u00edme 10 hlavn\u00fdm environment\u00e1lnym probl\u00e9mom Zmena podnebia V\u00fdroba elektrickej energie Voda Biodiverzita a vyu\u017eitie p\u00f4dy Chemik\u00e1lie, toxick\u00e9 l\u00e1tky a \u0165a\u017ek\u00e9 kovy Zne\u010distenie vzduchu Nakladanie s &hellip; Na\u0161e poslanie Cel\u00fd \u010dl\u00e1nok","og_url":"https:\/\/soap2o.sk\/de\/unsere-mission\/","og_site_name":"soap2o.sk","article_publisher":"https:\/\/www.facebook.com\/IDrysk\/","article_modified_time":"2022-03-31T21:13:39+00:00","og_image":[{"url":"https:\/\/soap2o.sk\/wp-content\/uploads\/sand-meeting-waves.png"}],"twitter_card":"summary_large_image","twitter_site":"@iDrySKsro","twitter_misc":{"Gesch\u00e4tzte Lesezeit":"2 Minuten"},"schema":{"@context":"https:\/\/schema.org","@graph":[{"@type":"WebPage","@id":"https:\/\/soap2o.sk\/nase-poslanie\/","url":"https:\/\/soap2o.sk\/nase-poslanie\/","name":"Na\u0161e poslanie - soap2o.sk","isPartOf":{"@id":"https:\/\/soap2o.sk\/#website"},"datePublished":"2022-03-01T23:27:09+00:00","dateModified":"2022-03-31T21:13:39+00:00","breadcrumb":{"@id":"https:\/\/soap2o.sk\/nase-poslanie\/#breadcrumb"},"inLanguage":"de-AT","potentialAction":[{"@type":"ReadAction","target":["https:\/\/soap2o.sk\/nase-poslanie\/"]}]},{"@type":"BreadcrumbList","@id":"https:\/\/soap2o.sk\/nase-poslanie\/#breadcrumb","itemListElement":[{"@type":"ListItem","position":1,"name":"Home","item":"https:\/\/soap2o.sk\/"},{"@type":"ListItem","position":2,"name":"Na\u0161e poslanie"}]},{"@type":"WebSite","@id":"https:\/\/soap2o.sk\/#website","url":"https:\/\/soap2o.sk\/","name":"soap2o.sk","description":"soap2o.sk","publisher":{"@id":"https:\/\/soap2o.sk\/#organization"},"potentialAction":[{"@type":"SearchAction","target":{"@type":"EntryPoint","urlTemplate":"https:\/\/soap2o.sk\/?s={search_term_string}"},"query-input":"required name=search_term_string"}],"inLanguage":"de-AT"},{"@type":"Organization","@id":"https:\/\/soap2o.sk\/#organization","name":"soap2o.sk","url":"https:\/\/soap2o.sk\/","sameAs":["http:\/\/instagram\/idrysk","https:\/\/www.facebook.com\/IDrysk\/","https:\/\/twitter.com\/iDrySKsro"],"logo":{"@type":"ImageObject","inLanguage":"de-AT","@id":"https:\/\/soap2o.sk\/#\/schema\/logo\/image\/","url":"https:\/\/soap2o.sk\/wp-content\/uploads\/Soap2o-white.svg","contentUrl":"https:\/\/soap2o.sk\/wp-content\/uploads\/Soap2o-white.svg","caption":"soap2o.sk"},"image":{"@id":"https:\/\/soap2o.sk\/#\/schema\/logo\/image\/"}}]}},"featured_image_src":null,"featured_image_src_square":null,"uagb_featured_image_src":{"full":false,"thumbnail":false,"medium":false,"medium_large":false,"large":false,"1536x1536":false,"2048x2048":false,"trp-custom-language-flag":false,"gb-block-post-grid-landscape":false,"gb-block-post-grid-square":false},"uagb_author_info":{"display_name":"administrator","author_link":"https:\/\/soap2o.sk\/de\/author\/administrator\/"},"uagb_comment_info":0,"uagb_excerpt":"Environment\u00e1lna kr\u00edza, ako ju pozn\u00e1me V roku 2022 v s\u00fa\u010dasnosti \u010del\u00edme 10 hlavn\u00fdm environment\u00e1lnym probl\u00e9mom Zmena podnebia V\u00fdroba elektrickej energie Voda Biodiverzita a vyu\u017eitie p\u00f4dy Chemik\u00e1lie, toxick\u00e9 l\u00e1tky a \u0165a\u017ek\u00e9 kovy Zne\u010distenie vzduchu Nakladanie s &hellip; Na\u0161e poslanie Cel\u00fd \u010dl\u00e1nok","_links":{"self":[{"href":"https:\/\/soap2o.sk\/de\/wp-json\/wp\/v2\/pages\/11672"}],"collection":[{"href":"https:\/\/soap2o.sk\/de\/wp-json\/wp\/v2\/pages"}],"about":[{"href":"https:\/\/soap2o.sk\/de\/wp-json\/wp\/v2\/types\/page"}],"author":[{"embeddable":true,"href":"https:\/\/soap2o.sk\/de\/wp-json\/wp\/v2\/users\/1"}],"replies":[{"embeddable":true,"href":"https:\/\/soap2o.sk\/de\/wp-json\/wp\/v2\/comments?post=11672"}],"version-history":[{"count":24,"href":"https:\/\/soap2o.sk\/de\/wp-json\/wp\/v2\/pages\/11672\/revisions"}],"predecessor-version":[{"id":11845,"href":"https:\/\/soap2o.sk\/de\/wp-json\/wp\/v2\/pages\/11672\/revisions\/11845"}],"wp:attachment":[{"href":"https:\/\/soap2o.sk\/de\/wp-json\/wp\/v2\/media?parent=11672"}],"curies":[{"name":"wp","href":"https:\/\/api.w.org\/{rel}","templated":true}]}}