{"id":11314,"date":"2022-02-28T18:58:21","date_gmt":"2022-02-28T17:58:21","guid":{"rendered":"https:\/\/soap2o.sk\/?page_id=11314"},"modified":"2023-10-16T15:03:54","modified_gmt":"2023-10-16T13:03:54","slug":"vyhody","status":"publish","type":"page","link":"https:\/\/soap2o.sk\/en\/benefits\/","title":{"rendered":"Benefits"},"content":{"rendered":"<div class=\"wp-block-cover alignfull is-position-center-center\" style=\"min-height:750px\"><span aria-hidden=\"true\" class=\"wp-block-cover__background has-background-dim-10 has-background-dim\"><\/span><img loading=\"lazy\" width=\"1500\" height=\"1000\" class=\"wp-block-cover__image-background wp-image-11706\" alt=\"\" src=\"https:\/\/soap2o.sk\/wp-content\/uploads\/Beach-original-1.jpg\" data-object-fit=\"cover\" srcset=\"https:\/\/soap2o.sk\/wp-content\/uploads\/Beach-original-1.jpg 1500w, https:\/\/soap2o.sk\/wp-content\/uploads\/Beach-original-1-300x200.jpg 300w, https:\/\/soap2o.sk\/wp-content\/uploads\/Beach-original-1-1024x683.jpg 1024w, https:\/\/soap2o.sk\/wp-content\/uploads\/Beach-original-1-768x512.jpg 768w, https:\/\/soap2o.sk\/wp-content\/uploads\/Beach-original-1-600x400.jpg 600w, https:\/\/soap2o.sk\/wp-content\/uploads\/Beach-original-1-64x43.jpg 64w\" sizes=\"(max-width: 1500px) 100vw, 1500px\" \/><div class=\"wp-block-cover__inner-container\">\n<div class=\"wp-container-3 wp-block-columns alignwide are-vertically-aligned-center hp-container\">\n<div class=\"wp-container-1 wp-block-column is-vertically-aligned-center\" style=\"flex-basis:35%\">\n<h2 class=\"has-white-color has-text-color\">The environment is at the forefront of all our processes<\/h2>\n<\/div>\n\n\n\n<div class=\"wp-container-2 wp-block-column is-vertically-aligned-center\"><\/div>\n<\/div>\n<\/div><\/div>\n\n\n\n<div style=\"color:#ddd\" class=\"wp-block-genesis-blocks-gb-spacer gb-block-spacer gb-divider-solid gb-divider-size-1\"><hr style=\"height:30px\"\/><\/div>\n\n\n\n<div class=\"inherit-container-width wp-container-5 wp-block-group alignfull hp-container\"><div class=\"wp-block-group__inner-container\">\n<div class=\"inherit-container-width wp-container-4 wp-block-group alignwide has-white-background-color has-background\"><div class=\"wp-block-group__inner-container\">\n<div class=\"wp-block-media-text alignwide is-stacked-on-mobile is-vertically-aligned-center has-background\" style=\"background-color:#9f9c87;grid-template-columns:49% auto\"><figure class=\"wp-block-media-text__media\"><img loading=\"lazy\" width=\"600\" height=\"581\" src=\"https:\/\/soap2o.sk\/wp-content\/uploads\/thick-forest.jpg\" alt=\"\" class=\"wp-image-11709 size-full\" srcset=\"https:\/\/soap2o.sk\/wp-content\/uploads\/thick-forest.jpg 600w, https:\/\/soap2o.sk\/wp-content\/uploads\/thick-forest-300x291.jpg 300w, https:\/\/soap2o.sk\/wp-content\/uploads\/thick-forest-64x62.jpg 64w\" sizes=\"(max-width: 600px) 100vw, 600px\" \/><\/figure><div class=\"wp-block-media-text__content\">\n<h2 class=\"has-white-color has-text-color\">Environmental benefits<\/h2>\n\n\n\n<p class=\"has-white-color has-text-color\">For us at SOAP\u2082O, respect for the environment is at the forefront of all our goals. We strive to reduce the amount of single-use plastics in the soap industry and have as little negative impact on the environment as possible. Our mission is to become a leading manufacturer of efficient and cost-effective soap concentrate, packaged in water-soluble (PVA) capsules, manufactured to the highest possible ethical standards.<\/p>\n<\/div><\/div>\n<\/div><\/div>\n\n\n\n<p><\/p>\n<\/div><\/div>\n\n\n\n<div class=\"inherit-container-width wp-container-10 wp-block-group alignwide has-background\" style=\"background-color:#2b2b2a\"><div class=\"wp-block-group__inner-container\">\n<div class=\"wp-container-9 wp-block-columns alignwide are-vertically-aligned-center hp-container\">\n<div class=\"wp-container-6 wp-block-column is-vertically-aligned-center\" style=\"flex-basis:66.66%\">\n<div style=\"color:#ddd\" class=\"wp-block-genesis-blocks-gb-spacer gb-block-spacer gb-divider-solid gb-divider-size-1\"><hr style=\"height:50px\"\/><\/div>\n\n\n\n<h2 class=\"has-text-color\" style=\"color:#ccccca\">CREATING CHANGE TO SAVE THE PLANET<\/h2>\n\n\n\n<div style=\"color:#ddd\" class=\"wp-block-genesis-blocks-gb-spacer gb-block-spacer gb-divider-solid gb-divider-size-1\"><hr style=\"height:40px\"\/><\/div>\n\n\n\n<p><\/p>\n<\/div>\n\n\n\n<div class=\"wp-container-8 wp-block-column is-vertically-aligned-center\" style=\"flex-basis:33.33%\">\n<div class=\"wp-container-7 is-horizontal is-content-justification-center wp-block-buttons\">\n<div class=\"wp-block-button\"><a class=\"wp-block-button__link has-background\" href=\"https:\/\/soap2o.sk\/en\/our-mission\/\" style=\"background-color:#626438\">Our mission<\/a><\/div>\n<\/div>\n<\/div>\n<\/div>\n<\/div><\/div>\n\n\n\n<div class=\"inherit-container-width wp-container-12 wp-block-group alignfull hp-container\"><div class=\"wp-block-group__inner-container\">\n<div class=\"inherit-container-width wp-container-11 wp-block-group alignwide has-white-background-color has-background\"><div class=\"wp-block-group__inner-container\">\n<div class=\"wp-block-media-text alignwide has-media-on-the-right is-stacked-on-mobile is-vertically-aligned-center ptb50 has-background\" style=\"background-color:#2b2b2a;grid-template-columns:auto 49%\"><figure class=\"wp-block-media-text__media\"><img loading=\"lazy\" width=\"600\" height=\"599\" src=\"https:\/\/soap2o.sk\/wp-content\/uploads\/underwater.jpg\" alt=\"\" class=\"wp-image-11716 size-full\" srcset=\"https:\/\/soap2o.sk\/wp-content\/uploads\/underwater.jpg 600w, https:\/\/soap2o.sk\/wp-content\/uploads\/underwater-300x300.jpg 300w, https:\/\/soap2o.sk\/wp-content\/uploads\/underwater-150x150.jpg 150w, https:\/\/soap2o.sk\/wp-content\/uploads\/underwater-310x310.jpg 310w, https:\/\/soap2o.sk\/wp-content\/uploads\/underwater-100x100.jpg 100w, https:\/\/soap2o.sk\/wp-content\/uploads\/underwater-64x64.jpg 64w\" sizes=\"(max-width: 600px) 100vw, 600px\" \/><\/figure><div class=\"wp-block-media-text__content\">\n<h2 class=\"has-white-color has-text-color\">We do not transport water<\/h2>\n\n\n\n<p class=\"has-white-color has-text-color\">Natural resources are scarce and we always try to minimize them in the design and manufacture of our products. With SOAP\u2082O systems, no water is transported, so the volume and weight of products transported is low. This might seem like a small advantage, but you'd be surprised how much it reduces emissions with fewer transport miles and more capacity in transit.<\/p>\n\n\n\n<p class=\"has-white-color has-text-color\">The entire pallet of 5 litres of liquid concentrate can be replaced by 4 packs of our product. All 5 litre containers would go to waste.<\/p>\n\n\n\n<ul class=\"has-white-color has-text-color\"><li><mark style=\"background-color:rgba(0, 0, 0, 0)\" class=\"has-inline-color has-white-color\">Just add water... don't transport it<\/mark><\/li><li><mark style=\"background-color:rgba(0, 0, 0, 0)\" class=\"has-inline-color has-white-color\">Zero waste<\/mark><\/li><li><mark style=\"background-color:rgba(0, 0, 0, 0)\" class=\"has-inline-color has-white-color\">Ethical accreditation<\/mark><\/li><li><mark style=\"background-color:rgba(0, 0, 0, 0)\" class=\"has-inline-color has-white-color\">Low transport emissions<\/mark><\/li><li><mark style=\"background-color:rgba(0, 0, 0, 0)\" class=\"has-inline-color has-white-color\">Light weight<\/mark><\/li><li><mark style=\"background-color:rgba(0, 0, 0, 0)\" class=\"has-inline-color has-white-color\">Global Standards<\/mark><\/li><li><mark style=\"background-color:rgba(0, 0, 0, 0)\" class=\"has-inline-color has-white-color\">Add water at the point of use<\/mark><\/li><\/ul>\n<\/div><\/div>\n<\/div><\/div>\n\n\n\n<p><\/p>\n<\/div><\/div>\n\n\n\n<div class=\"inherit-container-width wp-container-14 wp-block-group alignfull hp-container\"><div class=\"wp-block-group__inner-container\">\n<div class=\"inherit-container-width wp-container-13 wp-block-group alignwide has-white-background-color has-background\"><div class=\"wp-block-group__inner-container\">\n<div class=\"wp-block-media-text alignwide is-stacked-on-mobile is-vertically-aligned-center has-background\" style=\"background-color:#a98969;grid-template-columns:49% auto\"><figure class=\"wp-block-media-text__media\"><img loading=\"lazy\" width=\"600\" height=\"600\" src=\"https:\/\/soap2o.sk\/wp-content\/uploads\/FH-19-09-600k-6110.jpg\" alt=\"\" class=\"wp-image-11719 size-full\" srcset=\"https:\/\/soap2o.sk\/wp-content\/uploads\/FH-19-09-600k-6110.jpg 600w, https:\/\/soap2o.sk\/wp-content\/uploads\/FH-19-09-600k-6110-300x300.jpg 300w, https:\/\/soap2o.sk\/wp-content\/uploads\/FH-19-09-600k-6110-150x150.jpg 150w, https:\/\/soap2o.sk\/wp-content\/uploads\/FH-19-09-600k-6110-310x310.jpg 310w, https:\/\/soap2o.sk\/wp-content\/uploads\/FH-19-09-600k-6110-100x100.jpg 100w, https:\/\/soap2o.sk\/wp-content\/uploads\/FH-19-09-600k-6110-64x64.jpg 64w\" sizes=\"(max-width: 600px) 100vw, 600px\" \/><\/figure><div class=\"wp-block-media-text__content\">\n<h2 class=\"has-white-color has-text-color\">Innovative<\/h2>\n\n\n\n<p class=\"has-white-color has-text-color\">Innovation is at the heart of the SOAP\u2082O product line. Our products not only reduce waste, a pressing issue today, but also provide positive change without increasing costs.<\/p>\n\n\n\n<p class=\"has-white-color has-text-color\">Our partners, Solupak, use their in-house design and packaging team to develop the product range according to the British Institute of Cleaning Science (BICSc) colour coding system.<\/p>\n\n\n\n<p class=\"has-white-color has-text-color\">Pictorial instructions and bottle labels reinforce the 4-step process and color coding to ensure proper use. These also help all users to prepare their soap easily and correctly<\/p>\n<\/div><\/div>\n<\/div><\/div>\n\n\n\n<p><\/p>\n<\/div><\/div>\n\n\n\n<div class=\"inherit-container-width wp-container-16 wp-block-group alignfull hp-container\"><div class=\"wp-block-group__inner-container\">\n<div class=\"inherit-container-width wp-container-15 wp-block-group alignwide has-white-background-color has-background\"><div class=\"wp-block-group__inner-container\">\n<div class=\"wp-block-media-text alignwide has-media-on-the-right is-stacked-on-mobile is-vertically-aligned-center has-background\" style=\"background-color:#2b2b2a;grid-template-columns:auto 49%\"><figure class=\"wp-block-media-text__media\"><img loading=\"lazy\" width=\"600\" height=\"599\" src=\"https:\/\/soap2o.sk\/wp-content\/uploads\/underwater.jpg\" alt=\"\" class=\"wp-image-11716 size-full\" srcset=\"https:\/\/soap2o.sk\/wp-content\/uploads\/underwater.jpg 600w, https:\/\/soap2o.sk\/wp-content\/uploads\/underwater-300x300.jpg 300w, https:\/\/soap2o.sk\/wp-content\/uploads\/underwater-150x150.jpg 150w, https:\/\/soap2o.sk\/wp-content\/uploads\/underwater-310x310.jpg 310w, https:\/\/soap2o.sk\/wp-content\/uploads\/underwater-100x100.jpg 100w, https:\/\/soap2o.sk\/wp-content\/uploads\/underwater-64x64.jpg 64w\" sizes=\"(max-width: 600px) 100vw, 600px\" \/><\/figure><div class=\"wp-block-media-text__content\">\n<h2 class=\"has-white-color has-text-color\">Instructions for use<\/h2>\n\n\n\n<ul class=\"has-white-color has-text-color\"><li><mark style=\"background-color:rgba(0, 0, 0, 0)\" class=\"has-inline-color has-white-color\">Add water<\/mark><\/li><li><mark style=\"background-color:rgba(0, 0, 0, 0)\" class=\"has-inline-color has-white-color\">Put the capsule in water<\/mark><\/li><li><mark style=\"background-color:rgba(0, 0, 0, 0)\" class=\"has-inline-color has-white-color\">Potraste <mark style=\"background-color:rgba(0, 0, 0, 0)\" class=\"has-inline-color has-white-color\">30 seconds<\/mark><\/mark> <mark style=\"background-color:rgba(0, 0, 0, 0)\" class=\"has-inline-color has-white-color\">and wait 5 to 10 minutes<\/mark><\/li><li><mark style=\"background-color:rgba(0, 0, 0, 0)\" class=\"has-inline-color has-white-color\">Ready to use<\/mark><\/li><\/ul>\n\n\n\n<p class=\"has-white-color has-text-color\">SOAP\u2082O biodegradable capsules have been designed so that the capsule can be easily inserted into bottles with a dispenser. This ensures minimal risk of the concentrate coming into contact with the user's skin or eyes. No manual handling is required when using or moving the products before adding water.<\/p>\n\n\n\n<p class=\"has-white-color has-text-color\">The dosage is always correct, which means that the active ingredients in the capsules will act at an optimal level and thus the costs are completely controlled.<\/p>\n<\/div><\/div>\n\n\n\n<p><\/p>\n<\/div><\/div>\n\n\n\n<p><\/p>\n<\/div><\/div>\n\n\n\n<div class=\"inherit-container-width wp-container-18 wp-block-group alignfull hp-container\"><div class=\"wp-block-group__inner-container\">\n<div class=\"inherit-container-width wp-container-17 wp-block-group alignwide has-white-background-color has-background\"><div class=\"wp-block-group__inner-container\">\n<div class=\"wp-block-media-text alignwide is-stacked-on-mobile is-vertically-aligned-center ptb50 has-background\" style=\"background-color:#ccccca;grid-template-columns:49% auto\"><figure class=\"wp-block-media-text__media\"><img loading=\"lazy\" width=\"530\" height=\"508\" src=\"http:\/\/soap2o.sk\/wp-content\/uploads\/nas-pribeh-3-1.jpg\" alt=\"\" class=\"wp-image-11650 size-full\" srcset=\"https:\/\/soap2o.sk\/wp-content\/uploads\/nas-pribeh-3-1.jpg 530w, https:\/\/soap2o.sk\/wp-content\/uploads\/nas-pribeh-3-1-300x288.jpg 300w, https:\/\/soap2o.sk\/wp-content\/uploads\/nas-pribeh-3-1-64x61.jpg 64w\" sizes=\"(max-width: 530px) 100vw, 530px\" \/><\/figure><div class=\"wp-block-media-text__content\">\n<h2 class=\"has-black-color has-text-color\">Cost savings<\/h2>\n\n\n\n<p>In addition to the enormously positive environmental impact of not transporting water, there are also cost and savings benefits. The weight of the cargo is consequently lower, as no liquid is required for transport to customers, the cost of delivering our products to you is greatly reduced.<\/p>\n\n\n\n<p>Our products are cost-effective for both small and large clients. This is because we can introduce a soap concentrate dispensing system for all users.<\/p>\n\n\n\n<p>SOAP\u2082O products are graduated from the first batch to 100+, so you don't have to worry about using too much soap. Because of the precise dosage, you are in control of your costs and consumption.&nbsp;<\/p>\n\n\n\n<p>The shelf life of SOAP\u2082O products is three years ( if stored as recommended ) Therefore, there is no need to rush to use the products. They will last you a long time and take up minimal space in storage.&nbsp;<\/p>\n<\/div><\/div>\n\n\n\n<p><\/p>\n<\/div><\/div>\n\n\n\n<p><\/p>\n<\/div><\/div>\n\n\n\n<div class=\"wp-block-genesis-blocks-gb-container gb-block-container\"><div class=\"gb-container-inside\"><div class=\"gb-container-content\"><\/div><\/div><\/div>","protected":false},"excerpt":{"rendered":"<p>Environmental benefits For us at SOAP\u2082O, environmental friendliness is at the forefront of all our goals. We strive to reduce the amount of single-use plastics in the soap industry and to have as little negative impact on the environment as possible ...<\/p>\n<p class=\"read-more\"> <a class=\"ast-button\" href=\"https:\/\/soap2o.sk\/en\/benefits\/\"> <span class=\"screen-reader-text\">Benefits<\/span> Full article<\/a><\/p>","protected":false},"author":1,"featured_media":0,"parent":0,"menu_order":0,"comment_status":"closed","ping_status":"closed","template":"","meta":{"inline_featured_image":false,"site-sidebar-layout":"default","site-content-layout":"default","ast-global-header-display":"","ast-main-header-display":"","ast-hfb-above-header-display":"","ast-hfb-below-header-display":"","ast-hfb-mobile-header-display":"","site-post-title":"disabled","ast-breadcrumbs-content":"","ast-featured-img":"","footer-sml-layout":"","theme-transparent-header-meta":"default","adv-header-id-meta":"","stick-header-meta":"","header-above-stick-meta":"","header-main-stick-meta":"","header-below-stick-meta":""},"yoast_head":"<!-- This site is optimized with the Yoast SEO plugin v19.7.1 - https:\/\/yoast.com\/wordpress\/plugins\/seo\/ -->\n<title>V\u00fdhody - soap2o.sk<\/title>\n<meta name=\"robots\" content=\"index, follow, max-snippet:-1, max-image-preview:large, max-video-preview:-1\" \/>\n<link rel=\"canonical\" href=\"https:\/\/soap2o.sk\/en\/benefits\/\" \/>\n<meta property=\"og:locale\" content=\"en_GB\" \/>\n<meta property=\"og:type\" content=\"article\" \/>\n<meta property=\"og:title\" content=\"V\u00fdhody - soap2o.sk\" \/>\n<meta property=\"og:description\" content=\"Environment\u00e1lne v\u00fdhody Pre n\u00e1s v SOAP\u2082O je oh\u013eaduplnos\u0165 k \u017eivotn\u00e9mu prostrediu v popred\u00ed v\u0161etk\u00fdch na\u0161ich cie\u013eov. Sna\u017e\u00edme sa zn\u00ed\u017ei\u0165 mno\u017estvo plastov na jedno pou\u017eitie v mydlovom priemysle a ma\u0165 \u010do najmen\u0161\u00ed negat\u00edvny dopad na \u017eivotn\u00e9 &hellip; V\u00fdhody Cel\u00fd \u010dl\u00e1nok\" \/>\n<meta property=\"og:url\" content=\"https:\/\/soap2o.sk\/en\/benefits\/\" \/>\n<meta property=\"og:site_name\" content=\"soap2o.sk\" \/>\n<meta property=\"article:publisher\" content=\"https:\/\/www.facebook.com\/IDrysk\/\" \/>\n<meta property=\"article:modified_time\" content=\"2023-10-16T13:03:54+00:00\" \/>\n<meta property=\"og:image\" content=\"https:\/\/soap2o.sk\/wp-content\/uploads\/Beach-original-1.jpg\" \/>\n<meta name=\"twitter:card\" content=\"summary_large_image\" \/>\n<meta name=\"twitter:site\" content=\"@iDrySKsro\" \/>\n<meta name=\"twitter:label1\" content=\"Estimated reading time\" \/>\n\t<meta name=\"twitter:data1\" content=\"4 minutes\" \/>\n<script type=\"application\/ld+json\" class=\"yoast-schema-graph\">{\"@context\":\"https:\/\/schema.org\",\"@graph\":[{\"@type\":\"WebPage\",\"@id\":\"https:\/\/soap2o.sk\/vyhody\/\",\"url\":\"https:\/\/soap2o.sk\/vyhody\/\",\"name\":\"V\u00fdhody - soap2o.sk\",\"isPartOf\":{\"@id\":\"https:\/\/soap2o.sk\/#website\"},\"datePublished\":\"2022-02-28T17:58:21+00:00\",\"dateModified\":\"2023-10-16T13:03:54+00:00\",\"breadcrumb\":{\"@id\":\"https:\/\/soap2o.sk\/vyhody\/#breadcrumb\"},\"inLanguage\":\"en-GB\",\"potentialAction\":[{\"@type\":\"ReadAction\",\"target\":[\"https:\/\/soap2o.sk\/vyhody\/\"]}]},{\"@type\":\"BreadcrumbList\",\"@id\":\"https:\/\/soap2o.sk\/vyhody\/#breadcrumb\",\"itemListElement\":[{\"@type\":\"ListItem\",\"position\":1,\"name\":\"Home\",\"item\":\"https:\/\/soap2o.sk\/\"},{\"@type\":\"ListItem\",\"position\":2,\"name\":\"V\u00fdhody\"}]},{\"@type\":\"WebSite\",\"@id\":\"https:\/\/soap2o.sk\/#website\",\"url\":\"https:\/\/soap2o.sk\/\",\"name\":\"soap2o.sk\",\"description\":\"soap2o.sk\",\"publisher\":{\"@id\":\"https:\/\/soap2o.sk\/#organization\"},\"potentialAction\":[{\"@type\":\"SearchAction\",\"target\":{\"@type\":\"EntryPoint\",\"urlTemplate\":\"https:\/\/soap2o.sk\/?s={search_term_string}\"},\"query-input\":\"required name=search_term_string\"}],\"inLanguage\":\"en-GB\"},{\"@type\":\"Organization\",\"@id\":\"https:\/\/soap2o.sk\/#organization\",\"name\":\"soap2o.sk\",\"url\":\"https:\/\/soap2o.sk\/\",\"sameAs\":[\"http:\/\/instagram\/idrysk\",\"https:\/\/www.facebook.com\/IDrysk\/\",\"https:\/\/twitter.com\/iDrySKsro\"],\"logo\":{\"@type\":\"ImageObject\",\"inLanguage\":\"en-GB\",\"@id\":\"https:\/\/soap2o.sk\/#\/schema\/logo\/image\/\",\"url\":\"https:\/\/soap2o.sk\/wp-content\/uploads\/Soap2o-white.svg\",\"contentUrl\":\"https:\/\/soap2o.sk\/wp-content\/uploads\/Soap2o-white.svg\",\"caption\":\"soap2o.sk\"},\"image\":{\"@id\":\"https:\/\/soap2o.sk\/#\/schema\/logo\/image\/\"}}]}<\/script>\n<!-- \/ Yoast SEO plugin. -->","yoast_head_json":{"title":"V\u00fdhody - soap2o.sk","robots":{"index":"index","follow":"follow","max-snippet":"max-snippet:-1","max-image-preview":"max-image-preview:large","max-video-preview":"max-video-preview:-1"},"canonical":"https:\/\/soap2o.sk\/en\/benefits\/","og_locale":"en_GB","og_type":"article","og_title":"V\u00fdhody - soap2o.sk","og_description":"Environment\u00e1lne v\u00fdhody Pre n\u00e1s v SOAP\u2082O je oh\u013eaduplnos\u0165 k \u017eivotn\u00e9mu prostrediu v popred\u00ed v\u0161etk\u00fdch na\u0161ich cie\u013eov. Sna\u017e\u00edme sa zn\u00ed\u017ei\u0165 mno\u017estvo plastov na jedno pou\u017eitie v mydlovom priemysle a ma\u0165 \u010do najmen\u0161\u00ed negat\u00edvny dopad na \u017eivotn\u00e9 &hellip; V\u00fdhody Cel\u00fd \u010dl\u00e1nok","og_url":"https:\/\/soap2o.sk\/en\/benefits\/","og_site_name":"soap2o.sk","article_publisher":"https:\/\/www.facebook.com\/IDrysk\/","article_modified_time":"2023-10-16T13:03:54+00:00","og_image":[{"url":"https:\/\/soap2o.sk\/wp-content\/uploads\/Beach-original-1.jpg"}],"twitter_card":"summary_large_image","twitter_site":"@iDrySKsro","twitter_misc":{"Estimated reading time":"4 minutes"},"schema":{"@context":"https:\/\/schema.org","@graph":[{"@type":"WebPage","@id":"https:\/\/soap2o.sk\/vyhody\/","url":"https:\/\/soap2o.sk\/vyhody\/","name":"V\u00fdhody - soap2o.sk","isPartOf":{"@id":"https:\/\/soap2o.sk\/#website"},"datePublished":"2022-02-28T17:58:21+00:00","dateModified":"2023-10-16T13:03:54+00:00","breadcrumb":{"@id":"https:\/\/soap2o.sk\/vyhody\/#breadcrumb"},"inLanguage":"en-GB","potentialAction":[{"@type":"ReadAction","target":["https:\/\/soap2o.sk\/vyhody\/"]}]},{"@type":"BreadcrumbList","@id":"https:\/\/soap2o.sk\/vyhody\/#breadcrumb","itemListElement":[{"@type":"ListItem","position":1,"name":"Home","item":"https:\/\/soap2o.sk\/"},{"@type":"ListItem","position":2,"name":"V\u00fdhody"}]},{"@type":"WebSite","@id":"https:\/\/soap2o.sk\/#website","url":"https:\/\/soap2o.sk\/","name":"soap2o.sk","description":"soap2o.sk","publisher":{"@id":"https:\/\/soap2o.sk\/#organization"},"potentialAction":[{"@type":"SearchAction","target":{"@type":"EntryPoint","urlTemplate":"https:\/\/soap2o.sk\/?s={search_term_string}"},"query-input":"required name=search_term_string"}],"inLanguage":"en-GB"},{"@type":"Organization","@id":"https:\/\/soap2o.sk\/#organization","name":"soap2o.sk","url":"https:\/\/soap2o.sk\/","sameAs":["http:\/\/instagram\/idrysk","https:\/\/www.facebook.com\/IDrysk\/","https:\/\/twitter.com\/iDrySKsro"],"logo":{"@type":"ImageObject","inLanguage":"en-GB","@id":"https:\/\/soap2o.sk\/#\/schema\/logo\/image\/","url":"https:\/\/soap2o.sk\/wp-content\/uploads\/Soap2o-white.svg","contentUrl":"https:\/\/soap2o.sk\/wp-content\/uploads\/Soap2o-white.svg","caption":"soap2o.sk"},"image":{"@id":"https:\/\/soap2o.sk\/#\/schema\/logo\/image\/"}}]}},"featured_image_src":null,"featured_image_src_square":null,"uagb_featured_image_src":{"full":false,"thumbnail":false,"medium":false,"medium_large":false,"large":false,"1536x1536":false,"2048x2048":false,"trp-custom-language-flag":false,"gb-block-post-grid-landscape":false,"gb-block-post-grid-square":false},"uagb_author_info":{"display_name":"administrator","author_link":"https:\/\/soap2o.sk\/en\/author\/administrator\/"},"uagb_comment_info":0,"uagb_excerpt":"Environment\u00e1lne v\u00fdhody Pre n\u00e1s v SOAP\u2082O je oh\u013eaduplnos\u0165 k \u017eivotn\u00e9mu prostrediu v popred\u00ed v\u0161etk\u00fdch na\u0161ich cie\u013eov. Sna\u017e\u00edme sa zn\u00ed\u017ei\u0165 mno\u017estvo plastov na jedno pou\u017eitie v mydlovom priemysle a ma\u0165 \u010do najmen\u0161\u00ed negat\u00edvny dopad na \u017eivotn\u00e9 &hellip; V\u00fdhody Cel\u00fd \u010dl\u00e1nok","_links":{"self":[{"href":"https:\/\/soap2o.sk\/en\/wp-json\/wp\/v2\/pages\/11314"}],"collection":[{"href":"https:\/\/soap2o.sk\/en\/wp-json\/wp\/v2\/pages"}],"about":[{"href":"https:\/\/soap2o.sk\/en\/wp-json\/wp\/v2\/types\/page"}],"author":[{"embeddable":true,"href":"https:\/\/soap2o.sk\/en\/wp-json\/wp\/v2\/users\/1"}],"replies":[{"embeddable":true,"href":"https:\/\/soap2o.sk\/en\/wp-json\/wp\/v2\/comments?post=11314"}],"version-history":[{"count":25,"href":"https:\/\/soap2o.sk\/en\/wp-json\/wp\/v2\/pages\/11314\/revisions"}],"predecessor-version":[{"id":11984,"href":"https:\/\/soap2o.sk\/en\/wp-json\/wp\/v2\/pages\/11314\/revisions\/11984"}],"wp:attachment":[{"href":"https:\/\/soap2o.sk\/en\/wp-json\/wp\/v2\/media?parent=11314"}],"curies":[{"name":"wp","href":"https:\/\/api.w.org\/{rel}","templated":true}]}}