{"id":11510,"date":"2022-03-01T19:25:51","date_gmt":"2022-03-01T18:25:51","guid":{"rendered":"https:\/\/soap2o.sk\/?page_id=11510"},"modified":"2023-10-16T14:59:06","modified_gmt":"2023-10-16T12:59:06","slug":"starostlivost-o-ruky","status":"publish","type":"page","link":"https:\/\/soap2o.sk\/en\/products\/caring-about-hands\/","title":{"rendered":"Hand care"},"content":{"rendered":"<div class=\"wp-block-cover alignfull is-light is-position-center-center\" style=\"min-height:750px\"><span aria-hidden=\"true\" class=\"wp-block-cover__background has-black-background-color has-background-dim-40 has-background-dim\"><\/span><img loading=\"lazy\" width=\"1500\" height=\"1000\" class=\"wp-block-cover__image-background wp-image-11512\" alt=\"\" src=\"https:\/\/soap2o.sk\/wp-content\/uploads\/starostlivost-o-ruky.jpg\" data-object-fit=\"cover\" srcset=\"https:\/\/soap2o.sk\/wp-content\/uploads\/starostlivost-o-ruky.jpg 1500w, https:\/\/soap2o.sk\/wp-content\/uploads\/starostlivost-o-ruky-300x200.jpg 300w, https:\/\/soap2o.sk\/wp-content\/uploads\/starostlivost-o-ruky-1024x683.jpg 1024w, https:\/\/soap2o.sk\/wp-content\/uploads\/starostlivost-o-ruky-768x512.jpg 768w, https:\/\/soap2o.sk\/wp-content\/uploads\/starostlivost-o-ruky-600x400.jpg 600w, https:\/\/soap2o.sk\/wp-content\/uploads\/starostlivost-o-ruky-64x43.jpg 64w\" sizes=\"(max-width: 1500px) 100vw, 1500px\" \/><div class=\"wp-block-cover__inner-container\">\n<h1 class=\"has-text-align-center has-white-color has-text-color\">Hand care<\/h1>\n\n\n\n<p><\/p>\n<\/div><\/div>\n\n\n\n<div class=\"wp-block-genesis-blocks-gb-container gb-block-container\"><div class=\"gb-container-inside\"><div class=\"gb-container-content\"><\/div><\/div><\/div>\n\n\n\n<p><\/p>\n\n\n\n<div class=\"inherit-container-width wp-container-1 wp-block-group alignfull hp-container has-white-background-color has-background\"><div class=\"wp-block-group__inner-container\">\n<div class=\"wp-block-media-text alignwide has-media-on-the-right is-stacked-on-mobile is-vertically-aligned-center has-background\" style=\"background-color:#9f9c87;grid-template-columns:auto 48%\"><figure class=\"wp-block-media-text__media\"><img loading=\"lazy\" width=\"500\" height=\"477\" src=\"http:\/\/soap2o.sk\/wp-content\/uploads\/Soap2o-hand-soap-bottle.png\" alt=\"\" class=\"wp-image-11516 size-full\" srcset=\"https:\/\/soap2o.sk\/wp-content\/uploads\/Soap2o-hand-soap-bottle.png 500w, https:\/\/soap2o.sk\/wp-content\/uploads\/Soap2o-hand-soap-bottle-300x286.png 300w, https:\/\/soap2o.sk\/wp-content\/uploads\/Soap2o-hand-soap-bottle-64x61.png 64w\" sizes=\"(max-width: 500px) 100vw, 500px\" \/><\/figure><div class=\"wp-block-media-text__content\">\n<h2 class=\"has-white-color has-text-color\">Eco hand soap<\/h2>\n\n\n\n<p class=\"has-white-color has-text-color\">The elegant eco-friendly hand soap bottles are available in midnight black and porcelain white. The bottles are made of frosted glass and refillable to ensure the quality and perfect feel of Soap2o hand soap. Simply add a sachet of soap, fill the bottle with water and watch the magic happen.<\/p>\n\n\n\n<p><\/p>\n<\/div><\/div>\n\n\n\n<div style=\"color:#ddd\" class=\"wp-block-genesis-blocks-gb-spacer gb-block-spacer gb-divider-solid gb-divider-size-1\"><hr style=\"height:30px\"\/><\/div>\n<\/div><\/div>\n\n\n\n<div class=\"inherit-container-width wp-container-2 wp-block-group alignfull hp-container has-white-background-color has-background\"><div class=\"wp-block-group__inner-container\">\n<div class=\"wp-block-media-text alignwide is-stacked-on-mobile is-vertically-aligned-center has-background\" style=\"background-color:#626438;grid-template-columns:48% auto\"><figure class=\"wp-block-media-text__media\"><img loading=\"lazy\" width=\"500\" height=\"333\" src=\"https:\/\/soap2o.sk\/wp-content\/uploads\/Soap2o.SafrinaSmith.jpg\" alt=\"\" class=\"wp-image-11527 size-full\" srcset=\"https:\/\/soap2o.sk\/wp-content\/uploads\/Soap2o.SafrinaSmith.jpg 500w, https:\/\/soap2o.sk\/wp-content\/uploads\/Soap2o.SafrinaSmith-300x200.jpg 300w, https:\/\/soap2o.sk\/wp-content\/uploads\/Soap2o.SafrinaSmith-64x43.jpg 64w\" sizes=\"(max-width: 500px) 100vw, 500px\" \/><\/figure><div class=\"wp-block-media-text__content\">\n<p class=\"has-white-color has-text-color\">SOAP\u2082O soluble soap sachets are an effective soluble soap solution that is designed to clean and moisturize hands. Natural beautiful pomegranate fragrance and all packaged in 100% recyclable packaging. Our dissolvable sachets come in packs of 12 or 18 depending on whether you want 1000ml or 350ml of dissolvable soap.<\/p>\n<\/div><\/div>\n\n\n\n<div style=\"color:#ddd\" class=\"wp-block-genesis-blocks-gb-spacer gb-block-spacer gb-divider-solid gb-divider-size-1\"><hr style=\"height:30px\"\/><\/div>\n<\/div><\/div>\n\n\n\n<div class=\"inherit-container-width wp-container-3 wp-block-group alignfull hp-container has-white-background-color has-background\"><div class=\"wp-block-group__inner-container\">\n<div class=\"wp-block-media-text alignwide has-media-on-the-right is-stacked-on-mobile is-vertically-aligned-center has-background\" style=\"background-color:#998969;grid-template-columns:auto 48%\"><figure class=\"wp-block-media-text__media\"><img loading=\"lazy\" width=\"591\" height=\"467\" src=\"https:\/\/soap2o.sk\/wp-content\/uploads\/Soap2o.SafrinaSmith-21.jpg\" alt=\"\" class=\"wp-image-11533 size-full\" srcset=\"https:\/\/soap2o.sk\/wp-content\/uploads\/Soap2o.SafrinaSmith-21.jpg 591w, https:\/\/soap2o.sk\/wp-content\/uploads\/Soap2o.SafrinaSmith-21-300x237.jpg 300w, https:\/\/soap2o.sk\/wp-content\/uploads\/Soap2o.SafrinaSmith-21-64x51.jpg 64w\" sizes=\"(max-width: 591px) 100vw, 591px\" \/><\/figure><div class=\"wp-block-media-text__content\">\n<h2 class=\"has-white-color has-text-color\">Benefits and features<\/h2>\n\n\n\n<p class=\"has-white-color has-text-color\">Waste-free hand washing with SOAP\u2082O refillable hand soap. No need to worry about the environment as these soap pouches come in waste-free\/eco-friendly packaging!<\/p>\n\n\n\n<ul class=\"has-white-color has-text-color\"><li>Pomegranate and cranberry<\/li><li>Organic<\/li><li>Biodegradable<\/li><li>No plastic<\/li><li>Dissolves in 5 to 10 minutes<\/li><\/ul>\n\n\n\n<p><\/p>\n<\/div><\/div>\n\n\n\n<div style=\"color:#ddd\" class=\"wp-block-genesis-blocks-gb-spacer gb-block-spacer gb-divider-solid gb-divider-size-1\"><hr style=\"height:30px\"\/><\/div>\n\n\n\n<p><\/p>\n<\/div><\/div>\n\n\n\n<div class=\"inherit-container-width wp-container-8 wp-block-group alignfull has-background\" style=\"background-color:#a98969\"><div class=\"wp-block-group__inner-container\">\n<div class=\"wp-container-7 wp-block-columns alignwide are-vertically-aligned-center hp-container\">\n<div class=\"wp-container-4 wp-block-column is-vertically-aligned-center\" style=\"flex-basis:66.66%\">\n<div style=\"color:#ddd\" class=\"wp-block-genesis-blocks-gb-spacer gb-block-spacer gb-divider-solid gb-divider-size-1\"><hr style=\"height:30px\"\/><\/div>\n\n\n\n<h2 class=\"has-text-color\" style=\"color:#626438\">INTERESTED IN LEARNING MORE?<\/h2>\n\n\n\n<div style=\"color:#ddd\" class=\"wp-block-genesis-blocks-gb-spacer gb-block-spacer gb-divider-solid gb-divider-size-1\"><hr style=\"height:30px\"\/><\/div>\n<\/div>\n\n\n\n<div class=\"wp-container-6 wp-block-column is-vertically-aligned-center\" style=\"flex-basis:33.33%\">\n<div class=\"wp-container-5 is-horizontal is-content-justification-center wp-block-buttons\">\n<div class=\"wp-block-button\"><a class=\"wp-block-button__link has-background\" href=\"https:\/\/soap2o.sk\/en\/contact\/\" style=\"background-color:#626438\">Contact<\/a><\/div>\n<\/div>\n<\/div>\n<\/div>\n<\/div><\/div>\n\n\n\n<div style=\"color:#ddd\" class=\"wp-block-genesis-blocks-gb-spacer gb-block-spacer gb-divider-solid gb-divider-size-1\"><hr style=\"height:30px\"\/><\/div>\n\n\n\n<h2 class=\"has-text-align-center\">Our products<\/h2>\n\n\n\n<div class=\"wp-block-genesis-blocks-gb-columns gb-slate-section-feature-image-and-text-columns gb-slate-section-feature-image-columns gb-layout-columns-1 gb-1-col-equal gb-has-custom-background-color gb-has-custom-text-color gb-columns-center alignfull\" style=\"padding-top:3em;padding-right:1em;padding-bottom:3em;padding-left:1em;background-color:#ededed;color:#1f1f1f\"><div class=\"gb-layout-column-wrap gb-block-layout-column-gap-2 gb-is-responsive-column\" style=\"max-width:1200px\">\n<div class=\"wp-block-genesis-blocks-gb-column gb-block-layout-column\"><div class=\"gb-block-layout-column-inner\">\n<div class=\"wp-block-genesis-blocks-gb-columns gb-layout-columns-3 gb-3-col-equal\"><div class=\"gb-layout-column-wrap gb-block-layout-column-gap-3 gb-is-responsive-column\">\n<div class=\"wp-block-genesis-blocks-gb-column gb-block-layout-column\"><div class=\"gb-block-layout-column-inner\">\n<figure class=\"wp-block-image size-large\"><a href=\"https:\/\/www.hecology.sk?utm_source=soap2o&amp;utm_medium=referral\"><img loading=\"lazy\" width=\"1024\" height=\"712\" src=\"https:\/\/soap2o.sk\/wp-content\/uploads\/ekologicka-sada-soap2o-v-darcekovom-baleni-1-1024x712.png\" alt=\"\" class=\"wp-image-11954\" srcset=\"https:\/\/soap2o.sk\/wp-content\/uploads\/ekologicka-sada-soap2o-v-darcekovom-baleni-1-1024x712.png 1024w, https:\/\/soap2o.sk\/wp-content\/uploads\/ekologicka-sada-soap2o-v-darcekovom-baleni-1-300x209.png 300w, https:\/\/soap2o.sk\/wp-content\/uploads\/ekologicka-sada-soap2o-v-darcekovom-baleni-1-768x534.png 768w, https:\/\/soap2o.sk\/wp-content\/uploads\/ekologicka-sada-soap2o-v-darcekovom-baleni-1-600x417.png 600w, https:\/\/soap2o.sk\/wp-content\/uploads\/ekologicka-sada-soap2o-v-darcekovom-baleni-1.png 1067w\" sizes=\"(max-width: 1024px) 100vw, 1024px\" \/><\/a><\/figure>\n\n\n\n<h3 class=\"has-text-align-center has-text-color\" style=\"color:#1f1f1f;font-size:26px\"><a href=\"https:\/\/www.hecology.sk?utm_source=soap2o&amp;utm_medium=referral\">SOAP\u2082O starter package<\/a><\/h3>\n\n\n\n<p class=\"has-text-align-center has-text-color\" style=\"color:#1f1f1f\"><a href=\"https:\/\/www.hecology.sk?utm_source=soap2o&amp;utm_medium=referral\">Eco-friendly set includes 3x Soap2o 350ml organic soap and a glass soap dispensing bottle in black<\/a><\/p>\n\n\n\n<div class=\"wp-container-9 is-content-justification-center wp-block-buttons\">\n<div class=\"wp-block-button product-button-hp is-style-fill\"><a class=\"wp-block-button__link\" href=\"https:\/\/www.hecology.sk?utm_source=soap2o&amp;utm_medium=referral\" style=\"border-radius:0px\"><strong>Go to eshop<\/strong><\/a><\/div>\n<\/div>\n\n\n\n<div style=\"height:25px\" aria-hidden=\"true\" class=\"wp-block-spacer\"><\/div>\n<\/div><\/div>\n\n\n\n<div class=\"wp-block-genesis-blocks-gb-column gb-block-layout-column gb-is-vertically-aligned-center\"><div class=\"gb-block-layout-column-inner\">\n<p><\/p>\n<\/div><\/div>\n\n\n\n<div class=\"wp-block-genesis-blocks-gb-column gb-block-layout-column\"><div class=\"gb-block-layout-column-inner\">\n<figure class=\"wp-block-image size-large\"><a href=\"https:\/\/www.hecology.sk?utm_source=soap2o&amp;utm_medium=referral\"><img loading=\"lazy\" width=\"1024\" height=\"712\" src=\"https:\/\/soap2o.sk\/wp-content\/uploads\/Soap2o_balenie2-1024x712.png\" alt=\"\" class=\"wp-image-11956\" srcset=\"https:\/\/soap2o.sk\/wp-content\/uploads\/Soap2o_balenie2-1024x712.png 1024w, https:\/\/soap2o.sk\/wp-content\/uploads\/Soap2o_balenie2-300x209.png 300w, https:\/\/soap2o.sk\/wp-content\/uploads\/Soap2o_balenie2-768x534.png 768w, https:\/\/soap2o.sk\/wp-content\/uploads\/Soap2o_balenie2-600x417.png 600w, https:\/\/soap2o.sk\/wp-content\/uploads\/Soap2o_balenie2.png 1067w\" sizes=\"(max-width: 1024px) 100vw, 1024px\" \/><\/a><\/figure>\n\n\n\n<h3 class=\"has-text-align-center has-text-color\" style=\"color:#1f1f1f;font-size:26px\"><a href=\"https:\/\/www.hecology.sk?utm_source=soap2o&amp;utm_medium=referral\">SOAP\u2082O capsule soap <\/a><\/h3>\n\n\n\n<p class=\"has-text-align-center has-text-color\" style=\"color:#1f1f1f\"><a href=\"https:\/\/www.hecology.sk?utm_source=soap2o&amp;utm_medium=referral\">The package contains 12 capsules, which will make 12 litres of soap. 12x1000ml - pomegranate and cranberry.<\/a><\/p>\n\n\n\n<div class=\"wp-container-10 is-content-justification-center wp-block-buttons\">\n<div class=\"wp-block-button product-button-hp is-style-fill\"><a class=\"wp-block-button__link\" href=\"https:\/\/www.hecology.sk?utm_source=soap2o&amp;utm_medium=referral\" style=\"border-radius:0px\"><strong>Go to eshop<\/strong><\/a><\/div>\n<\/div>\n\n\n\n<p><\/p>\n<\/div><\/div>\n<\/div><\/div>\n<\/div><\/div>\n<\/div><\/div>","protected":false},"excerpt":{"rendered":"<p>Eco Hand Soap Elegant eco-friendly hand soap bottles are available in midnight black and porcelain white. The bottles are made from frosted glass and refillable to ensure quality and a perfect feel of ...<\/p>\n<p class=\"read-more\"> <a class=\"ast-button\" href=\"https:\/\/soap2o.sk\/en\/products\/caring-about-hands\/\"> <span class=\"screen-reader-text\">Hand care<\/span> Full article<\/a><\/p>","protected":false},"author":1,"featured_media":0,"parent":11574,"menu_order":1,"comment_status":"closed","ping_status":"closed","template":"","meta":{"inline_featured_image":false,"site-sidebar-layout":"default","site-content-layout":"default","ast-global-header-display":"","ast-main-header-display":"","ast-hfb-above-header-display":"","ast-hfb-below-header-display":"","ast-hfb-mobile-header-display":"","site-post-title":"disabled","ast-breadcrumbs-content":"","ast-featured-img":"","footer-sml-layout":"","theme-transparent-header-meta":"default","adv-header-id-meta":"","stick-header-meta":"","header-above-stick-meta":"","header-main-stick-meta":"","header-below-stick-meta":""},"yoast_head":"<!-- This site is optimized with the Yoast SEO plugin v19.7.1 - https:\/\/yoast.com\/wordpress\/plugins\/seo\/ -->\n<title>Starostlivos\u0165 o ruky - soap2o.sk<\/title>\n<meta name=\"robots\" content=\"index, follow, max-snippet:-1, max-image-preview:large, max-video-preview:-1\" \/>\n<link rel=\"canonical\" href=\"https:\/\/soap2o.sk\/en\/products\/caring-about-hands\/\" \/>\n<meta property=\"og:locale\" content=\"en_GB\" \/>\n<meta property=\"og:type\" content=\"article\" \/>\n<meta property=\"og:title\" content=\"Starostlivos\u0165 o ruky - soap2o.sk\" \/>\n<meta property=\"og:description\" content=\"Eko mydlo na ruky Elegantn\u00e9 ekologick\u00e9 f\u013ea\u0161ky s mydlom na ruky s\u00fa dostupn\u00e9 v polno\u010dnej \u010diernej a porcel\u00e1novo bielej farbe. F\u013ea\u0161ky s\u00fa vyroben\u00e9 z&nbsp;matn\u00e9ho skla a znovu naplnite\u013en\u00e9, aby sa zabezpe\u010dila kvalita a&nbsp;perfektn\u00fd pocit z &hellip; Starostlivos\u0165 o ruky Cel\u00fd \u010dl\u00e1nok\" \/>\n<meta property=\"og:url\" content=\"https:\/\/soap2o.sk\/en\/products\/caring-about-hands\/\" \/>\n<meta property=\"og:site_name\" content=\"soap2o.sk\" \/>\n<meta property=\"article:publisher\" content=\"https:\/\/www.facebook.com\/IDrysk\/\" \/>\n<meta property=\"article:modified_time\" content=\"2023-10-16T12:59:06+00:00\" \/>\n<meta property=\"og:image\" content=\"https:\/\/soap2o.sk\/wp-content\/uploads\/starostlivost-o-ruky.jpg\" \/>\n<meta name=\"twitter:card\" content=\"summary_large_image\" \/>\n<meta name=\"twitter:site\" content=\"@iDrySKsro\" \/>\n<meta name=\"twitter:label1\" content=\"Estimated reading time\" \/>\n\t<meta name=\"twitter:data1\" content=\"3 minutes\" \/>\n<script type=\"application\/ld+json\" class=\"yoast-schema-graph\">{\"@context\":\"https:\/\/schema.org\",\"@graph\":[{\"@type\":\"WebPage\",\"@id\":\"https:\/\/soap2o.sk\/produkty\/starostlivost-o-ruky\/\",\"url\":\"https:\/\/soap2o.sk\/produkty\/starostlivost-o-ruky\/\",\"name\":\"Starostlivos\u0165 o ruky - soap2o.sk\",\"isPartOf\":{\"@id\":\"https:\/\/soap2o.sk\/#website\"},\"datePublished\":\"2022-03-01T18:25:51+00:00\",\"dateModified\":\"2023-10-16T12:59:06+00:00\",\"breadcrumb\":{\"@id\":\"https:\/\/soap2o.sk\/produkty\/starostlivost-o-ruky\/#breadcrumb\"},\"inLanguage\":\"en-GB\",\"potentialAction\":[{\"@type\":\"ReadAction\",\"target\":[\"https:\/\/soap2o.sk\/produkty\/starostlivost-o-ruky\/\"]}]},{\"@type\":\"BreadcrumbList\",\"@id\":\"https:\/\/soap2o.sk\/produkty\/starostlivost-o-ruky\/#breadcrumb\",\"itemListElement\":[{\"@type\":\"ListItem\",\"position\":1,\"name\":\"Home\",\"item\":\"https:\/\/soap2o.sk\/\"},{\"@type\":\"ListItem\",\"position\":2,\"name\":\"Produkty\",\"item\":\"https:\/\/soap2o.sk\/produkty\/\"},{\"@type\":\"ListItem\",\"position\":3,\"name\":\"Starostlivos\u0165 o ruky\"}]},{\"@type\":\"WebSite\",\"@id\":\"https:\/\/soap2o.sk\/#website\",\"url\":\"https:\/\/soap2o.sk\/\",\"name\":\"soap2o.sk\",\"description\":\"soap2o.sk\",\"publisher\":{\"@id\":\"https:\/\/soap2o.sk\/#organization\"},\"potentialAction\":[{\"@type\":\"SearchAction\",\"target\":{\"@type\":\"EntryPoint\",\"urlTemplate\":\"https:\/\/soap2o.sk\/?s={search_term_string}\"},\"query-input\":\"required name=search_term_string\"}],\"inLanguage\":\"en-GB\"},{\"@type\":\"Organization\",\"@id\":\"https:\/\/soap2o.sk\/#organization\",\"name\":\"soap2o.sk\",\"url\":\"https:\/\/soap2o.sk\/\",\"sameAs\":[\"http:\/\/instagram\/idrysk\",\"https:\/\/www.facebook.com\/IDrysk\/\",\"https:\/\/twitter.com\/iDrySKsro\"],\"logo\":{\"@type\":\"ImageObject\",\"inLanguage\":\"en-GB\",\"@id\":\"https:\/\/soap2o.sk\/#\/schema\/logo\/image\/\",\"url\":\"https:\/\/soap2o.sk\/wp-content\/uploads\/Soap2o-white.svg\",\"contentUrl\":\"https:\/\/soap2o.sk\/wp-content\/uploads\/Soap2o-white.svg\",\"caption\":\"soap2o.sk\"},\"image\":{\"@id\":\"https:\/\/soap2o.sk\/#\/schema\/logo\/image\/\"}}]}<\/script>\n<!-- \/ Yoast SEO plugin. -->","yoast_head_json":{"title":"Starostlivos\u0165 o ruky - soap2o.sk","robots":{"index":"index","follow":"follow","max-snippet":"max-snippet:-1","max-image-preview":"max-image-preview:large","max-video-preview":"max-video-preview:-1"},"canonical":"https:\/\/soap2o.sk\/en\/products\/caring-about-hands\/","og_locale":"en_GB","og_type":"article","og_title":"Starostlivos\u0165 o ruky - soap2o.sk","og_description":"Eko mydlo na ruky Elegantn\u00e9 ekologick\u00e9 f\u013ea\u0161ky s mydlom na ruky s\u00fa dostupn\u00e9 v polno\u010dnej \u010diernej a porcel\u00e1novo bielej farbe. F\u013ea\u0161ky s\u00fa vyroben\u00e9 z&nbsp;matn\u00e9ho skla a znovu naplnite\u013en\u00e9, aby sa zabezpe\u010dila kvalita a&nbsp;perfektn\u00fd pocit z &hellip; Starostlivos\u0165 o ruky Cel\u00fd \u010dl\u00e1nok","og_url":"https:\/\/soap2o.sk\/en\/products\/caring-about-hands\/","og_site_name":"soap2o.sk","article_publisher":"https:\/\/www.facebook.com\/IDrysk\/","article_modified_time":"2023-10-16T12:59:06+00:00","og_image":[{"url":"https:\/\/soap2o.sk\/wp-content\/uploads\/starostlivost-o-ruky.jpg"}],"twitter_card":"summary_large_image","twitter_site":"@iDrySKsro","twitter_misc":{"Estimated reading time":"3 minutes"},"schema":{"@context":"https:\/\/schema.org","@graph":[{"@type":"WebPage","@id":"https:\/\/soap2o.sk\/produkty\/starostlivost-o-ruky\/","url":"https:\/\/soap2o.sk\/produkty\/starostlivost-o-ruky\/","name":"Starostlivos\u0165 o ruky - soap2o.sk","isPartOf":{"@id":"https:\/\/soap2o.sk\/#website"},"datePublished":"2022-03-01T18:25:51+00:00","dateModified":"2023-10-16T12:59:06+00:00","breadcrumb":{"@id":"https:\/\/soap2o.sk\/produkty\/starostlivost-o-ruky\/#breadcrumb"},"inLanguage":"en-GB","potentialAction":[{"@type":"ReadAction","target":["https:\/\/soap2o.sk\/produkty\/starostlivost-o-ruky\/"]}]},{"@type":"BreadcrumbList","@id":"https:\/\/soap2o.sk\/produkty\/starostlivost-o-ruky\/#breadcrumb","itemListElement":[{"@type":"ListItem","position":1,"name":"Home","item":"https:\/\/soap2o.sk\/"},{"@type":"ListItem","position":2,"name":"Produkty","item":"https:\/\/soap2o.sk\/produkty\/"},{"@type":"ListItem","position":3,"name":"Starostlivos\u0165 o ruky"}]},{"@type":"WebSite","@id":"https:\/\/soap2o.sk\/#website","url":"https:\/\/soap2o.sk\/","name":"soap2o.sk","description":"soap2o.sk","publisher":{"@id":"https:\/\/soap2o.sk\/#organization"},"potentialAction":[{"@type":"SearchAction","target":{"@type":"EntryPoint","urlTemplate":"https:\/\/soap2o.sk\/?s={search_term_string}"},"query-input":"required name=search_term_string"}],"inLanguage":"en-GB"},{"@type":"Organization","@id":"https:\/\/soap2o.sk\/#organization","name":"soap2o.sk","url":"https:\/\/soap2o.sk\/","sameAs":["http:\/\/instagram\/idrysk","https:\/\/www.facebook.com\/IDrysk\/","https:\/\/twitter.com\/iDrySKsro"],"logo":{"@type":"ImageObject","inLanguage":"en-GB","@id":"https:\/\/soap2o.sk\/#\/schema\/logo\/image\/","url":"https:\/\/soap2o.sk\/wp-content\/uploads\/Soap2o-white.svg","contentUrl":"https:\/\/soap2o.sk\/wp-content\/uploads\/Soap2o-white.svg","caption":"soap2o.sk"},"image":{"@id":"https:\/\/soap2o.sk\/#\/schema\/logo\/image\/"}}]}},"featured_image_src":null,"featured_image_src_square":null,"uagb_featured_image_src":{"full":false,"thumbnail":false,"medium":false,"medium_large":false,"large":false,"1536x1536":false,"2048x2048":false,"trp-custom-language-flag":false,"gb-block-post-grid-landscape":false,"gb-block-post-grid-square":false},"uagb_author_info":{"display_name":"administrator","author_link":"https:\/\/soap2o.sk\/en\/author\/administrator\/"},"uagb_comment_info":0,"uagb_excerpt":"Eko mydlo na ruky Elegantn\u00e9 ekologick\u00e9 f\u013ea\u0161ky s mydlom na ruky s\u00fa dostupn\u00e9 v polno\u010dnej \u010diernej a porcel\u00e1novo bielej farbe. F\u013ea\u0161ky s\u00fa vyroben\u00e9 z&nbsp;matn\u00e9ho skla a znovu naplnite\u013en\u00e9, aby sa zabezpe\u010dila kvalita a&nbsp;perfektn\u00fd pocit z &hellip; Starostlivos\u0165 o ruky Cel\u00fd \u010dl\u00e1nok","_links":{"self":[{"href":"https:\/\/soap2o.sk\/en\/wp-json\/wp\/v2\/pages\/11510"}],"collection":[{"href":"https:\/\/soap2o.sk\/en\/wp-json\/wp\/v2\/pages"}],"about":[{"href":"https:\/\/soap2o.sk\/en\/wp-json\/wp\/v2\/types\/page"}],"author":[{"embeddable":true,"href":"https:\/\/soap2o.sk\/en\/wp-json\/wp\/v2\/users\/1"}],"replies":[{"embeddable":true,"href":"https:\/\/soap2o.sk\/en\/wp-json\/wp\/v2\/comments?post=11510"}],"version-history":[{"count":39,"href":"https:\/\/soap2o.sk\/en\/wp-json\/wp\/v2\/pages\/11510\/revisions"}],"predecessor-version":[{"id":11980,"href":"https:\/\/soap2o.sk\/en\/wp-json\/wp\/v2\/pages\/11510\/revisions\/11980"}],"up":[{"embeddable":true,"href":"https:\/\/soap2o.sk\/en\/wp-json\/wp\/v2\/pages\/11574"}],"wp:attachment":[{"href":"https:\/\/soap2o.sk\/en\/wp-json\/wp\/v2\/media?parent=11510"}],"curies":[{"name":"wp","href":"https:\/\/api.w.org\/{rel}","templated":true}]}}