{"id":11672,"date":"2022-03-02T00:27:09","date_gmt":"2022-03-01T23:27:09","guid":{"rendered":"https:\/\/soap2o.sk\/?page_id=11672"},"modified":"2022-03-31T23:13:39","modified_gmt":"2022-03-31T21:13:39","slug":"nase-poslanie","status":"publish","type":"page","link":"https:\/\/soap2o.sk\/en\/our-mission\/","title":{"rendered":"Our mission"},"content":{"rendered":"<div class=\"wp-block-genesis-blocks-gb-container gb-block-container\"><div class=\"gb-container-inside\"><div class=\"gb-container-content\">\n<section class=\"wp-block-uagb-columns uagb-columns__wrap uagb-columns__background-undefined uagb-columns__stack-mobile uagb-columns__valign-undefined uagb-columns__gap-10 alignundefined uagb-block-820f6c0b\"><div class=\"uagb-columns__overlay\"><\/div><div class=\"uagb-columns__inner-wrap uagb-columns__columns-2\">\n<div class=\"wp-block-uagb-column uagb-column__wrap uagb-column__background-color uagb-block-1293f008\"><div class=\"uagb-column__overlay\"><\/div><div class=\"uagb-column__inner-wrap\">\n<div style=\"color:#ddd\" class=\"wp-block-genesis-blocks-gb-spacer gb-block-spacer gb-divider-solid gb-divider-size-1\"><hr style=\"height:50px\"\/><\/div>\n\n\n\n<p><\/p>\n\n\n\n<p><\/p>\n\n\n\n<h2 class=\"has-text-align-right has-white-color has-text-color\">Our mission<\/h2>\n<\/div><\/div>\n\n\n\n<div class=\"wp-block-uagb-column uagb-column__wrap uagb-column__background-color uagb-block-d98d357a\"><div class=\"uagb-column__overlay\"><\/div><div class=\"uagb-column__inner-wrap\">\n<div style=\"color:#ddd\" class=\"wp-block-genesis-blocks-gb-spacer gb-block-spacer gb-divider-solid gb-divider-size-1\"><hr style=\"height:50px\"\/><\/div>\n\n\n\n<p class=\"has-white-color has-text-color\">Our mission at SOAP\u2082O is to create disruptive innovation and change the soap industry as we know it. We don't want to continue to mass produce single-use plastics, which is why we came up with a plastic-free solution to completely eliminate it from our soap products.<\/p>\n\n\n\n<p class=\"has-white-color has-text-color\">SOAP\u2082O products are packaged in water-soluble PVA film. There is no waste for the customer to throw away and the packaging is 100% recyclable.<\/p>\n\n\n\n<p class=\"has-white-color has-text-color\"><strong>We are making a difference in saving the planet. We can only hope that others will follow.<\/strong><\/p>\n<\/div><\/div>\n<\/div><\/section>\n<\/div><\/div><\/div>\n\n\n\n<div class=\"wp-block-cover alignfull\" style=\"background-color:#ffffff;min-height:450px\"><img loading=\"lazy\" width=\"1500\" height=\"999\" class=\"wp-block-cover__image-background wp-image-11678\" alt=\"\" src=\"https:\/\/soap2o.sk\/wp-content\/uploads\/sand-meeting-waves.png\" data-object-fit=\"cover\" srcset=\"https:\/\/soap2o.sk\/wp-content\/uploads\/sand-meeting-waves.png 1500w, https:\/\/soap2o.sk\/wp-content\/uploads\/sand-meeting-waves-300x200.png 300w, https:\/\/soap2o.sk\/wp-content\/uploads\/sand-meeting-waves-1024x682.png 1024w, https:\/\/soap2o.sk\/wp-content\/uploads\/sand-meeting-waves-768x511.png 768w, https:\/\/soap2o.sk\/wp-content\/uploads\/sand-meeting-waves-600x400.png 600w, https:\/\/soap2o.sk\/wp-content\/uploads\/sand-meeting-waves-64x43.png 64w\" sizes=\"(max-width: 1500px) 100vw, 1500px\" \/><div class=\"wp-block-cover__inner-container\">\n<p class=\"has-text-align-center has-large-font-size\"><\/p>\n<\/div><\/div>\n\n\n\n<div class=\"wp-container-2 wp-block-group alignfull\"><div class=\"wp-block-group__inner-container\">\n<div class=\"wp-container-1 wp-block-group alignfull has-white-background-color has-background\"><div class=\"wp-block-group__inner-container\">\n<div class=\"wp-block-media-text alignwide has-media-on-the-right is-stacked-on-mobile is-vertically-aligned-center\" style=\"grid-template-columns:auto 49%\"><figure class=\"wp-block-media-text__media\"><img loading=\"lazy\" width=\"500\" height=\"497\" src=\"http:\/\/soap2o.sk\/wp-content\/uploads\/Soap2o.SafrinaSmith-2.jpg\" alt=\"\" class=\"wp-image-11531 size-full\" srcset=\"https:\/\/soap2o.sk\/wp-content\/uploads\/Soap2o.SafrinaSmith-2.jpg 500w, https:\/\/soap2o.sk\/wp-content\/uploads\/Soap2o.SafrinaSmith-2-300x298.jpg 300w, https:\/\/soap2o.sk\/wp-content\/uploads\/Soap2o.SafrinaSmith-2-150x150.jpg 150w, https:\/\/soap2o.sk\/wp-content\/uploads\/Soap2o.SafrinaSmith-2-100x100.jpg 100w, https:\/\/soap2o.sk\/wp-content\/uploads\/Soap2o.SafrinaSmith-2-64x64.jpg 64w\" sizes=\"(max-width: 500px) 100vw, 500px\" \/><\/figure><div class=\"wp-block-media-text__content\">\n<p><strong>The environmental crisis as we know it<\/strong><\/p>\n\n\n\n<p>In 2022, we are currently facing 10 major environmental challenges<\/p>\n\n\n\n<ul><li>Climate change<\/li><li>Electricity generation<\/li><li>Water<\/li><li>Biodiversity and land use<\/li><li>Chemicals, toxic substances and heavy metals<\/li><li>Air pollution<\/li><li>Waste management<\/li><li>Depletion of the ozone layer<\/li><li>Oceans and fisheries<\/li><li>Deforestation<\/li><\/ul>\n\n\n\n<p>We developed SOAP\u2082O to provide an alternative product that will reduce the impact on the soap industry and the planet. We have found a niche in the market and day after day we see the positive effects our product creates. Last year, in 4 months of operation, SOAP\u2082O saved 250,000 plastic bottles that would have gone to landfill, representing a whopping 50.4 tons of plastic.<\/p>\n\n\n\n<p><strong>Last year, in just 4 months of operation, SOAP\u2082O saved 250,000 plastic bottles going to landfill and we saved an amazing 50.4 tonnes of plastic.<\/strong><\/p>\n<\/div><\/div>\n<\/div><\/div>\n\n\n\n<div style=\"padding-top:1%\" class=\"wp-block-genesis-blocks-gb-container gb-block-container\"><div class=\"gb-container-inside\"><div class=\"gb-container-content\">\n<h2 class=\"has-text-align-center has-text-color\" style=\"color:#626438\">Why us?<\/h2>\n<\/div><\/div><\/div>\n\n\n\n<p><\/p>\n<\/div><\/div>\n\n\n\n<div style=\"padding-bottom:3%;padding-top:0.5%\" class=\"wp-block-genesis-blocks-gb-container gb-block-container\"><div class=\"gb-container-inside\"><div class=\"gb-container-content\">\n<div class=\"wp-block-nextend-smartslider3 hp-container\"><\/div>\n<\/div><\/div><\/div>","protected":false},"excerpt":{"rendered":"<p>The environmental crisis as we know it In 2022, we are currently facing 10 major environmental challenges Climate change Electricity generation Water Biodiversity and land use Chemicals, toxics and heavy metals Air pollution Management of ...<\/p>\n<p class=\"read-more\"> <a class=\"ast-button\" href=\"https:\/\/soap2o.sk\/en\/our-mission\/\"> <span class=\"screen-reader-text\">Our mission<\/span> Full article<\/a><\/p>","protected":false},"author":1,"featured_media":0,"parent":0,"menu_order":0,"comment_status":"closed","ping_status":"closed","template":"","meta":{"inline_featured_image":false,"site-sidebar-layout":"default","site-content-layout":"default","ast-global-header-display":"","ast-main-header-display":"","ast-hfb-above-header-display":"","ast-hfb-below-header-display":"","ast-hfb-mobile-header-display":"","site-post-title":"disabled","ast-breadcrumbs-content":"","ast-featured-img":"","footer-sml-layout":"","theme-transparent-header-meta":"default","adv-header-id-meta":"","stick-header-meta":"","header-above-stick-meta":"","header-main-stick-meta":"","header-below-stick-meta":""},"yoast_head":"<!-- This site is optimized with the Yoast SEO plugin v19.7.1 - https:\/\/yoast.com\/wordpress\/plugins\/seo\/ -->\n<title>Na\u0161e poslanie - soap2o.sk<\/title>\n<meta name=\"robots\" content=\"index, follow, max-snippet:-1, max-image-preview:large, max-video-preview:-1\" \/>\n<link rel=\"canonical\" href=\"https:\/\/soap2o.sk\/en\/our-mission\/\" \/>\n<meta property=\"og:locale\" content=\"en_GB\" \/>\n<meta property=\"og:type\" content=\"article\" \/>\n<meta property=\"og:title\" content=\"Na\u0161e poslanie - soap2o.sk\" \/>\n<meta property=\"og:description\" content=\"Environment\u00e1lna kr\u00edza, ako ju pozn\u00e1me V roku 2022 v s\u00fa\u010dasnosti \u010del\u00edme 10 hlavn\u00fdm environment\u00e1lnym probl\u00e9mom Zmena podnebia V\u00fdroba elektrickej energie Voda Biodiverzita a vyu\u017eitie p\u00f4dy Chemik\u00e1lie, toxick\u00e9 l\u00e1tky a \u0165a\u017ek\u00e9 kovy Zne\u010distenie vzduchu Nakladanie s &hellip; Na\u0161e poslanie Cel\u00fd \u010dl\u00e1nok\" \/>\n<meta property=\"og:url\" content=\"https:\/\/soap2o.sk\/en\/our-mission\/\" \/>\n<meta property=\"og:site_name\" content=\"soap2o.sk\" \/>\n<meta property=\"article:publisher\" content=\"https:\/\/www.facebook.com\/IDrysk\/\" \/>\n<meta property=\"article:modified_time\" content=\"2022-03-31T21:13:39+00:00\" \/>\n<meta property=\"og:image\" content=\"https:\/\/soap2o.sk\/wp-content\/uploads\/sand-meeting-waves.png\" \/>\n<meta name=\"twitter:card\" content=\"summary_large_image\" \/>\n<meta name=\"twitter:site\" content=\"@iDrySKsro\" \/>\n<meta name=\"twitter:label1\" content=\"Estimated reading time\" \/>\n\t<meta name=\"twitter:data1\" content=\"2 minutes\" \/>\n<script type=\"application\/ld+json\" class=\"yoast-schema-graph\">{\"@context\":\"https:\/\/schema.org\",\"@graph\":[{\"@type\":\"WebPage\",\"@id\":\"https:\/\/soap2o.sk\/nase-poslanie\/\",\"url\":\"https:\/\/soap2o.sk\/nase-poslanie\/\",\"name\":\"Na\u0161e poslanie - soap2o.sk\",\"isPartOf\":{\"@id\":\"https:\/\/soap2o.sk\/#website\"},\"datePublished\":\"2022-03-01T23:27:09+00:00\",\"dateModified\":\"2022-03-31T21:13:39+00:00\",\"breadcrumb\":{\"@id\":\"https:\/\/soap2o.sk\/nase-poslanie\/#breadcrumb\"},\"inLanguage\":\"en-GB\",\"potentialAction\":[{\"@type\":\"ReadAction\",\"target\":[\"https:\/\/soap2o.sk\/nase-poslanie\/\"]}]},{\"@type\":\"BreadcrumbList\",\"@id\":\"https:\/\/soap2o.sk\/nase-poslanie\/#breadcrumb\",\"itemListElement\":[{\"@type\":\"ListItem\",\"position\":1,\"name\":\"Home\",\"item\":\"https:\/\/soap2o.sk\/\"},{\"@type\":\"ListItem\",\"position\":2,\"name\":\"Na\u0161e poslanie\"}]},{\"@type\":\"WebSite\",\"@id\":\"https:\/\/soap2o.sk\/#website\",\"url\":\"https:\/\/soap2o.sk\/\",\"name\":\"soap2o.sk\",\"description\":\"soap2o.sk\",\"publisher\":{\"@id\":\"https:\/\/soap2o.sk\/#organization\"},\"potentialAction\":[{\"@type\":\"SearchAction\",\"target\":{\"@type\":\"EntryPoint\",\"urlTemplate\":\"https:\/\/soap2o.sk\/?s={search_term_string}\"},\"query-input\":\"required name=search_term_string\"}],\"inLanguage\":\"en-GB\"},{\"@type\":\"Organization\",\"@id\":\"https:\/\/soap2o.sk\/#organization\",\"name\":\"soap2o.sk\",\"url\":\"https:\/\/soap2o.sk\/\",\"sameAs\":[\"http:\/\/instagram\/idrysk\",\"https:\/\/www.facebook.com\/IDrysk\/\",\"https:\/\/twitter.com\/iDrySKsro\"],\"logo\":{\"@type\":\"ImageObject\",\"inLanguage\":\"en-GB\",\"@id\":\"https:\/\/soap2o.sk\/#\/schema\/logo\/image\/\",\"url\":\"https:\/\/soap2o.sk\/wp-content\/uploads\/Soap2o-white.svg\",\"contentUrl\":\"https:\/\/soap2o.sk\/wp-content\/uploads\/Soap2o-white.svg\",\"caption\":\"soap2o.sk\"},\"image\":{\"@id\":\"https:\/\/soap2o.sk\/#\/schema\/logo\/image\/\"}}]}<\/script>\n<!-- \/ Yoast SEO plugin. -->","yoast_head_json":{"title":"Na\u0161e poslanie - soap2o.sk","robots":{"index":"index","follow":"follow","max-snippet":"max-snippet:-1","max-image-preview":"max-image-preview:large","max-video-preview":"max-video-preview:-1"},"canonical":"https:\/\/soap2o.sk\/en\/our-mission\/","og_locale":"en_GB","og_type":"article","og_title":"Na\u0161e poslanie - soap2o.sk","og_description":"Environment\u00e1lna kr\u00edza, ako ju pozn\u00e1me V roku 2022 v s\u00fa\u010dasnosti \u010del\u00edme 10 hlavn\u00fdm environment\u00e1lnym probl\u00e9mom Zmena podnebia V\u00fdroba elektrickej energie Voda Biodiverzita a vyu\u017eitie p\u00f4dy Chemik\u00e1lie, toxick\u00e9 l\u00e1tky a \u0165a\u017ek\u00e9 kovy Zne\u010distenie vzduchu Nakladanie s &hellip; Na\u0161e poslanie Cel\u00fd \u010dl\u00e1nok","og_url":"https:\/\/soap2o.sk\/en\/our-mission\/","og_site_name":"soap2o.sk","article_publisher":"https:\/\/www.facebook.com\/IDrysk\/","article_modified_time":"2022-03-31T21:13:39+00:00","og_image":[{"url":"https:\/\/soap2o.sk\/wp-content\/uploads\/sand-meeting-waves.png"}],"twitter_card":"summary_large_image","twitter_site":"@iDrySKsro","twitter_misc":{"Estimated reading time":"2 minutes"},"schema":{"@context":"https:\/\/schema.org","@graph":[{"@type":"WebPage","@id":"https:\/\/soap2o.sk\/nase-poslanie\/","url":"https:\/\/soap2o.sk\/nase-poslanie\/","name":"Na\u0161e poslanie - soap2o.sk","isPartOf":{"@id":"https:\/\/soap2o.sk\/#website"},"datePublished":"2022-03-01T23:27:09+00:00","dateModified":"2022-03-31T21:13:39+00:00","breadcrumb":{"@id":"https:\/\/soap2o.sk\/nase-poslanie\/#breadcrumb"},"inLanguage":"en-GB","potentialAction":[{"@type":"ReadAction","target":["https:\/\/soap2o.sk\/nase-poslanie\/"]}]},{"@type":"BreadcrumbList","@id":"https:\/\/soap2o.sk\/nase-poslanie\/#breadcrumb","itemListElement":[{"@type":"ListItem","position":1,"name":"Home","item":"https:\/\/soap2o.sk\/"},{"@type":"ListItem","position":2,"name":"Na\u0161e poslanie"}]},{"@type":"WebSite","@id":"https:\/\/soap2o.sk\/#website","url":"https:\/\/soap2o.sk\/","name":"soap2o.sk","description":"soap2o.sk","publisher":{"@id":"https:\/\/soap2o.sk\/#organization"},"potentialAction":[{"@type":"SearchAction","target":{"@type":"EntryPoint","urlTemplate":"https:\/\/soap2o.sk\/?s={search_term_string}"},"query-input":"required name=search_term_string"}],"inLanguage":"en-GB"},{"@type":"Organization","@id":"https:\/\/soap2o.sk\/#organization","name":"soap2o.sk","url":"https:\/\/soap2o.sk\/","sameAs":["http:\/\/instagram\/idrysk","https:\/\/www.facebook.com\/IDrysk\/","https:\/\/twitter.com\/iDrySKsro"],"logo":{"@type":"ImageObject","inLanguage":"en-GB","@id":"https:\/\/soap2o.sk\/#\/schema\/logo\/image\/","url":"https:\/\/soap2o.sk\/wp-content\/uploads\/Soap2o-white.svg","contentUrl":"https:\/\/soap2o.sk\/wp-content\/uploads\/Soap2o-white.svg","caption":"soap2o.sk"},"image":{"@id":"https:\/\/soap2o.sk\/#\/schema\/logo\/image\/"}}]}},"featured_image_src":null,"featured_image_src_square":null,"uagb_featured_image_src":{"full":false,"thumbnail":false,"medium":false,"medium_large":false,"large":false,"1536x1536":false,"2048x2048":false,"trp-custom-language-flag":false,"gb-block-post-grid-landscape":false,"gb-block-post-grid-square":false},"uagb_author_info":{"display_name":"administrator","author_link":"https:\/\/soap2o.sk\/en\/author\/administrator\/"},"uagb_comment_info":0,"uagb_excerpt":"Environment\u00e1lna kr\u00edza, ako ju pozn\u00e1me V roku 2022 v s\u00fa\u010dasnosti \u010del\u00edme 10 hlavn\u00fdm environment\u00e1lnym probl\u00e9mom Zmena podnebia V\u00fdroba elektrickej energie Voda Biodiverzita a vyu\u017eitie p\u00f4dy Chemik\u00e1lie, toxick\u00e9 l\u00e1tky a \u0165a\u017ek\u00e9 kovy Zne\u010distenie vzduchu Nakladanie s &hellip; Na\u0161e poslanie Cel\u00fd \u010dl\u00e1nok","_links":{"self":[{"href":"https:\/\/soap2o.sk\/en\/wp-json\/wp\/v2\/pages\/11672"}],"collection":[{"href":"https:\/\/soap2o.sk\/en\/wp-json\/wp\/v2\/pages"}],"about":[{"href":"https:\/\/soap2o.sk\/en\/wp-json\/wp\/v2\/types\/page"}],"author":[{"embeddable":true,"href":"https:\/\/soap2o.sk\/en\/wp-json\/wp\/v2\/users\/1"}],"replies":[{"embeddable":true,"href":"https:\/\/soap2o.sk\/en\/wp-json\/wp\/v2\/comments?post=11672"}],"version-history":[{"count":24,"href":"https:\/\/soap2o.sk\/en\/wp-json\/wp\/v2\/pages\/11672\/revisions"}],"predecessor-version":[{"id":11845,"href":"https:\/\/soap2o.sk\/en\/wp-json\/wp\/v2\/pages\/11672\/revisions\/11845"}],"wp:attachment":[{"href":"https:\/\/soap2o.sk\/en\/wp-json\/wp\/v2\/media?parent=11672"}],"curies":[{"name":"wp","href":"https:\/\/api.w.org\/{rel}","templated":true}]}}