{"id":1079,"date":"2018-12-22T13:29:44","date_gmt":"2018-12-22T12:29:44","guid":{"rendered":"https:\/\/soap2o.sk\/?page_id=1079"},"modified":"2022-03-31T23:13:40","modified_gmt":"2022-03-31T21:13:40","slug":"ochrana-osobnych-udajov","status":"publish","type":"page","link":"https:\/\/soap2o.sk\/hu\/szemelyes-adatok-vedelme\/","title":{"rendered":"Adatv\u00e9delmi ir\u00e1nyelvek"},"content":{"rendered":"<div style=\"color:#ddd\" class=\"wp-block-genesis-blocks-gb-spacer gb-block-spacer gb-divider-solid gb-divider-size-1\"><hr style=\"height:50px\"\/><\/div>\n\n\n\n<div class=\"wp-block-genesis-blocks-gb-container hp-container gb-block-container\"><div class=\"gb-container-inside\"><div class=\"gb-container-content\">\n<h2>Adatv\u00e9delmi ir\u00e1nyelvek<\/h2>\n\n\n\n<p><strong>\u00c1ltal\u00e1nos inform\u00e1ci\u00f3k a szem\u00e9lyes adatok feldolgoz\u00e1s\u00e1r\u00f3l<\/strong><\/p>\n\n\n\n<p>A weboldal \u00fczemeltet\u0151je felel\u0151s a szem\u00e9lyes adatok kezel\u00e9s\u00e9\u00e9rt a term\u00e9szetes szem\u00e9lyeknek a szem\u00e9lyes adatok kezel\u00e9se tekintet\u00e9ben t\u00f6rt\u00e9n\u0151 v\u00e9delm\u00e9r\u0151l \u00e9s az ilyen adatok szabad \u00e1raml\u00e1s\u00e1r\u00f3l sz\u00f3l\u00f3, 2016. \u00e1prilis 27-i (EU) 2016\/679 eur\u00f3pai parlamenti \u00e9s tan\u00e1csi rendelet (a tov\u00e1bbiakban: GDPR) szerint.<\/p>\n\n\n\n<p>1. \u00c9rintett szem\u00e9ly - a weboldal v\u00e1s\u00e1rl\u00f3ja\/l\u00e1togat\u00f3ja, \u00fczemeltet\u0151 - a web\u00e1ruh\u00e1z \u00fczemeltet\u0151je.<\/p>\n\n\n\n<p>2. A szem\u00e9lyes adatok c\u00edmzettjei:<\/p>\n\n\n\n<p>Az adatkezel\u0151 nem adja \u00e1t a vev\u0151 szem\u00e9lyes adatait harmadik f\u00e9lnek, kiv\u00e9ve az \u00e1ruk vagy szolg\u00e1ltat\u00e1sok sz\u00e1ll\u00edt\u00e1s\u00e1t szervez\u0151 sz\u00e1ll\u00edt\u00f3 c\u00e9get, a k\u00f6nyvel\u0151 c\u00e9get, illetve ellen\u0151rz\u00e9s eset\u00e9n az \u00e1llami hat\u00f3s\u00e1gokat, amelyek eset\u00e9ben ezek a szervezetek harmadik f\u00e9lnek min\u0151s\u00fclnek.<\/p>\n\n\n\n<p>3. Az \u00e9rintett k\u00f6teles a val\u00f3s\u00e1gnak megfelel\u0151 \u00e9s naprak\u00e9sz szem\u00e9lyes adatokat megadni. Az \u00e9rintett jogait a GDPR 3. fejezete szab\u00e1lyozza. Ezek k\u00f6z\u00e9 tartozik p\u00e9ld\u00e1ul a fel\u00fcgyeleti hat\u00f3s\u00e1gn\u00e1l t\u00f6rt\u00e9n\u0151 panaszt\u00e9telhez val\u00f3 jog, az adatkezel\u00e9s elleni tiltakoz\u00e1shoz val\u00f3 jog, az adatkezel\u0151t\u0151l az \u00e9rintettre vonatkoz\u00f3 szem\u00e9lyes adatokhoz val\u00f3 hozz\u00e1f\u00e9r\u00e9shez val\u00f3 jog, a szem\u00e9lyes adatok helyesb\u00edt\u00e9s\u00e9hez vagy t\u00f6rl\u00e9s\u00e9hez, illetve az adatkezel\u00e9s korl\u00e1toz\u00e1s\u00e1hoz val\u00f3 jog,<\/p>\n\n\n\n<p>valamint az adathordozhat\u00f3s\u00e1ghoz val\u00f3 jog.<\/p>\n\n\n\n<p><strong>Szem\u00e9lyes adatok feldolgoz\u00e1sa s\u00fctik feldolgoz\u00e1sa c\u00e9lj\u00e1b\u00f3l<\/strong><\/p>\n\n\n\n<p>A szem\u00e9lyes adatok s\u00fctik feldolgoz\u00e1sa c\u00e9lj\u00e1b\u00f3l t\u00f6rt\u00e9n\u0151 feldolgoz\u00e1s\u00e1ra a szem\u00e9lyes adatok feldolgoz\u00e1s\u00e1ra vonatkoz\u00f3, fentiekben meghat\u00e1rozott \u00e1ltal\u00e1nos inform\u00e1ci\u00f3k, valamint a k\u00f6vetkez\u0151k vonatkoznak:<\/p>\n\n\n\n<p>1. A szem\u00e9lyes adatok feldolgoz\u00e1s\u00e1nak c\u00e9ljai: forgalomelemz\u00e9s, kos\u00e1r tartalma, hirdet\u00e9sek szem\u00e9lyre szab\u00e1sa, az \u00d6n bejelentkez\u00e9si adatai, a cookie-k haszn\u00e1lat\u00e1hoz val\u00f3 hozz\u00e1j\u00e1rul\u00e1sa stb. A cookie-k olyan kis mennyis\u00e9g\u0171 adat, amelyet a szerverek k\u00fcldenek az \u00d6n b\u00f6ng\u00e9sz\u0151j\u00e9nek. Ez ut\u00f3bbi t\u00e1rolja \u0151ket a felhaszn\u00e1l\u00f3 sz\u00e1m\u00edt\u00f3g\u00e9p\u00e9n. A b\u00f6ng\u00e9sz\u0151 ezt az adatot azt\u00e1n minden egyes alkalommal visszak\u00fcldi a szervernek, amikor \u00d6n megl\u00e1togatja a webhelyet.<\/p>\n\n\n\n<p>2. A szem\u00e9lyes adatok feldolgoz\u00e1s\u00e1nak jogalapja: GDPR 6. cikk (1) bekezd\u00e9s a) pont - az \u00e9rintett hozz\u00e1j\u00e1rult szem\u00e9lyes adatainak egy vagy t\u00f6bb meghat\u00e1rozott c\u00e9lb\u00f3l t\u00f6rt\u00e9n\u0151 feldolgoz\u00e1s\u00e1hoz.<\/p>\n\n\n\n<p>3. A szem\u00e9lyes adatok meg\u0151rz\u00e9si ideje - A weboldalunkon haszn\u00e1lt cookie-kat tart\u00f3ss\u00e1guk szempontj\u00e1b\u00f3l k\u00e9t alapvet\u0151 t\u00edpusba sorolhatjuk. R\u00f6vid t\u00e1v\u00fa \"munkamenet-s\u00fctik\", amelyek csak ideiglenesen, \u00e9s csak addig maradnak a b\u00f6ng\u00e9sz\u0151j\u00e9n, am\u00edg be nem z\u00e1rja a b\u00f6ng\u00e9sz\u0151t, \u00e9s hossz\u00fa t\u00e1v\u00fa \"\u00e1lland\u00f3 s\u00fctik\", amelyek hosszabb ideig vagy a manu\u00e1lis t\u00f6rl\u00e9s\u00fckig maradnak az eszk\u00f6z\u00e9n, \u00e9s a s\u00fctik eszk\u00f6z\u00e9n marad\u00e1s\u00e1nak id\u0151tartama mag\u00e1nak a s\u00fctinek a be\u00e1ll\u00edt\u00e1s\u00e1t\u00f3l \u00e9s a b\u00f6ng\u00e9sz\u0151 be\u00e1ll\u00edt\u00e1sait\u00f3l f\u00fcgg.<\/p>\n\n\n\n<p><strong>Szem\u00e9lyes adatok feldolgoz\u00e1sa megrendel\u00e9s teljes\u00edt\u00e9se c\u00e9lj\u00e1b\u00f3l<\/strong><\/p>\n\n\n\n<p>1. Az iDry SK weboldal\u00e1n kereszt\u00fcl t\u00f6rt\u00e9n\u0151 megrendel\u00e9s elk\u00fcld\u00e9s\u00e9nek felt\u00e9tele, hogy a vev\u0151 meger\u0151s\u00edtse a jelen \u00c1SZF-hez val\u00f3 hozz\u00e1j\u00e1rul\u00e1s\u00e1t, valamint hozz\u00e1j\u00e1rul\u00e1s\u00e1t a vev\u0151 szem\u00e9lyes adatainak a 428\/2002 sz. t\u00f6rv\u00e9ny 4. szakasza (1) bekezd\u00e9s\u00e9nek a) pontj\u00e1ban meghat\u00e1rozottak szerinti feldolgoz\u00e1s\u00e1hoz. a szem\u00e9lyes adatok v\u00e9delm\u00e9r\u0151l sz\u00f3l\u00f3 t\u00f6rv\u00e9ny \u00e9rtelm\u00e9ben.<\/p>\n\n\n\n<p>2. Az iDry SK v\u00e1llalat az ad\u00e1sv\u00e9teli szerz\u0151d\u00e9s megk\u00f6t\u00e9se \u00e9s az ad\u00e1sv\u00e9teli szerz\u0151d\u00e9sb\u0151l ered\u0151 k\u00f6telezetts\u00e9geinek teljes\u00edt\u00e9se c\u00e9lj\u00e1b\u00f3l kezeli a vev\u0151 szem\u00e9lyes adatait; ezeket k\u00fcl\u00f6n\u00f6sen a sz\u00e1mla ki\u00e1ll\u00edt\u00e1sa, a megrendel\u00e9s feldolgoz\u00e1sa \u00e9s a megrendelt szolg\u00e1ltat\u00e1s teljes\u00edt\u00e9se sor\u00e1n haszn\u00e1lja fel. Az iDry SK felel\u0151s az\u00e9rt, hogy a term\u00e9szetes szem\u00e9ly \u00e1ltal megadott szem\u00e9lyes adatokat ne haszn\u00e1lj\u00e1k fel m\u00e1s c\u00e9lokra, k\u00fcl\u00f6n\u00f6sen ne adj\u00e1k \u00e1t harmadik szem\u00e9lyeknek (kiv\u00e9ve a csomagok k\u00e9zbes\u00edt\u00e9s\u00e9t v\u00e9gz\u0151 szem\u00e9lyeket).<\/p>\n\n\n\n<p>3. Az iDry SK c\u00e9g term\u00e9szetes szem\u00e9ly szem\u00e9lyes adatait a k\u00f6vetkez\u0151 k\u00f6rben kezeli: keresztn\u00e9v, vezet\u00e9kn\u00e9v, lak\u00f3hely, e-mail c\u00edm, sz\u00e1ml\u00e1z\u00e1si c\u00edm, sz\u00e1ll\u00edt\u00e1si c\u00edm, kapcsolattart\u00e1si telefonsz\u00e1m, jogi szem\u00e9ly eset\u00e9ben pedig szem\u00e9lyi azonos\u00edt\u00f3 sz\u00e1m, ad\u00f3sz\u00e1m, ad\u00f3sz\u00e1m.<\/p>\n\n\n\n<p>4. Amennyiben a Vev\u0151 a regisztr\u00e1ci\u00f3 vagy a Szolg\u00e1ltat\u00e1s megrendel\u00e9se sor\u00e1n jelzi, hogy hozz\u00e1j\u00e1rul ahhoz, hogy az iDry SK-t\u00f3l aktu\u00e1lis aj\u00e1nlatokat \u00e9s egy\u00e9b kereskedelmi inform\u00e1ci\u00f3kat kapjon, az iDry SK ezeket a Vev\u0151 \u00e1ltal a regisztr\u00e1ci\u00f3 vagy a Szolg\u00e1ltat\u00e1s megrendel\u00e9se sor\u00e1n megadott e-mail c\u00edmre k\u00fcldi. Az aktu\u00e1lis aj\u00e1nlatok \u00e9s kereskedelmi inform\u00e1ci\u00f3k k\u00fcld\u00e9s\u00e9nek lemond\u00e1s\u00e1t b\u00e1rmikor k\u00e9rheti a info@idry.sk e-mail c\u00edmen.<\/p>\n\n\n\n<p>5. A szem\u00e9lyes adatok kezel\u00e9s\u00e9nek c\u00e9lja:<\/p>\n\n\n\n<ul><li>ad\u00f3\u00fcgyi dokumentum - sz\u00e1mla ki\u00e1ll\u00edt\u00e1sa,<\/li><li>a szolg\u00e1ltat\u00e1s k\u00e9zbes\u00edt\u00e9se \u00e9s a vev\u0151 azonos\u00edt\u00e1sa az el\u0151re fizetett szolg\u00e1ltat\u00e1s k\u00e9zbes\u00edt\u00e9se el\u0151tt,<\/li><li>a megrendel\u00e9s visszaigazol\u00e1sa, a szolg\u00e1ltat\u00e1s kifizet\u00e9se, a megrendelt szolg\u00e1ltat\u00e1s k\u00e9zbes\u00edt\u00e9se,<\/li><li>a weboldalon kereszt\u00fcl regisztr\u00e1lt szem\u00e9lyek nyilv\u00e1ntart\u00e1sa,<\/li><li>a megrendel\u00e9sek \u00e9s az ad\u00e1sv\u00e9teli szerz\u0151d\u00e9sek nyilv\u00e1ntart\u00e1sa az esetleges panaszok kezel\u00e9se \u00e9rdek\u00e9ben,<\/li><li>aktu\u00e1lis aj\u00e1nlatok \u00e9s kereskedelmi inform\u00e1ci\u00f3k k\u00fcld\u00e9se elektronikus lev\u00e9lben (e-mail) a c\u00edmzett beleegyez\u00e9s\u00e9vel.<\/li><\/ul>\n\n\n\n<p><strong>Automatiz\u00e1lt egyedi d\u00f6nt\u00e9shozatal, bele\u00e9rtve a profilalkot\u00e1st (GDPR 22. cikk, a dokument\u00e1ci\u00f3nk szervezeti ir\u00e1nyelv\u00e9nek 7.9. pontja).<\/strong><\/p>\n\n\n\n<p>Az \u00e9rintettnek joga van ahhoz, hogy ne terjedjen ki r\u00e1 olyan d\u00f6nt\u00e9s hat\u00e1lya, amely kiz\u00e1r\u00f3lag automatiz\u00e1lt adatkezel\u00e9sen alapul, ide\u00e9rtve a profilalkot\u00e1st is, \u00e9s amely r\u00e1 n\u00e9zve joghat\u00e1ssal j\u00e1r, vagy \u0151t hasonl\u00f3k\u00e9ppen jelent\u0151s m\u00e9rt\u00e9kben \u00e9rinti.<\/p>\n<\/div><\/div><\/div>\n\n\n\n<p><\/p>","protected":false},"excerpt":{"rendered":"","protected":false},"author":1,"featured_media":0,"parent":0,"menu_order":0,"comment_status":"closed","ping_status":"closed","template":"","meta":{"inline_featured_image":false,"site-sidebar-layout":"default","site-content-layout":"default","ast-global-header-display":"","ast-main-header-display":"","ast-hfb-above-header-display":"","ast-hfb-below-header-display":"","ast-hfb-mobile-header-display":"","site-post-title":"disabled","ast-breadcrumbs-content":"","ast-featured-img":"","footer-sml-layout":"","theme-transparent-header-meta":"default","adv-header-id-meta":"","stick-header-meta":"","header-above-stick-meta":"","header-main-stick-meta":"","header-below-stick-meta":""},"yoast_head":"<!-- This site is optimized with the Yoast SEO plugin v19.7.1 - https:\/\/yoast.com\/wordpress\/plugins\/seo\/ -->\n<title>Ochrana osobn\u00fdch \u00fadajov - soap2o.sk<\/title>\n<meta name=\"robots\" content=\"index, follow, max-snippet:-1, max-image-preview:large, max-video-preview:-1\" \/>\n<link rel=\"canonical\" href=\"https:\/\/soap2o.sk\/hu\/szemelyes-adatok-vedelme\/\" \/>\n<meta property=\"og:locale\" content=\"hu_HU\" \/>\n<meta property=\"og:type\" content=\"article\" \/>\n<meta property=\"og:title\" content=\"Ochrana osobn\u00fdch \u00fadajov - soap2o.sk\" \/>\n<meta property=\"og:url\" content=\"https:\/\/soap2o.sk\/hu\/szemelyes-adatok-vedelme\/\" \/>\n<meta property=\"og:site_name\" content=\"soap2o.sk\" \/>\n<meta property=\"article:publisher\" content=\"https:\/\/www.facebook.com\/IDrysk\/\" \/>\n<meta property=\"article:modified_time\" content=\"2022-03-31T21:13:40+00:00\" \/>\n<meta name=\"twitter:card\" content=\"summary_large_image\" \/>\n<meta name=\"twitter:site\" content=\"@iDrySKsro\" \/>\n<meta name=\"twitter:label1\" content=\"Becs\u00fclt olvas\u00e1si id\u0151\" \/>\n\t<meta name=\"twitter:data1\" content=\"3 perc\" \/>\n<script type=\"application\/ld+json\" class=\"yoast-schema-graph\">{\"@context\":\"https:\/\/schema.org\",\"@graph\":[{\"@type\":\"WebPage\",\"@id\":\"https:\/\/soap2o.sk\/ochrana-osobnych-udajov\/\",\"url\":\"https:\/\/soap2o.sk\/ochrana-osobnych-udajov\/\",\"name\":\"Ochrana osobn\u00fdch \u00fadajov - soap2o.sk\",\"isPartOf\":{\"@id\":\"https:\/\/soap2o.sk\/#website\"},\"datePublished\":\"2018-12-22T12:29:44+00:00\",\"dateModified\":\"2022-03-31T21:13:40+00:00\",\"breadcrumb\":{\"@id\":\"https:\/\/soap2o.sk\/ochrana-osobnych-udajov\/#breadcrumb\"},\"inLanguage\":\"hu\",\"potentialAction\":[{\"@type\":\"ReadAction\",\"target\":[\"https:\/\/soap2o.sk\/ochrana-osobnych-udajov\/\"]}]},{\"@type\":\"BreadcrumbList\",\"@id\":\"https:\/\/soap2o.sk\/ochrana-osobnych-udajov\/#breadcrumb\",\"itemListElement\":[{\"@type\":\"ListItem\",\"position\":1,\"name\":\"Home\",\"item\":\"https:\/\/soap2o.sk\/\"},{\"@type\":\"ListItem\",\"position\":2,\"name\":\"Ochrana osobn\u00fdch \u00fadajov\"}]},{\"@type\":\"WebSite\",\"@id\":\"https:\/\/soap2o.sk\/#website\",\"url\":\"https:\/\/soap2o.sk\/\",\"name\":\"soap2o.sk\",\"description\":\"soap2o.sk\",\"publisher\":{\"@id\":\"https:\/\/soap2o.sk\/#organization\"},\"potentialAction\":[{\"@type\":\"SearchAction\",\"target\":{\"@type\":\"EntryPoint\",\"urlTemplate\":\"https:\/\/soap2o.sk\/?s={search_term_string}\"},\"query-input\":\"required name=search_term_string\"}],\"inLanguage\":\"hu\"},{\"@type\":\"Organization\",\"@id\":\"https:\/\/soap2o.sk\/#organization\",\"name\":\"soap2o.sk\",\"url\":\"https:\/\/soap2o.sk\/\",\"sameAs\":[\"http:\/\/instagram\/idrysk\",\"https:\/\/www.facebook.com\/IDrysk\/\",\"https:\/\/twitter.com\/iDrySKsro\"],\"logo\":{\"@type\":\"ImageObject\",\"inLanguage\":\"hu\",\"@id\":\"https:\/\/soap2o.sk\/#\/schema\/logo\/image\/\",\"url\":\"https:\/\/soap2o.sk\/wp-content\/uploads\/Soap2o-white.svg\",\"contentUrl\":\"https:\/\/soap2o.sk\/wp-content\/uploads\/Soap2o-white.svg\",\"caption\":\"soap2o.sk\"},\"image\":{\"@id\":\"https:\/\/soap2o.sk\/#\/schema\/logo\/image\/\"}}]}<\/script>\n<!-- \/ Yoast SEO plugin. -->","yoast_head_json":{"title":"Ochrana osobn\u00fdch \u00fadajov - soap2o.sk","robots":{"index":"index","follow":"follow","max-snippet":"max-snippet:-1","max-image-preview":"max-image-preview:large","max-video-preview":"max-video-preview:-1"},"canonical":"https:\/\/soap2o.sk\/hu\/szemelyes-adatok-vedelme\/","og_locale":"hu_HU","og_type":"article","og_title":"Ochrana osobn\u00fdch \u00fadajov - soap2o.sk","og_url":"https:\/\/soap2o.sk\/hu\/szemelyes-adatok-vedelme\/","og_site_name":"soap2o.sk","article_publisher":"https:\/\/www.facebook.com\/IDrysk\/","article_modified_time":"2022-03-31T21:13:40+00:00","twitter_card":"summary_large_image","twitter_site":"@iDrySKsro","twitter_misc":{"Becs\u00fclt olvas\u00e1si id\u0151":"3 perc"},"schema":{"@context":"https:\/\/schema.org","@graph":[{"@type":"WebPage","@id":"https:\/\/soap2o.sk\/ochrana-osobnych-udajov\/","url":"https:\/\/soap2o.sk\/ochrana-osobnych-udajov\/","name":"Ochrana osobn\u00fdch \u00fadajov - soap2o.sk","isPartOf":{"@id":"https:\/\/soap2o.sk\/#website"},"datePublished":"2018-12-22T12:29:44+00:00","dateModified":"2022-03-31T21:13:40+00:00","breadcrumb":{"@id":"https:\/\/soap2o.sk\/ochrana-osobnych-udajov\/#breadcrumb"},"inLanguage":"hu","potentialAction":[{"@type":"ReadAction","target":["https:\/\/soap2o.sk\/ochrana-osobnych-udajov\/"]}]},{"@type":"BreadcrumbList","@id":"https:\/\/soap2o.sk\/ochrana-osobnych-udajov\/#breadcrumb","itemListElement":[{"@type":"ListItem","position":1,"name":"Home","item":"https:\/\/soap2o.sk\/"},{"@type":"ListItem","position":2,"name":"Ochrana osobn\u00fdch \u00fadajov"}]},{"@type":"WebSite","@id":"https:\/\/soap2o.sk\/#website","url":"https:\/\/soap2o.sk\/","name":"soap2o.sk","description":"soap2o.sk","publisher":{"@id":"https:\/\/soap2o.sk\/#organization"},"potentialAction":[{"@type":"SearchAction","target":{"@type":"EntryPoint","urlTemplate":"https:\/\/soap2o.sk\/?s={search_term_string}"},"query-input":"required name=search_term_string"}],"inLanguage":"hu"},{"@type":"Organization","@id":"https:\/\/soap2o.sk\/#organization","name":"soap2o.sk","url":"https:\/\/soap2o.sk\/","sameAs":["http:\/\/instagram\/idrysk","https:\/\/www.facebook.com\/IDrysk\/","https:\/\/twitter.com\/iDrySKsro"],"logo":{"@type":"ImageObject","inLanguage":"hu","@id":"https:\/\/soap2o.sk\/#\/schema\/logo\/image\/","url":"https:\/\/soap2o.sk\/wp-content\/uploads\/Soap2o-white.svg","contentUrl":"https:\/\/soap2o.sk\/wp-content\/uploads\/Soap2o-white.svg","caption":"soap2o.sk"},"image":{"@id":"https:\/\/soap2o.sk\/#\/schema\/logo\/image\/"}}]}},"featured_image_src":null,"featured_image_src_square":null,"uagb_featured_image_src":{"full":false,"thumbnail":false,"medium":false,"medium_large":false,"large":false,"1536x1536":false,"2048x2048":false,"trp-custom-language-flag":false,"gb-block-post-grid-landscape":false,"gb-block-post-grid-square":false},"uagb_author_info":{"display_name":"administrator","author_link":"https:\/\/soap2o.sk\/hu\/author\/administrator\/"},"uagb_comment_info":0,"uagb_excerpt":null,"_links":{"self":[{"href":"https:\/\/soap2o.sk\/hu\/wp-json\/wp\/v2\/pages\/1079"}],"collection":[{"href":"https:\/\/soap2o.sk\/hu\/wp-json\/wp\/v2\/pages"}],"about":[{"href":"https:\/\/soap2o.sk\/hu\/wp-json\/wp\/v2\/types\/page"}],"author":[{"embeddable":true,"href":"https:\/\/soap2o.sk\/hu\/wp-json\/wp\/v2\/users\/1"}],"replies":[{"embeddable":true,"href":"https:\/\/soap2o.sk\/hu\/wp-json\/wp\/v2\/comments?post=1079"}],"version-history":[{"count":7,"href":"https:\/\/soap2o.sk\/hu\/wp-json\/wp\/v2\/pages\/1079\/revisions"}],"predecessor-version":[{"id":11763,"href":"https:\/\/soap2o.sk\/hu\/wp-json\/wp\/v2\/pages\/1079\/revisions\/11763"}],"wp:attachment":[{"href":"https:\/\/soap2o.sk\/hu\/wp-json\/wp\/v2\/media?parent=1079"}],"curies":[{"name":"wp","href":"https:\/\/api.w.org\/{rel}","templated":true}]}}