{"id":1084,"date":"2018-12-22T13:35:00","date_gmt":"2018-12-22T12:35:00","guid":{"rendered":"https:\/\/soap2o.sk\/?page_id=1084"},"modified":"2022-03-31T23:13:40","modified_gmt":"2022-03-31T21:13:40","slug":"reklamacie-a-odstupenie-od-kupnej-zmluvy","status":"publish","type":"page","link":"https:\/\/soap2o.sk\/hu\/claims-and-withdrawal-town-von-a-purchase-contract-contract-ok\/","title":{"rendered":"Reklam\u00e1ci\u00f3k \u00e9s az ad\u00e1sv\u00e9teli szerz\u0151d\u00e9st\u0151l val\u00f3 el\u00e1ll\u00e1s"},"content":{"rendered":"<p>A fogyaszt\u00f3nak az ad\u00e1sv\u00e9teli szerz\u0151d\u00e9st\u0151l val\u00f3 el\u00e1ll\u00e1si joga gyakorl\u00e1s\u00e1ra vonatkoz\u00f3 utas\u00edt\u00e1sok&nbsp;<\/p>\n\n\n\n<p>Elad\u00f3:<\/p>\n\n\n\n<p>iDry SK s. r. o. , Tranovsk\u00e9ho 57, Bratislava 841 02, ID-sz\u00e1m: 46 355 944&nbsp;<\/p>\n\n\n\n<p>Fogyaszt\u00f3: olyan term\u00e9szetes szem\u00e9ly, aki fogyaszt\u00f3i szerz\u0151d\u00e9s megk\u00f6t\u00e9sekor \u00e9s teljes\u00edt\u00e9sekor nem kereskedelmi vagy egy\u00e9b \u00fczleti tev\u00e9kenys\u00e9ge keret\u00e9ben j\u00e1r el.<\/p>\n\n\n\n<p>1. Az ad\u00e1sv\u00e9teli szerz\u0151d\u00e9st\u0151l val\u00f3 el\u00e1ll\u00e1s joga<\/p>\n\n\n\n<p>\u00d6n jogosult 14 napon bel\u00fcl indokl\u00e1s n\u00e9lk\u00fcl el\u00e1llni a jelen ad\u00e1sv\u00e9teli szerz\u0151d\u00e9st\u0151l. Az el\u00e1ll\u00e1si hat\u00e1rid\u0151 14 nappal azut\u00e1n j\u00e1r le, hogy \u00d6n vagy az \u00d6n \u00e1ltal megjel\u00f6lt harmadik szem\u00e9ly - a fuvaroz\u00f3 kiv\u00e9tel\u00e9vel - \u00e1tvette az \u00e1rut. Az el\u00e1ll\u00e1si jog gyakorl\u00e1sa sor\u00e1n egy\u00e9rtelm\u0171 nyilatkozatban kell t\u00e1j\u00e9koztatnia minket arr\u00f3l, hogy el k\u00edv\u00e1n \u00e1llni a szerz\u0151d\u00e9st\u0151l. Ehhez haszn\u00e1lhatja: a jelen t\u00e1j\u00e9koztat\u00f3ban tal\u00e1lhat\u00f3 el\u00e1ll\u00e1si nyilatkozatot (3. oldal), amelyet kit\u00f6ltve a k\u00f6vetkez\u0151 e-mail c\u00edmre k\u00fcldhet el: info@iDry.sk . Ha az \u00e1rut postai \u00faton k\u00fcldi el, k\u00e9rj\u00fck, a fenti \u0171rlapot mell\u00e9kelje a csomaghoz. Az el\u00e1ll\u00e1si hat\u00e1rid\u0151 megmarad, ha az el\u00e1ll\u00e1si hat\u00e1rid\u0151 lej\u00e1rta el\u0151tt elk\u00fcldi az el\u00e1ll\u00e1si jog gyakorl\u00e1s\u00e1r\u00f3l sz\u00f3l\u00f3 \u00e9rtes\u00edt\u00e9st.<\/p>\n\n\n\n<p>2. Az ad\u00e1sv\u00e9teli szerz\u0151d\u00e9st\u0151l val\u00f3 el\u00e1ll\u00e1s k\u00f6vetkezm\u00e9nyei<\/p>\n\n\n\n<p>Az ad\u00e1sv\u00e9teli szerz\u0151d\u00e9s felmond\u00e1sa eset\u00e9n visszat\u00e9r\u00edtj\u00fck az \u00d6n \u00e1ltal kifizetett \u00e1ru ellen\u00e9rt\u00e9k\u00e9t.<\/p>\n\n\n\n<p>A befizetett \u00f6sszegeket indokolatlan k\u00e9sedelem n\u00e9lk\u00fcl, legk\u00e9s\u0151bb 14 napon bel\u00fcl visszat\u00e9r\u00edtj\u00fck,<\/p>\n\n\n\n<p>amikor megkapjuk az \u00d6n \u00e9rtes\u00edt\u00e9s\u00e9t az ad\u00e1sv\u00e9teli szerz\u0151d\u00e9s felmond\u00e1s\u00e1r\u00f3l. A fizet\u00e9s banki \u00e1tutal\u00e1ssal t\u00f6rt\u00e9nik.<\/p>\n\n\n\n<p>A megv\u00e1s\u00e1rolt \u00e1ru kifizet\u00e9s\u00e9t csak a visszak\u00fcld\u00f6tt \u00e1ru c\u00edm\u00fcnkre t\u00f6rt\u00e9n\u0151 visszasz\u00e1ll\u00edt\u00e1sa ut\u00e1n t\u00e9r\u00edtj\u00fck vissza.<\/p>\n\n\n\n<p>3. Az \u00e1ruk visszak\u00fcld\u00e9s\u00e9nek m\u00f3dja<\/p>\n\n\n\n<p>Az \u00e1rut az iDry SK s. r. o., Tranovsk\u00e9ho 57, Bratislava 841 02 Bratislava c\u00edmre k\u00fcldheti.<\/p>\n\n\n\n<p>Az \u00e1ru visszak\u00fcld\u00e9s\u00e9nek k\u00f6zvetlen k\u00f6lts\u00e9gei a fogyaszt\u00f3t terhelik.<\/p>\n\n\n\n<p>Az \u00e1rut hi\u00e1nytalanul, teljes dokument\u00e1ci\u00f3val, s\u00e9rtetlen\u00fcl, tiszt\u00e1n, lehet\u0151leg az eredeti csomagol\u00e1ssal egy\u00fctt, abban az \u00e1llapotban \u00e9s \u00e9rt\u00e9kben kell visszak\u00fcldeni, ahogyan az \u00e1rut \u00e1tvett\u00e9k. Ha a visszak\u00fcld\u00f6tt \u00e1ru hi\u00e1nyos vagy s\u00e9r\u00fclt, az Elad\u00f3 a visszak\u00fcld\u00f6tt v\u00e9tel\u00e1rat a megfelel\u0151 \u00f6sszeggel cs\u00f6kkentheti (a Polg\u00e1ri T\u00f6rv\u00e9nyk\u00f6nyv 458. \u00a7 (1) bekezd\u00e9se szerint).<\/p>\n\n\n\n<p>4. S\u00e9r\u00fclt \u00e1ruk<\/p>\n\n\n\n<p>A fogyaszt\u00f3 felel az \u00e1ru \u00e9rt\u00e9k\u00e9nek minden olyan cs\u00f6kken\u00e9s\u00e9\u00e9rt, amely az \u00e1ru term\u00e9szet\u00e9nek, jellemz\u0151inek \u00e9s m\u0171k\u00f6d\u0151k\u00e9pess\u00e9g\u00e9nek meg\u00e1llap\u00edt\u00e1s\u00e1hoz sz\u00fcks\u00e9ges\u0151l elt\u00e9r\u0151 m\u00f3don t\u00f6rt\u00e9n\u0151 kezel\u00e9s\u00e9b\u0151l ered.<\/p>\n\n\n\n<p>a) Amikor a fuvaroz\u00f3 \u00e1tadja:<\/p>\n\n\n\n<p>A vev\u0151 k\u00f6teles a sz\u00e1ll\u00edtm\u00e1ny \u00e1llapot\u00e1t a fuvaroz\u00f3val a k\u00e9zbes\u00edt\u00e9s ut\u00e1n azonnal ellen\u0151rizni (a csomagok sz\u00e1ma, a szalag s\u00e9rtetlens\u00e9ge vagy a csomag s\u00e9r\u00fcl\u00e9se). A vev\u0151nek joga van megtagadni a hi\u00e1nyos vagy s\u00e9r\u00fclt k\u00fcldem\u00e9ny \u00e1tv\u00e9tel\u00e9t.<\/p>\n\n\n\n<p>Szlov\u00e1k Posta : Ha \u00d6n s\u00e9r\u00fclt csomagot vesz \u00e1t, \u00e9s az \u00e1ru s\u00e9r\u00fcl\u00e9s\u00e9t\/vesztes\u00e9g\u00e9t a sz\u00e1ll\u00edt\u00f3 t\u00e1voz\u00e1sa ut\u00e1n fedezi fel, legk\u00e9s\u0151bb a k\u00e9zbes\u00edt\u00e9st k\u00f6vet\u0151 k\u00f6vetkez\u0151 munkanapon reklam\u00e1ci\u00f3t kell beny\u00fajtania a Szlov\u00e1k Posta fi\u00f3kj\u00e1ban. Sz\u00fcks\u00e9ge lesz a k\u00fcldem\u00e9ny teljes csomagol\u00e1s\u00e1ra, az \u00e1ru sz\u00e1ml\u00e1j\u00e1ra \u00e9s az OP-ra. A postai alkalmazott jegyz\u0151k\u00f6nyvet vesz fel \u00d6nnel a k\u00e1rr\u00f3l \u00e9s a k\u00e1rt\u00e9r\u00edt\u00e9s ig\u00e9nyl\u00e9s\u00e9r\u0151l.<\/p>\n\n\n\n<p>5. A fogyaszt\u00f3 nem \u00e1llhat el az ad\u00e1sv\u00e9teli szerz\u0151d\u00e9st\u0151l, amelynek t\u00e1rgya:<\/p>\n\n\n\n<p>- a szolg\u00e1ltat\u00e1s ny\u00fajt\u00e1sa, ha a szolg\u00e1ltat\u00e1s ny\u00fajt\u00e1s\u00e1t a fogyaszt\u00f3 kifejezett hozz\u00e1j\u00e1rul\u00e1s\u00e1val kezdt\u00e9k meg, \u00e9s a fogyaszt\u00f3 kijelentette, hogy megfelel\u0151en t\u00e1j\u00e9koztatt\u00e1k arr\u00f3l, hogy e hozz\u00e1j\u00e1rul\u00e1sa kifejez\u00e9s\u00e9vel elvesz\u00edti az ad\u00e1sv\u00e9teli szerz\u0151d\u00e9st\u0151l val\u00f3 el\u00e1ll\u00e1s jog\u00e1t, ha a szolg\u00e1ltat\u00e1s teljes k\u00f6r\u0171 ny\u00fajt\u00e1sa megt\u00f6rt\u00e9nt, \u00e9s ha a szolg\u00e1ltat\u00e1s teljes k\u00f6r\u0171 ny\u00fajt\u00e1sa megt\u00f6rt\u00e9nt.<\/p>\n\n\n\n<p>- a fogyaszt\u00f3 egyedi ig\u00e9nyei szerint k\u00e9sz\u00fclt \u00e1ruk, egyedi gy\u00e1rt\u00e1s\u00fa \u00e1ruk vagy kifejezetten egy fogyaszt\u00f3 sz\u00e1m\u00e1ra tervezett \u00e1ruk \u00e9rt\u00e9kes\u00edt\u00e9se<\/p>\n\n\n\n<p>- olyan v\u00e9d\u0151csomagol\u00e1sba z\u00e1rt \u00e1ruk \u00e9rt\u00e9kes\u00edt\u00e9se, amelyek eg\u00e9szs\u00e9g\u00fcgyi vagy higi\u00e9niai okokb\u00f3l nem alkalmasak a visszak\u00fcld\u00e9sre, \u00e9s amelyek v\u00e9d\u0151csomagol\u00e1sa a sz\u00e1ll\u00edt\u00e1st k\u00f6vet\u0151en megs\u00e9r\u00fclt.<\/p>\n\n\n\n<p>- elektronikus tartalom ny\u00fajt\u00e1sa nem t\u00e1rgyi adathordoz\u00f3n, amennyiben az elektronikus tartalom ny\u00fajt\u00e1s\u00e1t a fogyaszt\u00f3 kifejezett hozz\u00e1j\u00e1rul\u00e1s\u00e1val kezdem\u00e9nyezt\u00e9k, \u00e9s a fogyaszt\u00f3 kijelentette, hogy megfelel\u0151en t\u00e1j\u00e9koztatt\u00e1k arr\u00f3l, hogy e hozz\u00e1j\u00e1rul\u00e1s kifejez\u00e9se elvesz\u00edti az ad\u00e1sv\u00e9teli szerz\u0151d\u00e9st\u0151l val\u00f3 el\u00e1ll\u00e1si jog\u00e1t.<\/p>\n\n\n\n<p><\/p>\n\n\n\n<p><strong>Panasz eset\u00e9n k\u00e9rj\u00fck, t\u00f6ltse ki az ezen az oldalon tal\u00e1lhat\u00f3 panaszbejelent\u0151 \u0171rlapot: <a href=\"https:\/\/idry-sk.reklamacie.sk\/\" target=\"_blank\" rel=\"noreferrer noopener\">https:\/\/idry-sk.reklamacie.sk\/<\/a><\/strong><\/p>\n\n\n\n<p><\/p>\n\n\n\n<p><strong>Visszal\u00e9p\u00e9si nyilatkozat az ad\u00e1sv\u00e9teli szerz\u0151d\u00e9st\u0151l val\u00f3 el\u00e1ll\u00e1shoz<\/strong><\/p>\n\n\n\n<p>Ha el k\u00edv\u00e1n \u00e1llni az ad\u00e1sv\u00e9teli szerz\u0151d\u00e9st\u0151l, k\u00e9rj\u00fck, t\u00f6ltse ki \u00e9s k\u00fcldje el ezt az \u0171rlapot.<\/p>\n\n\n\n<p>Elad\u00f3:<\/p>\n\n\n\n<p>iDry SK s. r. o.,&nbsp;<\/p>\n\n\n\n<p>Tranovsky 57,&nbsp;<\/p>\n\n\n\n<p>841 02 Pozsony,&nbsp;<\/p>\n\n\n\n<p>Telefon: +421 908 774 114 ,&nbsp;&nbsp;&nbsp;&nbsp;<\/p>\n\n\n\n<p>E-mail: info@idry.sk<\/p>\n\n\n\n<p>Vev\u0151 (fogyaszt\u00f3**):<\/p>\n\n\n\n<p>&#8230;&#8230;&#8230;&#8230;&#8230;&#8230;&#8230;&#8230;&#8230;&#8230;&#8230;&#8230;&#8230;&#8230;&#8230;&#8230;&#8230;.<\/p>\n\n\n\n<p>&#8230;&#8230;&#8230;&#8230;&#8230;&#8230;&#8230;&#8230;&#8230;&#8230;&#8230;&#8230;&#8230;&#8230;&#8230;&#8230;&#8230;.<\/p>\n\n\n\n<p>&#8230;&#8230;&#8230;&#8230;&#8230;&#8230;&#8230;&#8230;&#8230;&#8230;&#8230;&#8230;&#8230;&#8230;&#8230;&#8230;&#8230;.<\/p>\n\n\n\n<p>&#8230;&#8230;&#8230;&#8230;&#8230;&#8230;&#8230;&#8230;&#8230;&#8230;&#8230;&#8230;&#8230;&#8230;&#8230;&#8230;&#8230;<\/p>\n\n\n\n<p>Ez\u00faton \u00e9rtes\u00edtem, hogy el\u00e1llok az ezen \u00e1rukra vonatkoz\u00f3 szerz\u0151d\u00e9st\u0151l:<\/p>\n\n\n\n<p>- Sz\u00e1mla sz\u00e1ma: ________________________________________________________________<\/p>\n\n\n\n<p>- T\u00e9tel\/szolg\u00e1ltat\u00e1s le\u00edr\u00e1sa: _______________________________________________________<\/p>\n\n\n\n<p>- Az \u00e1ru \u00e1tv\u00e9tel\u00e9nek id\u0151pontja: ___________________________________________________<\/p>\n\n\n\n<p>- A fogyaszt\u00f3 neve \u00e9s vezet\u00e9kneve: ___________________________________________<\/p>\n\n\n\n<p>- C\u00edmzett fogyaszt\u00f3k: ________________________________________________________&nbsp;<\/p>\n\n\n\n<p>- Banksz\u00e1mlasz\u00e1m\/k\u00f3d: ______________________________________________________&nbsp;<\/p>\n\n\n\n<p>- A visszavon\u00e1s oka (nem k\u00f6telez\u0151): ___________________________________________<\/p>\n\n\n\n<p>D\u00e1tum ___________________ Al\u00e1\u00edr\u00e1s ____________________<\/p>\n\n\n\n<p>*Ne h\u00fazzuk \u00e1t, a sz\u00e1ll\u00edt\u00f3i adatokat az ad\u00f3\u00fcgyi bizonylat - sz\u00e1mla - fejl\u00e9c\u00e9ben tal\u00e1lja.<\/p>\n\n\n\n<p>** Fogyaszt\u00f3: az a term\u00e9szetes szem\u00e9ly, aki fogyaszt\u00f3i szerz\u0151d\u00e9s megk\u00f6t\u00e9se \u00e9s teljes\u00edt\u00e9se sor\u00e1n nem az al\u00e1bbiak szerint j\u00e1r el<\/p>\n\n\n\n<p>kereskedelmi vagy egy\u00e9b \u00fczleti tev\u00e9kenys\u00e9g\u00e9nek t\u00e1rgya.<\/p>","protected":false},"excerpt":{"rendered":"<p>Utas\u00edt\u00e1s a fogyaszt\u00f3nak az ad\u00e1sv\u00e9teli szerz\u0151d\u00e9st\u0151l val\u00f3 el\u00e1ll\u00e1si jog\u00e1nak gyakorl\u00e1s\u00e1r\u00f3l Elad\u00f3: iDry SK s. r. o. , Tranovsk\u00e9ho 57, Bratislava 841 02, ID No.: 46 355 944 Fogyaszt\u00f3: term\u00e9szetes szem\u00e9ly, aki a fogyaszt\u00f3i szerz\u0151d\u00e9s megk\u00f6t\u00e9se \u00e9s teljes\u00edt\u00e9se sor\u00e1n ...<\/p>\n<p class=\"read-more\"> <a class=\"ast-button\" href=\"https:\/\/soap2o.sk\/hu\/claims-and-withdrawal-town-von-a-purchase-contract-contract-ok\/\"> <span class=\"screen-reader-text\">Reklam\u00e1ci\u00f3k \u00e9s az ad\u00e1sv\u00e9teli szerz\u0151d\u00e9st\u0151l val\u00f3 el\u00e1ll\u00e1s<\/span> Teljes cikk<\/a><\/p>","protected":false},"author":1,"featured_media":0,"parent":0,"menu_order":0,"comment_status":"closed","ping_status":"closed","template":"","meta":{"inline_featured_image":false,"site-sidebar-layout":"default","site-content-layout":"default","ast-global-header-display":"","ast-main-header-display":"","ast-hfb-above-header-display":"","ast-hfb-below-header-display":"","ast-hfb-mobile-header-display":"","site-post-title":"","ast-breadcrumbs-content":"","ast-featured-img":"","footer-sml-layout":"","theme-transparent-header-meta":"default","adv-header-id-meta":"","stick-header-meta":"","header-above-stick-meta":"","header-main-stick-meta":"","header-below-stick-meta":""},"yoast_head":"<!-- This site is optimized with the Yoast SEO plugin v19.7.1 - https:\/\/yoast.com\/wordpress\/plugins\/seo\/ -->\n<title>Reklam\u00e1cie a odst\u00fapenie od k\u00fapnej zmluvy - soap2o.sk<\/title>\n<meta name=\"robots\" content=\"index, follow, max-snippet:-1, max-image-preview:large, max-video-preview:-1\" \/>\n<link rel=\"canonical\" href=\"https:\/\/soap2o.sk\/hu\/claims-and-withdrawal-town-von-a-purchase-contract-contract-ok\/\" \/>\n<meta property=\"og:locale\" content=\"hu_HU\" \/>\n<meta property=\"og:type\" content=\"article\" \/>\n<meta property=\"og:title\" content=\"Reklam\u00e1cie a odst\u00fapenie od k\u00fapnej zmluvy - soap2o.sk\" \/>\n<meta property=\"og:description\" content=\"Pou\u010denie o&nbsp;uplatnen\u00ed pr\u00e1va spotrebite\u013ea na odst\u00fapenie od k\u00fapnej zmluvy&nbsp; Pred\u00e1vaj\u00faci: iDry SK s. r. o. , Tranovsk\u00e9ho 57, Bratislava 841 02, I\u010cO: 46 355 944&nbsp; Spotrebite\u013e: fyzick\u00e1 osoba, ktor\u00e1 pri uzatv\u00e1ran\u00ed a plnen\u00ed spotrebite\u013eskej zmluvy &hellip; Reklam\u00e1cie a odst\u00fapenie od k\u00fapnej zmluvy Cel\u00fd \u010dl\u00e1nok\" \/>\n<meta property=\"og:url\" content=\"https:\/\/soap2o.sk\/hu\/claims-and-withdrawal-town-von-a-purchase-contract-contract-ok\/\" \/>\n<meta property=\"og:site_name\" content=\"soap2o.sk\" \/>\n<meta property=\"article:publisher\" content=\"https:\/\/www.facebook.com\/IDrysk\/\" \/>\n<meta property=\"article:modified_time\" content=\"2022-03-31T21:13:40+00:00\" \/>\n<meta name=\"twitter:card\" content=\"summary_large_image\" \/>\n<meta name=\"twitter:site\" content=\"@iDrySKsro\" \/>\n<meta name=\"twitter:label1\" content=\"Becs\u00fclt olvas\u00e1si id\u0151\" \/>\n\t<meta name=\"twitter:data1\" content=\"5 perc\" \/>\n<script type=\"application\/ld+json\" class=\"yoast-schema-graph\">{\"@context\":\"https:\/\/schema.org\",\"@graph\":[{\"@type\":\"WebPage\",\"@id\":\"https:\/\/soap2o.sk\/reklamacie-a-odstupenie-od-kupnej-zmluvy\/\",\"url\":\"https:\/\/soap2o.sk\/reklamacie-a-odstupenie-od-kupnej-zmluvy\/\",\"name\":\"Reklam\u00e1cie a odst\u00fapenie od k\u00fapnej zmluvy - soap2o.sk\",\"isPartOf\":{\"@id\":\"https:\/\/soap2o.sk\/#website\"},\"datePublished\":\"2018-12-22T12:35:00+00:00\",\"dateModified\":\"2022-03-31T21:13:40+00:00\",\"breadcrumb\":{\"@id\":\"https:\/\/soap2o.sk\/reklamacie-a-odstupenie-od-kupnej-zmluvy\/#breadcrumb\"},\"inLanguage\":\"hu\",\"potentialAction\":[{\"@type\":\"ReadAction\",\"target\":[\"https:\/\/soap2o.sk\/reklamacie-a-odstupenie-od-kupnej-zmluvy\/\"]}]},{\"@type\":\"BreadcrumbList\",\"@id\":\"https:\/\/soap2o.sk\/reklamacie-a-odstupenie-od-kupnej-zmluvy\/#breadcrumb\",\"itemListElement\":[{\"@type\":\"ListItem\",\"position\":1,\"name\":\"Home\",\"item\":\"https:\/\/soap2o.sk\/\"},{\"@type\":\"ListItem\",\"position\":2,\"name\":\"Reklam\u00e1cie a odst\u00fapenie od k\u00fapnej zmluvy\"}]},{\"@type\":\"WebSite\",\"@id\":\"https:\/\/soap2o.sk\/#website\",\"url\":\"https:\/\/soap2o.sk\/\",\"name\":\"soap2o.sk\",\"description\":\"soap2o.sk\",\"publisher\":{\"@id\":\"https:\/\/soap2o.sk\/#organization\"},\"potentialAction\":[{\"@type\":\"SearchAction\",\"target\":{\"@type\":\"EntryPoint\",\"urlTemplate\":\"https:\/\/soap2o.sk\/?s={search_term_string}\"},\"query-input\":\"required name=search_term_string\"}],\"inLanguage\":\"hu\"},{\"@type\":\"Organization\",\"@id\":\"https:\/\/soap2o.sk\/#organization\",\"name\":\"soap2o.sk\",\"url\":\"https:\/\/soap2o.sk\/\",\"sameAs\":[\"http:\/\/instagram\/idrysk\",\"https:\/\/www.facebook.com\/IDrysk\/\",\"https:\/\/twitter.com\/iDrySKsro\"],\"logo\":{\"@type\":\"ImageObject\",\"inLanguage\":\"hu\",\"@id\":\"https:\/\/soap2o.sk\/#\/schema\/logo\/image\/\",\"url\":\"https:\/\/soap2o.sk\/wp-content\/uploads\/Soap2o-white.svg\",\"contentUrl\":\"https:\/\/soap2o.sk\/wp-content\/uploads\/Soap2o-white.svg\",\"caption\":\"soap2o.sk\"},\"image\":{\"@id\":\"https:\/\/soap2o.sk\/#\/schema\/logo\/image\/\"}}]}<\/script>\n<!-- \/ Yoast SEO plugin. -->","yoast_head_json":{"title":"Reklam\u00e1cie a odst\u00fapenie od k\u00fapnej zmluvy - soap2o.sk","robots":{"index":"index","follow":"follow","max-snippet":"max-snippet:-1","max-image-preview":"max-image-preview:large","max-video-preview":"max-video-preview:-1"},"canonical":"https:\/\/soap2o.sk\/hu\/claims-and-withdrawal-town-von-a-purchase-contract-contract-ok\/","og_locale":"hu_HU","og_type":"article","og_title":"Reklam\u00e1cie a odst\u00fapenie od k\u00fapnej zmluvy - soap2o.sk","og_description":"Pou\u010denie o&nbsp;uplatnen\u00ed pr\u00e1va spotrebite\u013ea na odst\u00fapenie od k\u00fapnej zmluvy&nbsp; Pred\u00e1vaj\u00faci: iDry SK s. r. o. , Tranovsk\u00e9ho 57, Bratislava 841 02, I\u010cO: 46 355 944&nbsp; Spotrebite\u013e: fyzick\u00e1 osoba, ktor\u00e1 pri uzatv\u00e1ran\u00ed a plnen\u00ed spotrebite\u013eskej zmluvy &hellip; Reklam\u00e1cie a odst\u00fapenie od k\u00fapnej zmluvy Cel\u00fd \u010dl\u00e1nok","og_url":"https:\/\/soap2o.sk\/hu\/claims-and-withdrawal-town-von-a-purchase-contract-contract-ok\/","og_site_name":"soap2o.sk","article_publisher":"https:\/\/www.facebook.com\/IDrysk\/","article_modified_time":"2022-03-31T21:13:40+00:00","twitter_card":"summary_large_image","twitter_site":"@iDrySKsro","twitter_misc":{"Becs\u00fclt olvas\u00e1si id\u0151":"5 perc"},"schema":{"@context":"https:\/\/schema.org","@graph":[{"@type":"WebPage","@id":"https:\/\/soap2o.sk\/reklamacie-a-odstupenie-od-kupnej-zmluvy\/","url":"https:\/\/soap2o.sk\/reklamacie-a-odstupenie-od-kupnej-zmluvy\/","name":"Reklam\u00e1cie a odst\u00fapenie od k\u00fapnej zmluvy - soap2o.sk","isPartOf":{"@id":"https:\/\/soap2o.sk\/#website"},"datePublished":"2018-12-22T12:35:00+00:00","dateModified":"2022-03-31T21:13:40+00:00","breadcrumb":{"@id":"https:\/\/soap2o.sk\/reklamacie-a-odstupenie-od-kupnej-zmluvy\/#breadcrumb"},"inLanguage":"hu","potentialAction":[{"@type":"ReadAction","target":["https:\/\/soap2o.sk\/reklamacie-a-odstupenie-od-kupnej-zmluvy\/"]}]},{"@type":"BreadcrumbList","@id":"https:\/\/soap2o.sk\/reklamacie-a-odstupenie-od-kupnej-zmluvy\/#breadcrumb","itemListElement":[{"@type":"ListItem","position":1,"name":"Home","item":"https:\/\/soap2o.sk\/"},{"@type":"ListItem","position":2,"name":"Reklam\u00e1cie a odst\u00fapenie od k\u00fapnej zmluvy"}]},{"@type":"WebSite","@id":"https:\/\/soap2o.sk\/#website","url":"https:\/\/soap2o.sk\/","name":"soap2o.sk","description":"soap2o.sk","publisher":{"@id":"https:\/\/soap2o.sk\/#organization"},"potentialAction":[{"@type":"SearchAction","target":{"@type":"EntryPoint","urlTemplate":"https:\/\/soap2o.sk\/?s={search_term_string}"},"query-input":"required name=search_term_string"}],"inLanguage":"hu"},{"@type":"Organization","@id":"https:\/\/soap2o.sk\/#organization","name":"soap2o.sk","url":"https:\/\/soap2o.sk\/","sameAs":["http:\/\/instagram\/idrysk","https:\/\/www.facebook.com\/IDrysk\/","https:\/\/twitter.com\/iDrySKsro"],"logo":{"@type":"ImageObject","inLanguage":"hu","@id":"https:\/\/soap2o.sk\/#\/schema\/logo\/image\/","url":"https:\/\/soap2o.sk\/wp-content\/uploads\/Soap2o-white.svg","contentUrl":"https:\/\/soap2o.sk\/wp-content\/uploads\/Soap2o-white.svg","caption":"soap2o.sk"},"image":{"@id":"https:\/\/soap2o.sk\/#\/schema\/logo\/image\/"}}]}},"featured_image_src":null,"featured_image_src_square":null,"uagb_featured_image_src":{"full":false,"thumbnail":false,"medium":false,"medium_large":false,"large":false,"1536x1536":false,"2048x2048":false,"trp-custom-language-flag":false,"gb-block-post-grid-landscape":false,"gb-block-post-grid-square":false},"uagb_author_info":{"display_name":"administrator","author_link":"https:\/\/soap2o.sk\/hu\/author\/administrator\/"},"uagb_comment_info":0,"uagb_excerpt":"Pou\u010denie o&nbsp;uplatnen\u00ed pr\u00e1va spotrebite\u013ea na odst\u00fapenie od k\u00fapnej zmluvy&nbsp; Pred\u00e1vaj\u00faci: iDry SK s. r. o. , Tranovsk\u00e9ho 57, Bratislava 841 02, I\u010cO: 46 355 944&nbsp; Spotrebite\u013e: fyzick\u00e1 osoba, ktor\u00e1 pri uzatv\u00e1ran\u00ed a plnen\u00ed spotrebite\u013eskej zmluvy &hellip; Reklam\u00e1cie a odst\u00fapenie od k\u00fapnej zmluvy Cel\u00fd \u010dl\u00e1nok","_links":{"self":[{"href":"https:\/\/soap2o.sk\/hu\/wp-json\/wp\/v2\/pages\/1084"}],"collection":[{"href":"https:\/\/soap2o.sk\/hu\/wp-json\/wp\/v2\/pages"}],"about":[{"href":"https:\/\/soap2o.sk\/hu\/wp-json\/wp\/v2\/types\/page"}],"author":[{"embeddable":true,"href":"https:\/\/soap2o.sk\/hu\/wp-json\/wp\/v2\/users\/1"}],"replies":[{"embeddable":true,"href":"https:\/\/soap2o.sk\/hu\/wp-json\/wp\/v2\/comments?post=1084"}],"version-history":[{"count":2,"href":"https:\/\/soap2o.sk\/hu\/wp-json\/wp\/v2\/pages\/1084\/revisions"}],"predecessor-version":[{"id":10358,"href":"https:\/\/soap2o.sk\/hu\/wp-json\/wp\/v2\/pages\/1084\/revisions\/10358"}],"wp:attachment":[{"href":"https:\/\/soap2o.sk\/hu\/wp-json\/wp\/v2\/media?parent=1084"}],"curies":[{"name":"wp","href":"https:\/\/api.w.org\/{rel}","templated":true}]}}