{"id":11314,"date":"2022-02-28T18:58:21","date_gmt":"2022-02-28T17:58:21","guid":{"rendered":"https:\/\/soap2o.sk\/?page_id=11314"},"modified":"2023-10-16T15:03:54","modified_gmt":"2023-10-16T13:03:54","slug":"vyhody","status":"publish","type":"page","link":"https:\/\/soap2o.sk\/hu\/elonyok\/","title":{"rendered":"El\u0151ny\u00f6k"},"content":{"rendered":"<div class=\"wp-block-cover alignfull is-position-center-center\" style=\"min-height:750px\"><span aria-hidden=\"true\" class=\"wp-block-cover__background has-background-dim-10 has-background-dim\"><\/span><img loading=\"lazy\" width=\"1500\" height=\"1000\" class=\"wp-block-cover__image-background wp-image-11706\" alt=\"\" src=\"https:\/\/soap2o.sk\/wp-content\/uploads\/Beach-original-1.jpg\" data-object-fit=\"cover\" srcset=\"https:\/\/soap2o.sk\/wp-content\/uploads\/Beach-original-1.jpg 1500w, https:\/\/soap2o.sk\/wp-content\/uploads\/Beach-original-1-300x200.jpg 300w, https:\/\/soap2o.sk\/wp-content\/uploads\/Beach-original-1-1024x683.jpg 1024w, https:\/\/soap2o.sk\/wp-content\/uploads\/Beach-original-1-768x512.jpg 768w, https:\/\/soap2o.sk\/wp-content\/uploads\/Beach-original-1-600x400.jpg 600w, https:\/\/soap2o.sk\/wp-content\/uploads\/Beach-original-1-64x43.jpg 64w\" sizes=\"(max-width: 1500px) 100vw, 1500px\" \/><div class=\"wp-block-cover__inner-container\">\n<div class=\"wp-container-3 wp-block-columns alignwide are-vertically-aligned-center hp-container\">\n<div class=\"wp-container-1 wp-block-column is-vertically-aligned-center\" style=\"flex-basis:35%\">\n<h2 class=\"has-white-color has-text-color\">A k\u00f6rnyezetv\u00e9delem minden folyamatunkban el\u0151t\u00e9rbe ker\u00fcl<\/h2>\n<\/div>\n\n\n\n<div class=\"wp-container-2 wp-block-column is-vertically-aligned-center\"><\/div>\n<\/div>\n<\/div><\/div>\n\n\n\n<div style=\"color:#ddd\" class=\"wp-block-genesis-blocks-gb-spacer gb-block-spacer gb-divider-solid gb-divider-size-1\"><hr style=\"height:30px\"\/><\/div>\n\n\n\n<div class=\"inherit-container-width wp-container-5 wp-block-group alignfull hp-container\"><div class=\"wp-block-group__inner-container\">\n<div class=\"inherit-container-width wp-container-4 wp-block-group alignwide has-white-background-color has-background\"><div class=\"wp-block-group__inner-container\">\n<div class=\"wp-block-media-text alignwide is-stacked-on-mobile is-vertically-aligned-center has-background\" style=\"background-color:#9f9c87;grid-template-columns:49% auto\"><figure class=\"wp-block-media-text__media\"><img loading=\"lazy\" width=\"600\" height=\"581\" src=\"https:\/\/soap2o.sk\/wp-content\/uploads\/thick-forest.jpg\" alt=\"\" class=\"wp-image-11709 size-full\" srcset=\"https:\/\/soap2o.sk\/wp-content\/uploads\/thick-forest.jpg 600w, https:\/\/soap2o.sk\/wp-content\/uploads\/thick-forest-300x291.jpg 300w, https:\/\/soap2o.sk\/wp-content\/uploads\/thick-forest-64x62.jpg 64w\" sizes=\"(max-width: 600px) 100vw, 600px\" \/><\/figure><div class=\"wp-block-media-text__content\">\n<h2 class=\"has-white-color has-text-color\">K\u00f6rnyezeti el\u0151ny\u00f6k<\/h2>\n\n\n\n<p class=\"has-white-color has-text-color\">Sz\u00e1munkra a SOAP\u2082O-n\u00e1l a k\u00f6rnyezet tiszteletben tart\u00e1sa minden c\u00e9lunk el\u0151ter\u00e9ben \u00e1ll. Arra t\u00f6reksz\u00fcnk, hogy cs\u00f6kkents\u00fck az egyszer haszn\u00e1latos m\u0171anyagok mennyis\u00e9g\u00e9t a szappaniparban, \u00e9s a lehet\u0151 legkisebb negat\u00edv hat\u00e1st gyakoroljuk a k\u00f6rnyezetre. K\u00fcldet\u00e9s\u00fcnk, hogy a hat\u00e9kony \u00e9s k\u00f6lts\u00e9ghat\u00e9kony, v\u00edzben old\u00f3d\u00f3 (PVA) kapszul\u00e1kba csomagolt, a lehet\u0151 legmagasabb etikai norm\u00e1knak megfelel\u0151en gy\u00e1rtott szappankoncentr\u00e1tumok vezet\u0151 gy\u00e1rt\u00f3j\u00e1v\u00e1 v\u00e1ljunk.<\/p>\n<\/div><\/div>\n<\/div><\/div>\n\n\n\n<p><\/p>\n<\/div><\/div>\n\n\n\n<div class=\"inherit-container-width wp-container-10 wp-block-group alignwide has-background\" style=\"background-color:#2b2b2a\"><div class=\"wp-block-group__inner-container\">\n<div class=\"wp-container-9 wp-block-columns alignwide are-vertically-aligned-center hp-container\">\n<div class=\"wp-container-6 wp-block-column is-vertically-aligned-center\" style=\"flex-basis:66.66%\">\n<div style=\"color:#ddd\" class=\"wp-block-genesis-blocks-gb-spacer gb-block-spacer gb-divider-solid gb-divider-size-1\"><hr style=\"height:50px\"\/><\/div>\n\n\n\n<h2 class=\"has-text-color\" style=\"color:#ccccca\">V\u00c1LTOZ\u00c1S L\u00c9TREHOZ\u00c1SA A BOLYG\u00d3 MEGMENT\u00c9SE \u00c9RDEK\u00c9BEN<\/h2>\n\n\n\n<div style=\"color:#ddd\" class=\"wp-block-genesis-blocks-gb-spacer gb-block-spacer gb-divider-solid gb-divider-size-1\"><hr style=\"height:40px\"\/><\/div>\n\n\n\n<p><\/p>\n<\/div>\n\n\n\n<div class=\"wp-container-8 wp-block-column is-vertically-aligned-center\" style=\"flex-basis:33.33%\">\n<div class=\"wp-container-7 is-horizontal is-content-justification-center wp-block-buttons\">\n<div class=\"wp-block-button\"><a class=\"wp-block-button__link has-background\" href=\"https:\/\/soap2o.sk\/hu\/kuldetesunk\/\" style=\"background-color:#626438\">K\u00fcldet\u00e9s\u00fcnk<\/a><\/div>\n<\/div>\n<\/div>\n<\/div>\n<\/div><\/div>\n\n\n\n<div class=\"inherit-container-width wp-container-12 wp-block-group alignfull hp-container\"><div class=\"wp-block-group__inner-container\">\n<div class=\"inherit-container-width wp-container-11 wp-block-group alignwide has-white-background-color has-background\"><div class=\"wp-block-group__inner-container\">\n<div class=\"wp-block-media-text alignwide has-media-on-the-right is-stacked-on-mobile is-vertically-aligned-center ptb50 has-background\" style=\"background-color:#2b2b2a;grid-template-columns:auto 49%\"><figure class=\"wp-block-media-text__media\"><img loading=\"lazy\" width=\"600\" height=\"599\" src=\"https:\/\/soap2o.sk\/wp-content\/uploads\/underwater.jpg\" alt=\"\" class=\"wp-image-11716 size-full\" srcset=\"https:\/\/soap2o.sk\/wp-content\/uploads\/underwater.jpg 600w, https:\/\/soap2o.sk\/wp-content\/uploads\/underwater-300x300.jpg 300w, https:\/\/soap2o.sk\/wp-content\/uploads\/underwater-150x150.jpg 150w, https:\/\/soap2o.sk\/wp-content\/uploads\/underwater-310x310.jpg 310w, https:\/\/soap2o.sk\/wp-content\/uploads\/underwater-100x100.jpg 100w, https:\/\/soap2o.sk\/wp-content\/uploads\/underwater-64x64.jpg 64w\" sizes=\"(max-width: 600px) 100vw, 600px\" \/><\/figure><div class=\"wp-block-media-text__content\">\n<h2 class=\"has-white-color has-text-color\">Nem sz\u00e1ll\u00edtunk vizet<\/h2>\n\n\n\n<p class=\"has-white-color has-text-color\">A term\u00e9szeti er\u0151forr\u00e1sok sz\u0171k\u00f6sek, ez\u00e9rt term\u00e9keink tervez\u00e9se \u00e9s gy\u00e1rt\u00e1sa sor\u00e1n mindig igyeksz\u00fcnk minimaliz\u00e1lni \u0151ket. A SOAP\u2082O rendszerekkel nem sz\u00e1ll\u00edtunk vizet, \u00edgy a sz\u00e1ll\u00edtott term\u00e9kek mennyis\u00e9ge \u00e9s s\u00falya alacsony. Ez apr\u00f3 el\u0151nynek t\u0171nhet, de meg fog lep\u0151dni, mennyire cs\u00f6kkenti a k\u00e1rosanyag-kibocs\u00e1t\u00e1st a kevesebb sz\u00e1ll\u00edt\u00e1si kilom\u00e9ter \u00e9s a nagyobb sz\u00e1ll\u00edt\u00e1si kapacit\u00e1s r\u00e9v\u00e9n.<\/p>\n\n\n\n<p class=\"has-white-color has-text-color\">Az 5 literes foly\u00e9kony koncentr\u00e1tum teljes raklapja helyettes\u00edthet\u0151 4 csomag term\u00e9k\u00fcnkkel. Az \u00f6sszes 5 literes tart\u00e1ly k\u00e1rba veszne.<\/p>\n\n\n\n<ul class=\"has-white-color has-text-color\"><li><mark style=\"background-color:rgba(0, 0, 0, 0)\" class=\"has-inline-color has-white-color\">Csak adjon hozz\u00e1 vizet... ne sz\u00e1ll\u00edtsa el.<\/mark><\/li><li><mark style=\"background-color:rgba(0, 0, 0, 0)\" class=\"has-inline-color has-white-color\">Nulla hullad\u00e9k<\/mark><\/li><li><mark style=\"background-color:rgba(0, 0, 0, 0)\" class=\"has-inline-color has-white-color\">Etikai akkredit\u00e1ci\u00f3<\/mark><\/li><li><mark style=\"background-color:rgba(0, 0, 0, 0)\" class=\"has-inline-color has-white-color\">Alacsony k\u00f6zleked\u00e9si kibocs\u00e1t\u00e1sok<\/mark><\/li><li><mark style=\"background-color:rgba(0, 0, 0, 0)\" class=\"has-inline-color has-white-color\">K\u00f6nny\u0171 s\u00faly<\/mark><\/li><li><mark style=\"background-color:rgba(0, 0, 0, 0)\" class=\"has-inline-color has-white-color\">Glob\u00e1lis szabv\u00e1nyok<\/mark><\/li><li><mark style=\"background-color:rgba(0, 0, 0, 0)\" class=\"has-inline-color has-white-color\">V\u00edz hozz\u00e1ad\u00e1sa a felhaszn\u00e1l\u00e1s hely\u00e9n<\/mark><\/li><\/ul>\n<\/div><\/div>\n<\/div><\/div>\n\n\n\n<p><\/p>\n<\/div><\/div>\n\n\n\n<div class=\"inherit-container-width wp-container-14 wp-block-group alignfull hp-container\"><div class=\"wp-block-group__inner-container\">\n<div class=\"inherit-container-width wp-container-13 wp-block-group alignwide has-white-background-color has-background\"><div class=\"wp-block-group__inner-container\">\n<div class=\"wp-block-media-text alignwide is-stacked-on-mobile is-vertically-aligned-center has-background\" style=\"background-color:#a98969;grid-template-columns:49% auto\"><figure class=\"wp-block-media-text__media\"><img loading=\"lazy\" width=\"600\" height=\"600\" src=\"https:\/\/soap2o.sk\/wp-content\/uploads\/FH-19-09-600k-6110.jpg\" alt=\"\" class=\"wp-image-11719 size-full\" srcset=\"https:\/\/soap2o.sk\/wp-content\/uploads\/FH-19-09-600k-6110.jpg 600w, https:\/\/soap2o.sk\/wp-content\/uploads\/FH-19-09-600k-6110-300x300.jpg 300w, https:\/\/soap2o.sk\/wp-content\/uploads\/FH-19-09-600k-6110-150x150.jpg 150w, https:\/\/soap2o.sk\/wp-content\/uploads\/FH-19-09-600k-6110-310x310.jpg 310w, https:\/\/soap2o.sk\/wp-content\/uploads\/FH-19-09-600k-6110-100x100.jpg 100w, https:\/\/soap2o.sk\/wp-content\/uploads\/FH-19-09-600k-6110-64x64.jpg 64w\" sizes=\"(max-width: 600px) 100vw, 600px\" \/><\/figure><div class=\"wp-block-media-text__content\">\n<h2 class=\"has-white-color has-text-color\">Innovat\u00edv<\/h2>\n\n\n\n<p class=\"has-white-color has-text-color\">A SOAP\u2082O term\u00e9kcsal\u00e1d k\u00f6z\u00e9ppontj\u00e1ban az innov\u00e1ci\u00f3 \u00e1ll. Term\u00e9keink nemcsak a hullad\u00e9k mennyis\u00e9g\u00e9t cs\u00f6kkentik, ami napjainkban \u00e9get\u0151 probl\u00e9ma, hanem pozit\u00edv v\u00e1ltoz\u00e1st is biztos\u00edtanak a k\u00f6lts\u00e9gek n\u00f6vel\u00e9se n\u00e9lk\u00fcl.<\/p>\n\n\n\n<p class=\"has-white-color has-text-color\">Partnereink, a Solupak, h\u00e1zon bel\u00fcli tervez\u0151 \u00e9s csomagol\u00f3 csapatuk seg\u00edts\u00e9g\u00e9vel a Brit Tiszt\u00edt\u00e1si Tudom\u00e1nyos Int\u00e9zet (BICSc) sz\u00ednk\u00f3dol\u00e1si rendszere szerint fejlesztett\u00e9k ki a term\u00e9kcsal\u00e1dot.<\/p>\n\n\n\n<p class=\"has-white-color has-text-color\">A k\u00e9pi \u00fatmutat\u00f3 \u00e9s a palackc\u00edmk\u00e9k meger\u0151s\u00edtik a 4 l\u00e9p\u00e9ses folyamatot \u00e9s a sz\u00ednk\u00f3dol\u00e1st a megfelel\u0151 haszn\u00e1lat biztos\u00edt\u00e1sa \u00e9rdek\u00e9ben. Ezek minden felhaszn\u00e1l\u00f3nak seg\u00edtenek a szappan egyszer\u0171 \u00e9s helyes elk\u00e9sz\u00edt\u00e9s\u00e9ben.<\/p>\n<\/div><\/div>\n<\/div><\/div>\n\n\n\n<p><\/p>\n<\/div><\/div>\n\n\n\n<div class=\"inherit-container-width wp-container-16 wp-block-group alignfull hp-container\"><div class=\"wp-block-group__inner-container\">\n<div class=\"inherit-container-width wp-container-15 wp-block-group alignwide has-white-background-color has-background\"><div class=\"wp-block-group__inner-container\">\n<div class=\"wp-block-media-text alignwide has-media-on-the-right is-stacked-on-mobile is-vertically-aligned-center has-background\" style=\"background-color:#2b2b2a;grid-template-columns:auto 49%\"><figure class=\"wp-block-media-text__media\"><img loading=\"lazy\" width=\"600\" height=\"599\" src=\"https:\/\/soap2o.sk\/wp-content\/uploads\/underwater.jpg\" alt=\"\" class=\"wp-image-11716 size-full\" srcset=\"https:\/\/soap2o.sk\/wp-content\/uploads\/underwater.jpg 600w, https:\/\/soap2o.sk\/wp-content\/uploads\/underwater-300x300.jpg 300w, https:\/\/soap2o.sk\/wp-content\/uploads\/underwater-150x150.jpg 150w, https:\/\/soap2o.sk\/wp-content\/uploads\/underwater-310x310.jpg 310w, https:\/\/soap2o.sk\/wp-content\/uploads\/underwater-100x100.jpg 100w, https:\/\/soap2o.sk\/wp-content\/uploads\/underwater-64x64.jpg 64w\" sizes=\"(max-width: 600px) 100vw, 600px\" \/><\/figure><div class=\"wp-block-media-text__content\">\n<h2 class=\"has-white-color has-text-color\">Haszn\u00e1lati utas\u00edt\u00e1s<\/h2>\n\n\n\n<ul class=\"has-white-color has-text-color\"><li><mark style=\"background-color:rgba(0, 0, 0, 0)\" class=\"has-inline-color has-white-color\">Adjunk hozz\u00e1 vizet<\/mark><\/li><li><mark style=\"background-color:rgba(0, 0, 0, 0)\" class=\"has-inline-color has-white-color\">Tegye a kapszul\u00e1t v\u00edzbe<\/mark><\/li><li><mark style=\"background-color:rgba(0, 0, 0, 0)\" class=\"has-inline-color has-white-color\">Potraste <mark style=\"background-color:rgba(0, 0, 0, 0)\" class=\"has-inline-color has-white-color\">30 m\u00e1sodperc<\/mark><\/mark> <mark style=\"background-color:rgba(0, 0, 0, 0)\" class=\"has-inline-color has-white-color\">\u00e9s v\u00e1rjon 5-10 percet<\/mark><\/li><li><mark style=\"background-color:rgba(0, 0, 0, 0)\" class=\"has-inline-color has-white-color\">Haszn\u00e1latra k\u00e9sz<\/mark><\/li><\/ul>\n\n\n\n<p class=\"has-white-color has-text-color\">A SOAP\u2082O biol\u00f3giailag leboml\u00f3 kapszul\u00e1kat \u00fagy tervezt\u00e9k, hogy a kapszula k\u00f6nnyen behelyezhet\u0151 legyen az adagol\u00f3val ell\u00e1tott flakonokba. Ez biztos\u00edtja a koncentr\u00e1tum b\u0151rrel vagy szemmel val\u00f3 \u00e9rintkez\u00e9s\u00e9nek minim\u00e1lis kock\u00e1zat\u00e1t. A term\u00e9kek haszn\u00e1latakor vagy mozgat\u00e1sakor nincs sz\u00fcks\u00e9g k\u00e9zi kezel\u00e9sre a v\u00edz hozz\u00e1ad\u00e1sa el\u0151tt.<\/p>\n\n\n\n<p class=\"has-white-color has-text-color\">Az adagol\u00e1s mindig megfelel\u0151, ami azt jelenti, hogy a kapszul\u00e1kban l\u00e9v\u0151 hat\u00f3anyagok optim\u00e1lis szinten hatnak, \u00e9s \u00edgy a k\u00f6lts\u00e9gek teljesen kontroll\u00e1ltak.<\/p>\n<\/div><\/div>\n\n\n\n<p><\/p>\n<\/div><\/div>\n\n\n\n<p><\/p>\n<\/div><\/div>\n\n\n\n<div class=\"inherit-container-width wp-container-18 wp-block-group alignfull hp-container\"><div class=\"wp-block-group__inner-container\">\n<div class=\"inherit-container-width wp-container-17 wp-block-group alignwide has-white-background-color has-background\"><div class=\"wp-block-group__inner-container\">\n<div class=\"wp-block-media-text alignwide is-stacked-on-mobile is-vertically-aligned-center ptb50 has-background\" style=\"background-color:#ccccca;grid-template-columns:49% auto\"><figure class=\"wp-block-media-text__media\"><img loading=\"lazy\" width=\"530\" height=\"508\" src=\"http:\/\/soap2o.sk\/wp-content\/uploads\/nas-pribeh-3-1.jpg\" alt=\"\" class=\"wp-image-11650 size-full\" srcset=\"https:\/\/soap2o.sk\/wp-content\/uploads\/nas-pribeh-3-1.jpg 530w, https:\/\/soap2o.sk\/wp-content\/uploads\/nas-pribeh-3-1-300x288.jpg 300w, https:\/\/soap2o.sk\/wp-content\/uploads\/nas-pribeh-3-1-64x61.jpg 64w\" sizes=\"(max-width: 530px) 100vw, 530px\" \/><\/figure><div class=\"wp-block-media-text__content\">\n<h2 class=\"has-black-color has-text-color\">K\u00f6lts\u00e9gmegtakar\u00edt\u00e1s<\/h2>\n\n\n\n<p>A v\u00edzsz\u00e1ll\u00edt\u00e1s mell\u0151z\u00e9s\u00e9nek rendk\u00edv\u00fcl pozit\u00edv k\u00f6rnyezeti hat\u00e1s\u00e1n t\u00falmen\u0151en a v\u00edzsz\u00e1ll\u00edt\u00e1s k\u00f6lts\u00e9g- \u00e9s megtakar\u00edt\u00e1si el\u0151ny\u00f6kkel is j\u00e1r. A rakom\u00e1ny s\u00falya k\u00f6vetkez\u00e9sk\u00e9ppen kisebb, mivel nincs sz\u00fcks\u00e9g folyad\u00e9kra az \u00fcgyfelekhez t\u00f6rt\u00e9n\u0151 sz\u00e1ll\u00edt\u00e1shoz, a term\u00e9keink \u00d6nh\u00f6z t\u00f6rt\u00e9n\u0151 eljuttat\u00e1s\u00e1nak k\u00f6lts\u00e9gei jelent\u0151sen cs\u00f6kkennek.<\/p>\n\n\n\n<p>Term\u00e9keink k\u00f6lts\u00e9ghat\u00e9konyak mind a kis-, mind a nagy \u00fcgyfelek sz\u00e1m\u00e1ra. Ennek oka, hogy minden felhaszn\u00e1l\u00f3 sz\u00e1m\u00e1ra szappan koncentr\u00e1tum adagol\u00f3 rendszert tudunk bevezetni.<\/p>\n\n\n\n<p>A SOAP\u2082O term\u00e9kek az els\u0151 t\u00e9telt\u0151l kezdve 100+-ig fokozatmentesek, \u00edgy nem kell agg\u00f3dnia, hogy t\u00fal sok szappant haszn\u00e1l. A pontos adagol\u00e1snak k\u00f6sz\u00f6nhet\u0151en \u00d6n k\u00e9zben tartja a k\u00f6lts\u00e9geket \u00e9s a fogyaszt\u00e1st.&nbsp;<\/p>\n\n\n\n<p>A SOAP\u2082O term\u00e9kek eltarthat\u00f3s\u00e1gi ideje h\u00e1rom \u00e9v ( ha az aj\u00e1nl\u00e1snak megfelel\u0151en t\u00e1rolj\u00e1k ) Ez\u00e9rt nem kell sietni a term\u00e9kek felhaszn\u00e1l\u00e1s\u00e1val. Hossz\u00fa ideig kitartanak, \u00e9s minim\u00e1lis helyet foglalnak a t\u00e1rol\u00e1sban.&nbsp;<\/p>\n<\/div><\/div>\n\n\n\n<p><\/p>\n<\/div><\/div>\n\n\n\n<p><\/p>\n<\/div><\/div>\n\n\n\n<div class=\"wp-block-genesis-blocks-gb-container gb-block-container\"><div class=\"gb-container-inside\"><div class=\"gb-container-content\"><\/div><\/div><\/div>","protected":false},"excerpt":{"rendered":"<p>K\u00f6rnyezeti el\u0151ny\u00f6k A SOAP\u2082O-n\u00e1l a k\u00f6rnyezetv\u00e9delem minden c\u00e9lunkban az els\u0151 helyen \u00e1ll. Arra t\u00f6reksz\u00fcnk, hogy cs\u00f6kkents\u00fck az egyszer haszn\u00e1latos m\u0171anyagok mennyis\u00e9g\u00e9t a szappaniparban, \u00e9s a lehet\u0151 legkisebb negat\u00edv hat\u00e1st gyakoroljuk a k\u00f6rnyezetre ...<\/p>\n<p class=\"read-more\"> <a class=\"ast-button\" href=\"https:\/\/soap2o.sk\/hu\/elonyok\/\"> <span class=\"screen-reader-text\">El\u0151ny\u00f6k<\/span> Teljes cikk<\/a><\/p>","protected":false},"author":1,"featured_media":0,"parent":0,"menu_order":0,"comment_status":"closed","ping_status":"closed","template":"","meta":{"inline_featured_image":false,"site-sidebar-layout":"default","site-content-layout":"default","ast-global-header-display":"","ast-main-header-display":"","ast-hfb-above-header-display":"","ast-hfb-below-header-display":"","ast-hfb-mobile-header-display":"","site-post-title":"disabled","ast-breadcrumbs-content":"","ast-featured-img":"","footer-sml-layout":"","theme-transparent-header-meta":"default","adv-header-id-meta":"","stick-header-meta":"","header-above-stick-meta":"","header-main-stick-meta":"","header-below-stick-meta":""},"yoast_head":"<!-- This site is optimized with the Yoast SEO plugin v19.7.1 - https:\/\/yoast.com\/wordpress\/plugins\/seo\/ -->\n<title>V\u00fdhody - soap2o.sk<\/title>\n<meta name=\"robots\" content=\"index, follow, max-snippet:-1, max-image-preview:large, max-video-preview:-1\" \/>\n<link rel=\"canonical\" href=\"https:\/\/soap2o.sk\/hu\/elonyok\/\" \/>\n<meta property=\"og:locale\" content=\"hu_HU\" \/>\n<meta property=\"og:type\" content=\"article\" \/>\n<meta property=\"og:title\" content=\"V\u00fdhody - soap2o.sk\" \/>\n<meta property=\"og:description\" content=\"Environment\u00e1lne v\u00fdhody Pre n\u00e1s v SOAP\u2082O je oh\u013eaduplnos\u0165 k \u017eivotn\u00e9mu prostrediu v popred\u00ed v\u0161etk\u00fdch na\u0161ich cie\u013eov. Sna\u017e\u00edme sa zn\u00ed\u017ei\u0165 mno\u017estvo plastov na jedno pou\u017eitie v mydlovom priemysle a ma\u0165 \u010do najmen\u0161\u00ed negat\u00edvny dopad na \u017eivotn\u00e9 &hellip; V\u00fdhody Cel\u00fd \u010dl\u00e1nok\" \/>\n<meta property=\"og:url\" content=\"https:\/\/soap2o.sk\/hu\/elonyok\/\" \/>\n<meta property=\"og:site_name\" content=\"soap2o.sk\" \/>\n<meta property=\"article:publisher\" content=\"https:\/\/www.facebook.com\/IDrysk\/\" \/>\n<meta property=\"article:modified_time\" content=\"2023-10-16T13:03:54+00:00\" \/>\n<meta property=\"og:image\" content=\"https:\/\/soap2o.sk\/wp-content\/uploads\/Beach-original-1.jpg\" \/>\n<meta name=\"twitter:card\" content=\"summary_large_image\" \/>\n<meta name=\"twitter:site\" content=\"@iDrySKsro\" \/>\n<meta name=\"twitter:label1\" content=\"Becs\u00fclt olvas\u00e1si id\u0151\" \/>\n\t<meta name=\"twitter:data1\" content=\"4 perc\" \/>\n<script type=\"application\/ld+json\" class=\"yoast-schema-graph\">{\"@context\":\"https:\/\/schema.org\",\"@graph\":[{\"@type\":\"WebPage\",\"@id\":\"https:\/\/soap2o.sk\/vyhody\/\",\"url\":\"https:\/\/soap2o.sk\/vyhody\/\",\"name\":\"V\u00fdhody - soap2o.sk\",\"isPartOf\":{\"@id\":\"https:\/\/soap2o.sk\/#website\"},\"datePublished\":\"2022-02-28T17:58:21+00:00\",\"dateModified\":\"2023-10-16T13:03:54+00:00\",\"breadcrumb\":{\"@id\":\"https:\/\/soap2o.sk\/vyhody\/#breadcrumb\"},\"inLanguage\":\"hu\",\"potentialAction\":[{\"@type\":\"ReadAction\",\"target\":[\"https:\/\/soap2o.sk\/vyhody\/\"]}]},{\"@type\":\"BreadcrumbList\",\"@id\":\"https:\/\/soap2o.sk\/vyhody\/#breadcrumb\",\"itemListElement\":[{\"@type\":\"ListItem\",\"position\":1,\"name\":\"Home\",\"item\":\"https:\/\/soap2o.sk\/\"},{\"@type\":\"ListItem\",\"position\":2,\"name\":\"V\u00fdhody\"}]},{\"@type\":\"WebSite\",\"@id\":\"https:\/\/soap2o.sk\/#website\",\"url\":\"https:\/\/soap2o.sk\/\",\"name\":\"soap2o.sk\",\"description\":\"soap2o.sk\",\"publisher\":{\"@id\":\"https:\/\/soap2o.sk\/#organization\"},\"potentialAction\":[{\"@type\":\"SearchAction\",\"target\":{\"@type\":\"EntryPoint\",\"urlTemplate\":\"https:\/\/soap2o.sk\/?s={search_term_string}\"},\"query-input\":\"required name=search_term_string\"}],\"inLanguage\":\"hu\"},{\"@type\":\"Organization\",\"@id\":\"https:\/\/soap2o.sk\/#organization\",\"name\":\"soap2o.sk\",\"url\":\"https:\/\/soap2o.sk\/\",\"sameAs\":[\"http:\/\/instagram\/idrysk\",\"https:\/\/www.facebook.com\/IDrysk\/\",\"https:\/\/twitter.com\/iDrySKsro\"],\"logo\":{\"@type\":\"ImageObject\",\"inLanguage\":\"hu\",\"@id\":\"https:\/\/soap2o.sk\/#\/schema\/logo\/image\/\",\"url\":\"https:\/\/soap2o.sk\/wp-content\/uploads\/Soap2o-white.svg\",\"contentUrl\":\"https:\/\/soap2o.sk\/wp-content\/uploads\/Soap2o-white.svg\",\"caption\":\"soap2o.sk\"},\"image\":{\"@id\":\"https:\/\/soap2o.sk\/#\/schema\/logo\/image\/\"}}]}<\/script>\n<!-- \/ Yoast SEO plugin. -->","yoast_head_json":{"title":"V\u00fdhody - soap2o.sk","robots":{"index":"index","follow":"follow","max-snippet":"max-snippet:-1","max-image-preview":"max-image-preview:large","max-video-preview":"max-video-preview:-1"},"canonical":"https:\/\/soap2o.sk\/hu\/elonyok\/","og_locale":"hu_HU","og_type":"article","og_title":"V\u00fdhody - soap2o.sk","og_description":"Environment\u00e1lne v\u00fdhody Pre n\u00e1s v SOAP\u2082O je oh\u013eaduplnos\u0165 k \u017eivotn\u00e9mu prostrediu v popred\u00ed v\u0161etk\u00fdch na\u0161ich cie\u013eov. Sna\u017e\u00edme sa zn\u00ed\u017ei\u0165 mno\u017estvo plastov na jedno pou\u017eitie v mydlovom priemysle a ma\u0165 \u010do najmen\u0161\u00ed negat\u00edvny dopad na \u017eivotn\u00e9 &hellip; V\u00fdhody Cel\u00fd \u010dl\u00e1nok","og_url":"https:\/\/soap2o.sk\/hu\/elonyok\/","og_site_name":"soap2o.sk","article_publisher":"https:\/\/www.facebook.com\/IDrysk\/","article_modified_time":"2023-10-16T13:03:54+00:00","og_image":[{"url":"https:\/\/soap2o.sk\/wp-content\/uploads\/Beach-original-1.jpg"}],"twitter_card":"summary_large_image","twitter_site":"@iDrySKsro","twitter_misc":{"Becs\u00fclt olvas\u00e1si id\u0151":"4 perc"},"schema":{"@context":"https:\/\/schema.org","@graph":[{"@type":"WebPage","@id":"https:\/\/soap2o.sk\/vyhody\/","url":"https:\/\/soap2o.sk\/vyhody\/","name":"V\u00fdhody - soap2o.sk","isPartOf":{"@id":"https:\/\/soap2o.sk\/#website"},"datePublished":"2022-02-28T17:58:21+00:00","dateModified":"2023-10-16T13:03:54+00:00","breadcrumb":{"@id":"https:\/\/soap2o.sk\/vyhody\/#breadcrumb"},"inLanguage":"hu","potentialAction":[{"@type":"ReadAction","target":["https:\/\/soap2o.sk\/vyhody\/"]}]},{"@type":"BreadcrumbList","@id":"https:\/\/soap2o.sk\/vyhody\/#breadcrumb","itemListElement":[{"@type":"ListItem","position":1,"name":"Home","item":"https:\/\/soap2o.sk\/"},{"@type":"ListItem","position":2,"name":"V\u00fdhody"}]},{"@type":"WebSite","@id":"https:\/\/soap2o.sk\/#website","url":"https:\/\/soap2o.sk\/","name":"soap2o.sk","description":"soap2o.sk","publisher":{"@id":"https:\/\/soap2o.sk\/#organization"},"potentialAction":[{"@type":"SearchAction","target":{"@type":"EntryPoint","urlTemplate":"https:\/\/soap2o.sk\/?s={search_term_string}"},"query-input":"required name=search_term_string"}],"inLanguage":"hu"},{"@type":"Organization","@id":"https:\/\/soap2o.sk\/#organization","name":"soap2o.sk","url":"https:\/\/soap2o.sk\/","sameAs":["http:\/\/instagram\/idrysk","https:\/\/www.facebook.com\/IDrysk\/","https:\/\/twitter.com\/iDrySKsro"],"logo":{"@type":"ImageObject","inLanguage":"hu","@id":"https:\/\/soap2o.sk\/#\/schema\/logo\/image\/","url":"https:\/\/soap2o.sk\/wp-content\/uploads\/Soap2o-white.svg","contentUrl":"https:\/\/soap2o.sk\/wp-content\/uploads\/Soap2o-white.svg","caption":"soap2o.sk"},"image":{"@id":"https:\/\/soap2o.sk\/#\/schema\/logo\/image\/"}}]}},"featured_image_src":null,"featured_image_src_square":null,"uagb_featured_image_src":{"full":false,"thumbnail":false,"medium":false,"medium_large":false,"large":false,"1536x1536":false,"2048x2048":false,"trp-custom-language-flag":false,"gb-block-post-grid-landscape":false,"gb-block-post-grid-square":false},"uagb_author_info":{"display_name":"administrator","author_link":"https:\/\/soap2o.sk\/hu\/author\/administrator\/"},"uagb_comment_info":0,"uagb_excerpt":"Environment\u00e1lne v\u00fdhody Pre n\u00e1s v SOAP\u2082O je oh\u013eaduplnos\u0165 k \u017eivotn\u00e9mu prostrediu v popred\u00ed v\u0161etk\u00fdch na\u0161ich cie\u013eov. Sna\u017e\u00edme sa zn\u00ed\u017ei\u0165 mno\u017estvo plastov na jedno pou\u017eitie v mydlovom priemysle a ma\u0165 \u010do najmen\u0161\u00ed negat\u00edvny dopad na \u017eivotn\u00e9 &hellip; V\u00fdhody Cel\u00fd \u010dl\u00e1nok","_links":{"self":[{"href":"https:\/\/soap2o.sk\/hu\/wp-json\/wp\/v2\/pages\/11314"}],"collection":[{"href":"https:\/\/soap2o.sk\/hu\/wp-json\/wp\/v2\/pages"}],"about":[{"href":"https:\/\/soap2o.sk\/hu\/wp-json\/wp\/v2\/types\/page"}],"author":[{"embeddable":true,"href":"https:\/\/soap2o.sk\/hu\/wp-json\/wp\/v2\/users\/1"}],"replies":[{"embeddable":true,"href":"https:\/\/soap2o.sk\/hu\/wp-json\/wp\/v2\/comments?post=11314"}],"version-history":[{"count":25,"href":"https:\/\/soap2o.sk\/hu\/wp-json\/wp\/v2\/pages\/11314\/revisions"}],"predecessor-version":[{"id":11984,"href":"https:\/\/soap2o.sk\/hu\/wp-json\/wp\/v2\/pages\/11314\/revisions\/11984"}],"wp:attachment":[{"href":"https:\/\/soap2o.sk\/hu\/wp-json\/wp\/v2\/media?parent=11314"}],"curies":[{"name":"wp","href":"https:\/\/api.w.org\/{rel}","templated":true}]}}