{"id":11510,"date":"2022-03-01T19:25:51","date_gmt":"2022-03-01T18:25:51","guid":{"rendered":"https:\/\/soap2o.sk\/?page_id=11510"},"modified":"2023-10-16T14:59:06","modified_gmt":"2023-10-16T12:59:06","slug":"starostlivost-o-ruky","status":"publish","type":"page","link":"https:\/\/soap2o.sk\/hu\/termekek\/caring-about-hands\/","title":{"rendered":"K\u00e9z\u00e1pol\u00e1s"},"content":{"rendered":"<div class=\"wp-block-cover alignfull is-light is-position-center-center\" style=\"min-height:750px\"><span aria-hidden=\"true\" class=\"wp-block-cover__background has-black-background-color has-background-dim-40 has-background-dim\"><\/span><img loading=\"lazy\" width=\"1500\" height=\"1000\" class=\"wp-block-cover__image-background wp-image-11512\" alt=\"\" src=\"https:\/\/soap2o.sk\/wp-content\/uploads\/starostlivost-o-ruky.jpg\" data-object-fit=\"cover\" srcset=\"https:\/\/soap2o.sk\/wp-content\/uploads\/starostlivost-o-ruky.jpg 1500w, https:\/\/soap2o.sk\/wp-content\/uploads\/starostlivost-o-ruky-300x200.jpg 300w, https:\/\/soap2o.sk\/wp-content\/uploads\/starostlivost-o-ruky-1024x683.jpg 1024w, https:\/\/soap2o.sk\/wp-content\/uploads\/starostlivost-o-ruky-768x512.jpg 768w, https:\/\/soap2o.sk\/wp-content\/uploads\/starostlivost-o-ruky-600x400.jpg 600w, https:\/\/soap2o.sk\/wp-content\/uploads\/starostlivost-o-ruky-64x43.jpg 64w\" sizes=\"(max-width: 1500px) 100vw, 1500px\" \/><div class=\"wp-block-cover__inner-container\">\n<h1 class=\"has-text-align-center has-white-color has-text-color\">K\u00e9z\u00e1pol\u00e1s<\/h1>\n\n\n\n<p><\/p>\n<\/div><\/div>\n\n\n\n<div class=\"wp-block-genesis-blocks-gb-container gb-block-container\"><div class=\"gb-container-inside\"><div class=\"gb-container-content\"><\/div><\/div><\/div>\n\n\n\n<p><\/p>\n\n\n\n<div class=\"inherit-container-width wp-container-1 wp-block-group alignfull hp-container has-white-background-color has-background\"><div class=\"wp-block-group__inner-container\">\n<div class=\"wp-block-media-text alignwide has-media-on-the-right is-stacked-on-mobile is-vertically-aligned-center has-background\" style=\"background-color:#9f9c87;grid-template-columns:auto 48%\"><figure class=\"wp-block-media-text__media\"><img loading=\"lazy\" width=\"500\" height=\"477\" src=\"http:\/\/soap2o.sk\/wp-content\/uploads\/Soap2o-hand-soap-bottle.png\" alt=\"\" class=\"wp-image-11516 size-full\" srcset=\"https:\/\/soap2o.sk\/wp-content\/uploads\/Soap2o-hand-soap-bottle.png 500w, https:\/\/soap2o.sk\/wp-content\/uploads\/Soap2o-hand-soap-bottle-300x286.png 300w, https:\/\/soap2o.sk\/wp-content\/uploads\/Soap2o-hand-soap-bottle-64x61.png 64w\" sizes=\"(max-width: 500px) 100vw, 500px\" \/><\/figure><div class=\"wp-block-media-text__content\">\n<h2 class=\"has-white-color has-text-color\">\u00d6ko k\u00e9ziszappan<\/h2>\n\n\n\n<p class=\"has-white-color has-text-color\">Az eleg\u00e1ns k\u00f6rnyezetbar\u00e1t k\u00e9ziszappanos flakonok \u00e9jfekete \u00e9s porcel\u00e1nfeh\u00e9r sz\u00ednben kaphat\u00f3k. A palackok matt \u00fcvegb\u0151l k\u00e9sz\u00fcltek \u00e9s \u00fajrat\u00f6lthet\u0151ek, hogy biztos\u00edts\u00e1k a Soap2o k\u00e9ziszappan min\u0151s\u00e9g\u00e9t \u00e9s t\u00f6k\u00e9letes tapint\u00e1s\u00e1t. Egyszer\u0171en adjon hozz\u00e1 egy tasak szappant, t\u00f6ltse fel a palackot v\u00edzzel, \u00e9s n\u00e9zze, ahogy a var\u00e1zslat megt\u00f6rt\u00e9nik.<\/p>\n\n\n\n<p><\/p>\n<\/div><\/div>\n\n\n\n<div style=\"color:#ddd\" class=\"wp-block-genesis-blocks-gb-spacer gb-block-spacer gb-divider-solid gb-divider-size-1\"><hr style=\"height:30px\"\/><\/div>\n<\/div><\/div>\n\n\n\n<div class=\"inherit-container-width wp-container-2 wp-block-group alignfull hp-container has-white-background-color has-background\"><div class=\"wp-block-group__inner-container\">\n<div class=\"wp-block-media-text alignwide is-stacked-on-mobile is-vertically-aligned-center has-background\" style=\"background-color:#626438;grid-template-columns:48% auto\"><figure class=\"wp-block-media-text__media\"><img loading=\"lazy\" width=\"500\" height=\"333\" src=\"https:\/\/soap2o.sk\/wp-content\/uploads\/Soap2o.SafrinaSmith.jpg\" alt=\"\" class=\"wp-image-11527 size-full\" srcset=\"https:\/\/soap2o.sk\/wp-content\/uploads\/Soap2o.SafrinaSmith.jpg 500w, https:\/\/soap2o.sk\/wp-content\/uploads\/Soap2o.SafrinaSmith-300x200.jpg 300w, https:\/\/soap2o.sk\/wp-content\/uploads\/Soap2o.SafrinaSmith-64x43.jpg 64w\" sizes=\"(max-width: 500px) 100vw, 500px\" \/><\/figure><div class=\"wp-block-media-text__content\">\n<p class=\"has-white-color has-text-color\">A SOAP\u2082O old\u00f3d\u00f3 szappan tasakok hat\u00e9kony old\u00f3d\u00f3 szappanoldat, amelyet a k\u00e9z tiszt\u00edt\u00e1s\u00e1ra \u00e9s hidrat\u00e1l\u00e1s\u00e1ra terveztek. Term\u00e9szetes gy\u00f6ny\u00f6r\u0171 gr\u00e1n\u00e1talma illat\u00fa \u00e9s mindez 100% \u00fajrahasznos\u00edthat\u00f3 csomagol\u00e1sban. Old\u00f3d\u00f3 tasakjaink 12 vagy 18 darabos kiszerel\u00e9sben kaphat\u00f3k, att\u00f3l f\u00fcgg\u0151en, hogy 1000ml vagy 350ml old\u00f3d\u00f3 szappant szeretne.<\/p>\n<\/div><\/div>\n\n\n\n<div style=\"color:#ddd\" class=\"wp-block-genesis-blocks-gb-spacer gb-block-spacer gb-divider-solid gb-divider-size-1\"><hr style=\"height:30px\"\/><\/div>\n<\/div><\/div>\n\n\n\n<div class=\"inherit-container-width wp-container-3 wp-block-group alignfull hp-container has-white-background-color has-background\"><div class=\"wp-block-group__inner-container\">\n<div class=\"wp-block-media-text alignwide has-media-on-the-right is-stacked-on-mobile is-vertically-aligned-center has-background\" style=\"background-color:#998969;grid-template-columns:auto 48%\"><figure class=\"wp-block-media-text__media\"><img loading=\"lazy\" width=\"591\" height=\"467\" src=\"https:\/\/soap2o.sk\/wp-content\/uploads\/Soap2o.SafrinaSmith-21.jpg\" alt=\"\" class=\"wp-image-11533 size-full\" srcset=\"https:\/\/soap2o.sk\/wp-content\/uploads\/Soap2o.SafrinaSmith-21.jpg 591w, https:\/\/soap2o.sk\/wp-content\/uploads\/Soap2o.SafrinaSmith-21-300x237.jpg 300w, https:\/\/soap2o.sk\/wp-content\/uploads\/Soap2o.SafrinaSmith-21-64x51.jpg 64w\" sizes=\"(max-width: 591px) 100vw, 591px\" \/><\/figure><div class=\"wp-block-media-text__content\">\n<h2 class=\"has-white-color has-text-color\">El\u0151ny\u00f6k \u00e9s jellemz\u0151k<\/h2>\n\n\n\n<p class=\"has-white-color has-text-color\">Hullad\u00e9kmentes k\u00e9zmos\u00e1s a SOAP\u2082O \u00fajrat\u00f6lthet\u0151 k\u00e9ziszappannal. Nem kell agg\u00f3dnia a k\u00f6rnyezet miatt, mivel ezek a szappan tasakok hullad\u00e9kmentes\/k\u00f6rnyezetbar\u00e1t csomagol\u00e1sban \u00e9rkeznek!<\/p>\n\n\n\n<ul class=\"has-white-color has-text-color\"><li>Gr\u00e1n\u00e1talma \u00e9s \u00e1fonya<\/li><li>Szerves<\/li><li>Biol\u00f3giailag leboml\u00f3<\/li><li>Nincs m\u0171anyag<\/li><li>5-10 perc alatt felold\u00f3dik<\/li><\/ul>\n\n\n\n<p><\/p>\n<\/div><\/div>\n\n\n\n<div style=\"color:#ddd\" class=\"wp-block-genesis-blocks-gb-spacer gb-block-spacer gb-divider-solid gb-divider-size-1\"><hr style=\"height:30px\"\/><\/div>\n\n\n\n<p><\/p>\n<\/div><\/div>\n\n\n\n<div class=\"inherit-container-width wp-container-8 wp-block-group alignfull has-background\" style=\"background-color:#a98969\"><div class=\"wp-block-group__inner-container\">\n<div class=\"wp-container-7 wp-block-columns alignwide are-vertically-aligned-center hp-container\">\n<div class=\"wp-container-4 wp-block-column is-vertically-aligned-center\" style=\"flex-basis:66.66%\">\n<div style=\"color:#ddd\" class=\"wp-block-genesis-blocks-gb-spacer gb-block-spacer gb-divider-solid gb-divider-size-1\"><hr style=\"height:30px\"\/><\/div>\n\n\n\n<h2 class=\"has-text-color\" style=\"color:#626438\">T\u00d6BBET SZERETNE MEGTUDNI?<\/h2>\n\n\n\n<div style=\"color:#ddd\" class=\"wp-block-genesis-blocks-gb-spacer gb-block-spacer gb-divider-solid gb-divider-size-1\"><hr style=\"height:30px\"\/><\/div>\n<\/div>\n\n\n\n<div class=\"wp-container-6 wp-block-column is-vertically-aligned-center\" style=\"flex-basis:33.33%\">\n<div class=\"wp-container-5 is-horizontal is-content-justification-center wp-block-buttons\">\n<div class=\"wp-block-button\"><a class=\"wp-block-button__link has-background\" href=\"https:\/\/soap2o.sk\/hu\/kapcsolat\/\" style=\"background-color:#626438\">Kapcsolat<\/a><\/div>\n<\/div>\n<\/div>\n<\/div>\n<\/div><\/div>\n\n\n\n<div style=\"color:#ddd\" class=\"wp-block-genesis-blocks-gb-spacer gb-block-spacer gb-divider-solid gb-divider-size-1\"><hr style=\"height:30px\"\/><\/div>\n\n\n\n<h2 class=\"has-text-align-center\">Term\u00e9keink<\/h2>\n\n\n\n<div class=\"wp-block-genesis-blocks-gb-columns gb-slate-section-feature-image-and-text-columns gb-slate-section-feature-image-columns gb-layout-columns-1 gb-1-col-equal gb-has-custom-background-color gb-has-custom-text-color gb-columns-center alignfull\" style=\"padding-top:3em;padding-right:1em;padding-bottom:3em;padding-left:1em;background-color:#ededed;color:#1f1f1f\"><div class=\"gb-layout-column-wrap gb-block-layout-column-gap-2 gb-is-responsive-column\" style=\"max-width:1200px\">\n<div class=\"wp-block-genesis-blocks-gb-column gb-block-layout-column\"><div class=\"gb-block-layout-column-inner\">\n<div class=\"wp-block-genesis-blocks-gb-columns gb-layout-columns-3 gb-3-col-equal\"><div class=\"gb-layout-column-wrap gb-block-layout-column-gap-3 gb-is-responsive-column\">\n<div class=\"wp-block-genesis-blocks-gb-column gb-block-layout-column\"><div class=\"gb-block-layout-column-inner\">\n<figure class=\"wp-block-image size-large\"><a href=\"https:\/\/www.hecology.sk?utm_source=soap2o&amp;utm_medium=referral\"><img loading=\"lazy\" width=\"1024\" height=\"712\" src=\"https:\/\/soap2o.sk\/wp-content\/uploads\/ekologicka-sada-soap2o-v-darcekovom-baleni-1-1024x712.png\" alt=\"\" class=\"wp-image-11954\" srcset=\"https:\/\/soap2o.sk\/wp-content\/uploads\/ekologicka-sada-soap2o-v-darcekovom-baleni-1-1024x712.png 1024w, https:\/\/soap2o.sk\/wp-content\/uploads\/ekologicka-sada-soap2o-v-darcekovom-baleni-1-300x209.png 300w, https:\/\/soap2o.sk\/wp-content\/uploads\/ekologicka-sada-soap2o-v-darcekovom-baleni-1-768x534.png 768w, https:\/\/soap2o.sk\/wp-content\/uploads\/ekologicka-sada-soap2o-v-darcekovom-baleni-1-600x417.png 600w, https:\/\/soap2o.sk\/wp-content\/uploads\/ekologicka-sada-soap2o-v-darcekovom-baleni-1.png 1067w\" sizes=\"(max-width: 1024px) 100vw, 1024px\" \/><\/a><\/figure>\n\n\n\n<h3 class=\"has-text-align-center has-text-color\" style=\"color:#1f1f1f;font-size:26px\"><a href=\"https:\/\/www.hecology.sk?utm_source=soap2o&amp;utm_medium=referral\">SOAP\u2082O kezd\u0151csomag<\/a><\/h3>\n\n\n\n<p class=\"has-text-align-center has-text-color\" style=\"color:#1f1f1f\"><a href=\"https:\/\/www.hecology.sk?utm_source=soap2o&amp;utm_medium=referral\">A k\u00f6rnyezetbar\u00e1t k\u00e9szlet 3x Soap2o 350ml bio szappant \u00e9s egy fekete sz\u00edn\u0171 \u00fcveg szappanadagol\u00f3 palackot tartalmaz.<\/a><\/p>\n\n\n\n<div class=\"wp-container-9 is-content-justification-center wp-block-buttons\">\n<div class=\"wp-block-button product-button-hp is-style-fill\"><a class=\"wp-block-button__link\" href=\"https:\/\/www.hecology.sk?utm_source=soap2o&amp;utm_medium=referral\" style=\"border-radius:0px\"><strong>Menj az eshopba<\/strong><\/a><\/div>\n<\/div>\n\n\n\n<div style=\"height:25px\" aria-hidden=\"true\" class=\"wp-block-spacer\"><\/div>\n<\/div><\/div>\n\n\n\n<div class=\"wp-block-genesis-blocks-gb-column gb-block-layout-column gb-is-vertically-aligned-center\"><div class=\"gb-block-layout-column-inner\">\n<p><\/p>\n<\/div><\/div>\n\n\n\n<div class=\"wp-block-genesis-blocks-gb-column gb-block-layout-column\"><div class=\"gb-block-layout-column-inner\">\n<figure class=\"wp-block-image size-large\"><a href=\"https:\/\/www.hecology.sk?utm_source=soap2o&amp;utm_medium=referral\"><img loading=\"lazy\" width=\"1024\" height=\"712\" src=\"https:\/\/soap2o.sk\/wp-content\/uploads\/Soap2o_balenie2-1024x712.png\" alt=\"\" class=\"wp-image-11956\" srcset=\"https:\/\/soap2o.sk\/wp-content\/uploads\/Soap2o_balenie2-1024x712.png 1024w, https:\/\/soap2o.sk\/wp-content\/uploads\/Soap2o_balenie2-300x209.png 300w, https:\/\/soap2o.sk\/wp-content\/uploads\/Soap2o_balenie2-768x534.png 768w, https:\/\/soap2o.sk\/wp-content\/uploads\/Soap2o_balenie2-600x417.png 600w, https:\/\/soap2o.sk\/wp-content\/uploads\/Soap2o_balenie2.png 1067w\" sizes=\"(max-width: 1024px) 100vw, 1024px\" \/><\/a><\/figure>\n\n\n\n<h3 class=\"has-text-align-center has-text-color\" style=\"color:#1f1f1f;font-size:26px\"><a href=\"https:\/\/www.hecology.sk?utm_source=soap2o&amp;utm_medium=referral\">SOAP\u2082O kapszul\u00e1s szappan <\/a><\/h3>\n\n\n\n<p class=\"has-text-align-center has-text-color\" style=\"color:#1f1f1f\"><a href=\"https:\/\/www.hecology.sk?utm_source=soap2o&amp;utm_medium=referral\">A csomag 12 kapszul\u00e1t tartalmaz, amelyb\u0151l 12 liter szappan k\u00e9sz\u00edthet\u0151. 12x1000ml - gr\u00e1n\u00e1talma \u00e9s \u00e1fonya.<\/a><\/p>\n\n\n\n<div class=\"wp-container-10 is-content-justification-center wp-block-buttons\">\n<div class=\"wp-block-button product-button-hp is-style-fill\"><a class=\"wp-block-button__link\" href=\"https:\/\/www.hecology.sk?utm_source=soap2o&amp;utm_medium=referral\" style=\"border-radius:0px\"><strong>Menj az eshopba<\/strong><\/a><\/div>\n<\/div>\n\n\n\n<p><\/p>\n<\/div><\/div>\n<\/div><\/div>\n<\/div><\/div>\n<\/div><\/div>","protected":false},"excerpt":{"rendered":"<p>Eco Hand Soap Eleg\u00e1ns k\u00f6rnyezetbar\u00e1t k\u00e9ziszappanos flakonok \u00e9jfekete \u00e9s feh\u00e9r porcel\u00e1n sz\u00ednben kaphat\u00f3k. A palackok matt \u00fcvegb\u0151l k\u00e9sz\u00fcltek \u00e9s \u00fajrat\u00f6lthet\u0151ek, hogy biztos\u00edts\u00e1k a min\u0151s\u00e9get \u00e9s a t\u00f6k\u00e9letes ...<\/p>\n<p class=\"read-more\"> <a class=\"ast-button\" href=\"https:\/\/soap2o.sk\/hu\/termekek\/caring-about-hands\/\"> <span class=\"screen-reader-text\">K\u00e9z\u00e1pol\u00e1s<\/span> Teljes cikk<\/a><\/p>","protected":false},"author":1,"featured_media":0,"parent":11574,"menu_order":1,"comment_status":"closed","ping_status":"closed","template":"","meta":{"inline_featured_image":false,"site-sidebar-layout":"default","site-content-layout":"default","ast-global-header-display":"","ast-main-header-display":"","ast-hfb-above-header-display":"","ast-hfb-below-header-display":"","ast-hfb-mobile-header-display":"","site-post-title":"disabled","ast-breadcrumbs-content":"","ast-featured-img":"","footer-sml-layout":"","theme-transparent-header-meta":"default","adv-header-id-meta":"","stick-header-meta":"","header-above-stick-meta":"","header-main-stick-meta":"","header-below-stick-meta":""},"yoast_head":"<!-- This site is optimized with the Yoast SEO plugin v19.7.1 - https:\/\/yoast.com\/wordpress\/plugins\/seo\/ -->\n<title>Starostlivos\u0165 o ruky - soap2o.sk<\/title>\n<meta name=\"robots\" content=\"index, follow, max-snippet:-1, max-image-preview:large, max-video-preview:-1\" \/>\n<link rel=\"canonical\" href=\"https:\/\/soap2o.sk\/hu\/termekek\/caring-about-hands\/\" \/>\n<meta property=\"og:locale\" content=\"hu_HU\" \/>\n<meta property=\"og:type\" content=\"article\" \/>\n<meta property=\"og:title\" content=\"Starostlivos\u0165 o ruky - soap2o.sk\" \/>\n<meta property=\"og:description\" content=\"Eko mydlo na ruky Elegantn\u00e9 ekologick\u00e9 f\u013ea\u0161ky s mydlom na ruky s\u00fa dostupn\u00e9 v polno\u010dnej \u010diernej a porcel\u00e1novo bielej farbe. F\u013ea\u0161ky s\u00fa vyroben\u00e9 z&nbsp;matn\u00e9ho skla a znovu naplnite\u013en\u00e9, aby sa zabezpe\u010dila kvalita a&nbsp;perfektn\u00fd pocit z &hellip; Starostlivos\u0165 o ruky Cel\u00fd \u010dl\u00e1nok\" \/>\n<meta property=\"og:url\" content=\"https:\/\/soap2o.sk\/hu\/termekek\/caring-about-hands\/\" \/>\n<meta property=\"og:site_name\" content=\"soap2o.sk\" \/>\n<meta property=\"article:publisher\" content=\"https:\/\/www.facebook.com\/IDrysk\/\" \/>\n<meta property=\"article:modified_time\" content=\"2023-10-16T12:59:06+00:00\" \/>\n<meta property=\"og:image\" content=\"https:\/\/soap2o.sk\/wp-content\/uploads\/starostlivost-o-ruky.jpg\" \/>\n<meta name=\"twitter:card\" content=\"summary_large_image\" \/>\n<meta name=\"twitter:site\" content=\"@iDrySKsro\" \/>\n<meta name=\"twitter:label1\" content=\"Becs\u00fclt olvas\u00e1si id\u0151\" \/>\n\t<meta name=\"twitter:data1\" content=\"3 perc\" \/>\n<script type=\"application\/ld+json\" class=\"yoast-schema-graph\">{\"@context\":\"https:\/\/schema.org\",\"@graph\":[{\"@type\":\"WebPage\",\"@id\":\"https:\/\/soap2o.sk\/produkty\/starostlivost-o-ruky\/\",\"url\":\"https:\/\/soap2o.sk\/produkty\/starostlivost-o-ruky\/\",\"name\":\"Starostlivos\u0165 o ruky - soap2o.sk\",\"isPartOf\":{\"@id\":\"https:\/\/soap2o.sk\/#website\"},\"datePublished\":\"2022-03-01T18:25:51+00:00\",\"dateModified\":\"2023-10-16T12:59:06+00:00\",\"breadcrumb\":{\"@id\":\"https:\/\/soap2o.sk\/produkty\/starostlivost-o-ruky\/#breadcrumb\"},\"inLanguage\":\"hu\",\"potentialAction\":[{\"@type\":\"ReadAction\",\"target\":[\"https:\/\/soap2o.sk\/produkty\/starostlivost-o-ruky\/\"]}]},{\"@type\":\"BreadcrumbList\",\"@id\":\"https:\/\/soap2o.sk\/produkty\/starostlivost-o-ruky\/#breadcrumb\",\"itemListElement\":[{\"@type\":\"ListItem\",\"position\":1,\"name\":\"Home\",\"item\":\"https:\/\/soap2o.sk\/\"},{\"@type\":\"ListItem\",\"position\":2,\"name\":\"Produkty\",\"item\":\"https:\/\/soap2o.sk\/produkty\/\"},{\"@type\":\"ListItem\",\"position\":3,\"name\":\"Starostlivos\u0165 o ruky\"}]},{\"@type\":\"WebSite\",\"@id\":\"https:\/\/soap2o.sk\/#website\",\"url\":\"https:\/\/soap2o.sk\/\",\"name\":\"soap2o.sk\",\"description\":\"soap2o.sk\",\"publisher\":{\"@id\":\"https:\/\/soap2o.sk\/#organization\"},\"potentialAction\":[{\"@type\":\"SearchAction\",\"target\":{\"@type\":\"EntryPoint\",\"urlTemplate\":\"https:\/\/soap2o.sk\/?s={search_term_string}\"},\"query-input\":\"required name=search_term_string\"}],\"inLanguage\":\"hu\"},{\"@type\":\"Organization\",\"@id\":\"https:\/\/soap2o.sk\/#organization\",\"name\":\"soap2o.sk\",\"url\":\"https:\/\/soap2o.sk\/\",\"sameAs\":[\"http:\/\/instagram\/idrysk\",\"https:\/\/www.facebook.com\/IDrysk\/\",\"https:\/\/twitter.com\/iDrySKsro\"],\"logo\":{\"@type\":\"ImageObject\",\"inLanguage\":\"hu\",\"@id\":\"https:\/\/soap2o.sk\/#\/schema\/logo\/image\/\",\"url\":\"https:\/\/soap2o.sk\/wp-content\/uploads\/Soap2o-white.svg\",\"contentUrl\":\"https:\/\/soap2o.sk\/wp-content\/uploads\/Soap2o-white.svg\",\"caption\":\"soap2o.sk\"},\"image\":{\"@id\":\"https:\/\/soap2o.sk\/#\/schema\/logo\/image\/\"}}]}<\/script>\n<!-- \/ Yoast SEO plugin. -->","yoast_head_json":{"title":"Starostlivos\u0165 o ruky - soap2o.sk","robots":{"index":"index","follow":"follow","max-snippet":"max-snippet:-1","max-image-preview":"max-image-preview:large","max-video-preview":"max-video-preview:-1"},"canonical":"https:\/\/soap2o.sk\/hu\/termekek\/caring-about-hands\/","og_locale":"hu_HU","og_type":"article","og_title":"Starostlivos\u0165 o ruky - soap2o.sk","og_description":"Eko mydlo na ruky Elegantn\u00e9 ekologick\u00e9 f\u013ea\u0161ky s mydlom na ruky s\u00fa dostupn\u00e9 v polno\u010dnej \u010diernej a porcel\u00e1novo bielej farbe. F\u013ea\u0161ky s\u00fa vyroben\u00e9 z&nbsp;matn\u00e9ho skla a znovu naplnite\u013en\u00e9, aby sa zabezpe\u010dila kvalita a&nbsp;perfektn\u00fd pocit z &hellip; Starostlivos\u0165 o ruky Cel\u00fd \u010dl\u00e1nok","og_url":"https:\/\/soap2o.sk\/hu\/termekek\/caring-about-hands\/","og_site_name":"soap2o.sk","article_publisher":"https:\/\/www.facebook.com\/IDrysk\/","article_modified_time":"2023-10-16T12:59:06+00:00","og_image":[{"url":"https:\/\/soap2o.sk\/wp-content\/uploads\/starostlivost-o-ruky.jpg"}],"twitter_card":"summary_large_image","twitter_site":"@iDrySKsro","twitter_misc":{"Becs\u00fclt olvas\u00e1si id\u0151":"3 perc"},"schema":{"@context":"https:\/\/schema.org","@graph":[{"@type":"WebPage","@id":"https:\/\/soap2o.sk\/produkty\/starostlivost-o-ruky\/","url":"https:\/\/soap2o.sk\/produkty\/starostlivost-o-ruky\/","name":"Starostlivos\u0165 o ruky - soap2o.sk","isPartOf":{"@id":"https:\/\/soap2o.sk\/#website"},"datePublished":"2022-03-01T18:25:51+00:00","dateModified":"2023-10-16T12:59:06+00:00","breadcrumb":{"@id":"https:\/\/soap2o.sk\/produkty\/starostlivost-o-ruky\/#breadcrumb"},"inLanguage":"hu","potentialAction":[{"@type":"ReadAction","target":["https:\/\/soap2o.sk\/produkty\/starostlivost-o-ruky\/"]}]},{"@type":"BreadcrumbList","@id":"https:\/\/soap2o.sk\/produkty\/starostlivost-o-ruky\/#breadcrumb","itemListElement":[{"@type":"ListItem","position":1,"name":"Home","item":"https:\/\/soap2o.sk\/"},{"@type":"ListItem","position":2,"name":"Produkty","item":"https:\/\/soap2o.sk\/produkty\/"},{"@type":"ListItem","position":3,"name":"Starostlivos\u0165 o ruky"}]},{"@type":"WebSite","@id":"https:\/\/soap2o.sk\/#website","url":"https:\/\/soap2o.sk\/","name":"soap2o.sk","description":"soap2o.sk","publisher":{"@id":"https:\/\/soap2o.sk\/#organization"},"potentialAction":[{"@type":"SearchAction","target":{"@type":"EntryPoint","urlTemplate":"https:\/\/soap2o.sk\/?s={search_term_string}"},"query-input":"required name=search_term_string"}],"inLanguage":"hu"},{"@type":"Organization","@id":"https:\/\/soap2o.sk\/#organization","name":"soap2o.sk","url":"https:\/\/soap2o.sk\/","sameAs":["http:\/\/instagram\/idrysk","https:\/\/www.facebook.com\/IDrysk\/","https:\/\/twitter.com\/iDrySKsro"],"logo":{"@type":"ImageObject","inLanguage":"hu","@id":"https:\/\/soap2o.sk\/#\/schema\/logo\/image\/","url":"https:\/\/soap2o.sk\/wp-content\/uploads\/Soap2o-white.svg","contentUrl":"https:\/\/soap2o.sk\/wp-content\/uploads\/Soap2o-white.svg","caption":"soap2o.sk"},"image":{"@id":"https:\/\/soap2o.sk\/#\/schema\/logo\/image\/"}}]}},"featured_image_src":null,"featured_image_src_square":null,"uagb_featured_image_src":{"full":false,"thumbnail":false,"medium":false,"medium_large":false,"large":false,"1536x1536":false,"2048x2048":false,"trp-custom-language-flag":false,"gb-block-post-grid-landscape":false,"gb-block-post-grid-square":false},"uagb_author_info":{"display_name":"administrator","author_link":"https:\/\/soap2o.sk\/hu\/author\/administrator\/"},"uagb_comment_info":0,"uagb_excerpt":"Eko mydlo na ruky Elegantn\u00e9 ekologick\u00e9 f\u013ea\u0161ky s mydlom na ruky s\u00fa dostupn\u00e9 v polno\u010dnej \u010diernej a porcel\u00e1novo bielej farbe. F\u013ea\u0161ky s\u00fa vyroben\u00e9 z&nbsp;matn\u00e9ho skla a znovu naplnite\u013en\u00e9, aby sa zabezpe\u010dila kvalita a&nbsp;perfektn\u00fd pocit z &hellip; Starostlivos\u0165 o ruky Cel\u00fd \u010dl\u00e1nok","_links":{"self":[{"href":"https:\/\/soap2o.sk\/hu\/wp-json\/wp\/v2\/pages\/11510"}],"collection":[{"href":"https:\/\/soap2o.sk\/hu\/wp-json\/wp\/v2\/pages"}],"about":[{"href":"https:\/\/soap2o.sk\/hu\/wp-json\/wp\/v2\/types\/page"}],"author":[{"embeddable":true,"href":"https:\/\/soap2o.sk\/hu\/wp-json\/wp\/v2\/users\/1"}],"replies":[{"embeddable":true,"href":"https:\/\/soap2o.sk\/hu\/wp-json\/wp\/v2\/comments?post=11510"}],"version-history":[{"count":39,"href":"https:\/\/soap2o.sk\/hu\/wp-json\/wp\/v2\/pages\/11510\/revisions"}],"predecessor-version":[{"id":11980,"href":"https:\/\/soap2o.sk\/hu\/wp-json\/wp\/v2\/pages\/11510\/revisions\/11980"}],"up":[{"embeddable":true,"href":"https:\/\/soap2o.sk\/hu\/wp-json\/wp\/v2\/pages\/11574"}],"wp:attachment":[{"href":"https:\/\/soap2o.sk\/hu\/wp-json\/wp\/v2\/media?parent=11510"}],"curies":[{"name":"wp","href":"https:\/\/api.w.org\/{rel}","templated":true}]}}