{"id":11593,"date":"2022-03-01T22:43:00","date_gmt":"2022-03-01T21:43:00","guid":{"rendered":"https:\/\/soap2o.sk\/?page_id=11593"},"modified":"2022-03-31T23:13:39","modified_gmt":"2022-03-31T21:13:39","slug":"nas-pribeh","status":"publish","type":"page","link":"https:\/\/soap2o.sk\/hu\/us-story\/","title":{"rendered":"A mi t\u00f6rt\u00e9net\u00fcnk"},"content":{"rendered":"<div class=\"wp-block-genesis-blocks-gb-container gb-block-container\"><div class=\"gb-container-inside\"><div class=\"gb-container-content\">\n<section class=\"wp-block-uagb-columns uagb-columns__wrap uagb-columns__background-undefined uagb-columns__stack-mobile uagb-columns__valign-undefined uagb-columns__gap-10 alignundefined uagb-block-29d62076\"><div class=\"uagb-columns__overlay\"><\/div><div class=\"uagb-columns__inner-wrap uagb-columns__columns-2\">\n<div class=\"wp-block-uagb-column uagb-column__wrap uagb-column__background-color uagb-block-129e36ba\"><div class=\"uagb-column__overlay\"><\/div><div class=\"uagb-column__inner-wrap\">\n<div style=\"color:#ddd\" class=\"wp-block-genesis-blocks-gb-spacer gb-block-spacer gb-divider-solid gb-divider-size-1\"><hr style=\"height:50px\"\/><\/div>\n\n\n\n<p><\/p>\n\n\n\n<p><\/p>\n\n\n\n<h2 class=\"has-text-align-right has-white-color has-text-color\">Hogyan kezd\u0151d\u00f6tt minden<\/h2>\n<\/div><\/div>\n\n\n\n<div class=\"wp-block-uagb-column uagb-column__wrap uagb-column__background-color uagb-block-60affac8\"><div class=\"uagb-column__overlay\"><\/div><div class=\"uagb-column__inner-wrap\">\n<div style=\"color:#ddd\" class=\"wp-block-genesis-blocks-gb-spacer gb-block-spacer gb-divider-solid gb-divider-size-1\"><hr style=\"height:50px\"\/><\/div>\n\n\n\n<p class=\"has-white-color has-text-color\">A SOAP\u2082O akkor sz\u00fcletett, amikor alap\u00edt\u00f3nk, Jordan \u00e9szrevette, hogy a piacon hatalmas \u0171r t\u00e1tong. Jordan a 2020-as vil\u00e1gj\u00e1rv\u00e1ny idej\u00e9n fert\u0151tlen\u00edt\u0151 eszk\u00f6z\u00f6ket forgalmazott. A legn\u00e9pszer\u0171bb term\u00e9kei k\u00f6z\u00e9 tartoztak az automata adagol\u00f3k, ez\u00e9rt folyamatosan kereste a fejleszt\u00e9si lehet\u0151s\u00e9geket. Az adagol\u00f3k tesztel\u00e9se a napi feladatai k\u00f6z\u00e9 tartozott, \u00e9s amikor az \u00e1ltala tesztelt adagol\u00f3k k\u00f6z\u00f6tt kevered\u00e9s t\u00f6rt\u00e9nt, akkor j\u00f6tt el az AHA-pillanat. K\u00e9t automata adagol\u00f3t v\u00e1rt, de a rendel\u00e9se olyan g\u00e9l adagol\u00f3kat tartalmazott, amelyekr\u0151l \u00fagy gondolta, hogy nem tesznek j\u00f3t neki vagy a v\u00e1llalkoz\u00e1s\u00e1nak. Tekintettel azonban az ig\u00e9nyeire \u00e9s a berendez\u00e9s ir\u00e1nti sz\u00fcks\u00e9glet\u00e9re, Jordan megpr\u00f3b\u00e1lta megford\u00edtani a k\u00f6r\u00fclm\u00e9nyeket. Vizet \u00e9s k\u00e9zmos\u00f3szert adott a g\u00e9ladagol\u00f3hoz, hogy l\u00e1ssa, habzik-e... habzott!<\/p>\n<\/div><\/div>\n<\/div><\/section>\n<\/div><\/div><\/div>\n\n\n\n<div class=\"wp-block-cover alignfull\" style=\"background-color:#ffffff;min-height:450px\"><img loading=\"lazy\" width=\"1800\" height=\"1200\" class=\"wp-block-cover__image-background wp-image-11624\" alt=\"\" src=\"https:\/\/soap2o.sk\/wp-content\/uploads\/soap-2o-our-story.jpg\" data-object-fit=\"cover\" srcset=\"https:\/\/soap2o.sk\/wp-content\/uploads\/soap-2o-our-story.jpg 1800w, https:\/\/soap2o.sk\/wp-content\/uploads\/soap-2o-our-story-300x200.jpg 300w, https:\/\/soap2o.sk\/wp-content\/uploads\/soap-2o-our-story-1024x683.jpg 1024w, https:\/\/soap2o.sk\/wp-content\/uploads\/soap-2o-our-story-768x512.jpg 768w, https:\/\/soap2o.sk\/wp-content\/uploads\/soap-2o-our-story-1536x1024.jpg 1536w, https:\/\/soap2o.sk\/wp-content\/uploads\/soap-2o-our-story-600x400.jpg 600w, https:\/\/soap2o.sk\/wp-content\/uploads\/soap-2o-our-story-64x43.jpg 64w\" sizes=\"(max-width: 1800px) 100vw, 1800px\" \/><div class=\"wp-block-cover__inner-container\">\n<p class=\"has-text-align-center has-large-font-size\"><\/p>\n<\/div><\/div>\n\n\n\n<div class=\"wp-block-genesis-blocks-gb-container gb-block-container\"><div class=\"gb-container-inside\"><div class=\"gb-container-content\">\n<section class=\"wp-block-uagb-columns uagb-columns__wrap uagb-columns__background-undefined uagb-columns__stack-mobile uagb-columns__valign-undefined uagb-columns__gap-10 alignundefined uagb-block-90cf4c3d\"><div class=\"uagb-columns__overlay\"><\/div><div class=\"uagb-columns__inner-wrap uagb-columns__columns-2\">\n<div class=\"wp-block-uagb-column uagb-column__wrap uagb-column__background-color uagb-block-c2093c0c\"><div class=\"uagb-column__overlay\"><\/div><div class=\"uagb-column__inner-wrap\">\n<p>Jordan r\u00e1j\u00f6tt, hogy a k\u00e9ziszappant kiv\u00e9ve mindenre haszn\u00e1lunk foly\u00e9kony vagy por \u00e1llag\u00fa koncentr\u00e1tumot - \u00edgy egy piaci r\u00e9s keletkezett, \u00e9s megsz\u00fcletett a SOAP\u2082O koncepci\u00f3. A k\u00f6vetkez\u0151 akad\u00e1ly az volt, hogyan lehet piacra dobni egy olyan term\u00e9ket, amelyet m\u00e9g nem hoztak l\u00e9tre \u00e9s nem hoztak forgalomba.<\/p>\n\n\n\n<p>A megfelel\u0151 emberek \u00e9s er\u0151forr\u00e1sok megtal\u00e1l\u00e1sa ut\u00e1n h\u00e1rom vegyipari c\u00e9ggel v\u00e9geztek kutat\u00e1st, \u00e9s 2021 m\u00e1jus\u00e1ban megalakult a partners\u00e9g. A SOAP\u2082O 2021 szeptember\u00e9ben ker\u00fclt piacra, amikor a szappan bevezet\u00e9sre ker\u00fclt, \u00e9s azonnali sikert aratott. Mind\u00f6ssze 4 h\u00f3nap alatt 250 000 darab 1 literes zacsk\u00f3t adtak el, amivel t\u00f6bb mint 50 tonna m\u0171anyagot takar\u00edtottak meg, amely az \u00f6kosziszt\u00e9m\u00e1ba ker\u00fclt volna.<\/p>\n\n\n\n<p>2022-ben m\u00e9g nagyobbak \u00e9s jobbak lesz\u00fcnk.<\/p>\n\n\n\n<p><strong>V\u00c1LTOZ\u00c1S L\u00c9TREHOZ\u00c1SA A BOLYG\u00d3 MEGMENT\u00c9SE \u00c9RDEK\u00c9BEN<\/strong><\/p>\n<\/div><\/div>\n\n\n\n<div class=\"wp-block-uagb-column uagb-column__wrap uagb-column__background-undefined uagb-block-b1e61cae\"><div class=\"uagb-column__overlay\"><\/div><div class=\"uagb-column__inner-wrap\">\n<figure class=\"wp-block-image size-full\"><img loading=\"lazy\" width=\"530\" height=\"508\" src=\"https:\/\/soap2o.sk\/wp-content\/uploads\/nas-pribeh-3-1.jpg\" alt=\"\" class=\"wp-image-11650\" srcset=\"https:\/\/soap2o.sk\/wp-content\/uploads\/nas-pribeh-3-1.jpg 530w, https:\/\/soap2o.sk\/wp-content\/uploads\/nas-pribeh-3-1-300x288.jpg 300w, https:\/\/soap2o.sk\/wp-content\/uploads\/nas-pribeh-3-1-64x61.jpg 64w\" sizes=\"(max-width: 530px) 100vw, 530px\" \/><\/figure>\n<\/div><\/div>\n<\/div><\/section>\n<\/div><\/div><\/div>\n\n\n\n<div class=\"wp-container-5 wp-block-group alignwide has-background\" style=\"background-color:#626438\"><div class=\"wp-block-group__inner-container\">\n<div class=\"wp-container-4 wp-block-columns alignwide are-vertically-aligned-center hp-container\">\n<div class=\"wp-container-1 wp-block-column is-vertically-aligned-center\" style=\"flex-basis:66.66%\">\n<div style=\"color:#ddd\" class=\"wp-block-genesis-blocks-gb-spacer gb-block-spacer gb-divider-solid gb-divider-size-1\"><hr style=\"height:50px\"\/><\/div>\n\n\n\n<h2 class=\"has-text-color\" style=\"color:#ccccca\">V\u00c1LTOZ\u00c1S L\u00c9TREHOZ\u00c1SA A BOLYG\u00d3 MEGMENT\u00c9SE \u00c9RDEK\u00c9BEN<\/h2>\n\n\n\n<div style=\"color:#ddd\" class=\"wp-block-genesis-blocks-gb-spacer gb-block-spacer gb-divider-solid gb-divider-size-1\"><hr style=\"height:40px\"\/><\/div>\n\n\n\n<p><\/p>\n<\/div>\n\n\n\n<div class=\"wp-container-3 wp-block-column is-vertically-aligned-center\" style=\"flex-basis:33.33%\">\n<div class=\"wp-container-2 wp-block-buttons is-content-justification-center\">\n<div class=\"wp-block-button\"><a class=\"wp-block-button__link has-black-color has-text-color has-background\" href=\"https:\/\/soap2o.sk\/hu\/kuldetesunk\/\" style=\"background-color:#ccccca\"><strong>K\u00fcldet\u00e9s\u00fcnk<\/strong><\/a><\/div>\n<\/div>\n<\/div>\n<\/div>\n<\/div><\/div>\n\n\n\n<h2 class=\"has-text-align-center has-text-color\" style=\"color:#626438\">Mi\u00e9rt<\/h2>\n\n\n\n<div style=\"padding-bottom:3%;padding-top:0.5%\" class=\"wp-block-genesis-blocks-gb-container gb-block-container\"><div class=\"gb-container-inside\"><div class=\"gb-container-content\">\n<div class=\"wp-block-nextend-smartslider3 hp-container\"><\/div>\n<\/div><\/div><\/div>","protected":false},"excerpt":{"rendered":"<p>V\u00c1LTOZ\u00c1SOK M\u0170K\u00d6D\u00c9SE A PLANET V\u00c9DELM\u00c9RE Mi\u00e9rt mi?<\/p>","protected":false},"author":1,"featured_media":0,"parent":0,"menu_order":0,"comment_status":"closed","ping_status":"closed","template":"","meta":{"inline_featured_image":false,"site-sidebar-layout":"default","site-content-layout":"default","ast-global-header-display":"","ast-main-header-display":"","ast-hfb-above-header-display":"","ast-hfb-below-header-display":"","ast-hfb-mobile-header-display":"","site-post-title":"disabled","ast-breadcrumbs-content":"","ast-featured-img":"","footer-sml-layout":"","theme-transparent-header-meta":"default","adv-header-id-meta":"","stick-header-meta":"","header-above-stick-meta":"","header-main-stick-meta":"","header-below-stick-meta":""},"yoast_head":"<!-- This site is optimized with the Yoast SEO plugin v19.7.1 - https:\/\/yoast.com\/wordpress\/plugins\/seo\/ -->\n<title>N\u00e1\u0161 pr\u00edbeh - soap2o.sk<\/title>\n<meta name=\"robots\" content=\"index, follow, max-snippet:-1, max-image-preview:large, max-video-preview:-1\" \/>\n<link rel=\"canonical\" href=\"https:\/\/soap2o.sk\/hu\/us-story\/\" \/>\n<meta property=\"og:locale\" content=\"hu_HU\" \/>\n<meta property=\"og:type\" content=\"article\" \/>\n<meta property=\"og:title\" content=\"N\u00e1\u0161 pr\u00edbeh - soap2o.sk\" \/>\n<meta property=\"og:description\" content=\"TVOR\u00cdME ZMENY NA Z\u00c1CHRANU PLAN\u00c9TY Pre\u010do my\" \/>\n<meta property=\"og:url\" content=\"https:\/\/soap2o.sk\/hu\/us-story\/\" \/>\n<meta property=\"og:site_name\" content=\"soap2o.sk\" \/>\n<meta property=\"article:publisher\" content=\"https:\/\/www.facebook.com\/IDrysk\/\" \/>\n<meta property=\"article:modified_time\" content=\"2022-03-31T21:13:39+00:00\" \/>\n<meta property=\"og:image\" content=\"https:\/\/soap2o.sk\/wp-content\/uploads\/soap-2o-our-story.jpg\" \/>\n<meta name=\"twitter:card\" content=\"summary_large_image\" \/>\n<meta name=\"twitter:site\" content=\"@iDrySKsro\" \/>\n<meta name=\"twitter:label1\" content=\"Becs\u00fclt olvas\u00e1si id\u0151\" \/>\n\t<meta name=\"twitter:data1\" content=\"2 perc\" \/>\n<script type=\"application\/ld+json\" class=\"yoast-schema-graph\">{\"@context\":\"https:\/\/schema.org\",\"@graph\":[{\"@type\":\"WebPage\",\"@id\":\"https:\/\/soap2o.sk\/nas-pribeh\/\",\"url\":\"https:\/\/soap2o.sk\/nas-pribeh\/\",\"name\":\"N\u00e1\u0161 pr\u00edbeh - soap2o.sk\",\"isPartOf\":{\"@id\":\"https:\/\/soap2o.sk\/#website\"},\"datePublished\":\"2022-03-01T21:43:00+00:00\",\"dateModified\":\"2022-03-31T21:13:39+00:00\",\"breadcrumb\":{\"@id\":\"https:\/\/soap2o.sk\/nas-pribeh\/#breadcrumb\"},\"inLanguage\":\"hu\",\"potentialAction\":[{\"@type\":\"ReadAction\",\"target\":[\"https:\/\/soap2o.sk\/nas-pribeh\/\"]}]},{\"@type\":\"BreadcrumbList\",\"@id\":\"https:\/\/soap2o.sk\/nas-pribeh\/#breadcrumb\",\"itemListElement\":[{\"@type\":\"ListItem\",\"position\":1,\"name\":\"Home\",\"item\":\"https:\/\/soap2o.sk\/\"},{\"@type\":\"ListItem\",\"position\":2,\"name\":\"N\u00e1\u0161 pr\u00edbeh\"}]},{\"@type\":\"WebSite\",\"@id\":\"https:\/\/soap2o.sk\/#website\",\"url\":\"https:\/\/soap2o.sk\/\",\"name\":\"soap2o.sk\",\"description\":\"soap2o.sk\",\"publisher\":{\"@id\":\"https:\/\/soap2o.sk\/#organization\"},\"potentialAction\":[{\"@type\":\"SearchAction\",\"target\":{\"@type\":\"EntryPoint\",\"urlTemplate\":\"https:\/\/soap2o.sk\/?s={search_term_string}\"},\"query-input\":\"required name=search_term_string\"}],\"inLanguage\":\"hu\"},{\"@type\":\"Organization\",\"@id\":\"https:\/\/soap2o.sk\/#organization\",\"name\":\"soap2o.sk\",\"url\":\"https:\/\/soap2o.sk\/\",\"sameAs\":[\"http:\/\/instagram\/idrysk\",\"https:\/\/www.facebook.com\/IDrysk\/\",\"https:\/\/twitter.com\/iDrySKsro\"],\"logo\":{\"@type\":\"ImageObject\",\"inLanguage\":\"hu\",\"@id\":\"https:\/\/soap2o.sk\/#\/schema\/logo\/image\/\",\"url\":\"https:\/\/soap2o.sk\/wp-content\/uploads\/Soap2o-white.svg\",\"contentUrl\":\"https:\/\/soap2o.sk\/wp-content\/uploads\/Soap2o-white.svg\",\"caption\":\"soap2o.sk\"},\"image\":{\"@id\":\"https:\/\/soap2o.sk\/#\/schema\/logo\/image\/\"}}]}<\/script>\n<!-- \/ Yoast SEO plugin. -->","yoast_head_json":{"title":"N\u00e1\u0161 pr\u00edbeh - soap2o.sk","robots":{"index":"index","follow":"follow","max-snippet":"max-snippet:-1","max-image-preview":"max-image-preview:large","max-video-preview":"max-video-preview:-1"},"canonical":"https:\/\/soap2o.sk\/hu\/us-story\/","og_locale":"hu_HU","og_type":"article","og_title":"N\u00e1\u0161 pr\u00edbeh - soap2o.sk","og_description":"TVOR\u00cdME ZMENY NA Z\u00c1CHRANU PLAN\u00c9TY Pre\u010do my","og_url":"https:\/\/soap2o.sk\/hu\/us-story\/","og_site_name":"soap2o.sk","article_publisher":"https:\/\/www.facebook.com\/IDrysk\/","article_modified_time":"2022-03-31T21:13:39+00:00","og_image":[{"url":"https:\/\/soap2o.sk\/wp-content\/uploads\/soap-2o-our-story.jpg"}],"twitter_card":"summary_large_image","twitter_site":"@iDrySKsro","twitter_misc":{"Becs\u00fclt olvas\u00e1si id\u0151":"2 perc"},"schema":{"@context":"https:\/\/schema.org","@graph":[{"@type":"WebPage","@id":"https:\/\/soap2o.sk\/nas-pribeh\/","url":"https:\/\/soap2o.sk\/nas-pribeh\/","name":"N\u00e1\u0161 pr\u00edbeh - soap2o.sk","isPartOf":{"@id":"https:\/\/soap2o.sk\/#website"},"datePublished":"2022-03-01T21:43:00+00:00","dateModified":"2022-03-31T21:13:39+00:00","breadcrumb":{"@id":"https:\/\/soap2o.sk\/nas-pribeh\/#breadcrumb"},"inLanguage":"hu","potentialAction":[{"@type":"ReadAction","target":["https:\/\/soap2o.sk\/nas-pribeh\/"]}]},{"@type":"BreadcrumbList","@id":"https:\/\/soap2o.sk\/nas-pribeh\/#breadcrumb","itemListElement":[{"@type":"ListItem","position":1,"name":"Home","item":"https:\/\/soap2o.sk\/"},{"@type":"ListItem","position":2,"name":"N\u00e1\u0161 pr\u00edbeh"}]},{"@type":"WebSite","@id":"https:\/\/soap2o.sk\/#website","url":"https:\/\/soap2o.sk\/","name":"soap2o.sk","description":"soap2o.sk","publisher":{"@id":"https:\/\/soap2o.sk\/#organization"},"potentialAction":[{"@type":"SearchAction","target":{"@type":"EntryPoint","urlTemplate":"https:\/\/soap2o.sk\/?s={search_term_string}"},"query-input":"required name=search_term_string"}],"inLanguage":"hu"},{"@type":"Organization","@id":"https:\/\/soap2o.sk\/#organization","name":"soap2o.sk","url":"https:\/\/soap2o.sk\/","sameAs":["http:\/\/instagram\/idrysk","https:\/\/www.facebook.com\/IDrysk\/","https:\/\/twitter.com\/iDrySKsro"],"logo":{"@type":"ImageObject","inLanguage":"hu","@id":"https:\/\/soap2o.sk\/#\/schema\/logo\/image\/","url":"https:\/\/soap2o.sk\/wp-content\/uploads\/Soap2o-white.svg","contentUrl":"https:\/\/soap2o.sk\/wp-content\/uploads\/Soap2o-white.svg","caption":"soap2o.sk"},"image":{"@id":"https:\/\/soap2o.sk\/#\/schema\/logo\/image\/"}}]}},"featured_image_src":null,"featured_image_src_square":null,"uagb_featured_image_src":{"full":false,"thumbnail":false,"medium":false,"medium_large":false,"large":false,"1536x1536":false,"2048x2048":false,"trp-custom-language-flag":false,"gb-block-post-grid-landscape":false,"gb-block-post-grid-square":false},"uagb_author_info":{"display_name":"administrator","author_link":"https:\/\/soap2o.sk\/hu\/author\/administrator\/"},"uagb_comment_info":0,"uagb_excerpt":"TVOR\u00cdME ZMENY NA Z\u00c1CHRANU PLAN\u00c9TY Pre\u010do my","_links":{"self":[{"href":"https:\/\/soap2o.sk\/hu\/wp-json\/wp\/v2\/pages\/11593"}],"collection":[{"href":"https:\/\/soap2o.sk\/hu\/wp-json\/wp\/v2\/pages"}],"about":[{"href":"https:\/\/soap2o.sk\/hu\/wp-json\/wp\/v2\/types\/page"}],"author":[{"embeddable":true,"href":"https:\/\/soap2o.sk\/hu\/wp-json\/wp\/v2\/users\/1"}],"replies":[{"embeddable":true,"href":"https:\/\/soap2o.sk\/hu\/wp-json\/wp\/v2\/comments?post=11593"}],"version-history":[{"count":55,"href":"https:\/\/soap2o.sk\/hu\/wp-json\/wp\/v2\/pages\/11593\/revisions"}],"predecessor-version":[{"id":11839,"href":"https:\/\/soap2o.sk\/hu\/wp-json\/wp\/v2\/pages\/11593\/revisions\/11839"}],"wp:attachment":[{"href":"https:\/\/soap2o.sk\/hu\/wp-json\/wp\/v2\/media?parent=11593"}],"curies":[{"name":"wp","href":"https:\/\/api.w.org\/{rel}","templated":true}]}}