{"id":11672,"date":"2022-03-02T00:27:09","date_gmt":"2022-03-01T23:27:09","guid":{"rendered":"https:\/\/soap2o.sk\/?page_id=11672"},"modified":"2022-03-31T23:13:39","modified_gmt":"2022-03-31T21:13:39","slug":"nase-poslanie","status":"publish","type":"page","link":"https:\/\/soap2o.sk\/hu\/kuldetesunk\/","title":{"rendered":"K\u00fcldet\u00e9s\u00fcnk"},"content":{"rendered":"<div class=\"wp-block-genesis-blocks-gb-container gb-block-container\"><div class=\"gb-container-inside\"><div class=\"gb-container-content\">\n<section class=\"wp-block-uagb-columns uagb-columns__wrap uagb-columns__background-undefined uagb-columns__stack-mobile uagb-columns__valign-undefined uagb-columns__gap-10 alignundefined uagb-block-820f6c0b\"><div class=\"uagb-columns__overlay\"><\/div><div class=\"uagb-columns__inner-wrap uagb-columns__columns-2\">\n<div class=\"wp-block-uagb-column uagb-column__wrap uagb-column__background-color uagb-block-1293f008\"><div class=\"uagb-column__overlay\"><\/div><div class=\"uagb-column__inner-wrap\">\n<div style=\"color:#ddd\" class=\"wp-block-genesis-blocks-gb-spacer gb-block-spacer gb-divider-solid gb-divider-size-1\"><hr style=\"height:50px\"\/><\/div>\n\n\n\n<p><\/p>\n\n\n\n<p><\/p>\n\n\n\n<h2 class=\"has-text-align-right has-white-color has-text-color\">K\u00fcldet\u00e9s\u00fcnk<\/h2>\n<\/div><\/div>\n\n\n\n<div class=\"wp-block-uagb-column uagb-column__wrap uagb-column__background-color uagb-block-d98d357a\"><div class=\"uagb-column__overlay\"><\/div><div class=\"uagb-column__inner-wrap\">\n<div style=\"color:#ddd\" class=\"wp-block-genesis-blocks-gb-spacer gb-block-spacer gb-divider-solid gb-divider-size-1\"><hr style=\"height:50px\"\/><\/div>\n\n\n\n<p class=\"has-white-color has-text-color\">A SOAP\u2082O k\u00fcldet\u00e9se az, hogy bomlaszt\u00f3 innov\u00e1ci\u00f3t hozzon l\u00e9tre, \u00e9s megv\u00e1ltoztassa a szappanipart, ahogyan azt ismerj\u00fck. Nem szeretn\u00e9nk tov\u00e1bbra is t\u00f6megesen gy\u00e1rtani az egyszer haszn\u00e1latos m\u0171anyagokat, ez\u00e9rt egy m\u0171anyagmentes megold\u00e1st tal\u00e1ltunk ki, hogy teljesen kik\u00fcsz\u00f6b\u00f6lj\u00fck a szappanterm\u00e9keinkb\u0151l.<\/p>\n\n\n\n<p class=\"has-white-color has-text-color\">A SOAP\u2082O term\u00e9keket v\u00edzben old\u00f3d\u00f3 PVA-f\u00f3li\u00e1ba csomagolj\u00e1k. Az \u00fcgyf\u00e9lnek nem kell hullad\u00e9kot kidobnia, \u00e9s a csomagol\u00e1s 100% \u00fajrahasznos\u00edthat\u00f3.<\/p>\n\n\n\n<p class=\"has-white-color has-text-color\"><strong>A bolyg\u00f3 megment\u00e9s\u00e9\u00e9rt tesz\u00fcnk. Csak rem\u00e9lni tudjuk, hogy m\u00e1sok is k\u00f6vetni fogj\u00e1k.<\/strong><\/p>\n<\/div><\/div>\n<\/div><\/section>\n<\/div><\/div><\/div>\n\n\n\n<div class=\"wp-block-cover alignfull\" style=\"background-color:#ffffff;min-height:450px\"><img loading=\"lazy\" width=\"1500\" height=\"999\" class=\"wp-block-cover__image-background wp-image-11678\" alt=\"\" src=\"https:\/\/soap2o.sk\/wp-content\/uploads\/sand-meeting-waves.png\" data-object-fit=\"cover\" srcset=\"https:\/\/soap2o.sk\/wp-content\/uploads\/sand-meeting-waves.png 1500w, https:\/\/soap2o.sk\/wp-content\/uploads\/sand-meeting-waves-300x200.png 300w, https:\/\/soap2o.sk\/wp-content\/uploads\/sand-meeting-waves-1024x682.png 1024w, https:\/\/soap2o.sk\/wp-content\/uploads\/sand-meeting-waves-768x511.png 768w, https:\/\/soap2o.sk\/wp-content\/uploads\/sand-meeting-waves-600x400.png 600w, https:\/\/soap2o.sk\/wp-content\/uploads\/sand-meeting-waves-64x43.png 64w\" sizes=\"(max-width: 1500px) 100vw, 1500px\" \/><div class=\"wp-block-cover__inner-container\">\n<p class=\"has-text-align-center has-large-font-size\"><\/p>\n<\/div><\/div>\n\n\n\n<div class=\"wp-container-2 wp-block-group alignfull\"><div class=\"wp-block-group__inner-container\">\n<div class=\"wp-container-1 wp-block-group alignfull has-white-background-color has-background\"><div class=\"wp-block-group__inner-container\">\n<div class=\"wp-block-media-text alignwide has-media-on-the-right is-stacked-on-mobile is-vertically-aligned-center\" style=\"grid-template-columns:auto 49%\"><figure class=\"wp-block-media-text__media\"><img loading=\"lazy\" width=\"500\" height=\"497\" src=\"http:\/\/soap2o.sk\/wp-content\/uploads\/Soap2o.SafrinaSmith-2.jpg\" alt=\"\" class=\"wp-image-11531 size-full\" srcset=\"https:\/\/soap2o.sk\/wp-content\/uploads\/Soap2o.SafrinaSmith-2.jpg 500w, https:\/\/soap2o.sk\/wp-content\/uploads\/Soap2o.SafrinaSmith-2-300x298.jpg 300w, https:\/\/soap2o.sk\/wp-content\/uploads\/Soap2o.SafrinaSmith-2-150x150.jpg 150w, https:\/\/soap2o.sk\/wp-content\/uploads\/Soap2o.SafrinaSmith-2-100x100.jpg 100w, https:\/\/soap2o.sk\/wp-content\/uploads\/Soap2o.SafrinaSmith-2-64x64.jpg 64w\" sizes=\"(max-width: 500px) 100vw, 500px\" \/><\/figure><div class=\"wp-block-media-text__content\">\n<p><strong>Az \u00e1ltalunk ismert k\u00f6rnyezeti v\u00e1ls\u00e1g<\/strong><\/p>\n\n\n\n<p>2022-ben jelenleg 10 nagy k\u00f6rnyezeti kih\u00edv\u00e1ssal kell szemben\u00e9zn\u00fcnk.<\/p>\n\n\n\n<ul><li>\u00c9ghajlatv\u00e1ltoz\u00e1s<\/li><li>Villamosenergia-termel\u00e9s<\/li><li>V\u00edz<\/li><li>Biol\u00f3giai sokf\u00e9les\u00e9g \u00e9s f\u00f6ldhaszn\u00e1lat<\/li><li>Vegyszerek, m\u00e9rgez\u0151 anyagok \u00e9s neh\u00e9zf\u00e9mek<\/li><li>L\u00e9gszennyez\u00e9s<\/li><li>Hullad\u00e9kgazd\u00e1lkod\u00e1s<\/li><li>Az \u00f3zonr\u00e9teg kimer\u00fcl\u00e9se<\/li><li>\u00d3ce\u00e1nok \u00e9s hal\u00e1szat<\/li><li>Erd\u0151irt\u00e1s<\/li><\/ul>\n\n\n\n<p>A SOAP\u2082O-t az\u00e9rt fejlesztett\u00fck ki, hogy olyan alternat\u00edv term\u00e9ket k\u00edn\u00e1ljunk, amely cs\u00f6kkenti a szappaniparra \u00e9s a bolyg\u00f3ra gyakorolt hat\u00e1st. Megtal\u00e1ltuk a piaci r\u00e9st, \u00e9s nap mint nap l\u00e1tjuk a term\u00e9k\u00fcnk \u00e1ltal kiv\u00e1ltott pozit\u00edv hat\u00e1sokat. Tavaly, a SOAP\u2082O 4 h\u00f3napos m\u0171k\u00f6d\u00e9se alatt 250 000 m\u0171anyag palackot takar\u00edtott meg, amelyek a szem\u00e9tlerak\u00f3ba ker\u00fcltek volna, ami elk\u00e9peszt\u0151 50,4 tonna m\u0171anyagot jelent.<\/p>\n\n\n\n<p><strong>Tavaly, mind\u00f6ssze 4 h\u00f3napos m\u0171k\u00f6d\u00e9se alatt a SOAP\u2082O 250 000 m\u0171anyag palackot mentett meg a hullad\u00e9klerak\u00f3ba ker\u00fcl\u00e9st\u0151l, \u00e9s elk\u00e9peszt\u0151 50,4 tonna m\u0171anyagot takar\u00edtottunk meg.<\/strong><\/p>\n<\/div><\/div>\n<\/div><\/div>\n\n\n\n<div style=\"padding-top:1%\" class=\"wp-block-genesis-blocks-gb-container gb-block-container\"><div class=\"gb-container-inside\"><div class=\"gb-container-content\">\n<h2 class=\"has-text-align-center has-text-color\" style=\"color:#626438\">Mi\u00e9rt mi?<\/h2>\n<\/div><\/div><\/div>\n\n\n\n<p><\/p>\n<\/div><\/div>\n\n\n\n<div style=\"padding-bottom:3%;padding-top:0.5%\" class=\"wp-block-genesis-blocks-gb-container gb-block-container\"><div class=\"gb-container-inside\"><div class=\"gb-container-content\">\n<div class=\"wp-block-nextend-smartslider3 hp-container\"><\/div>\n<\/div><\/div><\/div>","protected":false},"excerpt":{"rendered":"<p>Az \u00e1ltalunk ismert k\u00f6rnyezeti v\u00e1ls\u00e1g 2022-ben jelenleg 10 nagy k\u00f6rnyezeti kih\u00edv\u00e1ssal n\u00e9z\u00fcnk szembe \u00c9ghajlatv\u00e1ltoz\u00e1s Villamosenergia-termel\u00e9s V\u00edz Biol\u00f3giai sokf\u00e9les\u00e9g \u00e9s f\u00f6ldhaszn\u00e1lat Vegyszerek, toxikus anyagok \u00e9s neh\u00e9zf\u00e9mek L\u00e9gszennyez\u00e9s A leveg\u0151szennyez\u00e9s kezel\u00e9se ...<\/p>\n<p class=\"read-more\"> <a class=\"ast-button\" href=\"https:\/\/soap2o.sk\/hu\/kuldetesunk\/\"> <span class=\"screen-reader-text\">K\u00fcldet\u00e9s\u00fcnk<\/span> Teljes cikk<\/a><\/p>","protected":false},"author":1,"featured_media":0,"parent":0,"menu_order":0,"comment_status":"closed","ping_status":"closed","template":"","meta":{"inline_featured_image":false,"site-sidebar-layout":"default","site-content-layout":"default","ast-global-header-display":"","ast-main-header-display":"","ast-hfb-above-header-display":"","ast-hfb-below-header-display":"","ast-hfb-mobile-header-display":"","site-post-title":"disabled","ast-breadcrumbs-content":"","ast-featured-img":"","footer-sml-layout":"","theme-transparent-header-meta":"default","adv-header-id-meta":"","stick-header-meta":"","header-above-stick-meta":"","header-main-stick-meta":"","header-below-stick-meta":""},"yoast_head":"<!-- This site is optimized with the Yoast SEO plugin v19.7.1 - https:\/\/yoast.com\/wordpress\/plugins\/seo\/ -->\n<title>Na\u0161e poslanie - soap2o.sk<\/title>\n<meta name=\"robots\" content=\"index, follow, max-snippet:-1, max-image-preview:large, max-video-preview:-1\" \/>\n<link rel=\"canonical\" href=\"https:\/\/soap2o.sk\/hu\/kuldetesunk\/\" \/>\n<meta property=\"og:locale\" content=\"hu_HU\" \/>\n<meta property=\"og:type\" content=\"article\" \/>\n<meta property=\"og:title\" content=\"Na\u0161e poslanie - soap2o.sk\" \/>\n<meta property=\"og:description\" content=\"Environment\u00e1lna kr\u00edza, ako ju pozn\u00e1me V roku 2022 v s\u00fa\u010dasnosti \u010del\u00edme 10 hlavn\u00fdm environment\u00e1lnym probl\u00e9mom Zmena podnebia V\u00fdroba elektrickej energie Voda Biodiverzita a vyu\u017eitie p\u00f4dy Chemik\u00e1lie, toxick\u00e9 l\u00e1tky a \u0165a\u017ek\u00e9 kovy Zne\u010distenie vzduchu Nakladanie s &hellip; Na\u0161e poslanie Cel\u00fd \u010dl\u00e1nok\" \/>\n<meta property=\"og:url\" content=\"https:\/\/soap2o.sk\/hu\/kuldetesunk\/\" \/>\n<meta property=\"og:site_name\" content=\"soap2o.sk\" \/>\n<meta property=\"article:publisher\" content=\"https:\/\/www.facebook.com\/IDrysk\/\" \/>\n<meta property=\"article:modified_time\" content=\"2022-03-31T21:13:39+00:00\" \/>\n<meta property=\"og:image\" content=\"https:\/\/soap2o.sk\/wp-content\/uploads\/sand-meeting-waves.png\" \/>\n<meta name=\"twitter:card\" content=\"summary_large_image\" \/>\n<meta name=\"twitter:site\" content=\"@iDrySKsro\" \/>\n<meta name=\"twitter:label1\" content=\"Becs\u00fclt olvas\u00e1si id\u0151\" \/>\n\t<meta name=\"twitter:data1\" content=\"2 perc\" \/>\n<script type=\"application\/ld+json\" class=\"yoast-schema-graph\">{\"@context\":\"https:\/\/schema.org\",\"@graph\":[{\"@type\":\"WebPage\",\"@id\":\"https:\/\/soap2o.sk\/nase-poslanie\/\",\"url\":\"https:\/\/soap2o.sk\/nase-poslanie\/\",\"name\":\"Na\u0161e poslanie - soap2o.sk\",\"isPartOf\":{\"@id\":\"https:\/\/soap2o.sk\/#website\"},\"datePublished\":\"2022-03-01T23:27:09+00:00\",\"dateModified\":\"2022-03-31T21:13:39+00:00\",\"breadcrumb\":{\"@id\":\"https:\/\/soap2o.sk\/nase-poslanie\/#breadcrumb\"},\"inLanguage\":\"hu\",\"potentialAction\":[{\"@type\":\"ReadAction\",\"target\":[\"https:\/\/soap2o.sk\/nase-poslanie\/\"]}]},{\"@type\":\"BreadcrumbList\",\"@id\":\"https:\/\/soap2o.sk\/nase-poslanie\/#breadcrumb\",\"itemListElement\":[{\"@type\":\"ListItem\",\"position\":1,\"name\":\"Home\",\"item\":\"https:\/\/soap2o.sk\/\"},{\"@type\":\"ListItem\",\"position\":2,\"name\":\"Na\u0161e poslanie\"}]},{\"@type\":\"WebSite\",\"@id\":\"https:\/\/soap2o.sk\/#website\",\"url\":\"https:\/\/soap2o.sk\/\",\"name\":\"soap2o.sk\",\"description\":\"soap2o.sk\",\"publisher\":{\"@id\":\"https:\/\/soap2o.sk\/#organization\"},\"potentialAction\":[{\"@type\":\"SearchAction\",\"target\":{\"@type\":\"EntryPoint\",\"urlTemplate\":\"https:\/\/soap2o.sk\/?s={search_term_string}\"},\"query-input\":\"required name=search_term_string\"}],\"inLanguage\":\"hu\"},{\"@type\":\"Organization\",\"@id\":\"https:\/\/soap2o.sk\/#organization\",\"name\":\"soap2o.sk\",\"url\":\"https:\/\/soap2o.sk\/\",\"sameAs\":[\"http:\/\/instagram\/idrysk\",\"https:\/\/www.facebook.com\/IDrysk\/\",\"https:\/\/twitter.com\/iDrySKsro\"],\"logo\":{\"@type\":\"ImageObject\",\"inLanguage\":\"hu\",\"@id\":\"https:\/\/soap2o.sk\/#\/schema\/logo\/image\/\",\"url\":\"https:\/\/soap2o.sk\/wp-content\/uploads\/Soap2o-white.svg\",\"contentUrl\":\"https:\/\/soap2o.sk\/wp-content\/uploads\/Soap2o-white.svg\",\"caption\":\"soap2o.sk\"},\"image\":{\"@id\":\"https:\/\/soap2o.sk\/#\/schema\/logo\/image\/\"}}]}<\/script>\n<!-- \/ Yoast SEO plugin. -->","yoast_head_json":{"title":"Na\u0161e poslanie - soap2o.sk","robots":{"index":"index","follow":"follow","max-snippet":"max-snippet:-1","max-image-preview":"max-image-preview:large","max-video-preview":"max-video-preview:-1"},"canonical":"https:\/\/soap2o.sk\/hu\/kuldetesunk\/","og_locale":"hu_HU","og_type":"article","og_title":"Na\u0161e poslanie - soap2o.sk","og_description":"Environment\u00e1lna kr\u00edza, ako ju pozn\u00e1me V roku 2022 v s\u00fa\u010dasnosti \u010del\u00edme 10 hlavn\u00fdm environment\u00e1lnym probl\u00e9mom Zmena podnebia V\u00fdroba elektrickej energie Voda Biodiverzita a vyu\u017eitie p\u00f4dy Chemik\u00e1lie, toxick\u00e9 l\u00e1tky a \u0165a\u017ek\u00e9 kovy Zne\u010distenie vzduchu Nakladanie s &hellip; Na\u0161e poslanie Cel\u00fd \u010dl\u00e1nok","og_url":"https:\/\/soap2o.sk\/hu\/kuldetesunk\/","og_site_name":"soap2o.sk","article_publisher":"https:\/\/www.facebook.com\/IDrysk\/","article_modified_time":"2022-03-31T21:13:39+00:00","og_image":[{"url":"https:\/\/soap2o.sk\/wp-content\/uploads\/sand-meeting-waves.png"}],"twitter_card":"summary_large_image","twitter_site":"@iDrySKsro","twitter_misc":{"Becs\u00fclt olvas\u00e1si id\u0151":"2 perc"},"schema":{"@context":"https:\/\/schema.org","@graph":[{"@type":"WebPage","@id":"https:\/\/soap2o.sk\/nase-poslanie\/","url":"https:\/\/soap2o.sk\/nase-poslanie\/","name":"Na\u0161e poslanie - soap2o.sk","isPartOf":{"@id":"https:\/\/soap2o.sk\/#website"},"datePublished":"2022-03-01T23:27:09+00:00","dateModified":"2022-03-31T21:13:39+00:00","breadcrumb":{"@id":"https:\/\/soap2o.sk\/nase-poslanie\/#breadcrumb"},"inLanguage":"hu","potentialAction":[{"@type":"ReadAction","target":["https:\/\/soap2o.sk\/nase-poslanie\/"]}]},{"@type":"BreadcrumbList","@id":"https:\/\/soap2o.sk\/nase-poslanie\/#breadcrumb","itemListElement":[{"@type":"ListItem","position":1,"name":"Home","item":"https:\/\/soap2o.sk\/"},{"@type":"ListItem","position":2,"name":"Na\u0161e poslanie"}]},{"@type":"WebSite","@id":"https:\/\/soap2o.sk\/#website","url":"https:\/\/soap2o.sk\/","name":"soap2o.sk","description":"soap2o.sk","publisher":{"@id":"https:\/\/soap2o.sk\/#organization"},"potentialAction":[{"@type":"SearchAction","target":{"@type":"EntryPoint","urlTemplate":"https:\/\/soap2o.sk\/?s={search_term_string}"},"query-input":"required name=search_term_string"}],"inLanguage":"hu"},{"@type":"Organization","@id":"https:\/\/soap2o.sk\/#organization","name":"soap2o.sk","url":"https:\/\/soap2o.sk\/","sameAs":["http:\/\/instagram\/idrysk","https:\/\/www.facebook.com\/IDrysk\/","https:\/\/twitter.com\/iDrySKsro"],"logo":{"@type":"ImageObject","inLanguage":"hu","@id":"https:\/\/soap2o.sk\/#\/schema\/logo\/image\/","url":"https:\/\/soap2o.sk\/wp-content\/uploads\/Soap2o-white.svg","contentUrl":"https:\/\/soap2o.sk\/wp-content\/uploads\/Soap2o-white.svg","caption":"soap2o.sk"},"image":{"@id":"https:\/\/soap2o.sk\/#\/schema\/logo\/image\/"}}]}},"featured_image_src":null,"featured_image_src_square":null,"uagb_featured_image_src":{"full":false,"thumbnail":false,"medium":false,"medium_large":false,"large":false,"1536x1536":false,"2048x2048":false,"trp-custom-language-flag":false,"gb-block-post-grid-landscape":false,"gb-block-post-grid-square":false},"uagb_author_info":{"display_name":"administrator","author_link":"https:\/\/soap2o.sk\/hu\/author\/administrator\/"},"uagb_comment_info":0,"uagb_excerpt":"Environment\u00e1lna kr\u00edza, ako ju pozn\u00e1me V roku 2022 v s\u00fa\u010dasnosti \u010del\u00edme 10 hlavn\u00fdm environment\u00e1lnym probl\u00e9mom Zmena podnebia V\u00fdroba elektrickej energie Voda Biodiverzita a vyu\u017eitie p\u00f4dy Chemik\u00e1lie, toxick\u00e9 l\u00e1tky a \u0165a\u017ek\u00e9 kovy Zne\u010distenie vzduchu Nakladanie s &hellip; Na\u0161e poslanie Cel\u00fd \u010dl\u00e1nok","_links":{"self":[{"href":"https:\/\/soap2o.sk\/hu\/wp-json\/wp\/v2\/pages\/11672"}],"collection":[{"href":"https:\/\/soap2o.sk\/hu\/wp-json\/wp\/v2\/pages"}],"about":[{"href":"https:\/\/soap2o.sk\/hu\/wp-json\/wp\/v2\/types\/page"}],"author":[{"embeddable":true,"href":"https:\/\/soap2o.sk\/hu\/wp-json\/wp\/v2\/users\/1"}],"replies":[{"embeddable":true,"href":"https:\/\/soap2o.sk\/hu\/wp-json\/wp\/v2\/comments?post=11672"}],"version-history":[{"count":24,"href":"https:\/\/soap2o.sk\/hu\/wp-json\/wp\/v2\/pages\/11672\/revisions"}],"predecessor-version":[{"id":11845,"href":"https:\/\/soap2o.sk\/hu\/wp-json\/wp\/v2\/pages\/11672\/revisions\/11845"}],"wp:attachment":[{"href":"https:\/\/soap2o.sk\/hu\/wp-json\/wp\/v2\/media?parent=11672"}],"curies":[{"name":"wp","href":"https:\/\/api.w.org\/{rel}","templated":true}]}}