{"id":11735,"date":"2022-03-02T13:41:10","date_gmt":"2022-03-02T12:41:10","guid":{"rendered":"https:\/\/soap2o.sk\/?page_id=11735"},"modified":"2022-03-31T23:13:40","modified_gmt":"2022-03-31T21:13:40","slug":"soap2o-flexi-hex","status":"publish","type":"page","link":"https:\/\/soap2o.sk\/hu\/szappan2o-flexi-hex\/","title":{"rendered":"Szappan2o flexi hexa"},"content":{"rendered":"<div class=\"wp-block-cover alignfull has-background-dim-10 has-background-dim is-position-center-center\" style=\"min-height:750px\"><img loading=\"lazy\" width=\"1800\" height=\"1200\" class=\"wp-block-cover__image-background wp-image-11736\" alt=\"\" src=\"https:\/\/soap2o.sk\/wp-content\/uploads\/FH-19-09-600k-6083.jpg\" data-object-fit=\"cover\" srcset=\"https:\/\/soap2o.sk\/wp-content\/uploads\/FH-19-09-600k-6083.jpg 1800w, https:\/\/soap2o.sk\/wp-content\/uploads\/FH-19-09-600k-6083-300x200.jpg 300w, https:\/\/soap2o.sk\/wp-content\/uploads\/FH-19-09-600k-6083-1024x683.jpg 1024w, https:\/\/soap2o.sk\/wp-content\/uploads\/FH-19-09-600k-6083-768x512.jpg 768w, https:\/\/soap2o.sk\/wp-content\/uploads\/FH-19-09-600k-6083-1536x1024.jpg 1536w, https:\/\/soap2o.sk\/wp-content\/uploads\/FH-19-09-600k-6083-600x400.jpg 600w, https:\/\/soap2o.sk\/wp-content\/uploads\/FH-19-09-600k-6083-64x43.jpg 64w\" sizes=\"(max-width: 1800px) 100vw, 1800px\" \/><div class=\"wp-block-cover__inner-container\">\n<div class=\"wp-container-3 wp-block-columns alignwide are-vertically-aligned-center hp-container\">\n<div class=\"wp-container-1 wp-block-column is-vertically-aligned-center\" style=\"flex-basis:35%\">\n<h2 class=\"has-white-color has-text-color\">SOAP\u2082O &amp; Flexi-Hex\u00ae<\/h2>\n<\/div>\n\n\n\n<div class=\"wp-container-2 wp-block-column is-vertically-aligned-center\"><\/div>\n<\/div>\n<\/div><\/div>\n\n\n\n<p><\/p>\n\n\n\n<div class=\"wp-container-5 wp-block-group alignfull hp-container\"><div class=\"wp-block-group__inner-container\">\n<div class=\"wp-container-4 wp-block-group alignwide has-white-background-color has-background\"><div class=\"wp-block-group__inner-container\">\n<div class=\"wp-block-media-text alignwide has-media-on-the-right is-stacked-on-mobile is-vertically-aligned-center has-background\" style=\"background-color:#626438;grid-template-columns:auto 49%\"><figure class=\"wp-block-media-text__media\"><img loading=\"lazy\" width=\"600\" height=\"600\" src=\"http:\/\/soap2o.sk\/wp-content\/uploads\/FH-19-09-600k-6110.jpg\" alt=\"\" class=\"wp-image-11719 size-full\" srcset=\"https:\/\/soap2o.sk\/wp-content\/uploads\/FH-19-09-600k-6110.jpg 600w, https:\/\/soap2o.sk\/wp-content\/uploads\/FH-19-09-600k-6110-300x300.jpg 300w, https:\/\/soap2o.sk\/wp-content\/uploads\/FH-19-09-600k-6110-150x150.jpg 150w, https:\/\/soap2o.sk\/wp-content\/uploads\/FH-19-09-600k-6110-310x310.jpg 310w, https:\/\/soap2o.sk\/wp-content\/uploads\/FH-19-09-600k-6110-100x100.jpg 100w, https:\/\/soap2o.sk\/wp-content\/uploads\/FH-19-09-600k-6110-64x64.jpg 64w\" sizes=\"(max-width: 600px) 100vw, 600px\" \/><\/figure><div class=\"wp-block-media-text__content\">\n<p class=\"has-white-color has-text-color\">A SOAP\u2082O c\u00e9lja, hogy cs\u00f6kkentse az egyszer haszn\u00e1latos m\u0171anyagok mennyis\u00e9g\u00e9t a szappaniparban. A SOAP\u2082O csapat\u00e1nak alternat\u00edv megold\u00e1st kellett tal\u00e1lnia a hagyom\u00e1nyos l\u00e9gp\u00e1rn\u00e1s vagy bubor\u00e9kf\u00f3li\u00e1s csomagol\u00e1s helyett, hogy a karcs\u00fa, k\u00f6rnyezetbar\u00e1t palackok sz\u00e1ll\u00edt\u00e1s k\u00f6zben is v\u00e9dve legyenek an\u00e9lk\u00fcl, hogy k\u00e1ros\u00edtan\u00e1k a k\u00f6rnyezetet. Itt j\u00f6n a k\u00e9pbe a Flexi-Hex\u00ae.<\/p>\n\n\n\n<p class=\"has-white-color has-text-color\">A Flexi-Hex volt a legalkalmasabb a koncepci\u00f3nkhoz, mivel a biol\u00f3giailag leboml\u00f3 Flexi-Hex Air tokjai pr\u00e9mium alternat\u00edv\u00e1t ny\u00fajtanak a legmagasabb min\u0151s\u00e9g\u0171 m\u0171anyagokkal szemben, ugyanakkor v\u00e9dik a karcs\u00fa, k\u00f6rnyezetbar\u00e1t palackokat a sz\u00e1ll\u00edt\u00e1s sor\u00e1n.<\/p>\n<\/div><\/div>\n<\/div><\/div>\n\n\n\n<div style=\"color:#ddd\" class=\"wp-block-genesis-blocks-gb-spacer gb-block-spacer gb-divider-solid gb-divider-size-1\"><hr style=\"height:30px\"\/><\/div>\n<\/div><\/div>\n\n\n\n<div class=\"wp-container-7 wp-block-group alignfull hp-container\"><div class=\"wp-block-group__inner-container\">\n<div class=\"wp-container-6 wp-block-group alignwide has-white-background-color has-background\"><div class=\"wp-block-group__inner-container\">\n<div class=\"wp-block-media-text alignwide is-stacked-on-mobile is-vertically-aligned-center has-background\" style=\"background-color:#a98969;grid-template-columns:49% auto\"><figure class=\"wp-block-media-text__media\"><img loading=\"lazy\" width=\"1000\" height=\"667\" src=\"https:\/\/soap2o.sk\/wp-content\/uploads\/flexi-hex.jpg\" alt=\"\" class=\"wp-image-11502 size-full\" srcset=\"https:\/\/soap2o.sk\/wp-content\/uploads\/flexi-hex.jpg 1000w, https:\/\/soap2o.sk\/wp-content\/uploads\/flexi-hex-300x200.jpg 300w, https:\/\/soap2o.sk\/wp-content\/uploads\/flexi-hex-768x512.jpg 768w, https:\/\/soap2o.sk\/wp-content\/uploads\/flexi-hex-600x400.jpg 600w, https:\/\/soap2o.sk\/wp-content\/uploads\/flexi-hex-64x43.jpg 64w\" sizes=\"(max-width: 1000px) 100vw, 1000px\" \/><\/figure><div class=\"wp-block-media-text__content\">\n<p class=\"has-white-color has-text-color has-small-font-size\">A Flexi-Hex ugyanazt a gondolatot vallja, mint mi a SOAP\u2082O-n\u00e1l, \u00e9s a legfontosabb pill\u00e9rek \u00f6sszek\u00f6tnek minket:<\/p>\n\n\n\n<p><span class=\"has-inline-color has-white-color\">M\u0171anyagok elt\u00e1vol\u00edt\u00e1sa<br>Fenntarthat\u00f3s\u00e1g<br>A v\u00e1ltoz\u00e1s hull\u00e1mainak l\u00e9trehoz\u00e1sa<br>Kisebb l\u00e1bnyomok<br>Tekintettel a bolyg\u00f3nkra<\/span><\/p>\n\n\n\n<p class=\"has-white-color has-text-color has-small-font-size\">A hasonl\u00f3an gondolkod\u00f3 szem\u00e9lyekkel \u00e9s v\u00e1llalatokkal val\u00f3 egy\u00fcttm\u0171k\u00f6d\u00e9s biztos\u00edtja, hogy minden SOAP\u2082O term\u00e9k\u00fcnk minim\u00e1lis hat\u00e1st gyakoroljon a k\u00f6rnyezetre. Mivel a Flexi-Hex sz\u00e9n-dioxid-semleges v\u00e1llalat, nem is tudn\u00e1nk elk\u00e9pzelni jobb partnert a besz\u00e1ll\u00edt\u00f3k k\u00f6z\u00f6tt. A term\u00e9kek j\u00f3l n\u00e9znek ki \u00e9s k\u00f6rnyezetbar\u00e1tok.<\/p>\n<\/div><\/div>\n<\/div><\/div>\n<\/div><\/div>\n\n\n\n<div style=\"color:#ddd\" class=\"wp-block-genesis-blocks-gb-spacer gb-block-spacer gb-divider-solid gb-divider-size-1\"><hr style=\"height:30px\"\/><\/div>","protected":false},"excerpt":{"rendered":"<p>A SOAP\u2082O c\u00e9lja, hogy cs\u00f6kkentse az egyszer haszn\u00e1latos m\u0171anyagok mennyis\u00e9g\u00e9t a szappaniparban. A SOAP\u2082O csapat\u00e1nak alternat\u00edv megold\u00e1st kellett tal\u00e1lnia a hagyom\u00e1nyos l\u00e9gp\u00e1rn\u00e1s vagy bubor\u00e9kf\u00f3li\u00e1s csomagol\u00e1s helyett, hogy az eleg\u00e1ns, k\u00f6rnyezetbar\u00e1t palackok ...<\/p>\n<p class=\"read-more\"> <a class=\"ast-button\" href=\"https:\/\/soap2o.sk\/hu\/szappan2o-flexi-hex\/\"> <span class=\"screen-reader-text\">Szappan2o flexi hexa<\/span> Teljes cikk<\/a><\/p>","protected":false},"author":1,"featured_media":0,"parent":0,"menu_order":0,"comment_status":"closed","ping_status":"closed","template":"","meta":{"inline_featured_image":false,"site-sidebar-layout":"default","site-content-layout":"default","ast-global-header-display":"","ast-main-header-display":"","ast-hfb-above-header-display":"","ast-hfb-below-header-display":"","ast-hfb-mobile-header-display":"","site-post-title":"disabled","ast-breadcrumbs-content":"","ast-featured-img":"","footer-sml-layout":"","theme-transparent-header-meta":"default","adv-header-id-meta":"","stick-header-meta":"","header-above-stick-meta":"","header-main-stick-meta":"","header-below-stick-meta":""},"yoast_head":"<!-- This site is optimized with the Yoast SEO plugin v19.7.1 - https:\/\/yoast.com\/wordpress\/plugins\/seo\/ -->\n<title>Soap2o flexi hex - soap2o.sk<\/title>\n<meta name=\"robots\" content=\"index, follow, max-snippet:-1, max-image-preview:large, max-video-preview:-1\" \/>\n<link rel=\"canonical\" href=\"https:\/\/soap2o.sk\/hu\/szappan2o-flexi-hex\/\" \/>\n<meta property=\"og:locale\" content=\"hu_HU\" \/>\n<meta property=\"og:type\" content=\"article\" \/>\n<meta property=\"og:title\" content=\"Soap2o flexi hex - soap2o.sk\" \/>\n<meta property=\"og:description\" content=\"Cie\u013eom\u00a0 SOAP\u2082O je zn\u00ed\u017ei\u0165 mno\u017estvo plastov na jedno pou\u017eitie v mydlovom priemysle. T\u00edm SOAP\u2082O potreboval n\u00e1js\u0165 alternat\u00edvne rie\u0161enie k tradi\u010dn\u00e9mu baleniu vzduchov\u00fdm vank\u00fa\u0161om alebo bublinkovou f\u00f3liou, aby sa zabezpe\u010dilo, \u017ee elegantn\u00e9 ekologick\u00e9 f\u013ea\u0161e bud\u00fa pri &hellip; Soap2o flexi hex Cel\u00fd \u010dl\u00e1nok\" \/>\n<meta property=\"og:url\" content=\"https:\/\/soap2o.sk\/hu\/szappan2o-flexi-hex\/\" \/>\n<meta property=\"og:site_name\" content=\"soap2o.sk\" \/>\n<meta property=\"article:publisher\" content=\"https:\/\/www.facebook.com\/IDrysk\/\" \/>\n<meta property=\"article:modified_time\" content=\"2022-03-31T21:13:40+00:00\" \/>\n<meta property=\"og:image\" content=\"https:\/\/soap2o.sk\/wp-content\/uploads\/FH-19-09-600k-6083.jpg\" \/>\n<meta name=\"twitter:card\" content=\"summary_large_image\" \/>\n<meta name=\"twitter:site\" content=\"@iDrySKsro\" \/>\n<meta name=\"twitter:label1\" content=\"Becs\u00fclt olvas\u00e1si id\u0151\" \/>\n\t<meta name=\"twitter:data1\" content=\"2 perc\" \/>\n<script type=\"application\/ld+json\" class=\"yoast-schema-graph\">{\"@context\":\"https:\/\/schema.org\",\"@graph\":[{\"@type\":\"WebPage\",\"@id\":\"https:\/\/soap2o.sk\/soap2o-flexi-hex\/\",\"url\":\"https:\/\/soap2o.sk\/soap2o-flexi-hex\/\",\"name\":\"Soap2o flexi hex - soap2o.sk\",\"isPartOf\":{\"@id\":\"https:\/\/soap2o.sk\/#website\"},\"datePublished\":\"2022-03-02T12:41:10+00:00\",\"dateModified\":\"2022-03-31T21:13:40+00:00\",\"breadcrumb\":{\"@id\":\"https:\/\/soap2o.sk\/soap2o-flexi-hex\/#breadcrumb\"},\"inLanguage\":\"hu\",\"potentialAction\":[{\"@type\":\"ReadAction\",\"target\":[\"https:\/\/soap2o.sk\/soap2o-flexi-hex\/\"]}]},{\"@type\":\"BreadcrumbList\",\"@id\":\"https:\/\/soap2o.sk\/soap2o-flexi-hex\/#breadcrumb\",\"itemListElement\":[{\"@type\":\"ListItem\",\"position\":1,\"name\":\"Home\",\"item\":\"https:\/\/soap2o.sk\/\"},{\"@type\":\"ListItem\",\"position\":2,\"name\":\"Soap2o flexi hex\"}]},{\"@type\":\"WebSite\",\"@id\":\"https:\/\/soap2o.sk\/#website\",\"url\":\"https:\/\/soap2o.sk\/\",\"name\":\"soap2o.sk\",\"description\":\"soap2o.sk\",\"publisher\":{\"@id\":\"https:\/\/soap2o.sk\/#organization\"},\"potentialAction\":[{\"@type\":\"SearchAction\",\"target\":{\"@type\":\"EntryPoint\",\"urlTemplate\":\"https:\/\/soap2o.sk\/?s={search_term_string}\"},\"query-input\":\"required name=search_term_string\"}],\"inLanguage\":\"hu\"},{\"@type\":\"Organization\",\"@id\":\"https:\/\/soap2o.sk\/#organization\",\"name\":\"soap2o.sk\",\"url\":\"https:\/\/soap2o.sk\/\",\"sameAs\":[\"http:\/\/instagram\/idrysk\",\"https:\/\/www.facebook.com\/IDrysk\/\",\"https:\/\/twitter.com\/iDrySKsro\"],\"logo\":{\"@type\":\"ImageObject\",\"inLanguage\":\"hu\",\"@id\":\"https:\/\/soap2o.sk\/#\/schema\/logo\/image\/\",\"url\":\"https:\/\/soap2o.sk\/wp-content\/uploads\/Soap2o-white.svg\",\"contentUrl\":\"https:\/\/soap2o.sk\/wp-content\/uploads\/Soap2o-white.svg\",\"caption\":\"soap2o.sk\"},\"image\":{\"@id\":\"https:\/\/soap2o.sk\/#\/schema\/logo\/image\/\"}}]}<\/script>\n<!-- \/ Yoast SEO plugin. -->","yoast_head_json":{"title":"Soap2o flexi hex - soap2o.sk","robots":{"index":"index","follow":"follow","max-snippet":"max-snippet:-1","max-image-preview":"max-image-preview:large","max-video-preview":"max-video-preview:-1"},"canonical":"https:\/\/soap2o.sk\/hu\/szappan2o-flexi-hex\/","og_locale":"hu_HU","og_type":"article","og_title":"Soap2o flexi hex - soap2o.sk","og_description":"Cie\u013eom\u00a0 SOAP\u2082O je zn\u00ed\u017ei\u0165 mno\u017estvo plastov na jedno pou\u017eitie v mydlovom priemysle. T\u00edm SOAP\u2082O potreboval n\u00e1js\u0165 alternat\u00edvne rie\u0161enie k tradi\u010dn\u00e9mu baleniu vzduchov\u00fdm vank\u00fa\u0161om alebo bublinkovou f\u00f3liou, aby sa zabezpe\u010dilo, \u017ee elegantn\u00e9 ekologick\u00e9 f\u013ea\u0161e bud\u00fa pri &hellip; Soap2o flexi hex Cel\u00fd \u010dl\u00e1nok","og_url":"https:\/\/soap2o.sk\/hu\/szappan2o-flexi-hex\/","og_site_name":"soap2o.sk","article_publisher":"https:\/\/www.facebook.com\/IDrysk\/","article_modified_time":"2022-03-31T21:13:40+00:00","og_image":[{"url":"https:\/\/soap2o.sk\/wp-content\/uploads\/FH-19-09-600k-6083.jpg"}],"twitter_card":"summary_large_image","twitter_site":"@iDrySKsro","twitter_misc":{"Becs\u00fclt olvas\u00e1si id\u0151":"2 perc"},"schema":{"@context":"https:\/\/schema.org","@graph":[{"@type":"WebPage","@id":"https:\/\/soap2o.sk\/soap2o-flexi-hex\/","url":"https:\/\/soap2o.sk\/soap2o-flexi-hex\/","name":"Soap2o flexi hex - soap2o.sk","isPartOf":{"@id":"https:\/\/soap2o.sk\/#website"},"datePublished":"2022-03-02T12:41:10+00:00","dateModified":"2022-03-31T21:13:40+00:00","breadcrumb":{"@id":"https:\/\/soap2o.sk\/soap2o-flexi-hex\/#breadcrumb"},"inLanguage":"hu","potentialAction":[{"@type":"ReadAction","target":["https:\/\/soap2o.sk\/soap2o-flexi-hex\/"]}]},{"@type":"BreadcrumbList","@id":"https:\/\/soap2o.sk\/soap2o-flexi-hex\/#breadcrumb","itemListElement":[{"@type":"ListItem","position":1,"name":"Home","item":"https:\/\/soap2o.sk\/"},{"@type":"ListItem","position":2,"name":"Soap2o flexi hex"}]},{"@type":"WebSite","@id":"https:\/\/soap2o.sk\/#website","url":"https:\/\/soap2o.sk\/","name":"soap2o.sk","description":"soap2o.sk","publisher":{"@id":"https:\/\/soap2o.sk\/#organization"},"potentialAction":[{"@type":"SearchAction","target":{"@type":"EntryPoint","urlTemplate":"https:\/\/soap2o.sk\/?s={search_term_string}"},"query-input":"required name=search_term_string"}],"inLanguage":"hu"},{"@type":"Organization","@id":"https:\/\/soap2o.sk\/#organization","name":"soap2o.sk","url":"https:\/\/soap2o.sk\/","sameAs":["http:\/\/instagram\/idrysk","https:\/\/www.facebook.com\/IDrysk\/","https:\/\/twitter.com\/iDrySKsro"],"logo":{"@type":"ImageObject","inLanguage":"hu","@id":"https:\/\/soap2o.sk\/#\/schema\/logo\/image\/","url":"https:\/\/soap2o.sk\/wp-content\/uploads\/Soap2o-white.svg","contentUrl":"https:\/\/soap2o.sk\/wp-content\/uploads\/Soap2o-white.svg","caption":"soap2o.sk"},"image":{"@id":"https:\/\/soap2o.sk\/#\/schema\/logo\/image\/"}}]}},"featured_image_src":null,"featured_image_src_square":null,"uagb_featured_image_src":{"full":false,"thumbnail":false,"medium":false,"medium_large":false,"large":false,"1536x1536":false,"2048x2048":false,"trp-custom-language-flag":false,"gb-block-post-grid-landscape":false,"gb-block-post-grid-square":false},"uagb_author_info":{"display_name":"administrator","author_link":"https:\/\/soap2o.sk\/hu\/author\/administrator\/"},"uagb_comment_info":0,"uagb_excerpt":"Cie\u013eom\u00a0 SOAP\u2082O je zn\u00ed\u017ei\u0165 mno\u017estvo plastov na jedno pou\u017eitie v mydlovom priemysle. T\u00edm SOAP\u2082O potreboval n\u00e1js\u0165 alternat\u00edvne rie\u0161enie k tradi\u010dn\u00e9mu baleniu vzduchov\u00fdm vank\u00fa\u0161om alebo bublinkovou f\u00f3liou, aby sa zabezpe\u010dilo, \u017ee elegantn\u00e9 ekologick\u00e9 f\u013ea\u0161e bud\u00fa pri &hellip; Soap2o flexi hex Cel\u00fd \u010dl\u00e1nok","_links":{"self":[{"href":"https:\/\/soap2o.sk\/hu\/wp-json\/wp\/v2\/pages\/11735"}],"collection":[{"href":"https:\/\/soap2o.sk\/hu\/wp-json\/wp\/v2\/pages"}],"about":[{"href":"https:\/\/soap2o.sk\/hu\/wp-json\/wp\/v2\/types\/page"}],"author":[{"embeddable":true,"href":"https:\/\/soap2o.sk\/hu\/wp-json\/wp\/v2\/users\/1"}],"replies":[{"embeddable":true,"href":"https:\/\/soap2o.sk\/hu\/wp-json\/wp\/v2\/comments?post=11735"}],"version-history":[{"count":6,"href":"https:\/\/soap2o.sk\/hu\/wp-json\/wp\/v2\/pages\/11735\/revisions"}],"predecessor-version":[{"id":11813,"href":"https:\/\/soap2o.sk\/hu\/wp-json\/wp\/v2\/pages\/11735\/revisions\/11813"}],"wp:attachment":[{"href":"https:\/\/soap2o.sk\/hu\/wp-json\/wp\/v2\/media?parent=11735"}],"curies":[{"name":"wp","href":"https:\/\/api.w.org\/{rel}","templated":true}]}}