{"id":1079,"date":"2018-12-22T13:29:44","date_gmt":"2018-12-22T12:29:44","guid":{"rendered":"https:\/\/soap2o.sk\/?page_id=1079"},"modified":"2022-03-31T23:13:40","modified_gmt":"2022-03-31T21:13:40","slug":"ochrana-osobnych-udajov","status":"publish","type":"page","link":"https:\/\/soap2o.sk\/pl\/ochrona-danych-osobowych\/","title":{"rendered":"Polityka prywatno\u015bci"},"content":{"rendered":"<div style=\"color:#ddd\" class=\"wp-block-genesis-blocks-gb-spacer gb-block-spacer gb-divider-solid gb-divider-size-1\"><hr style=\"height:50px\"\/><\/div>\n\n\n\n<div class=\"wp-block-genesis-blocks-gb-container hp-container gb-block-container\"><div class=\"gb-container-inside\"><div class=\"gb-container-content\">\n<h2>Polityka prywatno\u015bci<\/h2>\n\n\n\n<p><strong>Og\u00f3lne informacje dotycz\u0105ce przetwarzania danych osobowych<\/strong><\/p>\n\n\n\n<p>Operator strony internetowej jest odpowiedzialny za przetwarzanie danych osobowych zgodnie z Rozporz\u0105dzeniem Parlamentu Europejskiego i Rady (UE) 2016\/679 z dnia 27 kwietnia 2016 r. w sprawie ochrony os\u00f3b fizycznych w zwi\u0105zku z przetwarzaniem danych osobowych i w sprawie swobodnego przep\u0142ywu takich danych (zwanym dalej RODO).<\/p>\n\n\n\n<p>1. Osoba poszkodowana - kupuj\u0105cy\/odwiedzaj\u0105cy stron\u0119 internetow\u0105, operator - operator sklepu internetowego<\/p>\n\n\n\n<p>2. Odbiorcy danych osobowych:<\/p>\n\n\n\n<p>Administrator nie udost\u0119pnia danych osobowych kupuj\u0105cego osobom trzecim, z wyj\u0105tkiem firmy transportowej, kt\u00f3ra organizuje dostaw\u0119 towar\u00f3w lub us\u0142ug, firmie ksi\u0119gowej lub organom pa\u0144stwowym w przypadku kontroli, w kt\u00f3rym to przypadku podmioty te s\u0105 osobami trzecimi.<\/p>\n\n\n\n<p>3. Osoba, kt\u00f3rej dane dotycz\u0105, jest zobowi\u0105zana do podania prawdziwych i aktualnych danych osobowych. Prawa osoby, kt\u00f3rej dane dotycz\u0105, reguluje rozdzia\u0142 3 RODO. Obejmuj\u0105 one na przyk\u0142ad prawo do wniesienia skargi do organu nadzorczego, prawo do sprzeciwu wobec przetwarzania, prawo do \u017c\u0105dania od administratora dost\u0119pu do danych osobowych dotycz\u0105cych osoby, kt\u00f3rej dane dotycz\u0105, prawo do sprostowania lub usuni\u0119cia danych osobowych lub ograniczenia ich przetwarzania,<\/p>\n\n\n\n<p>jak r\u00f3wnie\u017c prawo do przenoszenia danych.<\/p>\n\n\n\n<p><strong>Przetwarzanie danych osobowych w celu przetwarzania plik\u00f3w cookie<\/strong><\/p>\n\n\n\n<p>W przypadku przetwarzania danych osobowych w celu przetwarzania plik\u00f3w cookie zastosowanie maj\u0105 og\u00f3lne informacje dotycz\u0105ce przetwarzania danych osobowych okre\u015blone powy\u017cej, a tak\u017ce:<\/p>\n\n\n\n<p>1. cele przetwarzania danych osobowych: analiza ruchu, zawarto\u015b\u0107 koszyka, personalizacja reklam, dane logowania, wyra\u017cenie lub niewyra\u017cenie zgody na korzystanie z plik\u00f3w cookie itp. Pliki cookie to niewielkie ilo\u015bci danych, kt\u00f3re serwery wysy\u0142aj\u0105 do przegl\u0105darki u\u017cytkownika. Ta ostatnia przechowuje je na komputerze u\u017cytkownika. Nast\u0119pnie przegl\u0105darka wysy\u0142a te dane z powrotem do serwera przy ka\u017cdej wizycie na stronie.<\/p>\n\n\n\n<p>2. Podstawa prawna przetwarzania danych osobowych: art. 6 ust. 1 lit. a) RODO - osoba, kt\u00f3rej dane dotycz\u0105 wyrazi\u0142a zgod\u0119 na przetwarzanie swoich danych osobowych w jednym lub wi\u0119kszej liczbie okre\u015blonych cel\u00f3w.<\/p>\n\n\n\n<p>3. Okres przechowywania danych osobowych - Pliki cookie u\u017cywane na naszej stronie internetowej mo\u017cna podzieli\u0107 na dwa podstawowe typy pod wzgl\u0119dem ich trwa\u0142o\u015bci. Kr\u00f3tkoterminowe \"sesyjne pliki cookie\", kt\u00f3re s\u0105 tylko tymczasowe i pozostaj\u0105 przechowywane w przegl\u0105darce tylko do momentu zamkni\u0119cia przegl\u0105darki, oraz d\u0142ugoterminowe \"trwa\u0142e pliki cookie\", kt\u00f3re pozostaj\u0105 przechowywane na urz\u0105dzeniu przez d\u0142u\u017cszy czas lub do momentu ich r\u0119cznego usuni\u0119cia, przy czym czas przechowywania pliku cookie na urz\u0105dzeniu zale\u017cy od ustawie\u0144 samego pliku cookie i ustawie\u0144 przegl\u0105darki.<\/p>\n\n\n\n<p><strong>Przetwarzanie danych osobowych w celu realizacji zam\u00f3wienia<\/strong><\/p>\n\n\n\n<p>1. Wys\u0142anie zam\u00f3wienia za po\u015brednictwem strony internetowej iDry SK jest uzale\u017cnione od potwierdzenia przez kupuj\u0105cego zgody na niniejsze OWH oraz zgody na przetwarzanie danych osobowych kupuj\u0105cego w rozumieniu art. 4 ust. 1 lit. a) ustawy nr 428\/2002 Dz. U. o ochronie danych osobowych.<\/p>\n\n\n\n<p>2. Firma iDry SK przetwarza dane osobowe kupuj\u0105cego w celu zawarcia umowy kupna i wype\u0142nienia swoich zobowi\u0105za\u0144 wynikaj\u0105cych z umowy kupna; wykorzystuje je w szczeg\u00f3lno\u015bci przy wystawianiu faktury, przetwarzaniu zam\u00f3wienia i dostarczaniu zam\u00f3wionej us\u0142ugi. iDry SK odpowiada za to, aby dane osobowe przekazane przez osob\u0119 fizyczn\u0105 nie by\u0142y wykorzystywane do innych cel\u00f3w, w szczeg\u00f3lno\u015bci nie by\u0142y ujawniane osobom trzecim (z wyj\u0105tkiem os\u00f3b realizuj\u0105cych dostaw\u0119 przesy\u0142ek).<\/p>\n\n\n\n<p>3. Firma iDry SK przetwarza dane osobowe osoby fizycznej w nast\u0119puj\u0105cym zakresie: imi\u0119, nazwisko, miejsce zamieszkania, adres e-mail, adres rozliczeniowy, adres dostawy, numer telefonu kontaktowego, a osoby prawnej tak\u017ce numer dowodu osobistego, numer NIP.<\/p>\n\n\n\n<p>4. Je\u017celi Kupuj\u0105cy zaznaczy przy rejestracji lub zamawianiu Us\u0142ugi, \u017ce wyra\u017ca zgod\u0119 na otrzymywanie od iDry SK aktualnych ofert i innych informacji handlowych, iDry SK b\u0119dzie je wysy\u0142a\u0107 na adres e-mail podany przez Kupuj\u0105cego przy rejestracji lub zamawianiu Us\u0142ugi. Kupuj\u0105cy mo\u017ce w ka\u017cdej chwili za\u017c\u0105da\u0107 rezygnacji z przesy\u0142ania aktualnej oferty i informacji handlowych za po\u015brednictwem poczty elektronicznej na adres info@idry.sk.<\/p>\n\n\n\n<p>5) Celem przetwarzania danych osobowych jest:<\/p>\n\n\n\n<ul><li>wystawienie dokumentu podatkowego - faktury,<\/li><li>dostawa us\u0142ugi i identyfikacja kupuj\u0105cego przed dostaw\u0105 us\u0142ugi przedp\u0142aconej,<\/li><li>potwierdzenie zam\u00f3wienia, p\u0142atno\u015b\u0107 za us\u0142ug\u0119, dostawa zam\u00f3wionej us\u0142ugi,<\/li><li>rejestry os\u00f3b zarejestrowanych za po\u015brednictwem strony internetowej,<\/li><li>prowadzenie ewidencji zam\u00f3wie\u0144 i um\u00f3w sprzeda\u017cy w celu rozpatrywania ewentualnych reklamacji,<\/li><li>przesy\u0142anie aktualnych ofert i informacji handlowych drog\u0105 elektroniczn\u0105 (e-mail) za zgod\u0105 adresata.<\/li><\/ul>\n\n\n\n<p><strong>Zautomatyzowane indywidualne podejmowanie decyzji, w tym profilowanie (art. 22 RODO, sekcja 7.9 w dyrektywie organizacyjnej naszej dokumentacji)<\/strong><\/p>\n\n\n\n<p>Osoba, kt\u00f3rej dane dotycz\u0105, ma prawo do tego, by nie podlega\u0107 decyzji, kt\u00f3ra opiera si\u0119 wy\u0142\u0105cznie na zautomatyzowanym przetwarzaniu, w tym profilowaniu, i wywo\u0142uje wobec tej osoby skutki prawne lub w podobny spos\u00f3b istotnie na ni\u0105 wp\u0142ywa.<\/p>\n<\/div><\/div><\/div>\n\n\n\n<p><\/p>","protected":false},"excerpt":{"rendered":"","protected":false},"author":1,"featured_media":0,"parent":0,"menu_order":0,"comment_status":"closed","ping_status":"closed","template":"","meta":{"inline_featured_image":false,"site-sidebar-layout":"default","site-content-layout":"default","ast-global-header-display":"","ast-main-header-display":"","ast-hfb-above-header-display":"","ast-hfb-below-header-display":"","ast-hfb-mobile-header-display":"","site-post-title":"disabled","ast-breadcrumbs-content":"","ast-featured-img":"","footer-sml-layout":"","theme-transparent-header-meta":"default","adv-header-id-meta":"","stick-header-meta":"","header-above-stick-meta":"","header-main-stick-meta":"","header-below-stick-meta":""},"yoast_head":"<!-- This site is optimized with the Yoast SEO plugin v19.7.1 - https:\/\/yoast.com\/wordpress\/plugins\/seo\/ -->\n<title>Ochrana osobn\u00fdch \u00fadajov - soap2o.sk<\/title>\n<meta name=\"robots\" content=\"index, follow, max-snippet:-1, max-image-preview:large, max-video-preview:-1\" \/>\n<link rel=\"canonical\" href=\"https:\/\/soap2o.sk\/pl\/ochrona-danych-osobowych\/\" \/>\n<meta property=\"og:locale\" content=\"pl_PL\" \/>\n<meta property=\"og:type\" content=\"article\" \/>\n<meta property=\"og:title\" content=\"Ochrana osobn\u00fdch \u00fadajov - soap2o.sk\" \/>\n<meta property=\"og:url\" content=\"https:\/\/soap2o.sk\/pl\/ochrona-danych-osobowych\/\" \/>\n<meta property=\"og:site_name\" content=\"soap2o.sk\" \/>\n<meta property=\"article:publisher\" content=\"https:\/\/www.facebook.com\/IDrysk\/\" \/>\n<meta property=\"article:modified_time\" content=\"2022-03-31T21:13:40+00:00\" \/>\n<meta name=\"twitter:card\" content=\"summary_large_image\" \/>\n<meta name=\"twitter:site\" content=\"@iDrySKsro\" \/>\n<meta name=\"twitter:label1\" content=\"Szacowany czas czytania\" \/>\n\t<meta name=\"twitter:data1\" content=\"3 minuty\" \/>\n<script type=\"application\/ld+json\" class=\"yoast-schema-graph\">{\"@context\":\"https:\/\/schema.org\",\"@graph\":[{\"@type\":\"WebPage\",\"@id\":\"https:\/\/soap2o.sk\/ochrana-osobnych-udajov\/\",\"url\":\"https:\/\/soap2o.sk\/ochrana-osobnych-udajov\/\",\"name\":\"Ochrana osobn\u00fdch \u00fadajov - soap2o.sk\",\"isPartOf\":{\"@id\":\"https:\/\/soap2o.sk\/#website\"},\"datePublished\":\"2018-12-22T12:29:44+00:00\",\"dateModified\":\"2022-03-31T21:13:40+00:00\",\"breadcrumb\":{\"@id\":\"https:\/\/soap2o.sk\/ochrana-osobnych-udajov\/#breadcrumb\"},\"inLanguage\":\"pl-PL\",\"potentialAction\":[{\"@type\":\"ReadAction\",\"target\":[\"https:\/\/soap2o.sk\/ochrana-osobnych-udajov\/\"]}]},{\"@type\":\"BreadcrumbList\",\"@id\":\"https:\/\/soap2o.sk\/ochrana-osobnych-udajov\/#breadcrumb\",\"itemListElement\":[{\"@type\":\"ListItem\",\"position\":1,\"name\":\"Home\",\"item\":\"https:\/\/soap2o.sk\/\"},{\"@type\":\"ListItem\",\"position\":2,\"name\":\"Ochrana osobn\u00fdch \u00fadajov\"}]},{\"@type\":\"WebSite\",\"@id\":\"https:\/\/soap2o.sk\/#website\",\"url\":\"https:\/\/soap2o.sk\/\",\"name\":\"soap2o.sk\",\"description\":\"soap2o.sk\",\"publisher\":{\"@id\":\"https:\/\/soap2o.sk\/#organization\"},\"potentialAction\":[{\"@type\":\"SearchAction\",\"target\":{\"@type\":\"EntryPoint\",\"urlTemplate\":\"https:\/\/soap2o.sk\/?s={search_term_string}\"},\"query-input\":\"required name=search_term_string\"}],\"inLanguage\":\"pl-PL\"},{\"@type\":\"Organization\",\"@id\":\"https:\/\/soap2o.sk\/#organization\",\"name\":\"soap2o.sk\",\"url\":\"https:\/\/soap2o.sk\/\",\"sameAs\":[\"http:\/\/instagram\/idrysk\",\"https:\/\/www.facebook.com\/IDrysk\/\",\"https:\/\/twitter.com\/iDrySKsro\"],\"logo\":{\"@type\":\"ImageObject\",\"inLanguage\":\"pl-PL\",\"@id\":\"https:\/\/soap2o.sk\/#\/schema\/logo\/image\/\",\"url\":\"https:\/\/soap2o.sk\/wp-content\/uploads\/Soap2o-white.svg\",\"contentUrl\":\"https:\/\/soap2o.sk\/wp-content\/uploads\/Soap2o-white.svg\",\"caption\":\"soap2o.sk\"},\"image\":{\"@id\":\"https:\/\/soap2o.sk\/#\/schema\/logo\/image\/\"}}]}<\/script>\n<!-- \/ Yoast SEO plugin. -->","yoast_head_json":{"title":"Ochrana osobn\u00fdch \u00fadajov - soap2o.sk","robots":{"index":"index","follow":"follow","max-snippet":"max-snippet:-1","max-image-preview":"max-image-preview:large","max-video-preview":"max-video-preview:-1"},"canonical":"https:\/\/soap2o.sk\/pl\/ochrona-danych-osobowych\/","og_locale":"pl_PL","og_type":"article","og_title":"Ochrana osobn\u00fdch \u00fadajov - soap2o.sk","og_url":"https:\/\/soap2o.sk\/pl\/ochrona-danych-osobowych\/","og_site_name":"soap2o.sk","article_publisher":"https:\/\/www.facebook.com\/IDrysk\/","article_modified_time":"2022-03-31T21:13:40+00:00","twitter_card":"summary_large_image","twitter_site":"@iDrySKsro","twitter_misc":{"Szacowany czas czytania":"3 minuty"},"schema":{"@context":"https:\/\/schema.org","@graph":[{"@type":"WebPage","@id":"https:\/\/soap2o.sk\/ochrana-osobnych-udajov\/","url":"https:\/\/soap2o.sk\/ochrana-osobnych-udajov\/","name":"Ochrana osobn\u00fdch \u00fadajov - soap2o.sk","isPartOf":{"@id":"https:\/\/soap2o.sk\/#website"},"datePublished":"2018-12-22T12:29:44+00:00","dateModified":"2022-03-31T21:13:40+00:00","breadcrumb":{"@id":"https:\/\/soap2o.sk\/ochrana-osobnych-udajov\/#breadcrumb"},"inLanguage":"pl-PL","potentialAction":[{"@type":"ReadAction","target":["https:\/\/soap2o.sk\/ochrana-osobnych-udajov\/"]}]},{"@type":"BreadcrumbList","@id":"https:\/\/soap2o.sk\/ochrana-osobnych-udajov\/#breadcrumb","itemListElement":[{"@type":"ListItem","position":1,"name":"Home","item":"https:\/\/soap2o.sk\/"},{"@type":"ListItem","position":2,"name":"Ochrana osobn\u00fdch \u00fadajov"}]},{"@type":"WebSite","@id":"https:\/\/soap2o.sk\/#website","url":"https:\/\/soap2o.sk\/","name":"soap2o.sk","description":"soap2o.sk","publisher":{"@id":"https:\/\/soap2o.sk\/#organization"},"potentialAction":[{"@type":"SearchAction","target":{"@type":"EntryPoint","urlTemplate":"https:\/\/soap2o.sk\/?s={search_term_string}"},"query-input":"required name=search_term_string"}],"inLanguage":"pl-PL"},{"@type":"Organization","@id":"https:\/\/soap2o.sk\/#organization","name":"soap2o.sk","url":"https:\/\/soap2o.sk\/","sameAs":["http:\/\/instagram\/idrysk","https:\/\/www.facebook.com\/IDrysk\/","https:\/\/twitter.com\/iDrySKsro"],"logo":{"@type":"ImageObject","inLanguage":"pl-PL","@id":"https:\/\/soap2o.sk\/#\/schema\/logo\/image\/","url":"https:\/\/soap2o.sk\/wp-content\/uploads\/Soap2o-white.svg","contentUrl":"https:\/\/soap2o.sk\/wp-content\/uploads\/Soap2o-white.svg","caption":"soap2o.sk"},"image":{"@id":"https:\/\/soap2o.sk\/#\/schema\/logo\/image\/"}}]}},"featured_image_src":null,"featured_image_src_square":null,"uagb_featured_image_src":{"full":false,"thumbnail":false,"medium":false,"medium_large":false,"large":false,"1536x1536":false,"2048x2048":false,"trp-custom-language-flag":false,"gb-block-post-grid-landscape":false,"gb-block-post-grid-square":false},"uagb_author_info":{"display_name":"administrator","author_link":"https:\/\/soap2o.sk\/pl\/author\/administrator\/"},"uagb_comment_info":0,"uagb_excerpt":null,"_links":{"self":[{"href":"https:\/\/soap2o.sk\/pl\/wp-json\/wp\/v2\/pages\/1079"}],"collection":[{"href":"https:\/\/soap2o.sk\/pl\/wp-json\/wp\/v2\/pages"}],"about":[{"href":"https:\/\/soap2o.sk\/pl\/wp-json\/wp\/v2\/types\/page"}],"author":[{"embeddable":true,"href":"https:\/\/soap2o.sk\/pl\/wp-json\/wp\/v2\/users\/1"}],"replies":[{"embeddable":true,"href":"https:\/\/soap2o.sk\/pl\/wp-json\/wp\/v2\/comments?post=1079"}],"version-history":[{"count":7,"href":"https:\/\/soap2o.sk\/pl\/wp-json\/wp\/v2\/pages\/1079\/revisions"}],"predecessor-version":[{"id":11763,"href":"https:\/\/soap2o.sk\/pl\/wp-json\/wp\/v2\/pages\/1079\/revisions\/11763"}],"wp:attachment":[{"href":"https:\/\/soap2o.sk\/pl\/wp-json\/wp\/v2\/media?parent=1079"}],"curies":[{"name":"wp","href":"https:\/\/api.w.org\/{rel}","templated":true}]}}