{"id":1084,"date":"2018-12-22T13:35:00","date_gmt":"2018-12-22T12:35:00","guid":{"rendered":"https:\/\/soap2o.sk\/?page_id=1084"},"modified":"2022-03-31T23:13:40","modified_gmt":"2022-03-31T21:13:40","slug":"reklamacie-a-odstupenie-od-kupnej-zmluvy","status":"publish","type":"page","link":"https:\/\/soap2o.sk\/pl\/roszczenia-i-odstapienie-od-umowy-kupna-sprzedazy\/","title":{"rendered":"Reklamacje i odst\u0105pienie od umowy kupna"},"content":{"rendered":"<p>Instrukcje dotycz\u0105ce korzystania z prawa konsumenta do odst\u0105pienia od umowy zakupu&nbsp;<\/p>\n\n\n\n<p>Sprzedawca:<\/p>\n\n\n\n<p>iDry SK s. r. o. , Tranovsk\u00e9ho 57, Bratislava 841 02, ID No.: 46 355 944&nbsp;<\/p>\n\n\n\n<p>Konsument: osoba fizyczna, kt\u00f3ra przy zawieraniu i wykonywaniu umowy konsumenckiej nie dzia\u0142a w ramach swojej dzia\u0142alno\u015bci handlowej lub innej dzia\u0142alno\u015bci gospodarczej.<\/p>\n\n\n\n<p>1. Prawo do odst\u0105pienia od umowy sprzeda\u017cy<\/p>\n\n\n\n<p>U\u017cytkownik ma prawo odst\u0105pi\u0107 od niniejszej umowy sprzeda\u017cy bez podania przyczyny w terminie 14 dni. Termin do odst\u0105pienia od umowy wygasa po up\u0142ywie 14 dni od dnia, w kt\u00f3rym u\u017cytkownik lub wskazana przez niego osoba trzecia, z wy\u0142\u0105czeniem przewo\u017anika, odebra\u0142a towar. Korzystaj\u0105c z prawa odst\u0105pienia od umowy, musz\u0105 Pa\u0144stwo poinformowa\u0107 nas o swojej decyzji o odst\u0105pieniu od niniejszej umowy w drodze jednoznacznego o\u015bwiadczenia. W tym celu mog\u0105 Pa\u0144stwo skorzysta\u0107 z: formularza odst\u0105pienia od umowy zawartego w niniejszym pouczeniu (strona 3), kt\u00f3ry po wype\u0142nieniu mog\u0105 Pa\u0144stwo przes\u0142a\u0107 na adres e-mail: info@iDry.sk. W przypadku wysy\u0142ki towar\u00f3w poczt\u0105, prosimy o do\u0142\u0105czenie powy\u017cszego formularza do przesy\u0142ki. Termin do odst\u0105pienia od umowy zostaje zachowany, je\u017celi przed jego up\u0142ywem wy\u015bl\u0105 Pa\u0144stwo informacj\u0119 o skorzystaniu z prawa do odst\u0105pienia od umowy.<\/p>\n\n\n\n<p>2. Konsekwencje odst\u0105pienia od umowy sprzeda\u017cy<\/p>\n\n\n\n<p>Po odst\u0105pieniu od umowy zakupu zwr\u00f3cimy p\u0142atno\u015b\u0107 za towary, za kt\u00f3re zap\u0142aci\u0142e\u015b.<\/p>\n\n\n\n<p>P\u0142atno\u015bci zostan\u0105 zwr\u00f3cone bez zb\u0119dnej zw\u0142oki, nie p\u00f3\u017aniej ni\u017c 14 dni od daty,<\/p>\n\n\n\n<p>P\u0142atno\u015b\u0107 zostanie dokonana przelewem bankowym.<\/p>\n\n\n\n<p>P\u0142atno\u015b\u0107 za zakupione towary zostanie zwr\u00f3cona dopiero po dostarczeniu zwr\u00f3conych towar\u00f3w z powrotem na nasz adres.<\/p>\n\n\n\n<p>3. Metoda zwrotu towar\u00f3w<\/p>\n\n\n\n<p>Towar mo\u017cna wys\u0142a\u0107 na adres iDry SK s. r. o., Tranovsk\u00e9ho 57, Bratislava 841 02 Bratislava<\/p>\n\n\n\n<p>Bezpo\u015brednie koszty zwrotu towar\u00f3w ponosi konsument.<\/p>\n\n\n\n<p>Towar powinien by\u0107 zwr\u00f3cony kompletny, z pe\u0142n\u0105 dokumentacj\u0105, nieuszkodzony, czysty, najlepiej wraz z oryginalnym opakowaniem, w stanie i o warto\u015bci, w jakiej towar zosta\u0142 otrzymany. Je\u015bli zwracany towar jest niekompletny lub uszkodzony, Sprzedaj\u0105cy mo\u017ce obni\u017cy\u0107 zwracan\u0105 cen\u0119 zakupu o odpowiedni\u0105 kwot\u0119 (zgodnie z \u00a7 458 (1) Kodeksu cywilnego).<\/p>\n\n\n\n<p>4. Uszkodzone towary<\/p>\n\n\n\n<p>Konsument ponosi odpowiedzialno\u015b\u0107 za zmniejszenie warto\u015bci towar\u00f3w wynikaj\u0105ce z obchodzenia si\u0119 z nimi w spos\u00f3b inny ni\u017c konieczny do ustalenia charakteru, cech i funkcjonalno\u015bci towar\u00f3w.<\/p>\n\n\n\n<p>a) W momencie dostawy przez przewo\u017anika:<\/p>\n\n\n\n<p>Kupuj\u0105cy jest zobowi\u0105zany do sprawdzenia stanu przesy\u0142ki u przewo\u017anika niezw\u0142ocznie po jej dostarczeniu (liczba paczek, integralno\u015b\u0107 ta\u015bmy lub uszkodzenie paczki). Kupuj\u0105cy ma prawo odm\u00f3wi\u0107 przyj\u0119cia niekompletnej lub uszkodzonej przesy\u0142ki.<\/p>\n\n\n\n<p>Poczta S\u0142owacka : W przypadku odebrania uszkodzonej przesy\u0142ki i stwierdzenia uszkodzenia\/utraty towaru po odje\u017adzie przewo\u017anika, nale\u017cy z\u0142o\u017cy\u0107 reklamacj\u0119 najp\u00f3\u017aniej nast\u0119pnego dnia roboczego po dostawie, w swoim urz\u0119dzie Poczty S\u0142owackiej. Potrzebne b\u0119dzie kompletne opakowanie przesy\u0142ki, faktura za towary i OP. Pracownik poczty spisze z Tob\u0105 protok\u00f3\u0142 szkody oraz protok\u00f3\u0142 ubiegania si\u0119 o odszkodowanie.<\/p>\n\n\n\n<p>5. Konsument nie mo\u017ce odst\u0105pi\u0107 od umowy sprzeda\u017cy, kt\u00f3rej przedmiotem jest:<\/p>\n\n\n\n<p>- \u015bwiadczenia us\u0142ugi, je\u017celi \u015bwiadczenie us\u0142ugi zosta\u0142o rozpocz\u0119te za wyra\u017an\u0105 zgod\u0105 konsumenta, a konsument o\u015bwiadczy\u0142, \u017ce zosta\u0142 nale\u017cycie poinformowany, i\u017c wyra\u017caj\u0105c t\u0119 zgod\u0119 traci prawo odst\u0105pienia od umowy sprzeda\u017cy po spe\u0142nieniu \u015bwiadczenia w pe\u0142ni, a je\u017celi us\u0142uga zosta\u0142a spe\u0142niona w pe\u0142ni<\/p>\n\n\n\n<p>- sprzeda\u017c towar\u00f3w wykonanych zgodnie ze szczeg\u00f3lnymi wymaganiami konsumenta, towar\u00f3w wykonanych na zam\u00f3wienie lub towar\u00f3w zaprojektowanych specjalnie dla jednego konsumenta<\/p>\n\n\n\n<p>- sprzeda\u017c towar\u00f3w zamkni\u0119tych w opakowaniu ochronnym, kt\u00f3re nie nadaj\u0105 si\u0119 do zwrotu ze wzgl\u0119d\u00f3w zdrowotnych lub higienicznych i kt\u00f3rych opakowanie ochronne zosta\u0142o uszkodzone po dostawie<\/p>\n\n\n\n<p>- dostarczanie tre\u015bci elektronicznych w spos\u00f3b inny ni\u017c na trwa\u0142ym no\u015bniku, je\u017celi dostarczanie tre\u015bci elektronicznych zosta\u0142o zainicjowane za wyra\u017an\u0105 zgod\u0105 konsumenta, a konsument o\u015bwiadczy\u0142, \u017ce zosta\u0142 nale\u017cycie poinformowany, \u017ce wyra\u017cenie takiej zgody spowoduje utrat\u0119 prawa do odst\u0105pienia od umowy sprzeda\u017cy.<\/p>\n\n\n\n<p><\/p>\n\n\n\n<p><strong>W przypadku reklamacji prosimy o wype\u0142nienie formularza reklamacyjnego na tej stronie: <a href=\"https:\/\/idry-sk.reklamacie.sk\/\" target=\"_blank\" rel=\"noreferrer noopener\">https:\/\/idry-sk.reklamacie.sk\/<\/a><\/strong><\/p>\n\n\n\n<p><\/p>\n\n\n\n<p><strong>Formularz odst\u0105pienia od umowy sprzeda\u017cy<\/strong><\/p>\n\n\n\n<p>Je\u015bli chcesz odst\u0105pi\u0107 od umowy sprzeda\u017cy, wype\u0142nij i wy\u015blij ten formularz.<\/p>\n\n\n\n<p>Sprzedawca:<\/p>\n\n\n\n<p>iDry SK s. r. o.,&nbsp;<\/p>\n\n\n\n<p>Tranovsky 57,&nbsp;<\/p>\n\n\n\n<p>841 02 Bratys\u0142awa,&nbsp;<\/p>\n\n\n\n<p>Telefon: +421 908 774 114 ,&nbsp;&nbsp;&nbsp;&nbsp;<\/p>\n\n\n\n<p>E-mail: info@idry.sk<\/p>\n\n\n\n<p>Kupuj\u0105cy (konsument**):<\/p>\n\n\n\n<p>&#8230;&#8230;&#8230;&#8230;&#8230;&#8230;&#8230;&#8230;&#8230;&#8230;&#8230;&#8230;&#8230;&#8230;&#8230;&#8230;&#8230;.<\/p>\n\n\n\n<p>&#8230;&#8230;&#8230;&#8230;&#8230;&#8230;&#8230;&#8230;&#8230;&#8230;&#8230;&#8230;&#8230;&#8230;&#8230;&#8230;&#8230;.<\/p>\n\n\n\n<p>&#8230;&#8230;&#8230;&#8230;&#8230;&#8230;&#8230;&#8230;&#8230;&#8230;&#8230;&#8230;&#8230;&#8230;&#8230;&#8230;&#8230;.<\/p>\n\n\n\n<p>&#8230;&#8230;&#8230;&#8230;&#8230;&#8230;&#8230;&#8230;&#8230;&#8230;&#8230;&#8230;&#8230;&#8230;&#8230;&#8230;&#8230;<\/p>\n\n\n\n<p>Niniejszym informuj\u0119, \u017ce odst\u0119puj\u0119 od umowy dotycz\u0105cej tych towar\u00f3w:<\/p>\n\n\n\n<p>- Numer faktury: ________________________________________________________________<\/p>\n\n\n\n<p>- Opis przedmiotu\/us\u0142ugi: _______________________________________________________<\/p>\n\n\n\n<p>- Data otrzymania towaru: ___________________________________________________<\/p>\n\n\n\n<p>- Imi\u0119 i nazwisko konsumenta: ___________________________________________<\/p>\n\n\n\n<p>- Adres konsument\u00f3w: ________________________________________________________&nbsp;<\/p>\n\n\n\n<p>- Numer konta bankowego\/kod: ______________________________________________________&nbsp;<\/p>\n\n\n\n<p>- Pow\u00f3d wycofania (opcjonalnie): ___________________________________________<\/p>\n\n\n\n<p>Data ___________________ Podpis ____________________<\/p>\n\n\n\n<p>*Nie przekre\u015bla\u0107, informacje o sprzedawcy znajduj\u0105 si\u0119 w nag\u0142\u00f3wku dokumentu podatkowego - faktury.<\/p>\n\n\n\n<p>** Konsument: osoba fizyczna, kt\u00f3ra przy zawieraniu i wykonywaniu umowy konsumenckiej nie dzia\u0142a w zakresie<\/p>\n\n\n\n<p>przedmiotem jej dzia\u0142alno\u015bci handlowej lub innej dzia\u0142alno\u015bci gospodarczej.<\/p>","protected":false},"excerpt":{"rendered":"<p>Instrukcja dotycz\u0105ca korzystania z prawa konsumenta do odst\u0105pienia od umowy sprzeda\u017cy Sprzedawca: iDry SK s. r. o. , Tranovsk\u00e9ho 57, Bratislava 841 02, ID No.: 46 355 944 Konsument: osoba fizyczna, kt\u00f3ra przy zawieraniu i wykonywaniu umowy konsumenckiej ...<\/p>\n<p class=\"read-more\"> <a class=\"ast-button\" href=\"https:\/\/soap2o.sk\/pl\/roszczenia-i-odstapienie-od-umowy-kupna-sprzedazy\/\"> <span class=\"screen-reader-text\">Reklamacje i odst\u0105pienie od umowy kupna<\/span> Pe\u0142ny artyku\u0142<\/a><\/p>","protected":false},"author":1,"featured_media":0,"parent":0,"menu_order":0,"comment_status":"closed","ping_status":"closed","template":"","meta":{"inline_featured_image":false,"site-sidebar-layout":"default","site-content-layout":"default","ast-global-header-display":"","ast-main-header-display":"","ast-hfb-above-header-display":"","ast-hfb-below-header-display":"","ast-hfb-mobile-header-display":"","site-post-title":"","ast-breadcrumbs-content":"","ast-featured-img":"","footer-sml-layout":"","theme-transparent-header-meta":"default","adv-header-id-meta":"","stick-header-meta":"","header-above-stick-meta":"","header-main-stick-meta":"","header-below-stick-meta":""},"yoast_head":"<!-- This site is optimized with the Yoast SEO plugin v19.7.1 - https:\/\/yoast.com\/wordpress\/plugins\/seo\/ -->\n<title>Reklam\u00e1cie a odst\u00fapenie od k\u00fapnej zmluvy - soap2o.sk<\/title>\n<meta name=\"robots\" content=\"index, follow, max-snippet:-1, max-image-preview:large, max-video-preview:-1\" \/>\n<link rel=\"canonical\" href=\"https:\/\/soap2o.sk\/pl\/roszczenia-i-odstapienie-od-umowy-kupna-sprzedazy\/\" \/>\n<meta property=\"og:locale\" content=\"pl_PL\" \/>\n<meta property=\"og:type\" content=\"article\" \/>\n<meta property=\"og:title\" content=\"Reklam\u00e1cie a odst\u00fapenie od k\u00fapnej zmluvy - soap2o.sk\" \/>\n<meta property=\"og:description\" content=\"Pou\u010denie o&nbsp;uplatnen\u00ed pr\u00e1va spotrebite\u013ea na odst\u00fapenie od k\u00fapnej zmluvy&nbsp; Pred\u00e1vaj\u00faci: iDry SK s. r. o. , Tranovsk\u00e9ho 57, Bratislava 841 02, I\u010cO: 46 355 944&nbsp; Spotrebite\u013e: fyzick\u00e1 osoba, ktor\u00e1 pri uzatv\u00e1ran\u00ed a plnen\u00ed spotrebite\u013eskej zmluvy &hellip; Reklam\u00e1cie a odst\u00fapenie od k\u00fapnej zmluvy Cel\u00fd \u010dl\u00e1nok\" \/>\n<meta property=\"og:url\" content=\"https:\/\/soap2o.sk\/pl\/roszczenia-i-odstapienie-od-umowy-kupna-sprzedazy\/\" \/>\n<meta property=\"og:site_name\" content=\"soap2o.sk\" \/>\n<meta property=\"article:publisher\" content=\"https:\/\/www.facebook.com\/IDrysk\/\" \/>\n<meta property=\"article:modified_time\" content=\"2022-03-31T21:13:40+00:00\" \/>\n<meta name=\"twitter:card\" content=\"summary_large_image\" \/>\n<meta name=\"twitter:site\" content=\"@iDrySKsro\" \/>\n<meta name=\"twitter:label1\" content=\"Szacowany czas czytania\" \/>\n\t<meta name=\"twitter:data1\" content=\"5 minut\" \/>\n<script type=\"application\/ld+json\" class=\"yoast-schema-graph\">{\"@context\":\"https:\/\/schema.org\",\"@graph\":[{\"@type\":\"WebPage\",\"@id\":\"https:\/\/soap2o.sk\/reklamacie-a-odstupenie-od-kupnej-zmluvy\/\",\"url\":\"https:\/\/soap2o.sk\/reklamacie-a-odstupenie-od-kupnej-zmluvy\/\",\"name\":\"Reklam\u00e1cie a odst\u00fapenie od k\u00fapnej zmluvy - soap2o.sk\",\"isPartOf\":{\"@id\":\"https:\/\/soap2o.sk\/#website\"},\"datePublished\":\"2018-12-22T12:35:00+00:00\",\"dateModified\":\"2022-03-31T21:13:40+00:00\",\"breadcrumb\":{\"@id\":\"https:\/\/soap2o.sk\/reklamacie-a-odstupenie-od-kupnej-zmluvy\/#breadcrumb\"},\"inLanguage\":\"pl-PL\",\"potentialAction\":[{\"@type\":\"ReadAction\",\"target\":[\"https:\/\/soap2o.sk\/reklamacie-a-odstupenie-od-kupnej-zmluvy\/\"]}]},{\"@type\":\"BreadcrumbList\",\"@id\":\"https:\/\/soap2o.sk\/reklamacie-a-odstupenie-od-kupnej-zmluvy\/#breadcrumb\",\"itemListElement\":[{\"@type\":\"ListItem\",\"position\":1,\"name\":\"Home\",\"item\":\"https:\/\/soap2o.sk\/\"},{\"@type\":\"ListItem\",\"position\":2,\"name\":\"Reklam\u00e1cie a odst\u00fapenie od k\u00fapnej zmluvy\"}]},{\"@type\":\"WebSite\",\"@id\":\"https:\/\/soap2o.sk\/#website\",\"url\":\"https:\/\/soap2o.sk\/\",\"name\":\"soap2o.sk\",\"description\":\"soap2o.sk\",\"publisher\":{\"@id\":\"https:\/\/soap2o.sk\/#organization\"},\"potentialAction\":[{\"@type\":\"SearchAction\",\"target\":{\"@type\":\"EntryPoint\",\"urlTemplate\":\"https:\/\/soap2o.sk\/?s={search_term_string}\"},\"query-input\":\"required name=search_term_string\"}],\"inLanguage\":\"pl-PL\"},{\"@type\":\"Organization\",\"@id\":\"https:\/\/soap2o.sk\/#organization\",\"name\":\"soap2o.sk\",\"url\":\"https:\/\/soap2o.sk\/\",\"sameAs\":[\"http:\/\/instagram\/idrysk\",\"https:\/\/www.facebook.com\/IDrysk\/\",\"https:\/\/twitter.com\/iDrySKsro\"],\"logo\":{\"@type\":\"ImageObject\",\"inLanguage\":\"pl-PL\",\"@id\":\"https:\/\/soap2o.sk\/#\/schema\/logo\/image\/\",\"url\":\"https:\/\/soap2o.sk\/wp-content\/uploads\/Soap2o-white.svg\",\"contentUrl\":\"https:\/\/soap2o.sk\/wp-content\/uploads\/Soap2o-white.svg\",\"caption\":\"soap2o.sk\"},\"image\":{\"@id\":\"https:\/\/soap2o.sk\/#\/schema\/logo\/image\/\"}}]}<\/script>\n<!-- \/ Yoast SEO plugin. -->","yoast_head_json":{"title":"Reklam\u00e1cie a odst\u00fapenie od k\u00fapnej zmluvy - soap2o.sk","robots":{"index":"index","follow":"follow","max-snippet":"max-snippet:-1","max-image-preview":"max-image-preview:large","max-video-preview":"max-video-preview:-1"},"canonical":"https:\/\/soap2o.sk\/pl\/roszczenia-i-odstapienie-od-umowy-kupna-sprzedazy\/","og_locale":"pl_PL","og_type":"article","og_title":"Reklam\u00e1cie a odst\u00fapenie od k\u00fapnej zmluvy - soap2o.sk","og_description":"Pou\u010denie o&nbsp;uplatnen\u00ed pr\u00e1va spotrebite\u013ea na odst\u00fapenie od k\u00fapnej zmluvy&nbsp; Pred\u00e1vaj\u00faci: iDry SK s. r. o. , Tranovsk\u00e9ho 57, Bratislava 841 02, I\u010cO: 46 355 944&nbsp; Spotrebite\u013e: fyzick\u00e1 osoba, ktor\u00e1 pri uzatv\u00e1ran\u00ed a plnen\u00ed spotrebite\u013eskej zmluvy &hellip; Reklam\u00e1cie a odst\u00fapenie od k\u00fapnej zmluvy Cel\u00fd \u010dl\u00e1nok","og_url":"https:\/\/soap2o.sk\/pl\/roszczenia-i-odstapienie-od-umowy-kupna-sprzedazy\/","og_site_name":"soap2o.sk","article_publisher":"https:\/\/www.facebook.com\/IDrysk\/","article_modified_time":"2022-03-31T21:13:40+00:00","twitter_card":"summary_large_image","twitter_site":"@iDrySKsro","twitter_misc":{"Szacowany czas czytania":"5 minut"},"schema":{"@context":"https:\/\/schema.org","@graph":[{"@type":"WebPage","@id":"https:\/\/soap2o.sk\/reklamacie-a-odstupenie-od-kupnej-zmluvy\/","url":"https:\/\/soap2o.sk\/reklamacie-a-odstupenie-od-kupnej-zmluvy\/","name":"Reklam\u00e1cie a odst\u00fapenie od k\u00fapnej zmluvy - soap2o.sk","isPartOf":{"@id":"https:\/\/soap2o.sk\/#website"},"datePublished":"2018-12-22T12:35:00+00:00","dateModified":"2022-03-31T21:13:40+00:00","breadcrumb":{"@id":"https:\/\/soap2o.sk\/reklamacie-a-odstupenie-od-kupnej-zmluvy\/#breadcrumb"},"inLanguage":"pl-PL","potentialAction":[{"@type":"ReadAction","target":["https:\/\/soap2o.sk\/reklamacie-a-odstupenie-od-kupnej-zmluvy\/"]}]},{"@type":"BreadcrumbList","@id":"https:\/\/soap2o.sk\/reklamacie-a-odstupenie-od-kupnej-zmluvy\/#breadcrumb","itemListElement":[{"@type":"ListItem","position":1,"name":"Home","item":"https:\/\/soap2o.sk\/"},{"@type":"ListItem","position":2,"name":"Reklam\u00e1cie a odst\u00fapenie od k\u00fapnej zmluvy"}]},{"@type":"WebSite","@id":"https:\/\/soap2o.sk\/#website","url":"https:\/\/soap2o.sk\/","name":"soap2o.sk","description":"soap2o.sk","publisher":{"@id":"https:\/\/soap2o.sk\/#organization"},"potentialAction":[{"@type":"SearchAction","target":{"@type":"EntryPoint","urlTemplate":"https:\/\/soap2o.sk\/?s={search_term_string}"},"query-input":"required name=search_term_string"}],"inLanguage":"pl-PL"},{"@type":"Organization","@id":"https:\/\/soap2o.sk\/#organization","name":"soap2o.sk","url":"https:\/\/soap2o.sk\/","sameAs":["http:\/\/instagram\/idrysk","https:\/\/www.facebook.com\/IDrysk\/","https:\/\/twitter.com\/iDrySKsro"],"logo":{"@type":"ImageObject","inLanguage":"pl-PL","@id":"https:\/\/soap2o.sk\/#\/schema\/logo\/image\/","url":"https:\/\/soap2o.sk\/wp-content\/uploads\/Soap2o-white.svg","contentUrl":"https:\/\/soap2o.sk\/wp-content\/uploads\/Soap2o-white.svg","caption":"soap2o.sk"},"image":{"@id":"https:\/\/soap2o.sk\/#\/schema\/logo\/image\/"}}]}},"featured_image_src":null,"featured_image_src_square":null,"uagb_featured_image_src":{"full":false,"thumbnail":false,"medium":false,"medium_large":false,"large":false,"1536x1536":false,"2048x2048":false,"trp-custom-language-flag":false,"gb-block-post-grid-landscape":false,"gb-block-post-grid-square":false},"uagb_author_info":{"display_name":"administrator","author_link":"https:\/\/soap2o.sk\/pl\/author\/administrator\/"},"uagb_comment_info":0,"uagb_excerpt":"Pou\u010denie o&nbsp;uplatnen\u00ed pr\u00e1va spotrebite\u013ea na odst\u00fapenie od k\u00fapnej zmluvy&nbsp; Pred\u00e1vaj\u00faci: iDry SK s. r. o. , Tranovsk\u00e9ho 57, Bratislava 841 02, I\u010cO: 46 355 944&nbsp; Spotrebite\u013e: fyzick\u00e1 osoba, ktor\u00e1 pri uzatv\u00e1ran\u00ed a plnen\u00ed spotrebite\u013eskej zmluvy &hellip; Reklam\u00e1cie a odst\u00fapenie od k\u00fapnej zmluvy Cel\u00fd \u010dl\u00e1nok","_links":{"self":[{"href":"https:\/\/soap2o.sk\/pl\/wp-json\/wp\/v2\/pages\/1084"}],"collection":[{"href":"https:\/\/soap2o.sk\/pl\/wp-json\/wp\/v2\/pages"}],"about":[{"href":"https:\/\/soap2o.sk\/pl\/wp-json\/wp\/v2\/types\/page"}],"author":[{"embeddable":true,"href":"https:\/\/soap2o.sk\/pl\/wp-json\/wp\/v2\/users\/1"}],"replies":[{"embeddable":true,"href":"https:\/\/soap2o.sk\/pl\/wp-json\/wp\/v2\/comments?post=1084"}],"version-history":[{"count":2,"href":"https:\/\/soap2o.sk\/pl\/wp-json\/wp\/v2\/pages\/1084\/revisions"}],"predecessor-version":[{"id":10358,"href":"https:\/\/soap2o.sk\/pl\/wp-json\/wp\/v2\/pages\/1084\/revisions\/10358"}],"wp:attachment":[{"href":"https:\/\/soap2o.sk\/pl\/wp-json\/wp\/v2\/media?parent=1084"}],"curies":[{"name":"wp","href":"https:\/\/api.w.org\/{rel}","templated":true}]}}