{"id":11314,"date":"2022-02-28T18:58:21","date_gmt":"2022-02-28T17:58:21","guid":{"rendered":"https:\/\/soap2o.sk\/?page_id=11314"},"modified":"2023-10-16T15:03:54","modified_gmt":"2023-10-16T13:03:54","slug":"vyhody","status":"publish","type":"page","link":"https:\/\/soap2o.sk\/pl\/korzysci\/","title":{"rendered":"Korzy\u015bci"},"content":{"rendered":"<div class=\"wp-block-cover alignfull is-position-center-center\" style=\"min-height:750px\"><span aria-hidden=\"true\" class=\"wp-block-cover__background has-background-dim-10 has-background-dim\"><\/span><img loading=\"lazy\" width=\"1500\" height=\"1000\" class=\"wp-block-cover__image-background wp-image-11706\" alt=\"\" src=\"https:\/\/soap2o.sk\/wp-content\/uploads\/Beach-original-1.jpg\" data-object-fit=\"cover\" srcset=\"https:\/\/soap2o.sk\/wp-content\/uploads\/Beach-original-1.jpg 1500w, https:\/\/soap2o.sk\/wp-content\/uploads\/Beach-original-1-300x200.jpg 300w, https:\/\/soap2o.sk\/wp-content\/uploads\/Beach-original-1-1024x683.jpg 1024w, https:\/\/soap2o.sk\/wp-content\/uploads\/Beach-original-1-768x512.jpg 768w, https:\/\/soap2o.sk\/wp-content\/uploads\/Beach-original-1-600x400.jpg 600w, https:\/\/soap2o.sk\/wp-content\/uploads\/Beach-original-1-64x43.jpg 64w\" sizes=\"(max-width: 1500px) 100vw, 1500px\" \/><div class=\"wp-block-cover__inner-container\">\n<div class=\"wp-container-3 wp-block-columns alignwide are-vertically-aligned-center hp-container\">\n<div class=\"wp-container-1 wp-block-column is-vertically-aligned-center\" style=\"flex-basis:35%\">\n<h2 class=\"has-white-color has-text-color\">\u015arodowisko jest na pierwszym planie wszystkich naszych proces\u00f3w<\/h2>\n<\/div>\n\n\n\n<div class=\"wp-container-2 wp-block-column is-vertically-aligned-center\"><\/div>\n<\/div>\n<\/div><\/div>\n\n\n\n<div style=\"color:#ddd\" class=\"wp-block-genesis-blocks-gb-spacer gb-block-spacer gb-divider-solid gb-divider-size-1\"><hr style=\"height:30px\"\/><\/div>\n\n\n\n<div class=\"inherit-container-width wp-container-5 wp-block-group alignfull hp-container\"><div class=\"wp-block-group__inner-container\">\n<div class=\"inherit-container-width wp-container-4 wp-block-group alignwide has-white-background-color has-background\"><div class=\"wp-block-group__inner-container\">\n<div class=\"wp-block-media-text alignwide is-stacked-on-mobile is-vertically-aligned-center has-background\" style=\"background-color:#9f9c87;grid-template-columns:49% auto\"><figure class=\"wp-block-media-text__media\"><img loading=\"lazy\" width=\"600\" height=\"581\" src=\"https:\/\/soap2o.sk\/wp-content\/uploads\/thick-forest.jpg\" alt=\"\" class=\"wp-image-11709 size-full\" srcset=\"https:\/\/soap2o.sk\/wp-content\/uploads\/thick-forest.jpg 600w, https:\/\/soap2o.sk\/wp-content\/uploads\/thick-forest-300x291.jpg 300w, https:\/\/soap2o.sk\/wp-content\/uploads\/thick-forest-64x62.jpg 64w\" sizes=\"(max-width: 600px) 100vw, 600px\" \/><\/figure><div class=\"wp-block-media-text__content\">\n<h2 class=\"has-white-color has-text-color\">Korzy\u015bci dla \u015brodowiska<\/h2>\n\n\n\n<p class=\"has-white-color has-text-color\">Dla nas, w SOAP\u2082O, szacunek dla \u015brodowiska jest na czele wszystkich naszych cel\u00f3w. D\u0105\u017cymy do zmniejszenia ilo\u015bci jednorazowych tworzyw sztucznych w bran\u017cy mydlarskiej i wywierania jak najmniejszego negatywnego wp\u0142ywu na \u015brodowisko. Nasz\u0105 misj\u0105 jest sta\u0107 si\u0119 wiod\u0105cym producentem wydajnego i op\u0142acalnego koncentratu myd\u0142a, pakowanego w rozpuszczalne w wodzie (PVA) kapsu\u0142ki, produkowanego zgodnie z najwy\u017cszymi mo\u017cliwymi standardami etycznymi.<\/p>\n<\/div><\/div>\n<\/div><\/div>\n\n\n\n<p><\/p>\n<\/div><\/div>\n\n\n\n<div class=\"inherit-container-width wp-container-10 wp-block-group alignwide has-background\" style=\"background-color:#2b2b2a\"><div class=\"wp-block-group__inner-container\">\n<div class=\"wp-container-9 wp-block-columns alignwide are-vertically-aligned-center hp-container\">\n<div class=\"wp-container-6 wp-block-column is-vertically-aligned-center\" style=\"flex-basis:66.66%\">\n<div style=\"color:#ddd\" class=\"wp-block-genesis-blocks-gb-spacer gb-block-spacer gb-divider-solid gb-divider-size-1\"><hr style=\"height:50px\"\/><\/div>\n\n\n\n<h2 class=\"has-text-color\" style=\"color:#ccccca\">TWORZENIE ZMIAN W CELU RATOWANIA PLANETY<\/h2>\n\n\n\n<div style=\"color:#ddd\" class=\"wp-block-genesis-blocks-gb-spacer gb-block-spacer gb-divider-solid gb-divider-size-1\"><hr style=\"height:40px\"\/><\/div>\n\n\n\n<p><\/p>\n<\/div>\n\n\n\n<div class=\"wp-container-8 wp-block-column is-vertically-aligned-center\" style=\"flex-basis:33.33%\">\n<div class=\"wp-container-7 is-horizontal is-content-justification-center wp-block-buttons\">\n<div class=\"wp-block-button\"><a class=\"wp-block-button__link has-background\" href=\"https:\/\/soap2o.sk\/pl\/nasza-misja\/\" style=\"background-color:#626438\">Nasza misja<\/a><\/div>\n<\/div>\n<\/div>\n<\/div>\n<\/div><\/div>\n\n\n\n<div class=\"inherit-container-width wp-container-12 wp-block-group alignfull hp-container\"><div class=\"wp-block-group__inner-container\">\n<div class=\"inherit-container-width wp-container-11 wp-block-group alignwide has-white-background-color has-background\"><div class=\"wp-block-group__inner-container\">\n<div class=\"wp-block-media-text alignwide has-media-on-the-right is-stacked-on-mobile is-vertically-aligned-center ptb50 has-background\" style=\"background-color:#2b2b2a;grid-template-columns:auto 49%\"><figure class=\"wp-block-media-text__media\"><img loading=\"lazy\" width=\"600\" height=\"599\" src=\"https:\/\/soap2o.sk\/wp-content\/uploads\/underwater.jpg\" alt=\"\" class=\"wp-image-11716 size-full\" srcset=\"https:\/\/soap2o.sk\/wp-content\/uploads\/underwater.jpg 600w, https:\/\/soap2o.sk\/wp-content\/uploads\/underwater-300x300.jpg 300w, https:\/\/soap2o.sk\/wp-content\/uploads\/underwater-150x150.jpg 150w, https:\/\/soap2o.sk\/wp-content\/uploads\/underwater-310x310.jpg 310w, https:\/\/soap2o.sk\/wp-content\/uploads\/underwater-100x100.jpg 100w, https:\/\/soap2o.sk\/wp-content\/uploads\/underwater-64x64.jpg 64w\" sizes=\"(max-width: 600px) 100vw, 600px\" \/><\/figure><div class=\"wp-block-media-text__content\">\n<h2 class=\"has-white-color has-text-color\">Nie transportujemy wody<\/h2>\n\n\n\n<p class=\"has-white-color has-text-color\">Zasoby naturalne s\u0105 ograniczone i zawsze staramy si\u0119 je minimalizowa\u0107 przy projektowaniu i produkcji naszych produkt\u00f3w. W systemach SOAP\u2082O nie transportuje si\u0119 wody, wi\u0119c obj\u0119to\u015b\u0107 i waga transportowanych produkt\u00f3w jest niewielka. Mo\u017ce si\u0119 to wydawa\u0107 niewielk\u0105 zalet\u0105, ale zdziwi\u0142by\u015b si\u0119, jak bardzo zmniejsza to emisj\u0119 dzi\u0119ki mniejszej liczbie kilometr\u00f3w transportowych i wi\u0119kszej pojemno\u015bci w tranzycie.<\/p>\n\n\n\n<p class=\"has-white-color has-text-color\">Ca\u0142\u0105 palet\u0119 5 litr\u00f3w p\u0142ynnego koncentratu mo\u017cna zast\u0105pi\u0107 4 opakowaniami naszego produktu. Wszystkie 5 litrowe pojemniki posz\u0142yby na zmarnowanie.<\/p>\n\n\n\n<ul class=\"has-white-color has-text-color\"><li><mark style=\"background-color:rgba(0, 0, 0, 0)\" class=\"has-inline-color has-white-color\">Po prostu dodaj wod\u0119... nie transportuj jej<\/mark><\/li><li><mark style=\"background-color:rgba(0, 0, 0, 0)\" class=\"has-inline-color has-white-color\">Zero odpad\u00f3w<\/mark><\/li><li><mark style=\"background-color:rgba(0, 0, 0, 0)\" class=\"has-inline-color has-white-color\">Akredytacja etyczna<\/mark><\/li><li><mark style=\"background-color:rgba(0, 0, 0, 0)\" class=\"has-inline-color has-white-color\">Niska emisja z transportu<\/mark><\/li><li><mark style=\"background-color:rgba(0, 0, 0, 0)\" class=\"has-inline-color has-white-color\">Lekka waga<\/mark><\/li><li><mark style=\"background-color:rgba(0, 0, 0, 0)\" class=\"has-inline-color has-white-color\">Standardy globalne<\/mark><\/li><li><mark style=\"background-color:rgba(0, 0, 0, 0)\" class=\"has-inline-color has-white-color\">Dodaj wod\u0119 w miejscu u\u017cycia<\/mark><\/li><\/ul>\n<\/div><\/div>\n<\/div><\/div>\n\n\n\n<p><\/p>\n<\/div><\/div>\n\n\n\n<div class=\"inherit-container-width wp-container-14 wp-block-group alignfull hp-container\"><div class=\"wp-block-group__inner-container\">\n<div class=\"inherit-container-width wp-container-13 wp-block-group alignwide has-white-background-color has-background\"><div class=\"wp-block-group__inner-container\">\n<div class=\"wp-block-media-text alignwide is-stacked-on-mobile is-vertically-aligned-center has-background\" style=\"background-color:#a98969;grid-template-columns:49% auto\"><figure class=\"wp-block-media-text__media\"><img loading=\"lazy\" width=\"600\" height=\"600\" src=\"https:\/\/soap2o.sk\/wp-content\/uploads\/FH-19-09-600k-6110.jpg\" alt=\"\" class=\"wp-image-11719 size-full\" srcset=\"https:\/\/soap2o.sk\/wp-content\/uploads\/FH-19-09-600k-6110.jpg 600w, https:\/\/soap2o.sk\/wp-content\/uploads\/FH-19-09-600k-6110-300x300.jpg 300w, https:\/\/soap2o.sk\/wp-content\/uploads\/FH-19-09-600k-6110-150x150.jpg 150w, https:\/\/soap2o.sk\/wp-content\/uploads\/FH-19-09-600k-6110-310x310.jpg 310w, https:\/\/soap2o.sk\/wp-content\/uploads\/FH-19-09-600k-6110-100x100.jpg 100w, https:\/\/soap2o.sk\/wp-content\/uploads\/FH-19-09-600k-6110-64x64.jpg 64w\" sizes=\"(max-width: 600px) 100vw, 600px\" \/><\/figure><div class=\"wp-block-media-text__content\">\n<h2 class=\"has-white-color has-text-color\">Innowacyjne<\/h2>\n\n\n\n<p class=\"has-white-color has-text-color\">Innowacja jest sercem linii produkt\u00f3w SOAP\u2082O. Nasze produkty nie tylko zmniejszaj\u0105 ilo\u015b\u0107 odpad\u00f3w, co jest dzi\u015b pal\u0105cym problemem, ale tak\u017ce zapewniaj\u0105 pozytywne zmiany bez zwi\u0119kszania koszt\u00f3w.<\/p>\n\n\n\n<p class=\"has-white-color has-text-color\">Nasi partnerzy, Solupak, wykorzystuj\u0105 sw\u00f3j wewn\u0119trzny zesp\u00f3\u0142 projektowy i pakuj\u0105cy, aby opracowa\u0107 gam\u0119 produkt\u00f3w zgodnie z systemem kodowania kolor\u00f3w British Institute of Cleaning Science (BICSc).<\/p>\n\n\n\n<p class=\"has-white-color has-text-color\">Obrazkowe instrukcje i etykiety na butelkach wzmacniaj\u0105 4-stopniowy proces i kodowanie kolorami, aby zapewni\u0107 prawid\u0142owe u\u017cycie. Pomagaj\u0105 one r\u00f3wnie\u017c wszystkim u\u017cytkownikom w \u0142atwym i prawid\u0142owym przygotowaniu myd\u0142a.<\/p>\n<\/div><\/div>\n<\/div><\/div>\n\n\n\n<p><\/p>\n<\/div><\/div>\n\n\n\n<div class=\"inherit-container-width wp-container-16 wp-block-group alignfull hp-container\"><div class=\"wp-block-group__inner-container\">\n<div class=\"inherit-container-width wp-container-15 wp-block-group alignwide has-white-background-color has-background\"><div class=\"wp-block-group__inner-container\">\n<div class=\"wp-block-media-text alignwide has-media-on-the-right is-stacked-on-mobile is-vertically-aligned-center has-background\" style=\"background-color:#2b2b2a;grid-template-columns:auto 49%\"><figure class=\"wp-block-media-text__media\"><img loading=\"lazy\" width=\"600\" height=\"599\" src=\"https:\/\/soap2o.sk\/wp-content\/uploads\/underwater.jpg\" alt=\"\" class=\"wp-image-11716 size-full\" srcset=\"https:\/\/soap2o.sk\/wp-content\/uploads\/underwater.jpg 600w, https:\/\/soap2o.sk\/wp-content\/uploads\/underwater-300x300.jpg 300w, https:\/\/soap2o.sk\/wp-content\/uploads\/underwater-150x150.jpg 150w, https:\/\/soap2o.sk\/wp-content\/uploads\/underwater-310x310.jpg 310w, https:\/\/soap2o.sk\/wp-content\/uploads\/underwater-100x100.jpg 100w, https:\/\/soap2o.sk\/wp-content\/uploads\/underwater-64x64.jpg 64w\" sizes=\"(max-width: 600px) 100vw, 600px\" \/><\/figure><div class=\"wp-block-media-text__content\">\n<h2 class=\"has-white-color has-text-color\">Instrukcja u\u017cytkowania<\/h2>\n\n\n\n<ul class=\"has-white-color has-text-color\"><li><mark style=\"background-color:rgba(0, 0, 0, 0)\" class=\"has-inline-color has-white-color\">Dodaj wod\u0119<\/mark><\/li><li><mark style=\"background-color:rgba(0, 0, 0, 0)\" class=\"has-inline-color has-white-color\">Umie\u015bci\u0107 kapsu\u0142k\u0119 w wodzie<\/mark><\/li><li><mark style=\"background-color:rgba(0, 0, 0, 0)\" class=\"has-inline-color has-white-color\">Potraste <mark style=\"background-color:rgba(0, 0, 0, 0)\" class=\"has-inline-color has-white-color\">30 sekund<\/mark><\/mark> <mark style=\"background-color:rgba(0, 0, 0, 0)\" class=\"has-inline-color has-white-color\">i odczeka\u0107 5 do 10 minut<\/mark><\/li><li><mark style=\"background-color:rgba(0, 0, 0, 0)\" class=\"has-inline-color has-white-color\">Gotowe do u\u017cycia<\/mark><\/li><\/ul>\n\n\n\n<p class=\"has-white-color has-text-color\">Biodegradowalne kapsu\u0142ki SOAP\u2082O zosta\u0142y zaprojektowane tak, aby mo\u017cna je by\u0142o \u0142atwo umie\u015bci\u0107 w butelkach z dozownikiem. Zapewnia to minimalne ryzyko kontaktu koncentratu ze sk\u00f3r\u0105 lub oczami u\u017cytkownika. Nie jest wymagana r\u0119czna obs\u0142uga podczas u\u017cywania lub przenoszenia produkt\u00f3w przed dodaniem wody.<\/p>\n\n\n\n<p class=\"has-white-color has-text-color\">Dawkowanie jest zawsze prawid\u0142owe, co oznacza, \u017ce sk\u0142adniki aktywne w kapsu\u0142kach b\u0119d\u0105 dzia\u0142a\u0107 na optymalnym poziomie, a tym samym koszty s\u0105 w pe\u0142ni kontrolowane.<\/p>\n<\/div><\/div>\n\n\n\n<p><\/p>\n<\/div><\/div>\n\n\n\n<p><\/p>\n<\/div><\/div>\n\n\n\n<div class=\"inherit-container-width wp-container-18 wp-block-group alignfull hp-container\"><div class=\"wp-block-group__inner-container\">\n<div class=\"inherit-container-width wp-container-17 wp-block-group alignwide has-white-background-color has-background\"><div class=\"wp-block-group__inner-container\">\n<div class=\"wp-block-media-text alignwide is-stacked-on-mobile is-vertically-aligned-center ptb50 has-background\" style=\"background-color:#ccccca;grid-template-columns:49% auto\"><figure class=\"wp-block-media-text__media\"><img loading=\"lazy\" width=\"530\" height=\"508\" src=\"http:\/\/soap2o.sk\/wp-content\/uploads\/nas-pribeh-3-1.jpg\" alt=\"\" class=\"wp-image-11650 size-full\" srcset=\"https:\/\/soap2o.sk\/wp-content\/uploads\/nas-pribeh-3-1.jpg 530w, https:\/\/soap2o.sk\/wp-content\/uploads\/nas-pribeh-3-1-300x288.jpg 300w, https:\/\/soap2o.sk\/wp-content\/uploads\/nas-pribeh-3-1-64x61.jpg 64w\" sizes=\"(max-width: 530px) 100vw, 530px\" \/><\/figure><div class=\"wp-block-media-text__content\">\n<h2 class=\"has-black-color has-text-color\">Oszcz\u0119dno\u015b\u0107 koszt\u00f3w<\/h2>\n\n\n\n<p>Opr\u00f3cz ogromnie pozytywnego wp\u0142ywu na \u015brodowisko, jaki ma rezygnacja z transportu wody, istniej\u0105 r\u00f3wnie\u017c korzy\u015bci w postaci koszt\u00f3w i oszcz\u0119dno\u015bci. Waga \u0142adunku jest w konsekwencji ni\u017csza, poniewa\u017c do transportu do klient\u00f3w nie jest wymagana \u017cadna ciecz, koszt dostarczenia naszych produkt\u00f3w do Pa\u0144stwa jest znacznie zmniejszony.<\/p>\n\n\n\n<p>Nasze produkty s\u0105 op\u0142acalne zar\u00f3wno dla ma\u0142ych, jak i du\u017cych klient\u00f3w. Dzieje si\u0119 tak, poniewa\u017c mo\u017cemy wprowadzi\u0107 system dozowania koncentratu myd\u0142a dla wszystkich u\u017cytkownik\u00f3w.<\/p>\n\n\n\n<p>Produkty SOAP\u2082O s\u0105 stopniowane od pierwszej partii do 100+, wi\u0119c nie musisz si\u0119 martwi\u0107, \u017ce zu\u017cyjesz za du\u017co myd\u0142a. Ze wzgl\u0119du na precyzyjne dozowanie, masz kontrol\u0119 nad kosztami i zu\u017cyciem.&nbsp;<\/p>\n\n\n\n<p>Okres przydatno\u015bci produkt\u00f3w SOAP\u2082O wynosi trzy lata ( je\u015bli s\u0105 przechowywane zgodnie z zaleceniami ) Dlatego nie ma potrzeby spieszy\u0107 si\u0119 z u\u017cywaniem produkt\u00f3w. Pos\u0142u\u017c\u0105 Ci przez d\u0142ugi czas i zajm\u0105 minimaln\u0105 ilo\u015b\u0107 miejsca podczas przechowywania.&nbsp;<\/p>\n<\/div><\/div>\n\n\n\n<p><\/p>\n<\/div><\/div>\n\n\n\n<p><\/p>\n<\/div><\/div>\n\n\n\n<div class=\"wp-block-genesis-blocks-gb-container gb-block-container\"><div class=\"gb-container-inside\"><div class=\"gb-container-content\"><\/div><\/div><\/div>","protected":false},"excerpt":{"rendered":"<p>Korzy\u015bci dla \u015brodowiska Dla nas w SOAP\u2082O szacunek dla \u015brodowiska jest na czele wszystkich naszych cel\u00f3w. D\u0105\u017cymy do zmniejszenia ilo\u015bci jednorazowych tworzyw sztucznych w przemy\u015ble mydlarskim i wywierania jak najmniejszego negatywnego wp\u0142ywu na \u015brodowisko ...<\/p>\n<p class=\"read-more\"> <a class=\"ast-button\" href=\"https:\/\/soap2o.sk\/pl\/korzysci\/\"> <span class=\"screen-reader-text\">Korzy\u015bci<\/span> Pe\u0142ny artyku\u0142<\/a><\/p>","protected":false},"author":1,"featured_media":0,"parent":0,"menu_order":0,"comment_status":"closed","ping_status":"closed","template":"","meta":{"inline_featured_image":false,"site-sidebar-layout":"default","site-content-layout":"default","ast-global-header-display":"","ast-main-header-display":"","ast-hfb-above-header-display":"","ast-hfb-below-header-display":"","ast-hfb-mobile-header-display":"","site-post-title":"disabled","ast-breadcrumbs-content":"","ast-featured-img":"","footer-sml-layout":"","theme-transparent-header-meta":"default","adv-header-id-meta":"","stick-header-meta":"","header-above-stick-meta":"","header-main-stick-meta":"","header-below-stick-meta":""},"yoast_head":"<!-- This site is optimized with the Yoast SEO plugin v19.7.1 - https:\/\/yoast.com\/wordpress\/plugins\/seo\/ -->\n<title>V\u00fdhody - soap2o.sk<\/title>\n<meta name=\"robots\" content=\"index, follow, max-snippet:-1, max-image-preview:large, max-video-preview:-1\" \/>\n<link rel=\"canonical\" href=\"https:\/\/soap2o.sk\/pl\/korzysci\/\" \/>\n<meta property=\"og:locale\" content=\"pl_PL\" \/>\n<meta property=\"og:type\" content=\"article\" \/>\n<meta property=\"og:title\" content=\"V\u00fdhody - soap2o.sk\" \/>\n<meta property=\"og:description\" content=\"Environment\u00e1lne v\u00fdhody Pre n\u00e1s v SOAP\u2082O je oh\u013eaduplnos\u0165 k \u017eivotn\u00e9mu prostrediu v popred\u00ed v\u0161etk\u00fdch na\u0161ich cie\u013eov. Sna\u017e\u00edme sa zn\u00ed\u017ei\u0165 mno\u017estvo plastov na jedno pou\u017eitie v mydlovom priemysle a ma\u0165 \u010do najmen\u0161\u00ed negat\u00edvny dopad na \u017eivotn\u00e9 &hellip; V\u00fdhody Cel\u00fd \u010dl\u00e1nok\" \/>\n<meta property=\"og:url\" content=\"https:\/\/soap2o.sk\/pl\/korzysci\/\" \/>\n<meta property=\"og:site_name\" content=\"soap2o.sk\" \/>\n<meta property=\"article:publisher\" content=\"https:\/\/www.facebook.com\/IDrysk\/\" \/>\n<meta property=\"article:modified_time\" content=\"2023-10-16T13:03:54+00:00\" \/>\n<meta property=\"og:image\" content=\"https:\/\/soap2o.sk\/wp-content\/uploads\/Beach-original-1.jpg\" \/>\n<meta name=\"twitter:card\" content=\"summary_large_image\" \/>\n<meta name=\"twitter:site\" content=\"@iDrySKsro\" \/>\n<meta name=\"twitter:label1\" content=\"Szacowany czas czytania\" \/>\n\t<meta name=\"twitter:data1\" content=\"4 minuty\" \/>\n<script type=\"application\/ld+json\" class=\"yoast-schema-graph\">{\"@context\":\"https:\/\/schema.org\",\"@graph\":[{\"@type\":\"WebPage\",\"@id\":\"https:\/\/soap2o.sk\/vyhody\/\",\"url\":\"https:\/\/soap2o.sk\/vyhody\/\",\"name\":\"V\u00fdhody - soap2o.sk\",\"isPartOf\":{\"@id\":\"https:\/\/soap2o.sk\/#website\"},\"datePublished\":\"2022-02-28T17:58:21+00:00\",\"dateModified\":\"2023-10-16T13:03:54+00:00\",\"breadcrumb\":{\"@id\":\"https:\/\/soap2o.sk\/vyhody\/#breadcrumb\"},\"inLanguage\":\"pl-PL\",\"potentialAction\":[{\"@type\":\"ReadAction\",\"target\":[\"https:\/\/soap2o.sk\/vyhody\/\"]}]},{\"@type\":\"BreadcrumbList\",\"@id\":\"https:\/\/soap2o.sk\/vyhody\/#breadcrumb\",\"itemListElement\":[{\"@type\":\"ListItem\",\"position\":1,\"name\":\"Home\",\"item\":\"https:\/\/soap2o.sk\/\"},{\"@type\":\"ListItem\",\"position\":2,\"name\":\"V\u00fdhody\"}]},{\"@type\":\"WebSite\",\"@id\":\"https:\/\/soap2o.sk\/#website\",\"url\":\"https:\/\/soap2o.sk\/\",\"name\":\"soap2o.sk\",\"description\":\"soap2o.sk\",\"publisher\":{\"@id\":\"https:\/\/soap2o.sk\/#organization\"},\"potentialAction\":[{\"@type\":\"SearchAction\",\"target\":{\"@type\":\"EntryPoint\",\"urlTemplate\":\"https:\/\/soap2o.sk\/?s={search_term_string}\"},\"query-input\":\"required name=search_term_string\"}],\"inLanguage\":\"pl-PL\"},{\"@type\":\"Organization\",\"@id\":\"https:\/\/soap2o.sk\/#organization\",\"name\":\"soap2o.sk\",\"url\":\"https:\/\/soap2o.sk\/\",\"sameAs\":[\"http:\/\/instagram\/idrysk\",\"https:\/\/www.facebook.com\/IDrysk\/\",\"https:\/\/twitter.com\/iDrySKsro\"],\"logo\":{\"@type\":\"ImageObject\",\"inLanguage\":\"pl-PL\",\"@id\":\"https:\/\/soap2o.sk\/#\/schema\/logo\/image\/\",\"url\":\"https:\/\/soap2o.sk\/wp-content\/uploads\/Soap2o-white.svg\",\"contentUrl\":\"https:\/\/soap2o.sk\/wp-content\/uploads\/Soap2o-white.svg\",\"caption\":\"soap2o.sk\"},\"image\":{\"@id\":\"https:\/\/soap2o.sk\/#\/schema\/logo\/image\/\"}}]}<\/script>\n<!-- \/ Yoast SEO plugin. -->","yoast_head_json":{"title":"V\u00fdhody - soap2o.sk","robots":{"index":"index","follow":"follow","max-snippet":"max-snippet:-1","max-image-preview":"max-image-preview:large","max-video-preview":"max-video-preview:-1"},"canonical":"https:\/\/soap2o.sk\/pl\/korzysci\/","og_locale":"pl_PL","og_type":"article","og_title":"V\u00fdhody - soap2o.sk","og_description":"Environment\u00e1lne v\u00fdhody Pre n\u00e1s v SOAP\u2082O je oh\u013eaduplnos\u0165 k \u017eivotn\u00e9mu prostrediu v popred\u00ed v\u0161etk\u00fdch na\u0161ich cie\u013eov. Sna\u017e\u00edme sa zn\u00ed\u017ei\u0165 mno\u017estvo plastov na jedno pou\u017eitie v mydlovom priemysle a ma\u0165 \u010do najmen\u0161\u00ed negat\u00edvny dopad na \u017eivotn\u00e9 &hellip; V\u00fdhody Cel\u00fd \u010dl\u00e1nok","og_url":"https:\/\/soap2o.sk\/pl\/korzysci\/","og_site_name":"soap2o.sk","article_publisher":"https:\/\/www.facebook.com\/IDrysk\/","article_modified_time":"2023-10-16T13:03:54+00:00","og_image":[{"url":"https:\/\/soap2o.sk\/wp-content\/uploads\/Beach-original-1.jpg"}],"twitter_card":"summary_large_image","twitter_site":"@iDrySKsro","twitter_misc":{"Szacowany czas czytania":"4 minuty"},"schema":{"@context":"https:\/\/schema.org","@graph":[{"@type":"WebPage","@id":"https:\/\/soap2o.sk\/vyhody\/","url":"https:\/\/soap2o.sk\/vyhody\/","name":"V\u00fdhody - soap2o.sk","isPartOf":{"@id":"https:\/\/soap2o.sk\/#website"},"datePublished":"2022-02-28T17:58:21+00:00","dateModified":"2023-10-16T13:03:54+00:00","breadcrumb":{"@id":"https:\/\/soap2o.sk\/vyhody\/#breadcrumb"},"inLanguage":"pl-PL","potentialAction":[{"@type":"ReadAction","target":["https:\/\/soap2o.sk\/vyhody\/"]}]},{"@type":"BreadcrumbList","@id":"https:\/\/soap2o.sk\/vyhody\/#breadcrumb","itemListElement":[{"@type":"ListItem","position":1,"name":"Home","item":"https:\/\/soap2o.sk\/"},{"@type":"ListItem","position":2,"name":"V\u00fdhody"}]},{"@type":"WebSite","@id":"https:\/\/soap2o.sk\/#website","url":"https:\/\/soap2o.sk\/","name":"soap2o.sk","description":"soap2o.sk","publisher":{"@id":"https:\/\/soap2o.sk\/#organization"},"potentialAction":[{"@type":"SearchAction","target":{"@type":"EntryPoint","urlTemplate":"https:\/\/soap2o.sk\/?s={search_term_string}"},"query-input":"required name=search_term_string"}],"inLanguage":"pl-PL"},{"@type":"Organization","@id":"https:\/\/soap2o.sk\/#organization","name":"soap2o.sk","url":"https:\/\/soap2o.sk\/","sameAs":["http:\/\/instagram\/idrysk","https:\/\/www.facebook.com\/IDrysk\/","https:\/\/twitter.com\/iDrySKsro"],"logo":{"@type":"ImageObject","inLanguage":"pl-PL","@id":"https:\/\/soap2o.sk\/#\/schema\/logo\/image\/","url":"https:\/\/soap2o.sk\/wp-content\/uploads\/Soap2o-white.svg","contentUrl":"https:\/\/soap2o.sk\/wp-content\/uploads\/Soap2o-white.svg","caption":"soap2o.sk"},"image":{"@id":"https:\/\/soap2o.sk\/#\/schema\/logo\/image\/"}}]}},"featured_image_src":null,"featured_image_src_square":null,"uagb_featured_image_src":{"full":false,"thumbnail":false,"medium":false,"medium_large":false,"large":false,"1536x1536":false,"2048x2048":false,"trp-custom-language-flag":false,"gb-block-post-grid-landscape":false,"gb-block-post-grid-square":false},"uagb_author_info":{"display_name":"administrator","author_link":"https:\/\/soap2o.sk\/pl\/author\/administrator\/"},"uagb_comment_info":0,"uagb_excerpt":"Environment\u00e1lne v\u00fdhody Pre n\u00e1s v SOAP\u2082O je oh\u013eaduplnos\u0165 k \u017eivotn\u00e9mu prostrediu v popred\u00ed v\u0161etk\u00fdch na\u0161ich cie\u013eov. Sna\u017e\u00edme sa zn\u00ed\u017ei\u0165 mno\u017estvo plastov na jedno pou\u017eitie v mydlovom priemysle a ma\u0165 \u010do najmen\u0161\u00ed negat\u00edvny dopad na \u017eivotn\u00e9 &hellip; V\u00fdhody Cel\u00fd \u010dl\u00e1nok","_links":{"self":[{"href":"https:\/\/soap2o.sk\/pl\/wp-json\/wp\/v2\/pages\/11314"}],"collection":[{"href":"https:\/\/soap2o.sk\/pl\/wp-json\/wp\/v2\/pages"}],"about":[{"href":"https:\/\/soap2o.sk\/pl\/wp-json\/wp\/v2\/types\/page"}],"author":[{"embeddable":true,"href":"https:\/\/soap2o.sk\/pl\/wp-json\/wp\/v2\/users\/1"}],"replies":[{"embeddable":true,"href":"https:\/\/soap2o.sk\/pl\/wp-json\/wp\/v2\/comments?post=11314"}],"version-history":[{"count":25,"href":"https:\/\/soap2o.sk\/pl\/wp-json\/wp\/v2\/pages\/11314\/revisions"}],"predecessor-version":[{"id":11984,"href":"https:\/\/soap2o.sk\/pl\/wp-json\/wp\/v2\/pages\/11314\/revisions\/11984"}],"wp:attachment":[{"href":"https:\/\/soap2o.sk\/pl\/wp-json\/wp\/v2\/media?parent=11314"}],"curies":[{"name":"wp","href":"https:\/\/api.w.org\/{rel}","templated":true}]}}