{"id":11593,"date":"2022-03-01T22:43:00","date_gmt":"2022-03-01T21:43:00","guid":{"rendered":"https:\/\/soap2o.sk\/?page_id=11593"},"modified":"2022-03-31T23:13:39","modified_gmt":"2022-03-31T21:13:39","slug":"nas-pribeh","status":"publish","type":"page","link":"https:\/\/soap2o.sk\/pl\/us-story\/","title":{"rendered":"Nasza historia"},"content":{"rendered":"<div class=\"wp-block-genesis-blocks-gb-container gb-block-container\"><div class=\"gb-container-inside\"><div class=\"gb-container-content\">\n<section class=\"wp-block-uagb-columns uagb-columns__wrap uagb-columns__background-undefined uagb-columns__stack-mobile uagb-columns__valign-undefined uagb-columns__gap-10 alignundefined uagb-block-29d62076\"><div class=\"uagb-columns__overlay\"><\/div><div class=\"uagb-columns__inner-wrap uagb-columns__columns-2\">\n<div class=\"wp-block-uagb-column uagb-column__wrap uagb-column__background-color uagb-block-129e36ba\"><div class=\"uagb-column__overlay\"><\/div><div class=\"uagb-column__inner-wrap\">\n<div style=\"color:#ddd\" class=\"wp-block-genesis-blocks-gb-spacer gb-block-spacer gb-divider-solid gb-divider-size-1\"><hr style=\"height:50px\"\/><\/div>\n\n\n\n<p><\/p>\n\n\n\n<p><\/p>\n\n\n\n<h2 class=\"has-text-align-right has-white-color has-text-color\">Jak to si\u0119 wszystko zacz\u0119\u0142o<\/h2>\n<\/div><\/div>\n\n\n\n<div class=\"wp-block-uagb-column uagb-column__wrap uagb-column__background-color uagb-block-60affac8\"><div class=\"uagb-column__overlay\"><\/div><div class=\"uagb-column__inner-wrap\">\n<div style=\"color:#ddd\" class=\"wp-block-genesis-blocks-gb-spacer gb-block-spacer gb-divider-solid gb-divider-size-1\"><hr style=\"height:50px\"\/><\/div>\n\n\n\n<p class=\"has-white-color has-text-color\">SOAP\u2082O narodzi\u0142o si\u0119, gdy nasz za\u0142o\u017cyciel Jordan zauwa\u017cy\u0142 ogromn\u0105 luk\u0119 na rynku. Jordan dystrybuowa\u0142 sprz\u0119t do dezynfekcji podczas pandemii w 2020 roku. Niekt\u00f3re z jego najpopularniejszych produkt\u00f3w by\u0142y automatycznymi dozownikami, wi\u0119c nieustannie szuka\u0142 sposob\u00f3w na ich ulepszenie. Testowanie dozownik\u00f3w by\u0142o cz\u0119\u015bci\u0105 jego codziennych zada\u0144 i to w\u0142a\u015bnie wtedy, gdy dosz\u0142o do pomy\u0142ki mi\u0119dzy dozownikami, kt\u00f3re testowa\u0142, mia\u0142 sw\u00f3j moment AHA. Spodziewa\u0142 si\u0119 dw\u00f3ch automatycznych dozownik\u00f3w, ale jego zam\u00f3wienie zawiera\u0142o dozowniki \u017celu, kt\u00f3re jego zdaniem nie by\u0142yby dobre dla niego lub jego firmy. Bior\u0105c jednak pod uwag\u0119 jego wymagania i zapotrzebowanie na sprz\u0119t, Jordan pr\u00f3bowa\u0142 odwr\u00f3ci\u0107 okoliczno\u015bci. Doda\u0142 wod\u0119 i p\u0142yn do mycia r\u0105k do dozownika \u017celu, aby sprawdzi\u0107, czy si\u0119 spieni... tak si\u0119 sta\u0142o!<\/p>\n<\/div><\/div>\n<\/div><\/section>\n<\/div><\/div><\/div>\n\n\n\n<div class=\"wp-block-cover alignfull\" style=\"background-color:#ffffff;min-height:450px\"><img loading=\"lazy\" width=\"1800\" height=\"1200\" class=\"wp-block-cover__image-background wp-image-11624\" alt=\"\" src=\"https:\/\/soap2o.sk\/wp-content\/uploads\/soap-2o-our-story.jpg\" data-object-fit=\"cover\" srcset=\"https:\/\/soap2o.sk\/wp-content\/uploads\/soap-2o-our-story.jpg 1800w, https:\/\/soap2o.sk\/wp-content\/uploads\/soap-2o-our-story-300x200.jpg 300w, https:\/\/soap2o.sk\/wp-content\/uploads\/soap-2o-our-story-1024x683.jpg 1024w, https:\/\/soap2o.sk\/wp-content\/uploads\/soap-2o-our-story-768x512.jpg 768w, https:\/\/soap2o.sk\/wp-content\/uploads\/soap-2o-our-story-1536x1024.jpg 1536w, https:\/\/soap2o.sk\/wp-content\/uploads\/soap-2o-our-story-600x400.jpg 600w, https:\/\/soap2o.sk\/wp-content\/uploads\/soap-2o-our-story-64x43.jpg 64w\" sizes=\"(max-width: 1800px) 100vw, 1800px\" \/><div class=\"wp-block-cover__inner-container\">\n<p class=\"has-text-align-center has-large-font-size\"><\/p>\n<\/div><\/div>\n\n\n\n<div class=\"wp-block-genesis-blocks-gb-container gb-block-container\"><div class=\"gb-container-inside\"><div class=\"gb-container-content\">\n<section class=\"wp-block-uagb-columns uagb-columns__wrap uagb-columns__background-undefined uagb-columns__stack-mobile uagb-columns__valign-undefined uagb-columns__gap-10 alignundefined uagb-block-90cf4c3d\"><div class=\"uagb-columns__overlay\"><\/div><div class=\"uagb-columns__inner-wrap uagb-columns__columns-2\">\n<div class=\"wp-block-uagb-column uagb-column__wrap uagb-column__background-color uagb-block-c2093c0c\"><div class=\"uagb-column__overlay\"><\/div><div class=\"uagb-column__inner-wrap\">\n<p>Jordan zda\u0142 sobie spraw\u0119, \u017ce u\u017cywamy skoncentrowanych p\u0142yn\u00f3w lub proszk\u00f3w do wszystkiego opr\u00f3cz myd\u0142a do r\u0105k - zidentyfikowano luk\u0119 na rynku i narodzi\u0142a si\u0119 koncepcja SOAP\u2082O. Kolejn\u0105 przeszkod\u0105 by\u0142o to, jak wprowadzi\u0107 na rynek produkt, kt\u00f3ry nie zosta\u0142 jeszcze stworzony i wprowadzony na rynek.<\/p>\n\n\n\n<p>Po znalezieniu odpowiednich os\u00f3b i zasob\u00f3w przeprowadzono badania z trzema firmami chemicznymi i w maju 2021 r. zawi\u0105zano partnerstwo. SOAP\u2082O pojawi\u0142o si\u0119 na rynku we wrze\u015bniu 2021 r., kiedy myd\u0142o zosta\u0142o wprowadzone na rynek i odnios\u0142o natychmiastowy sukces. W ci\u0105gu zaledwie 4 miesi\u0119cy sprzedano 250 000 work\u00f3w o pojemno\u015bci 1 l, oszcz\u0119dzaj\u0105c ponad 50 ton plastiku, kt\u00f3ry trafi\u0142by do ekosystemu.<\/p>\n\n\n\n<p>W 2022 roku b\u0119dziemy jeszcze wi\u0119ksi i jeszcze lepsi.<\/p>\n\n\n\n<p><strong>TWORZENIE ZMIAN W CELU RATOWANIA PLANETY<\/strong><\/p>\n<\/div><\/div>\n\n\n\n<div class=\"wp-block-uagb-column uagb-column__wrap uagb-column__background-undefined uagb-block-b1e61cae\"><div class=\"uagb-column__overlay\"><\/div><div class=\"uagb-column__inner-wrap\">\n<figure class=\"wp-block-image size-full\"><img loading=\"lazy\" width=\"530\" height=\"508\" src=\"https:\/\/soap2o.sk\/wp-content\/uploads\/nas-pribeh-3-1.jpg\" alt=\"\" class=\"wp-image-11650\" srcset=\"https:\/\/soap2o.sk\/wp-content\/uploads\/nas-pribeh-3-1.jpg 530w, https:\/\/soap2o.sk\/wp-content\/uploads\/nas-pribeh-3-1-300x288.jpg 300w, https:\/\/soap2o.sk\/wp-content\/uploads\/nas-pribeh-3-1-64x61.jpg 64w\" sizes=\"(max-width: 530px) 100vw, 530px\" \/><\/figure>\n<\/div><\/div>\n<\/div><\/section>\n<\/div><\/div><\/div>\n\n\n\n<div class=\"wp-container-5 wp-block-group alignwide has-background\" style=\"background-color:#626438\"><div class=\"wp-block-group__inner-container\">\n<div class=\"wp-container-4 wp-block-columns alignwide are-vertically-aligned-center hp-container\">\n<div class=\"wp-container-1 wp-block-column is-vertically-aligned-center\" style=\"flex-basis:66.66%\">\n<div style=\"color:#ddd\" class=\"wp-block-genesis-blocks-gb-spacer gb-block-spacer gb-divider-solid gb-divider-size-1\"><hr style=\"height:50px\"\/><\/div>\n\n\n\n<h2 class=\"has-text-color\" style=\"color:#ccccca\">TWORZENIE ZMIAN W CELU RATOWANIA PLANETY<\/h2>\n\n\n\n<div style=\"color:#ddd\" class=\"wp-block-genesis-blocks-gb-spacer gb-block-spacer gb-divider-solid gb-divider-size-1\"><hr style=\"height:40px\"\/><\/div>\n\n\n\n<p><\/p>\n<\/div>\n\n\n\n<div class=\"wp-container-3 wp-block-column is-vertically-aligned-center\" style=\"flex-basis:33.33%\">\n<div class=\"wp-container-2 wp-block-buttons is-content-justification-center\">\n<div class=\"wp-block-button\"><a class=\"wp-block-button__link has-black-color has-text-color has-background\" href=\"https:\/\/soap2o.sk\/pl\/nasza-misja\/\" style=\"background-color:#ccccca\"><strong>Nasza misja<\/strong><\/a><\/div>\n<\/div>\n<\/div>\n<\/div>\n<\/div><\/div>\n\n\n\n<h2 class=\"has-text-align-center has-text-color\" style=\"color:#626438\">Dlaczego<\/h2>\n\n\n\n<div style=\"padding-bottom:3%;padding-top:0.5%\" class=\"wp-block-genesis-blocks-gb-container gb-block-container\"><div class=\"gb-container-inside\"><div class=\"gb-container-content\">\n<div class=\"wp-block-nextend-smartslider3 hp-container\"><\/div>\n<\/div><\/div><\/div>","protected":false},"excerpt":{"rendered":"<p>Wprowadzanie zmian w celu ochrony planety Dlaczego my?<\/p>","protected":false},"author":1,"featured_media":0,"parent":0,"menu_order":0,"comment_status":"closed","ping_status":"closed","template":"","meta":{"inline_featured_image":false,"site-sidebar-layout":"default","site-content-layout":"default","ast-global-header-display":"","ast-main-header-display":"","ast-hfb-above-header-display":"","ast-hfb-below-header-display":"","ast-hfb-mobile-header-display":"","site-post-title":"disabled","ast-breadcrumbs-content":"","ast-featured-img":"","footer-sml-layout":"","theme-transparent-header-meta":"default","adv-header-id-meta":"","stick-header-meta":"","header-above-stick-meta":"","header-main-stick-meta":"","header-below-stick-meta":""},"yoast_head":"<!-- This site is optimized with the Yoast SEO plugin v19.7.1 - https:\/\/yoast.com\/wordpress\/plugins\/seo\/ -->\n<title>N\u00e1\u0161 pr\u00edbeh - soap2o.sk<\/title>\n<meta name=\"robots\" content=\"index, follow, max-snippet:-1, max-image-preview:large, max-video-preview:-1\" \/>\n<link rel=\"canonical\" href=\"https:\/\/soap2o.sk\/pl\/us-story\/\" \/>\n<meta property=\"og:locale\" content=\"pl_PL\" \/>\n<meta property=\"og:type\" content=\"article\" \/>\n<meta property=\"og:title\" content=\"N\u00e1\u0161 pr\u00edbeh - soap2o.sk\" \/>\n<meta property=\"og:description\" content=\"TVOR\u00cdME ZMENY NA Z\u00c1CHRANU PLAN\u00c9TY Pre\u010do my\" \/>\n<meta property=\"og:url\" content=\"https:\/\/soap2o.sk\/pl\/us-story\/\" \/>\n<meta property=\"og:site_name\" content=\"soap2o.sk\" \/>\n<meta property=\"article:publisher\" content=\"https:\/\/www.facebook.com\/IDrysk\/\" \/>\n<meta property=\"article:modified_time\" content=\"2022-03-31T21:13:39+00:00\" \/>\n<meta property=\"og:image\" content=\"https:\/\/soap2o.sk\/wp-content\/uploads\/soap-2o-our-story.jpg\" \/>\n<meta name=\"twitter:card\" content=\"summary_large_image\" \/>\n<meta name=\"twitter:site\" content=\"@iDrySKsro\" \/>\n<meta name=\"twitter:label1\" content=\"Szacowany czas czytania\" \/>\n\t<meta name=\"twitter:data1\" content=\"2 minuty\" \/>\n<script type=\"application\/ld+json\" class=\"yoast-schema-graph\">{\"@context\":\"https:\/\/schema.org\",\"@graph\":[{\"@type\":\"WebPage\",\"@id\":\"https:\/\/soap2o.sk\/nas-pribeh\/\",\"url\":\"https:\/\/soap2o.sk\/nas-pribeh\/\",\"name\":\"N\u00e1\u0161 pr\u00edbeh - soap2o.sk\",\"isPartOf\":{\"@id\":\"https:\/\/soap2o.sk\/#website\"},\"datePublished\":\"2022-03-01T21:43:00+00:00\",\"dateModified\":\"2022-03-31T21:13:39+00:00\",\"breadcrumb\":{\"@id\":\"https:\/\/soap2o.sk\/nas-pribeh\/#breadcrumb\"},\"inLanguage\":\"pl-PL\",\"potentialAction\":[{\"@type\":\"ReadAction\",\"target\":[\"https:\/\/soap2o.sk\/nas-pribeh\/\"]}]},{\"@type\":\"BreadcrumbList\",\"@id\":\"https:\/\/soap2o.sk\/nas-pribeh\/#breadcrumb\",\"itemListElement\":[{\"@type\":\"ListItem\",\"position\":1,\"name\":\"Home\",\"item\":\"https:\/\/soap2o.sk\/\"},{\"@type\":\"ListItem\",\"position\":2,\"name\":\"N\u00e1\u0161 pr\u00edbeh\"}]},{\"@type\":\"WebSite\",\"@id\":\"https:\/\/soap2o.sk\/#website\",\"url\":\"https:\/\/soap2o.sk\/\",\"name\":\"soap2o.sk\",\"description\":\"soap2o.sk\",\"publisher\":{\"@id\":\"https:\/\/soap2o.sk\/#organization\"},\"potentialAction\":[{\"@type\":\"SearchAction\",\"target\":{\"@type\":\"EntryPoint\",\"urlTemplate\":\"https:\/\/soap2o.sk\/?s={search_term_string}\"},\"query-input\":\"required name=search_term_string\"}],\"inLanguage\":\"pl-PL\"},{\"@type\":\"Organization\",\"@id\":\"https:\/\/soap2o.sk\/#organization\",\"name\":\"soap2o.sk\",\"url\":\"https:\/\/soap2o.sk\/\",\"sameAs\":[\"http:\/\/instagram\/idrysk\",\"https:\/\/www.facebook.com\/IDrysk\/\",\"https:\/\/twitter.com\/iDrySKsro\"],\"logo\":{\"@type\":\"ImageObject\",\"inLanguage\":\"pl-PL\",\"@id\":\"https:\/\/soap2o.sk\/#\/schema\/logo\/image\/\",\"url\":\"https:\/\/soap2o.sk\/wp-content\/uploads\/Soap2o-white.svg\",\"contentUrl\":\"https:\/\/soap2o.sk\/wp-content\/uploads\/Soap2o-white.svg\",\"caption\":\"soap2o.sk\"},\"image\":{\"@id\":\"https:\/\/soap2o.sk\/#\/schema\/logo\/image\/\"}}]}<\/script>\n<!-- \/ Yoast SEO plugin. -->","yoast_head_json":{"title":"N\u00e1\u0161 pr\u00edbeh - soap2o.sk","robots":{"index":"index","follow":"follow","max-snippet":"max-snippet:-1","max-image-preview":"max-image-preview:large","max-video-preview":"max-video-preview:-1"},"canonical":"https:\/\/soap2o.sk\/pl\/us-story\/","og_locale":"pl_PL","og_type":"article","og_title":"N\u00e1\u0161 pr\u00edbeh - soap2o.sk","og_description":"TVOR\u00cdME ZMENY NA Z\u00c1CHRANU PLAN\u00c9TY Pre\u010do my","og_url":"https:\/\/soap2o.sk\/pl\/us-story\/","og_site_name":"soap2o.sk","article_publisher":"https:\/\/www.facebook.com\/IDrysk\/","article_modified_time":"2022-03-31T21:13:39+00:00","og_image":[{"url":"https:\/\/soap2o.sk\/wp-content\/uploads\/soap-2o-our-story.jpg"}],"twitter_card":"summary_large_image","twitter_site":"@iDrySKsro","twitter_misc":{"Szacowany czas czytania":"2 minuty"},"schema":{"@context":"https:\/\/schema.org","@graph":[{"@type":"WebPage","@id":"https:\/\/soap2o.sk\/nas-pribeh\/","url":"https:\/\/soap2o.sk\/nas-pribeh\/","name":"N\u00e1\u0161 pr\u00edbeh - soap2o.sk","isPartOf":{"@id":"https:\/\/soap2o.sk\/#website"},"datePublished":"2022-03-01T21:43:00+00:00","dateModified":"2022-03-31T21:13:39+00:00","breadcrumb":{"@id":"https:\/\/soap2o.sk\/nas-pribeh\/#breadcrumb"},"inLanguage":"pl-PL","potentialAction":[{"@type":"ReadAction","target":["https:\/\/soap2o.sk\/nas-pribeh\/"]}]},{"@type":"BreadcrumbList","@id":"https:\/\/soap2o.sk\/nas-pribeh\/#breadcrumb","itemListElement":[{"@type":"ListItem","position":1,"name":"Home","item":"https:\/\/soap2o.sk\/"},{"@type":"ListItem","position":2,"name":"N\u00e1\u0161 pr\u00edbeh"}]},{"@type":"WebSite","@id":"https:\/\/soap2o.sk\/#website","url":"https:\/\/soap2o.sk\/","name":"soap2o.sk","description":"soap2o.sk","publisher":{"@id":"https:\/\/soap2o.sk\/#organization"},"potentialAction":[{"@type":"SearchAction","target":{"@type":"EntryPoint","urlTemplate":"https:\/\/soap2o.sk\/?s={search_term_string}"},"query-input":"required name=search_term_string"}],"inLanguage":"pl-PL"},{"@type":"Organization","@id":"https:\/\/soap2o.sk\/#organization","name":"soap2o.sk","url":"https:\/\/soap2o.sk\/","sameAs":["http:\/\/instagram\/idrysk","https:\/\/www.facebook.com\/IDrysk\/","https:\/\/twitter.com\/iDrySKsro"],"logo":{"@type":"ImageObject","inLanguage":"pl-PL","@id":"https:\/\/soap2o.sk\/#\/schema\/logo\/image\/","url":"https:\/\/soap2o.sk\/wp-content\/uploads\/Soap2o-white.svg","contentUrl":"https:\/\/soap2o.sk\/wp-content\/uploads\/Soap2o-white.svg","caption":"soap2o.sk"},"image":{"@id":"https:\/\/soap2o.sk\/#\/schema\/logo\/image\/"}}]}},"featured_image_src":null,"featured_image_src_square":null,"uagb_featured_image_src":{"full":false,"thumbnail":false,"medium":false,"medium_large":false,"large":false,"1536x1536":false,"2048x2048":false,"trp-custom-language-flag":false,"gb-block-post-grid-landscape":false,"gb-block-post-grid-square":false},"uagb_author_info":{"display_name":"administrator","author_link":"https:\/\/soap2o.sk\/pl\/author\/administrator\/"},"uagb_comment_info":0,"uagb_excerpt":"TVOR\u00cdME ZMENY NA Z\u00c1CHRANU PLAN\u00c9TY Pre\u010do my","_links":{"self":[{"href":"https:\/\/soap2o.sk\/pl\/wp-json\/wp\/v2\/pages\/11593"}],"collection":[{"href":"https:\/\/soap2o.sk\/pl\/wp-json\/wp\/v2\/pages"}],"about":[{"href":"https:\/\/soap2o.sk\/pl\/wp-json\/wp\/v2\/types\/page"}],"author":[{"embeddable":true,"href":"https:\/\/soap2o.sk\/pl\/wp-json\/wp\/v2\/users\/1"}],"replies":[{"embeddable":true,"href":"https:\/\/soap2o.sk\/pl\/wp-json\/wp\/v2\/comments?post=11593"}],"version-history":[{"count":55,"href":"https:\/\/soap2o.sk\/pl\/wp-json\/wp\/v2\/pages\/11593\/revisions"}],"predecessor-version":[{"id":11839,"href":"https:\/\/soap2o.sk\/pl\/wp-json\/wp\/v2\/pages\/11593\/revisions\/11839"}],"wp:attachment":[{"href":"https:\/\/soap2o.sk\/pl\/wp-json\/wp\/v2\/media?parent=11593"}],"curies":[{"name":"wp","href":"https:\/\/api.w.org\/{rel}","templated":true}]}}