{"id":11672,"date":"2022-03-02T00:27:09","date_gmt":"2022-03-01T23:27:09","guid":{"rendered":"https:\/\/soap2o.sk\/?page_id=11672"},"modified":"2022-03-31T23:13:39","modified_gmt":"2022-03-31T21:13:39","slug":"nase-poslanie","status":"publish","type":"page","link":"https:\/\/soap2o.sk\/pl\/nasza-misja\/","title":{"rendered":"Nasza misja"},"content":{"rendered":"<div class=\"wp-block-genesis-blocks-gb-container gb-block-container\"><div class=\"gb-container-inside\"><div class=\"gb-container-content\">\n<section class=\"wp-block-uagb-columns uagb-columns__wrap uagb-columns__background-undefined uagb-columns__stack-mobile uagb-columns__valign-undefined uagb-columns__gap-10 alignundefined uagb-block-820f6c0b\"><div class=\"uagb-columns__overlay\"><\/div><div class=\"uagb-columns__inner-wrap uagb-columns__columns-2\">\n<div class=\"wp-block-uagb-column uagb-column__wrap uagb-column__background-color uagb-block-1293f008\"><div class=\"uagb-column__overlay\"><\/div><div class=\"uagb-column__inner-wrap\">\n<div style=\"color:#ddd\" class=\"wp-block-genesis-blocks-gb-spacer gb-block-spacer gb-divider-solid gb-divider-size-1\"><hr style=\"height:50px\"\/><\/div>\n\n\n\n<p><\/p>\n\n\n\n<p><\/p>\n\n\n\n<h2 class=\"has-text-align-right has-white-color has-text-color\">Nasza misja<\/h2>\n<\/div><\/div>\n\n\n\n<div class=\"wp-block-uagb-column uagb-column__wrap uagb-column__background-color uagb-block-d98d357a\"><div class=\"uagb-column__overlay\"><\/div><div class=\"uagb-column__inner-wrap\">\n<div style=\"color:#ddd\" class=\"wp-block-genesis-blocks-gb-spacer gb-block-spacer gb-divider-solid gb-divider-size-1\"><hr style=\"height:50px\"\/><\/div>\n\n\n\n<p class=\"has-white-color has-text-color\">Nasz\u0105 misj\u0105 w SOAP\u2082O jest tworzenie prze\u0142omowych innowacji i zmiana bran\u017cy mydlarskiej, jak\u0105 znamy. Nie chcemy kontynuowa\u0107 masowej produkcji tworzyw sztucznych jednorazowego u\u017cytku, dlatego wymy\u015blili\u015bmy rozwi\u0105zanie bez plastiku, aby ca\u0142kowicie wyeliminowa\u0107 go z naszych produkt\u00f3w mydlanych.<\/p>\n\n\n\n<p class=\"has-white-color has-text-color\">Produkty SOAP\u2082O s\u0105 pakowane w rozpuszczaln\u0105 w wodzie foli\u0119 PVA. Klient nie ma odpad\u00f3w do wyrzucenia, a opakowanie nadaje si\u0119 do recyklingu 100%.<\/p>\n\n\n\n<p class=\"has-white-color has-text-color\"><strong>Robimy r\u00f3\u017cnic\u0119 w ratowaniu planety. Mo\u017cemy mie\u0107 tylko nadziej\u0119, \u017ce inni p\u00f3jd\u0105 w nasze \u015blady.<\/strong><\/p>\n<\/div><\/div>\n<\/div><\/section>\n<\/div><\/div><\/div>\n\n\n\n<div class=\"wp-block-cover alignfull\" style=\"background-color:#ffffff;min-height:450px\"><img loading=\"lazy\" width=\"1500\" height=\"999\" class=\"wp-block-cover__image-background wp-image-11678\" alt=\"\" src=\"https:\/\/soap2o.sk\/wp-content\/uploads\/sand-meeting-waves.png\" data-object-fit=\"cover\" srcset=\"https:\/\/soap2o.sk\/wp-content\/uploads\/sand-meeting-waves.png 1500w, https:\/\/soap2o.sk\/wp-content\/uploads\/sand-meeting-waves-300x200.png 300w, https:\/\/soap2o.sk\/wp-content\/uploads\/sand-meeting-waves-1024x682.png 1024w, https:\/\/soap2o.sk\/wp-content\/uploads\/sand-meeting-waves-768x511.png 768w, https:\/\/soap2o.sk\/wp-content\/uploads\/sand-meeting-waves-600x400.png 600w, https:\/\/soap2o.sk\/wp-content\/uploads\/sand-meeting-waves-64x43.png 64w\" sizes=\"(max-width: 1500px) 100vw, 1500px\" \/><div class=\"wp-block-cover__inner-container\">\n<p class=\"has-text-align-center has-large-font-size\"><\/p>\n<\/div><\/div>\n\n\n\n<div class=\"wp-container-2 wp-block-group alignfull\"><div class=\"wp-block-group__inner-container\">\n<div class=\"wp-container-1 wp-block-group alignfull has-white-background-color has-background\"><div class=\"wp-block-group__inner-container\">\n<div class=\"wp-block-media-text alignwide has-media-on-the-right is-stacked-on-mobile is-vertically-aligned-center\" style=\"grid-template-columns:auto 49%\"><figure class=\"wp-block-media-text__media\"><img loading=\"lazy\" width=\"500\" height=\"497\" src=\"http:\/\/soap2o.sk\/wp-content\/uploads\/Soap2o.SafrinaSmith-2.jpg\" alt=\"\" class=\"wp-image-11531 size-full\" srcset=\"https:\/\/soap2o.sk\/wp-content\/uploads\/Soap2o.SafrinaSmith-2.jpg 500w, https:\/\/soap2o.sk\/wp-content\/uploads\/Soap2o.SafrinaSmith-2-300x298.jpg 300w, https:\/\/soap2o.sk\/wp-content\/uploads\/Soap2o.SafrinaSmith-2-150x150.jpg 150w, https:\/\/soap2o.sk\/wp-content\/uploads\/Soap2o.SafrinaSmith-2-100x100.jpg 100w, https:\/\/soap2o.sk\/wp-content\/uploads\/Soap2o.SafrinaSmith-2-64x64.jpg 64w\" sizes=\"(max-width: 500px) 100vw, 500px\" \/><\/figure><div class=\"wp-block-media-text__content\">\n<p><strong>Kryzys \u015brodowiskowy, jaki znamy<\/strong><\/p>\n\n\n\n<p>W 2022 r. stoimy obecnie przed 10 g\u0142\u00f3wnymi wyzwaniami \u015brodowiskowymi<\/p>\n\n\n\n<ul><li>Zmiana klimatu<\/li><li>Wytwarzanie energii elektrycznej<\/li><li>Woda<\/li><li>Bior\u00f3\u017cnorodno\u015b\u0107 i u\u017cytkowanie grunt\u00f3w<\/li><li>Chemikalia, substancje toksyczne i metale ci\u0119\u017ckie<\/li><li>Zanieczyszczenie powietrza<\/li><li>Zarz\u0105dzanie odpadami<\/li><li>Zubo\u017cenie warstwy ozonowej<\/li><li>Oceany i rybo\u0142\u00f3wstwo<\/li><li>Wylesianie<\/li><\/ul>\n\n\n\n<p>Opracowali\u015bmy SOAP\u2082O, aby zapewni\u0107 alternatywny produkt, kt\u00f3ry zmniejszy wp\u0142yw na przemys\u0142 mydlarski i planet\u0119. Znale\u017ali\u015bmy nisz\u0119 na rynku i dzie\u0144 po dniu widzimy pozytywne efekty, jakie wywo\u0142uje nasz produkt. W ubieg\u0142ym roku, w ci\u0105gu 4 miesi\u0119cy dzia\u0142ania, SOAP\u2082O pozwoli\u0142o zaoszcz\u0119dzi\u0107 250 000 plastikowych butelek, kt\u00f3re trafi\u0142yby na wysypisko, co stanowi a\u017c 50,4 tony plastiku.<\/p>\n\n\n\n<p><strong>W ubieg\u0142ym roku, w ci\u0105gu zaledwie 4 miesi\u0119cy dzia\u0142alno\u015bci, SOAP\u2082O zaoszcz\u0119dzi\u0142o 250 000 plastikowych butelek, kt\u00f3re trafi\u0142y na wysypisko, a my zaoszcz\u0119dzili\u015bmy niesamowite 50,4 tony plastiku.<\/strong><\/p>\n<\/div><\/div>\n<\/div><\/div>\n\n\n\n<div style=\"padding-top:1%\" class=\"wp-block-genesis-blocks-gb-container gb-block-container\"><div class=\"gb-container-inside\"><div class=\"gb-container-content\">\n<h2 class=\"has-text-align-center has-text-color\" style=\"color:#626438\">Dlaczego my?<\/h2>\n<\/div><\/div><\/div>\n\n\n\n<p><\/p>\n<\/div><\/div>\n\n\n\n<div style=\"padding-bottom:3%;padding-top:0.5%\" class=\"wp-block-genesis-blocks-gb-container gb-block-container\"><div class=\"gb-container-inside\"><div class=\"gb-container-content\">\n<div class=\"wp-block-nextend-smartslider3 hp-container\"><\/div>\n<\/div><\/div><\/div>","protected":false},"excerpt":{"rendered":"<p>Kryzys \u015brodowiskowy, jaki znamy W 2022 r. stoimy obecnie przed 10 g\u0142\u00f3wnymi wyzwaniami \u015brodowiskowymi Zmiana klimatu Wytwarzanie energii elektrycznej Woda Bior\u00f3\u017cnorodno\u015b\u0107 i u\u017cytkowanie grunt\u00f3w Chemikalia, toksyny i metale ci\u0119\u017ckie Zanieczyszczenie powietrza Zarz\u0105dzanie ...<\/p>\n<p class=\"read-more\"> <a class=\"ast-button\" href=\"https:\/\/soap2o.sk\/pl\/nasza-misja\/\"> <span class=\"screen-reader-text\">Nasza misja<\/span> Pe\u0142ny artyku\u0142<\/a><\/p>","protected":false},"author":1,"featured_media":0,"parent":0,"menu_order":0,"comment_status":"closed","ping_status":"closed","template":"","meta":{"inline_featured_image":false,"site-sidebar-layout":"default","site-content-layout":"default","ast-global-header-display":"","ast-main-header-display":"","ast-hfb-above-header-display":"","ast-hfb-below-header-display":"","ast-hfb-mobile-header-display":"","site-post-title":"disabled","ast-breadcrumbs-content":"","ast-featured-img":"","footer-sml-layout":"","theme-transparent-header-meta":"default","adv-header-id-meta":"","stick-header-meta":"","header-above-stick-meta":"","header-main-stick-meta":"","header-below-stick-meta":""},"yoast_head":"<!-- This site is optimized with the Yoast SEO plugin v19.7.1 - https:\/\/yoast.com\/wordpress\/plugins\/seo\/ -->\n<title>Na\u0161e poslanie - soap2o.sk<\/title>\n<meta name=\"robots\" content=\"index, follow, max-snippet:-1, max-image-preview:large, max-video-preview:-1\" \/>\n<link rel=\"canonical\" href=\"https:\/\/soap2o.sk\/pl\/nasza-misja\/\" \/>\n<meta property=\"og:locale\" content=\"pl_PL\" \/>\n<meta property=\"og:type\" content=\"article\" \/>\n<meta property=\"og:title\" content=\"Na\u0161e poslanie - soap2o.sk\" \/>\n<meta property=\"og:description\" content=\"Environment\u00e1lna kr\u00edza, ako ju pozn\u00e1me V roku 2022 v s\u00fa\u010dasnosti \u010del\u00edme 10 hlavn\u00fdm environment\u00e1lnym probl\u00e9mom Zmena podnebia V\u00fdroba elektrickej energie Voda Biodiverzita a vyu\u017eitie p\u00f4dy Chemik\u00e1lie, toxick\u00e9 l\u00e1tky a \u0165a\u017ek\u00e9 kovy Zne\u010distenie vzduchu Nakladanie s &hellip; Na\u0161e poslanie Cel\u00fd \u010dl\u00e1nok\" \/>\n<meta property=\"og:url\" content=\"https:\/\/soap2o.sk\/pl\/nasza-misja\/\" \/>\n<meta property=\"og:site_name\" content=\"soap2o.sk\" \/>\n<meta property=\"article:publisher\" content=\"https:\/\/www.facebook.com\/IDrysk\/\" \/>\n<meta property=\"article:modified_time\" content=\"2022-03-31T21:13:39+00:00\" \/>\n<meta property=\"og:image\" content=\"https:\/\/soap2o.sk\/wp-content\/uploads\/sand-meeting-waves.png\" \/>\n<meta name=\"twitter:card\" content=\"summary_large_image\" \/>\n<meta name=\"twitter:site\" content=\"@iDrySKsro\" \/>\n<meta name=\"twitter:label1\" content=\"Szacowany czas czytania\" \/>\n\t<meta name=\"twitter:data1\" content=\"2 minuty\" \/>\n<script type=\"application\/ld+json\" class=\"yoast-schema-graph\">{\"@context\":\"https:\/\/schema.org\",\"@graph\":[{\"@type\":\"WebPage\",\"@id\":\"https:\/\/soap2o.sk\/nase-poslanie\/\",\"url\":\"https:\/\/soap2o.sk\/nase-poslanie\/\",\"name\":\"Na\u0161e poslanie - soap2o.sk\",\"isPartOf\":{\"@id\":\"https:\/\/soap2o.sk\/#website\"},\"datePublished\":\"2022-03-01T23:27:09+00:00\",\"dateModified\":\"2022-03-31T21:13:39+00:00\",\"breadcrumb\":{\"@id\":\"https:\/\/soap2o.sk\/nase-poslanie\/#breadcrumb\"},\"inLanguage\":\"pl-PL\",\"potentialAction\":[{\"@type\":\"ReadAction\",\"target\":[\"https:\/\/soap2o.sk\/nase-poslanie\/\"]}]},{\"@type\":\"BreadcrumbList\",\"@id\":\"https:\/\/soap2o.sk\/nase-poslanie\/#breadcrumb\",\"itemListElement\":[{\"@type\":\"ListItem\",\"position\":1,\"name\":\"Home\",\"item\":\"https:\/\/soap2o.sk\/\"},{\"@type\":\"ListItem\",\"position\":2,\"name\":\"Na\u0161e poslanie\"}]},{\"@type\":\"WebSite\",\"@id\":\"https:\/\/soap2o.sk\/#website\",\"url\":\"https:\/\/soap2o.sk\/\",\"name\":\"soap2o.sk\",\"description\":\"soap2o.sk\",\"publisher\":{\"@id\":\"https:\/\/soap2o.sk\/#organization\"},\"potentialAction\":[{\"@type\":\"SearchAction\",\"target\":{\"@type\":\"EntryPoint\",\"urlTemplate\":\"https:\/\/soap2o.sk\/?s={search_term_string}\"},\"query-input\":\"required name=search_term_string\"}],\"inLanguage\":\"pl-PL\"},{\"@type\":\"Organization\",\"@id\":\"https:\/\/soap2o.sk\/#organization\",\"name\":\"soap2o.sk\",\"url\":\"https:\/\/soap2o.sk\/\",\"sameAs\":[\"http:\/\/instagram\/idrysk\",\"https:\/\/www.facebook.com\/IDrysk\/\",\"https:\/\/twitter.com\/iDrySKsro\"],\"logo\":{\"@type\":\"ImageObject\",\"inLanguage\":\"pl-PL\",\"@id\":\"https:\/\/soap2o.sk\/#\/schema\/logo\/image\/\",\"url\":\"https:\/\/soap2o.sk\/wp-content\/uploads\/Soap2o-white.svg\",\"contentUrl\":\"https:\/\/soap2o.sk\/wp-content\/uploads\/Soap2o-white.svg\",\"caption\":\"soap2o.sk\"},\"image\":{\"@id\":\"https:\/\/soap2o.sk\/#\/schema\/logo\/image\/\"}}]}<\/script>\n<!-- \/ Yoast SEO plugin. -->","yoast_head_json":{"title":"Na\u0161e poslanie - soap2o.sk","robots":{"index":"index","follow":"follow","max-snippet":"max-snippet:-1","max-image-preview":"max-image-preview:large","max-video-preview":"max-video-preview:-1"},"canonical":"https:\/\/soap2o.sk\/pl\/nasza-misja\/","og_locale":"pl_PL","og_type":"article","og_title":"Na\u0161e poslanie - soap2o.sk","og_description":"Environment\u00e1lna kr\u00edza, ako ju pozn\u00e1me V roku 2022 v s\u00fa\u010dasnosti \u010del\u00edme 10 hlavn\u00fdm environment\u00e1lnym probl\u00e9mom Zmena podnebia V\u00fdroba elektrickej energie Voda Biodiverzita a vyu\u017eitie p\u00f4dy Chemik\u00e1lie, toxick\u00e9 l\u00e1tky a \u0165a\u017ek\u00e9 kovy Zne\u010distenie vzduchu Nakladanie s &hellip; Na\u0161e poslanie Cel\u00fd \u010dl\u00e1nok","og_url":"https:\/\/soap2o.sk\/pl\/nasza-misja\/","og_site_name":"soap2o.sk","article_publisher":"https:\/\/www.facebook.com\/IDrysk\/","article_modified_time":"2022-03-31T21:13:39+00:00","og_image":[{"url":"https:\/\/soap2o.sk\/wp-content\/uploads\/sand-meeting-waves.png"}],"twitter_card":"summary_large_image","twitter_site":"@iDrySKsro","twitter_misc":{"Szacowany czas czytania":"2 minuty"},"schema":{"@context":"https:\/\/schema.org","@graph":[{"@type":"WebPage","@id":"https:\/\/soap2o.sk\/nase-poslanie\/","url":"https:\/\/soap2o.sk\/nase-poslanie\/","name":"Na\u0161e poslanie - soap2o.sk","isPartOf":{"@id":"https:\/\/soap2o.sk\/#website"},"datePublished":"2022-03-01T23:27:09+00:00","dateModified":"2022-03-31T21:13:39+00:00","breadcrumb":{"@id":"https:\/\/soap2o.sk\/nase-poslanie\/#breadcrumb"},"inLanguage":"pl-PL","potentialAction":[{"@type":"ReadAction","target":["https:\/\/soap2o.sk\/nase-poslanie\/"]}]},{"@type":"BreadcrumbList","@id":"https:\/\/soap2o.sk\/nase-poslanie\/#breadcrumb","itemListElement":[{"@type":"ListItem","position":1,"name":"Home","item":"https:\/\/soap2o.sk\/"},{"@type":"ListItem","position":2,"name":"Na\u0161e poslanie"}]},{"@type":"WebSite","@id":"https:\/\/soap2o.sk\/#website","url":"https:\/\/soap2o.sk\/","name":"soap2o.sk","description":"soap2o.sk","publisher":{"@id":"https:\/\/soap2o.sk\/#organization"},"potentialAction":[{"@type":"SearchAction","target":{"@type":"EntryPoint","urlTemplate":"https:\/\/soap2o.sk\/?s={search_term_string}"},"query-input":"required name=search_term_string"}],"inLanguage":"pl-PL"},{"@type":"Organization","@id":"https:\/\/soap2o.sk\/#organization","name":"soap2o.sk","url":"https:\/\/soap2o.sk\/","sameAs":["http:\/\/instagram\/idrysk","https:\/\/www.facebook.com\/IDrysk\/","https:\/\/twitter.com\/iDrySKsro"],"logo":{"@type":"ImageObject","inLanguage":"pl-PL","@id":"https:\/\/soap2o.sk\/#\/schema\/logo\/image\/","url":"https:\/\/soap2o.sk\/wp-content\/uploads\/Soap2o-white.svg","contentUrl":"https:\/\/soap2o.sk\/wp-content\/uploads\/Soap2o-white.svg","caption":"soap2o.sk"},"image":{"@id":"https:\/\/soap2o.sk\/#\/schema\/logo\/image\/"}}]}},"featured_image_src":null,"featured_image_src_square":null,"uagb_featured_image_src":{"full":false,"thumbnail":false,"medium":false,"medium_large":false,"large":false,"1536x1536":false,"2048x2048":false,"trp-custom-language-flag":false,"gb-block-post-grid-landscape":false,"gb-block-post-grid-square":false},"uagb_author_info":{"display_name":"administrator","author_link":"https:\/\/soap2o.sk\/pl\/author\/administrator\/"},"uagb_comment_info":0,"uagb_excerpt":"Environment\u00e1lna kr\u00edza, ako ju pozn\u00e1me V roku 2022 v s\u00fa\u010dasnosti \u010del\u00edme 10 hlavn\u00fdm environment\u00e1lnym probl\u00e9mom Zmena podnebia V\u00fdroba elektrickej energie Voda Biodiverzita a vyu\u017eitie p\u00f4dy Chemik\u00e1lie, toxick\u00e9 l\u00e1tky a \u0165a\u017ek\u00e9 kovy Zne\u010distenie vzduchu Nakladanie s &hellip; Na\u0161e poslanie Cel\u00fd \u010dl\u00e1nok","_links":{"self":[{"href":"https:\/\/soap2o.sk\/pl\/wp-json\/wp\/v2\/pages\/11672"}],"collection":[{"href":"https:\/\/soap2o.sk\/pl\/wp-json\/wp\/v2\/pages"}],"about":[{"href":"https:\/\/soap2o.sk\/pl\/wp-json\/wp\/v2\/types\/page"}],"author":[{"embeddable":true,"href":"https:\/\/soap2o.sk\/pl\/wp-json\/wp\/v2\/users\/1"}],"replies":[{"embeddable":true,"href":"https:\/\/soap2o.sk\/pl\/wp-json\/wp\/v2\/comments?post=11672"}],"version-history":[{"count":24,"href":"https:\/\/soap2o.sk\/pl\/wp-json\/wp\/v2\/pages\/11672\/revisions"}],"predecessor-version":[{"id":11845,"href":"https:\/\/soap2o.sk\/pl\/wp-json\/wp\/v2\/pages\/11672\/revisions\/11845"}],"wp:attachment":[{"href":"https:\/\/soap2o.sk\/pl\/wp-json\/wp\/v2\/media?parent=11672"}],"curies":[{"name":"wp","href":"https:\/\/api.w.org\/{rel}","templated":true}]}}