{"id":11735,"date":"2022-03-02T13:41:10","date_gmt":"2022-03-02T12:41:10","guid":{"rendered":"https:\/\/soap2o.sk\/?page_id=11735"},"modified":"2022-03-31T23:13:40","modified_gmt":"2022-03-31T21:13:40","slug":"soap2o-flexi-hex","status":"publish","type":"page","link":"https:\/\/soap2o.sk\/pl\/soap2o-flexi-hex\/","title":{"rendered":"Soap2o flexi hex"},"content":{"rendered":"<div class=\"wp-block-cover alignfull has-background-dim-10 has-background-dim is-position-center-center\" style=\"min-height:750px\"><img loading=\"lazy\" width=\"1800\" height=\"1200\" class=\"wp-block-cover__image-background wp-image-11736\" alt=\"\" src=\"https:\/\/soap2o.sk\/wp-content\/uploads\/FH-19-09-600k-6083.jpg\" data-object-fit=\"cover\" srcset=\"https:\/\/soap2o.sk\/wp-content\/uploads\/FH-19-09-600k-6083.jpg 1800w, https:\/\/soap2o.sk\/wp-content\/uploads\/FH-19-09-600k-6083-300x200.jpg 300w, https:\/\/soap2o.sk\/wp-content\/uploads\/FH-19-09-600k-6083-1024x683.jpg 1024w, https:\/\/soap2o.sk\/wp-content\/uploads\/FH-19-09-600k-6083-768x512.jpg 768w, https:\/\/soap2o.sk\/wp-content\/uploads\/FH-19-09-600k-6083-1536x1024.jpg 1536w, https:\/\/soap2o.sk\/wp-content\/uploads\/FH-19-09-600k-6083-600x400.jpg 600w, https:\/\/soap2o.sk\/wp-content\/uploads\/FH-19-09-600k-6083-64x43.jpg 64w\" sizes=\"(max-width: 1800px) 100vw, 1800px\" \/><div class=\"wp-block-cover__inner-container\">\n<div class=\"wp-container-3 wp-block-columns alignwide are-vertically-aligned-center hp-container\">\n<div class=\"wp-container-1 wp-block-column is-vertically-aligned-center\" style=\"flex-basis:35%\">\n<h2 class=\"has-white-color has-text-color\">SOAP\u2082O &amp; Flexi-Hex\u00ae<\/h2>\n<\/div>\n\n\n\n<div class=\"wp-container-2 wp-block-column is-vertically-aligned-center\"><\/div>\n<\/div>\n<\/div><\/div>\n\n\n\n<p><\/p>\n\n\n\n<div class=\"wp-container-5 wp-block-group alignfull hp-container\"><div class=\"wp-block-group__inner-container\">\n<div class=\"wp-container-4 wp-block-group alignwide has-white-background-color has-background\"><div class=\"wp-block-group__inner-container\">\n<div class=\"wp-block-media-text alignwide has-media-on-the-right is-stacked-on-mobile is-vertically-aligned-center has-background\" style=\"background-color:#626438;grid-template-columns:auto 49%\"><figure class=\"wp-block-media-text__media\"><img loading=\"lazy\" width=\"600\" height=\"600\" src=\"http:\/\/soap2o.sk\/wp-content\/uploads\/FH-19-09-600k-6110.jpg\" alt=\"\" class=\"wp-image-11719 size-full\" srcset=\"https:\/\/soap2o.sk\/wp-content\/uploads\/FH-19-09-600k-6110.jpg 600w, https:\/\/soap2o.sk\/wp-content\/uploads\/FH-19-09-600k-6110-300x300.jpg 300w, https:\/\/soap2o.sk\/wp-content\/uploads\/FH-19-09-600k-6110-150x150.jpg 150w, https:\/\/soap2o.sk\/wp-content\/uploads\/FH-19-09-600k-6110-310x310.jpg 310w, https:\/\/soap2o.sk\/wp-content\/uploads\/FH-19-09-600k-6110-100x100.jpg 100w, https:\/\/soap2o.sk\/wp-content\/uploads\/FH-19-09-600k-6110-64x64.jpg 64w\" sizes=\"(max-width: 600px) 100vw, 600px\" \/><\/figure><div class=\"wp-block-media-text__content\">\n<p class=\"has-white-color has-text-color\">SOAP\u2082O ma na celu zmniejszenie ilo\u015bci jednorazowych tworzyw sztucznych w bran\u017cy mydlarskiej. Zesp\u00f3\u0142 SOAP\u2082O musia\u0142 znale\u017a\u0107 alternatywne rozwi\u0105zanie dla tradycyjnych opakowa\u0144 z poduszk\u0105 powietrzn\u0105 lub foli\u0105 b\u0105belkow\u0105, aby zapewni\u0107 ochron\u0119 eleganckich, ekologicznych butelek podczas transportu bez szkody dla \u015brodowiska. W tym miejscu pojawia si\u0119 Flexi-Hex\u00ae.<\/p>\n\n\n\n<p class=\"has-white-color has-text-color\">Flexi-Hex najlepiej pasowa\u0142 do naszej koncepcji, poniewa\u017c jego biodegradowalne r\u0119kawy Flexi-Hex Air stanowi\u0105 doskona\u0142\u0105 alternatyw\u0119 dla najwy\u017cszej jako\u015bci tworzyw sztucznych, a jednocze\u015bnie chroni\u0105 nasze eleganckie, ekologiczne butelki podczas transportu.<\/p>\n<\/div><\/div>\n<\/div><\/div>\n\n\n\n<div style=\"color:#ddd\" class=\"wp-block-genesis-blocks-gb-spacer gb-block-spacer gb-divider-solid gb-divider-size-1\"><hr style=\"height:30px\"\/><\/div>\n<\/div><\/div>\n\n\n\n<div class=\"wp-container-7 wp-block-group alignfull hp-container\"><div class=\"wp-block-group__inner-container\">\n<div class=\"wp-container-6 wp-block-group alignwide has-white-background-color has-background\"><div class=\"wp-block-group__inner-container\">\n<div class=\"wp-block-media-text alignwide is-stacked-on-mobile is-vertically-aligned-center has-background\" style=\"background-color:#a98969;grid-template-columns:49% auto\"><figure class=\"wp-block-media-text__media\"><img loading=\"lazy\" width=\"1000\" height=\"667\" src=\"https:\/\/soap2o.sk\/wp-content\/uploads\/flexi-hex.jpg\" alt=\"\" class=\"wp-image-11502 size-full\" srcset=\"https:\/\/soap2o.sk\/wp-content\/uploads\/flexi-hex.jpg 1000w, https:\/\/soap2o.sk\/wp-content\/uploads\/flexi-hex-300x200.jpg 300w, https:\/\/soap2o.sk\/wp-content\/uploads\/flexi-hex-768x512.jpg 768w, https:\/\/soap2o.sk\/wp-content\/uploads\/flexi-hex-600x400.jpg 600w, https:\/\/soap2o.sk\/wp-content\/uploads\/flexi-hex-64x43.jpg 64w\" sizes=\"(max-width: 1000px) 100vw, 1000px\" \/><\/figure><div class=\"wp-block-media-text__content\">\n<p class=\"has-white-color has-text-color has-small-font-size\">Flexi-Hex podziela t\u0119 sam\u0105 ide\u0119, co my w SOAP\u2082O, z kluczowymi filarami, kt\u00f3re nas \u0142\u0105cz\u0105:<\/p>\n\n\n\n<p><span class=\"has-inline-color has-white-color\">Usuwanie tworzyw sztucznych<br>Zr\u00f3wnowa\u017cony rozw\u00f3j<br>Tw\u00f3rz fale zmian<br>Mniejsze \u015blady<br>Troska o nasz\u0105 planet\u0119<\/span><\/p>\n\n\n\n<p class=\"has-white-color has-text-color has-small-font-size\">Wsp\u00f3\u0142praca z podobnie my\u015bl\u0105cymi osobami i firmami gwarantuje, \u017ce wszystkie nasze produkty SOAP\u2082O maj\u0105 minimalny wp\u0142yw na \u015brodowisko. Poniewa\u017c Flexi-Hex jest firm\u0105 neutraln\u0105 pod wzgl\u0119dem emisji dwutlenku w\u0119gla, nie mo\u017cemy sobie wyobrazi\u0107 lepszego dostawcy do wsp\u00f3\u0142pracy. Produkty wygl\u0105daj\u0105 \u015bwietnie i s\u0105 przyjazne dla \u015brodowiska.<\/p>\n<\/div><\/div>\n<\/div><\/div>\n<\/div><\/div>\n\n\n\n<div style=\"color:#ddd\" class=\"wp-block-genesis-blocks-gb-spacer gb-block-spacer gb-divider-solid gb-divider-size-1\"><hr style=\"height:30px\"\/><\/div>","protected":false},"excerpt":{"rendered":"<p>SOAP\u2082O ma na celu zmniejszenie ilo\u015bci jednorazowych tworzyw sztucznych w przemy\u015ble mydlarskim. Zesp\u00f3\u0142 SOAP\u2082O musia\u0142 znale\u017a\u0107 alternatywne rozwi\u0105zanie dla tradycyjnych opakowa\u0144 z poduszk\u0105 powietrzn\u0105 lub foli\u0105 b\u0105belkow\u0105, aby zapewni\u0107, \u017ce eleganckie, ekologiczne butelki b\u0119d\u0105 ...<\/p>\n<p class=\"read-more\"> <a class=\"ast-button\" href=\"https:\/\/soap2o.sk\/pl\/soap2o-flexi-hex\/\"> <span class=\"screen-reader-text\">Soap2o flexi hex<\/span> Pe\u0142ny artyku\u0142<\/a><\/p>","protected":false},"author":1,"featured_media":0,"parent":0,"menu_order":0,"comment_status":"closed","ping_status":"closed","template":"","meta":{"inline_featured_image":false,"site-sidebar-layout":"default","site-content-layout":"default","ast-global-header-display":"","ast-main-header-display":"","ast-hfb-above-header-display":"","ast-hfb-below-header-display":"","ast-hfb-mobile-header-display":"","site-post-title":"disabled","ast-breadcrumbs-content":"","ast-featured-img":"","footer-sml-layout":"","theme-transparent-header-meta":"default","adv-header-id-meta":"","stick-header-meta":"","header-above-stick-meta":"","header-main-stick-meta":"","header-below-stick-meta":""},"yoast_head":"<!-- This site is optimized with the Yoast SEO plugin v19.7.1 - https:\/\/yoast.com\/wordpress\/plugins\/seo\/ -->\n<title>Soap2o flexi hex - soap2o.sk<\/title>\n<meta name=\"robots\" content=\"index, follow, max-snippet:-1, max-image-preview:large, max-video-preview:-1\" \/>\n<link rel=\"canonical\" href=\"https:\/\/soap2o.sk\/pl\/soap2o-flexi-hex\/\" \/>\n<meta property=\"og:locale\" content=\"pl_PL\" \/>\n<meta property=\"og:type\" content=\"article\" \/>\n<meta property=\"og:title\" content=\"Soap2o flexi hex - soap2o.sk\" \/>\n<meta property=\"og:description\" content=\"Cie\u013eom\u00a0 SOAP\u2082O je zn\u00ed\u017ei\u0165 mno\u017estvo plastov na jedno pou\u017eitie v mydlovom priemysle. T\u00edm SOAP\u2082O potreboval n\u00e1js\u0165 alternat\u00edvne rie\u0161enie k tradi\u010dn\u00e9mu baleniu vzduchov\u00fdm vank\u00fa\u0161om alebo bublinkovou f\u00f3liou, aby sa zabezpe\u010dilo, \u017ee elegantn\u00e9 ekologick\u00e9 f\u013ea\u0161e bud\u00fa pri &hellip; Soap2o flexi hex Cel\u00fd \u010dl\u00e1nok\" \/>\n<meta property=\"og:url\" content=\"https:\/\/soap2o.sk\/pl\/soap2o-flexi-hex\/\" \/>\n<meta property=\"og:site_name\" content=\"soap2o.sk\" \/>\n<meta property=\"article:publisher\" content=\"https:\/\/www.facebook.com\/IDrysk\/\" \/>\n<meta property=\"article:modified_time\" content=\"2022-03-31T21:13:40+00:00\" \/>\n<meta property=\"og:image\" content=\"https:\/\/soap2o.sk\/wp-content\/uploads\/FH-19-09-600k-6083.jpg\" \/>\n<meta name=\"twitter:card\" content=\"summary_large_image\" \/>\n<meta name=\"twitter:site\" content=\"@iDrySKsro\" \/>\n<meta name=\"twitter:label1\" content=\"Szacowany czas czytania\" \/>\n\t<meta name=\"twitter:data1\" content=\"2 minuty\" \/>\n<script type=\"application\/ld+json\" class=\"yoast-schema-graph\">{\"@context\":\"https:\/\/schema.org\",\"@graph\":[{\"@type\":\"WebPage\",\"@id\":\"https:\/\/soap2o.sk\/soap2o-flexi-hex\/\",\"url\":\"https:\/\/soap2o.sk\/soap2o-flexi-hex\/\",\"name\":\"Soap2o flexi hex - soap2o.sk\",\"isPartOf\":{\"@id\":\"https:\/\/soap2o.sk\/#website\"},\"datePublished\":\"2022-03-02T12:41:10+00:00\",\"dateModified\":\"2022-03-31T21:13:40+00:00\",\"breadcrumb\":{\"@id\":\"https:\/\/soap2o.sk\/soap2o-flexi-hex\/#breadcrumb\"},\"inLanguage\":\"pl-PL\",\"potentialAction\":[{\"@type\":\"ReadAction\",\"target\":[\"https:\/\/soap2o.sk\/soap2o-flexi-hex\/\"]}]},{\"@type\":\"BreadcrumbList\",\"@id\":\"https:\/\/soap2o.sk\/soap2o-flexi-hex\/#breadcrumb\",\"itemListElement\":[{\"@type\":\"ListItem\",\"position\":1,\"name\":\"Home\",\"item\":\"https:\/\/soap2o.sk\/\"},{\"@type\":\"ListItem\",\"position\":2,\"name\":\"Soap2o flexi hex\"}]},{\"@type\":\"WebSite\",\"@id\":\"https:\/\/soap2o.sk\/#website\",\"url\":\"https:\/\/soap2o.sk\/\",\"name\":\"soap2o.sk\",\"description\":\"soap2o.sk\",\"publisher\":{\"@id\":\"https:\/\/soap2o.sk\/#organization\"},\"potentialAction\":[{\"@type\":\"SearchAction\",\"target\":{\"@type\":\"EntryPoint\",\"urlTemplate\":\"https:\/\/soap2o.sk\/?s={search_term_string}\"},\"query-input\":\"required name=search_term_string\"}],\"inLanguage\":\"pl-PL\"},{\"@type\":\"Organization\",\"@id\":\"https:\/\/soap2o.sk\/#organization\",\"name\":\"soap2o.sk\",\"url\":\"https:\/\/soap2o.sk\/\",\"sameAs\":[\"http:\/\/instagram\/idrysk\",\"https:\/\/www.facebook.com\/IDrysk\/\",\"https:\/\/twitter.com\/iDrySKsro\"],\"logo\":{\"@type\":\"ImageObject\",\"inLanguage\":\"pl-PL\",\"@id\":\"https:\/\/soap2o.sk\/#\/schema\/logo\/image\/\",\"url\":\"https:\/\/soap2o.sk\/wp-content\/uploads\/Soap2o-white.svg\",\"contentUrl\":\"https:\/\/soap2o.sk\/wp-content\/uploads\/Soap2o-white.svg\",\"caption\":\"soap2o.sk\"},\"image\":{\"@id\":\"https:\/\/soap2o.sk\/#\/schema\/logo\/image\/\"}}]}<\/script>\n<!-- \/ Yoast SEO plugin. -->","yoast_head_json":{"title":"Soap2o flexi hex - soap2o.sk","robots":{"index":"index","follow":"follow","max-snippet":"max-snippet:-1","max-image-preview":"max-image-preview:large","max-video-preview":"max-video-preview:-1"},"canonical":"https:\/\/soap2o.sk\/pl\/soap2o-flexi-hex\/","og_locale":"pl_PL","og_type":"article","og_title":"Soap2o flexi hex - soap2o.sk","og_description":"Cie\u013eom\u00a0 SOAP\u2082O je zn\u00ed\u017ei\u0165 mno\u017estvo plastov na jedno pou\u017eitie v mydlovom priemysle. T\u00edm SOAP\u2082O potreboval n\u00e1js\u0165 alternat\u00edvne rie\u0161enie k tradi\u010dn\u00e9mu baleniu vzduchov\u00fdm vank\u00fa\u0161om alebo bublinkovou f\u00f3liou, aby sa zabezpe\u010dilo, \u017ee elegantn\u00e9 ekologick\u00e9 f\u013ea\u0161e bud\u00fa pri &hellip; Soap2o flexi hex Cel\u00fd \u010dl\u00e1nok","og_url":"https:\/\/soap2o.sk\/pl\/soap2o-flexi-hex\/","og_site_name":"soap2o.sk","article_publisher":"https:\/\/www.facebook.com\/IDrysk\/","article_modified_time":"2022-03-31T21:13:40+00:00","og_image":[{"url":"https:\/\/soap2o.sk\/wp-content\/uploads\/FH-19-09-600k-6083.jpg"}],"twitter_card":"summary_large_image","twitter_site":"@iDrySKsro","twitter_misc":{"Szacowany czas czytania":"2 minuty"},"schema":{"@context":"https:\/\/schema.org","@graph":[{"@type":"WebPage","@id":"https:\/\/soap2o.sk\/soap2o-flexi-hex\/","url":"https:\/\/soap2o.sk\/soap2o-flexi-hex\/","name":"Soap2o flexi hex - soap2o.sk","isPartOf":{"@id":"https:\/\/soap2o.sk\/#website"},"datePublished":"2022-03-02T12:41:10+00:00","dateModified":"2022-03-31T21:13:40+00:00","breadcrumb":{"@id":"https:\/\/soap2o.sk\/soap2o-flexi-hex\/#breadcrumb"},"inLanguage":"pl-PL","potentialAction":[{"@type":"ReadAction","target":["https:\/\/soap2o.sk\/soap2o-flexi-hex\/"]}]},{"@type":"BreadcrumbList","@id":"https:\/\/soap2o.sk\/soap2o-flexi-hex\/#breadcrumb","itemListElement":[{"@type":"ListItem","position":1,"name":"Home","item":"https:\/\/soap2o.sk\/"},{"@type":"ListItem","position":2,"name":"Soap2o flexi hex"}]},{"@type":"WebSite","@id":"https:\/\/soap2o.sk\/#website","url":"https:\/\/soap2o.sk\/","name":"soap2o.sk","description":"soap2o.sk","publisher":{"@id":"https:\/\/soap2o.sk\/#organization"},"potentialAction":[{"@type":"SearchAction","target":{"@type":"EntryPoint","urlTemplate":"https:\/\/soap2o.sk\/?s={search_term_string}"},"query-input":"required name=search_term_string"}],"inLanguage":"pl-PL"},{"@type":"Organization","@id":"https:\/\/soap2o.sk\/#organization","name":"soap2o.sk","url":"https:\/\/soap2o.sk\/","sameAs":["http:\/\/instagram\/idrysk","https:\/\/www.facebook.com\/IDrysk\/","https:\/\/twitter.com\/iDrySKsro"],"logo":{"@type":"ImageObject","inLanguage":"pl-PL","@id":"https:\/\/soap2o.sk\/#\/schema\/logo\/image\/","url":"https:\/\/soap2o.sk\/wp-content\/uploads\/Soap2o-white.svg","contentUrl":"https:\/\/soap2o.sk\/wp-content\/uploads\/Soap2o-white.svg","caption":"soap2o.sk"},"image":{"@id":"https:\/\/soap2o.sk\/#\/schema\/logo\/image\/"}}]}},"featured_image_src":null,"featured_image_src_square":null,"uagb_featured_image_src":{"full":false,"thumbnail":false,"medium":false,"medium_large":false,"large":false,"1536x1536":false,"2048x2048":false,"trp-custom-language-flag":false,"gb-block-post-grid-landscape":false,"gb-block-post-grid-square":false},"uagb_author_info":{"display_name":"administrator","author_link":"https:\/\/soap2o.sk\/pl\/author\/administrator\/"},"uagb_comment_info":0,"uagb_excerpt":"Cie\u013eom\u00a0 SOAP\u2082O je zn\u00ed\u017ei\u0165 mno\u017estvo plastov na jedno pou\u017eitie v mydlovom priemysle. T\u00edm SOAP\u2082O potreboval n\u00e1js\u0165 alternat\u00edvne rie\u0161enie k tradi\u010dn\u00e9mu baleniu vzduchov\u00fdm vank\u00fa\u0161om alebo bublinkovou f\u00f3liou, aby sa zabezpe\u010dilo, \u017ee elegantn\u00e9 ekologick\u00e9 f\u013ea\u0161e bud\u00fa pri &hellip; Soap2o flexi hex Cel\u00fd \u010dl\u00e1nok","_links":{"self":[{"href":"https:\/\/soap2o.sk\/pl\/wp-json\/wp\/v2\/pages\/11735"}],"collection":[{"href":"https:\/\/soap2o.sk\/pl\/wp-json\/wp\/v2\/pages"}],"about":[{"href":"https:\/\/soap2o.sk\/pl\/wp-json\/wp\/v2\/types\/page"}],"author":[{"embeddable":true,"href":"https:\/\/soap2o.sk\/pl\/wp-json\/wp\/v2\/users\/1"}],"replies":[{"embeddable":true,"href":"https:\/\/soap2o.sk\/pl\/wp-json\/wp\/v2\/comments?post=11735"}],"version-history":[{"count":6,"href":"https:\/\/soap2o.sk\/pl\/wp-json\/wp\/v2\/pages\/11735\/revisions"}],"predecessor-version":[{"id":11813,"href":"https:\/\/soap2o.sk\/pl\/wp-json\/wp\/v2\/pages\/11735\/revisions\/11813"}],"wp:attachment":[{"href":"https:\/\/soap2o.sk\/pl\/wp-json\/wp\/v2\/media?parent=11735"}],"curies":[{"name":"wp","href":"https:\/\/api.w.org\/{rel}","templated":true}]}}